{"id":2010,"date":"2016-07-07T07:41:25","date_gmt":"2016-07-07T07:41:25","guid":{"rendered":"http:\/\/www.servais-vzw.org\/de\/events\/archief\/"},"modified":"2016-09-11T15:15:37","modified_gmt":"2016-09-11T15:15:37","slug":"archief","status":"publish","type":"page","link":"https:\/\/www.servais-vzw.org\/de\/archief\/","title":{"rendered":"Arkiv"},"content":{"rendered":"<div class=\"em em-view-container\" id=\"em-view-157039994\" data-view=\"list\">\r\n\t<div class=\"em pixelbones em-list em-events-list\" id=\"em-events-list-157039994\" data-view-id=\"157039994\">\r\n\t<p>Klik op de titel voor meer info. Kijk ook op onze <a href=\"https:\/\/www.facebook.com\/servais.vzw\/\" target=\"_blank\">Facebookpagina<\/a> voor nieuws heet van de naald!<\/p>\r\n<table><tr>\r\n\t<td><a href=\"https:\/\/www.servais-vzw.org\/de\/events\/33th-servais-concert\/\"><img src='https:\/\/www.servais-vzw.org\/wp-content\/uploads\/2025\/08\/flyer13-12-PRESS1.jpg' alt='33th Servais Concert'\/><\/a><\/td>\r\n\t<td>13\/12\/2025<\/td>\r\n\t<td><a href=\"https:\/\/www.servais-vzw.org\/de\/events\/33th-servais-concert\/\">33th Servais Concert<\/a><\/td>\r\n\t<td><\/td>\r\n\t<td><\/td>\r\n\t<td>vzw Servais<\/td>\r\n<\/tr><tr>\r\n\t<td><a href=\"https:\/\/www.servais-vzw.org\/de\/events\/32-servais-konzert\/\"><img src='https:\/\/www.servais-vzw.org\/wp-content\/uploads\/2024\/10\/affiche-MAIL-scaled.jpg' alt='32. Servais Konzert'\/><\/a><\/td>\r\n\t<td>06\/06\/2025<\/td>\r\n\t<td><a href=\"https:\/\/www.servais-vzw.org\/de\/events\/32-servais-konzert\/\">32. Servais Konzert<\/a><\/td>\r\n\t<td><\/td>\r\n\t<td>Pierre Fontenelle, cello & \u00c7a\u011f\u0131l Cansu \u015eanl\u0131da\u011f, piano<\/td>\r\n\t<td>vzw Servais<\/td>\r\n<\/tr><tr>\r\n\t<td><a href=\"https:\/\/www.servais-vzw.org\/de\/events\/eroeffnungskonzert-brussels-cello-festival\/\"><img src='https:\/\/www.servais-vzw.org\/wp-content\/uploads\/2024\/10\/53122_1920_2400_80_1645109772.jpg' alt='Er\u00f6ffnungskonzert Brussels Cello Festival'\/><\/a><\/td>\r\n\t<td>15\/11\/2024<\/td>\r\n\t<td><a href=\"https:\/\/www.servais-vzw.org\/de\/events\/eroeffnungskonzert-brussels-cello-festival\/\">Er\u00f6ffnungskonzert Brussels Cello Festival<\/a><\/td>\r\n\t<td><\/td>\r\n\t<td><\/td>\r\n\t<td>vzw Servais<\/td>\r\n<\/tr><tr>\r\n\t<td><a href=\"https:\/\/www.servais-vzw.org\/de\/events\/expo-francois-servais-der-paganini-des-violoncells-2\/\"><img src='https:\/\/www.servais-vzw.org\/wp-content\/uploads\/2023\/08\/affiche.jpg' alt='Expo &#039;Fran\u00e7ois Servais, der Paganini des Violoncells&#039;'\/><\/a><\/td>\r\n\t<td>18\/05\/2024 - 09\/06\/2024<\/td>\r\n\t<td><a href=\"https:\/\/www.servais-vzw.org\/de\/events\/expo-francois-servais-der-paganini-des-violoncells-2\/\">Expo &#8218;Fran\u00e7ois Servais, der Paganini des Violoncells&#8216;<\/a><\/td>\r\n\t<td><\/td>\r\n\t<td><\/td>\r\n\t<td>vzw Servais<\/td>\r\n<\/tr><tr>\r\n\t<td><a href=\"https:\/\/www.servais-vzw.org\/de\/events\/abschlusskonzert-vier-tage-mit-servais\/\"><img src='https:\/\/www.servais-vzw.org\/wp-content\/uploads\/2023\/08\/flyer-PRESS22.jpg' alt='Abschlusskonzert &quot;Vier Tage mit Servais&quot;'\/><\/a><\/td>\r\n\t<td>14\/04\/2024<\/td>\r\n\t<td><a href=\"https:\/\/www.servais-vzw.org\/de\/events\/abschlusskonzert-vier-tage-mit-servais\/\">Abschlusskonzert &#8222;Vier Tage mit Servais&#8220;<\/a><\/td>\r\n\t<td><\/td>\r\n\t<td>Teilnehmer Meisterkurse<\/td>\r\n\t<td>vzw Servais<\/td>\r\n<\/tr><tr>\r\n\t<td><a href=\"https:\/\/www.servais-vzw.org\/de\/events\/masterclasses-servais-2024\/\"><img src='https:\/\/www.servais-vzw.org\/wp-content\/uploads\/2023\/09\/stage2022.jpg' alt='Masterclasses Servais 2024'\/><\/a><\/td>\r\n\t<td>11\/04\/2024 - 14\/04\/2024<\/td>\r\n\t<td><a href=\"https:\/\/www.servais-vzw.org\/de\/events\/masterclasses-servais-2024\/\">Masterclasses Servais 2024<\/a><\/td>\r\n\t<td><\/td>\r\n\t<td><\/td>\r\n\t<td>vzw Servais<\/td>\r\n<\/tr><tr>\r\n\t<td><a href=\"https:\/\/www.servais-vzw.org\/de\/events\/31-servais-konzert\/\"><img src='https:\/\/www.servais-vzw.org\/wp-content\/uploads\/2023\/08\/affiche-PRESS-scaled.jpg' alt='31. Servais Konzert'\/><\/a><\/td>\r\n\t<td>11\/04\/2024<\/td>\r\n\t<td><a href=\"https:\/\/www.servais-vzw.org\/de\/events\/31-servais-konzert\/\">31. Servais Konzert<\/a><\/td>\r\n\t<td><\/td>\r\n\t<td>Tansman Cello Quartet & Ann Van Hecke<\/td>\r\n\t<td>vzw Servais<\/td>\r\n<\/tr><tr>\r\n\t<td><a href=\"https:\/\/www.servais-vzw.org\/de\/events\/30-servais-konzert\/\"><img src='https:\/\/www.servais-vzw.org\/wp-content\/uploads\/2023\/08\/affiche26-11-20231.jpg' alt='30. Servais Konzert'\/><\/a><\/td>\r\n\t<td>26\/11\/2023<\/td>\r\n\t<td><a href=\"https:\/\/www.servais-vzw.org\/de\/events\/30-servais-konzert\/\">30. Servais Konzert<\/a><\/td>\r\n\t<td><\/td>\r\n\t<td>Universitair Symfonisch Orkest KU Leuven & Benjamin Glorieux, cello<\/td>\r\n\t<td>vzw Servais<\/td>\r\n<\/tr><tr>\r\n\t<td><a href=\"https:\/\/www.servais-vzw.org\/de\/events\/29-servais-konzert-duo-fortecello\/\"><img src='https:\/\/www.servais-vzw.org\/wp-content\/uploads\/2022\/12\/flyer3-6-2023.jpg' alt='29. Servais Konzert - Duo Fortecello'\/><\/a><\/td>\r\n\t<td>03\/06\/2023<\/td>\r\n\t<td><a href=\"https:\/\/www.servais-vzw.org\/de\/events\/29-servais-konzert-duo-fortecello\/\">29. Servais Konzert &#8211; Duo Fortecello<\/a><\/td>\r\n\t<td><\/td>\r\n\t<td>Anna Mikulska, cello & Philippe Argenty, piano<\/td>\r\n\t<td>vzw Servais<\/td>\r\n<\/tr><tr>\r\n\t<td><a href=\"https:\/\/www.servais-vzw.org\/de\/events\/28-servais-konzert\/\"><img src='https:\/\/www.servais-vzw.org\/wp-content\/uploads\/2022\/08\/hayoung-choi-copyright.jpg' alt='28. Servais Konzert'\/><\/a><\/td>\r\n\t<td>27\/11\/2022<\/td>\r\n\t<td><a href=\"https:\/\/www.servais-vzw.org\/de\/events\/28-servais-konzert\/\">28. Servais Konzert<\/a><\/td>\r\n\t<td><\/td>\r\n\t<td>Hayoung Choi, cello & Joachim Carr, piano<\/td>\r\n\t<td>vzw Servais<\/td>\r\n<\/tr><\/table><div class=\"em-pagination em-ajax\" data-em-ajax=\"id=157039994&amp;limit=10&amp;scope=past&amp;orderby=event_start_date&amp;action=search_events\"> <span class=\"page-numbers current\">1<\/span><span class=\"not-current second-half\"> <a class=\"page-numbers\" href=\"\/de\/wp-json\/wp\/v2\/pages\/2010?pno=2\" title=\"2\">2<\/a>  <a class=\"page-numbers\" href=\"\/de\/wp-json\/wp\/v2\/pages\/2010?pno=3\" title=\"3\">3<\/a>  <a class=\"page-numbers\" href=\"\/de\/wp-json\/wp\/v2\/pages\/2010?pno=4\" title=\"4\">4<\/a>  <a class=\"page-numbers\" href=\"\/de\/wp-json\/wp\/v2\/pages\/2010?pno=5\" title=\"5\">5<\/a>  <a class=\"page-numbers\" href=\"\/de\/wp-json\/wp\/v2\/pages\/2010?pno=6\" title=\"6\">6<\/a>  <a class=\"page-numbers\" href=\"\/de\/wp-json\/wp\/v2\/pages\/2010?pno=7\" title=\"7\">7<\/a>  <a class=\"page-numbers\" href=\"\/de\/wp-json\/wp\/v2\/pages\/2010?pno=8\" title=\"8\">8<\/a>  <a class=\"page-numbers\" href=\"\/de\/wp-json\/wp\/v2\/pages\/2010?pno=9\" title=\"9\">9<\/a>  <a class=\"page-numbers\" href=\"\/de\/wp-json\/wp\/v2\/pages\/2010?pno=10\" title=\"10\">10<\/a> <\/span> <a class=\"page-numbers\" href=\"\/de\/wp-json\/wp\/v2\/pages\/2010?pno=11\" title=\"11\">11<\/a>  <a class=\"page-numbers\" href=\"\/de\/wp-json\/wp\/v2\/pages\/2010?pno=12\" title=\"12\">12<\/a>  <a class=\"next page-numbers\" href=\"\/de\/wp-json\/wp\/v2\/pages\/2010?pno=2\" title=\"2\">&gt;<\/a>  <a class=\"next last page-numbers\" href=\"\/de\/wp-json\/wp\/v2\/pages\/2010?pno=20\" title=\"20\">&gt;&gt;<\/a> <\/div>\t<\/div>\r\n<\/div>\n","protected":false},"excerpt":{"rendered":"Klik op de titel voor meer info. Kijk ook op onze Facebookpagina voor nieuws heet van de naald! 13\/12\/2025 33th Servais Concert vzw Servais 06\/06\/2025 32. Servais Konzert Pierre Fontenelle, cello & \u00c7a\u011f\u0131l Cansu \u015eanl\u0131da\u011f, piano vzw Servais 15\/11\/2024 Er\u00f6ffnungskonzert Brussels Cello Festival vzw Servais 18\/05\/2024 - 09\/06\/2024 Expo &#8218;Fran\u00e7ois Servais, der Paganini des Violoncells&#8216; vzw Servais 14\/04\/2024 Abschlusskonzert &#8222;Vier ...","protected":false},"author":1,"featured_media":0,"parent":0,"menu_order":0,"comment_status":"closed","ping_status":"closed","template":"","meta":{"om_disable_all_campaigns":false,"rs_blank_template":"","rs_page_bg_color":"","slide_template_v7":"","_uf_show_specific_survey":0,"_uf_disable_surveys":false,"footnotes":""},"class_list":["post-2010","page","type-page","status-publish","hentry","no-post-thumbnail"],"yoast_head":"<!-- This site is optimized with the Yoast SEO plugin v27.2 - https:\/\/yoast.com\/product\/yoast-seo-wordpress\/ -->\n<title>Arkiv - Fran\u00e7ois Servais<\/title>\n<meta name=\"robots\" content=\"index, follow, max-snippet:-1, max-image-preview:large, max-video-preview:-1\" \/>\n<link rel=\"canonical\" href=\"http:\/\/www.servais-vzw.org\/de\/archief\/\" \/>\n<meta property=\"og:locale\" content=\"de_DE\" \/>\n<meta property=\"og:type\" content=\"article\" \/>\n<meta property=\"og:title\" content=\"Arkiv - Fran\u00e7ois Servais\" \/>\n<meta property=\"og:url\" content=\"http:\/\/www.servais-vzw.org\/de\/archief\/\" \/>\n<meta property=\"og:site_name\" content=\"Fran\u00e7ois Servais\" \/>\n<meta property=\"article:modified_time\" content=\"2016-09-11T15:15:37+00:00\" \/>\n<meta name=\"twitter:card\" content=\"summary_large_image\" \/>\n<script type=\"application\/ld+json\" class=\"yoast-schema-graph\">{\"@context\":\"https:\/\/schema.org\",\"@graph\":[{\"@type\":\"WebPage\",\"@id\":\"http:\/\/www.servais-vzw.org\/de\/archief\/\",\"url\":\"http:\/\/www.servais-vzw.org\/de\/archief\/\",\"name\":\"Arkiv - Fran\u00e7ois Servais\",\"isPartOf\":{\"@id\":\"https:\/\/www.servais-vzw.org\/en\/#website\"},\"datePublished\":\"2016-07-07T07:41:25+00:00\",\"dateModified\":\"2016-09-11T15:15:37+00:00\",\"breadcrumb\":{\"@id\":\"http:\/\/www.servais-vzw.org\/de\/archief\/#breadcrumb\"},\"inLanguage\":\"de\",\"potentialAction\":[{\"@type\":\"ReadAction\",\"target\":[\"http:\/\/www.servais-vzw.org\/de\/archief\/\"]}]},{\"@type\":\"BreadcrumbList\",\"@id\":\"http:\/\/www.servais-vzw.org\/de\/archief\/#breadcrumb\",\"itemListElement\":[{\"@type\":\"ListItem\",\"position\":1,\"name\":\"Home\",\"item\":\"https:\/\/www.servais-vzw.org\/de\/\"},{\"@type\":\"ListItem\",\"position\":2,\"name\":\"Arkiv\"}]},{\"@type\":\"WebSite\",\"@id\":\"https:\/\/www.servais-vzw.org\/en\/#website\",\"url\":\"https:\/\/www.servais-vzw.org\/en\/\",\"name\":\"Fran\u00e7ois Servais\",\"description\":\"\",\"potentialAction\":[{\"@type\":\"SearchAction\",\"target\":{\"@type\":\"EntryPoint\",\"urlTemplate\":\"https:\/\/www.servais-vzw.org\/en\/?s={search_term_string}\"},\"query-input\":{\"@type\":\"PropertyValueSpecification\",\"valueRequired\":true,\"valueName\":\"search_term_string\"}}],\"inLanguage\":\"de\"}]}<\/script>\n<!-- \/ Yoast SEO plugin. -->","yoast_head_json":{"title":"Arkiv - Fran\u00e7ois Servais","robots":{"index":"index","follow":"follow","max-snippet":"max-snippet:-1","max-image-preview":"max-image-preview:large","max-video-preview":"max-video-preview:-1"},"canonical":"http:\/\/www.servais-vzw.org\/de\/archief\/","og_locale":"de_DE","og_type":"article","og_title":"Arkiv - Fran\u00e7ois Servais","og_url":"http:\/\/www.servais-vzw.org\/de\/archief\/","og_site_name":"Fran\u00e7ois Servais","article_modified_time":"2016-09-11T15:15:37+00:00","twitter_card":"summary_large_image","schema":{"@context":"https:\/\/schema.org","@graph":[{"@type":"WebPage","@id":"http:\/\/www.servais-vzw.org\/de\/archief\/","url":"http:\/\/www.servais-vzw.org\/de\/archief\/","name":"Arkiv - Fran\u00e7ois Servais","isPartOf":{"@id":"https:\/\/www.servais-vzw.org\/en\/#website"},"datePublished":"2016-07-07T07:41:25+00:00","dateModified":"2016-09-11T15:15:37+00:00","breadcrumb":{"@id":"http:\/\/www.servais-vzw.org\/de\/archief\/#breadcrumb"},"inLanguage":"de","potentialAction":[{"@type":"ReadAction","target":["http:\/\/www.servais-vzw.org\/de\/archief\/"]}]},{"@type":"BreadcrumbList","@id":"http:\/\/www.servais-vzw.org\/de\/archief\/#breadcrumb","itemListElement":[{"@type":"ListItem","position":1,"name":"Home","item":"https:\/\/www.servais-vzw.org\/de\/"},{"@type":"ListItem","position":2,"name":"Arkiv"}]},{"@type":"WebSite","@id":"https:\/\/www.servais-vzw.org\/en\/#website","url":"https:\/\/www.servais-vzw.org\/en\/","name":"Fran\u00e7ois Servais","description":"","potentialAction":[{"@type":"SearchAction","target":{"@type":"EntryPoint","urlTemplate":"https:\/\/www.servais-vzw.org\/en\/?s={search_term_string}"},"query-input":{"@type":"PropertyValueSpecification","valueRequired":true,"valueName":"search_term_string"}}],"inLanguage":"de"}]}},"_links":{"self":[{"href":"https:\/\/www.servais-vzw.org\/de\/wp-json\/wp\/v2\/pages\/2010","targetHints":{"allow":["GET"]}}],"collection":[{"href":"https:\/\/www.servais-vzw.org\/de\/wp-json\/wp\/v2\/pages"}],"about":[{"href":"https:\/\/www.servais-vzw.org\/de\/wp-json\/wp\/v2\/types\/page"}],"author":[{"embeddable":true,"href":"https:\/\/www.servais-vzw.org\/de\/wp-json\/wp\/v2\/users\/1"}],"replies":[{"embeddable":true,"href":"https:\/\/www.servais-vzw.org\/de\/wp-json\/wp\/v2\/comments?post=2010"}],"version-history":[{"count":2,"href":"https:\/\/www.servais-vzw.org\/de\/wp-json\/wp\/v2\/pages\/2010\/revisions"}],"predecessor-version":[{"id":2816,"href":"https:\/\/www.servais-vzw.org\/de\/wp-json\/wp\/v2\/pages\/2010\/revisions\/2816"}],"wp:attachment":[{"href":"https:\/\/www.servais-vzw.org\/de\/wp-json\/wp\/v2\/media?parent=2010"}],"curies":[{"name":"wp","href":"https:\/\/api.w.org\/{rel}","templated":true}]}}