{"id":2014,"date":"2016-08-31T16:36:00","date_gmt":"2016-08-31T16:36:00","guid":{"rendered":"http:\/\/www.servais-vzw.org\/de\/cellist\/belgische-celloschool\/"},"modified":"2016-09-11T16:29:41","modified_gmt":"2016-09-11T16:29:41","slug":"belgische-celloschool","status":"publish","type":"page","link":"https:\/\/www.servais-vzw.org\/de\/cellist\/belgische-celloschool\/","title":{"rendered":"Belgische Celloschule"},"content":{"rendered":"<div class=\"wpb-content-wrapper\">[vc_row padding_top=&#8220;0px&#8220; padding_bottom=&#8220;0px&#8220;][vc_column fade_animation_offset=&#8220;45px&#8220; width=&#8220;1\/4&#8243;]<img decoding=\"async\"  class=\"x-img\"  src=\"https:\/\/www.servais-vzw.org\/wp-content\/uploads\/2015\/09\/BL691-105_01.jpg\" alt=\"Cellomethode Jules de Swert \"><img decoding=\"async\"  class=\"x-img\"  src=\"https:\/\/www.servais-vzw.org\/wp-content\/uploads\/2015\/09\/BL691-275.jpg\" ><img decoding=\"async\"  class=\"x-img\"  src=\"https:\/\/www.servais-vzw.org\/wp-content\/uploads\/2015\/09\/BL691-281.jpg\" >[\/vc_column][vc_column fade_animation_offset=&#8220;45px&#8220; width=&#8220;3\/4&#8243;]<div>\n<p>Servais nahm Unterricht bei Nicolas-Joseph Platel in der K\u00f6niglichen Musikschule in Br\u00fcssel (das sp\u00e4tere Konservatorium) von 1827 bis 1829, dessen Assistent er sp\u00e4ter wurde. Seine bekanntesten Mitsch\u00fcler waren Alexandre Batta (1816-1902) und Fran\u00e7ois de Munck (1815-1853).<\/p>\n<p>1848 wird Servais Lehrer am Br\u00fcsseler Konservatorium. Bis zu seinem Tod f\u00fchrte er mehr als drei\u00dfig Sch\u00fcler in das virtuose Cellospiel ein.<\/p>\n<p>Eine seiner talentiertesten Sch\u00fclerinnen war die deutsche Helene De Katow (s. Bild). 1861 holte sie ihren \u201eErsten Preis\u201c. Ab da konzertierte sie in vielen europ\u00e4ischen St\u00e4dten und sogar in New York. Sehr oft spielte sie dabei Werke ihres Lehrmeisters.<\/p>\n<p>Ein anderer Sch\u00fcler, Ernest de Munck (1840-1915), brachte sp\u00e4ter Servais\u00b4 Opus 1 bis 21 heraus. 1879 heiratete de Munck die S\u00e4ngerin Carlotta Patti, mit der er sich in London niederlie\u00df.<\/p>\n<p>Jules Deswert (1843-1891) war wahrscheinlich Servais\u00b4 wichtigster Sch\u00fcler am Br\u00fcsseler Konservatorium und einer der besten Cellisten seiner Zeit. Sein Talent brachte ihn nach D\u00fcsseldorf, Weimar, Berlin, Wiesbaden und Leipzig. Er komponierte u. a. drei Celloconcerti und eine gro\u00dfe Anzahl an Kammermusikwerken.<\/p>\n<p>Andere Studenten von Servais sind\u00a0unter anderem Arved Poorten und Antoine Oudshoorn, Philippe Lamoury, Auguste van Biene und Eliza De Try. Servais gab auch Meisterkurse, u. a. an Daniel de Lange, Victor Mirecki, Franz Neruda.<\/p>\n<p>Servais unterrichtete auch seinen Sohn, Joseph Servais (1850-1885). 1872 wird Joseph ebenfalls Lehrer. Einer seiner Sch\u00fcler war u. a. Edouard Jacobs (1851-1925). Dieser Hallenser wurde alsbald Assistent und sp\u00e4ter Adjunkt-Lehrer, um von 1885 bis 1920 eine Celloklasse zu leiten.<\/p>\n<p>Oft f\u00fchrten Servais\u00b4 Sch\u00fcler &#8211; und auch andere Musiker &#8211; bis zu f\u00fcnfzig Jahren nach seinem Tod seine sehr schweren Kompositionen auf. Die zahlreichen technischen Neuerungen von Servais und seine \u00fcberragende Meisterschaft brachten die Belgische Celloschule zu gro\u00dfer Bl\u00fcte.<\/p>\n<\/div>\n[vc_row_inner padding_top=&#8220;0px&#8220; padding_bottom=&#8220;0px&#8220;][vc_column_inner fade_animation_offset=&#8220;45px&#8220; width=&#8220;1\/3&#8243;]<img decoding=\"async\"  class=\"x-img\"  src=\"https:\/\/www.servais-vzw.org\/wp-content\/uploads\/2015\/09\/de_katow.jpg\" >[\/vc_column_inner][vc_column_inner fade_animation_offset=&#8220;45px&#8220; width=&#8220;1\/3&#8243;]<img decoding=\"async\"  class=\"x-img\"  src=\"https:\/\/www.servais-vzw.org\/wp-content\/uploads\/2015\/09\/BL693-62.jpg\" >[\/vc_column_inner][vc_column_inner fade_animation_offset=&#8220;45px&#8220; width=&#8220;1\/3&#8243;]<img decoding=\"async\"  class=\"x-img\"  src=\"https:\/\/www.servais-vzw.org\/wp-content\/uploads\/2015\/09\/BL693-61.jpg\" >[\/vc_column_inner][\/vc_row_inner][vc_row_inner padding_top=&#8220;0px&#8220; padding_bottom=&#8220;0px&#8220;][vc_column_inner fade_animation_offset=&#8220;45px&#8220; width=&#8220;1\/3&#8243;]<img decoding=\"async\"  class=\"x-img\"  src=\"https:\/\/www.servais-vzw.org\/wp-content\/uploads\/2015\/09\/BL693-11.jpg\" >[\/vc_column_inner][vc_column_inner fade_animation_offset=&#8220;45px&#8220; width=&#8220;1\/3&#8243;]<img decoding=\"async\"  class=\"x-img\"  src=\"https:\/\/www.servais-vzw.org\/wp-content\/uploads\/2015\/09\/BL693-9.jpg\" >[\/vc_column_inner][vc_column_inner fade_animation_offset=&#8220;45px&#8220; width=&#8220;1\/3&#8243;][\/vc_column_inner][\/vc_row_inner][\/vc_column][\/vc_row]\n<\/div>","protected":false},"excerpt":{"rendered":"<p>[vc_row padding_top=&#8220;0px&#8220; padding_bottom=&#8220;0px&#8220;][vc_column fade_animation_offset=&#8220;45px&#8220; width=&#8220;1\/4&#8243;][\/vc_column][vc_column fade_animation_offset=&#8220;45px&#8220; width=&#8220;3\/4&#8243;][vc_row_inner padding_top=&#8220;0px&#8220; padding_bottom=&#8220;0px&#8220;][vc_column_inner fade_animation_offset=&#8220;45px&#8220; width=&#8220;1\/3&#8243;][\/vc_column_inner][vc_column_inner fade_animation_offset=&#8220;45px&#8220; width=&#8220;1\/3&#8243;][\/vc_column_inner][vc_column_inner fade_animation_offset=&#8220;45px&#8220; width=&#8220;1\/3&#8243;][\/vc_column_inner][\/vc_row_inner][vc_row_inner padding_top=&#8220;0px&#8220; padding_bottom=&#8220;0px&#8220;][vc_column_inner fade_animation_offset=&#8220;45px&#8220; width=&#8220;1\/3&#8243;][\/vc_column_inner][vc_column_inner fade_animation_offset=&#8220;45px&#8220; width=&#8220;1\/3&#8243;][\/vc_column_inner][vc_column_inner fade_animation_offset=&#8220;45px&#8220; width=&#8220;1\/3&#8243;][\/vc_column_inner][\/vc_row_inner][\/vc_column][\/vc_row]<\/p>\n","protected":false},"author":1,"featured_media":0,"parent":2012,"menu_order":0,"comment_status":"closed","ping_status":"closed","template":"template-layout-full-width.php","meta":{"om_disable_all_campaigns":false,"rs_blank_template":"","rs_page_bg_color":"","slide_template_v7":"","_uf_show_specific_survey":0,"_uf_disable_surveys":false,"footnotes":""},"class_list":["post-2014","page","type-page","status-publish","hentry","no-post-thumbnail"],"yoast_head":"<!-- This site is optimized with the Yoast SEO plugin v27.2 - https:\/\/yoast.com\/product\/yoast-seo-wordpress\/ -->\n<title>Belgische Celloschule - Fran\u00e7ois Servais<\/title>\n<meta name=\"robots\" content=\"index, follow, max-snippet:-1, max-image-preview:large, max-video-preview:-1\" \/>\n<link rel=\"canonical\" href=\"https:\/\/www.servais-vzw.org\/de\/cellist\/belgische-celloschool\/\" \/>\n<meta property=\"og:locale\" content=\"de_DE\" \/>\n<meta property=\"og:type\" content=\"article\" \/>\n<meta property=\"og:title\" content=\"Belgische Celloschule - Fran\u00e7ois Servais\" \/>\n<meta property=\"og:description\" content=\"[vc_row padding_top=&#8220;0px&#8220; padding_bottom=&#8220;0px&#8220;][vc_column fade_animation_offset=&#8220;45px&#8220; width=&#8220;1\/4&#8243;][\/vc_column][vc_column fade_animation_offset=&#8220;45px&#8220; width=&#8220;3\/4&#8243;][vc_row_inner padding_top=&#8220;0px&#8220; padding_bottom=&#8220;0px&#8220;][vc_column_inner fade_animation_offset=&#8220;45px&#8220; width=&#8220;1\/3&#8243;][\/vc_column_inner][vc_column_inner fade_animation_offset=&#8220;45px&#8220; width=&#8220;1\/3&#8243;][\/vc_column_inner][vc_column_inner fade_animation_offset=&#8220;45px&#8220; width=&#8220;1\/3&#8243;][\/vc_column_inner][\/vc_row_inner][vc_row_inner padding_top=&#8220;0px&#8220; padding_bottom=&#8220;0px&#8220;][vc_column_inner fade_animation_offset=&#8220;45px&#8220; width=&#8220;1\/3&#8243;][\/vc_column_inner][vc_column_inner fade_animation_offset=&#8220;45px&#8220; width=&#8220;1\/3&#8243;][\/vc_column_inner][vc_column_inner fade_animation_offset=&#8220;45px&#8220; width=&#8220;1\/3&#8243;][\/vc_column_inner][\/vc_row_inner][\/vc_column][\/vc_row]\" \/>\n<meta property=\"og:url\" content=\"https:\/\/www.servais-vzw.org\/de\/cellist\/belgische-celloschool\/\" \/>\n<meta property=\"og:site_name\" content=\"Fran\u00e7ois Servais\" \/>\n<meta property=\"article:modified_time\" content=\"2016-09-11T16:29:41+00:00\" \/>\n<meta name=\"twitter:card\" content=\"summary_large_image\" \/>\n<meta name=\"twitter:label1\" content=\"Gesch\u00e4tzte Lesezeit\" \/>\n\t<meta name=\"twitter:data1\" content=\"3\u00a0Minuten\" \/>\n<script type=\"application\/ld+json\" class=\"yoast-schema-graph\">{\"@context\":\"https:\/\/schema.org\",\"@graph\":[{\"@type\":\"WebPage\",\"@id\":\"https:\/\/www.servais-vzw.org\/de\/cellist\/belgische-celloschool\/\",\"url\":\"https:\/\/www.servais-vzw.org\/de\/cellist\/belgische-celloschool\/\",\"name\":\"Belgische Celloschule - Fran\u00e7ois Servais\",\"isPartOf\":{\"@id\":\"https:\/\/www.servais-vzw.org\/en\/#website\"},\"datePublished\":\"2016-08-31T16:36:00+00:00\",\"dateModified\":\"2016-09-11T16:29:41+00:00\",\"breadcrumb\":{\"@id\":\"https:\/\/www.servais-vzw.org\/de\/cellist\/belgische-celloschool\/#breadcrumb\"},\"inLanguage\":\"de\",\"potentialAction\":[{\"@type\":\"ReadAction\",\"target\":[\"https:\/\/www.servais-vzw.org\/de\/cellist\/belgische-celloschool\/\"]}]},{\"@type\":\"BreadcrumbList\",\"@id\":\"https:\/\/www.servais-vzw.org\/de\/cellist\/belgische-celloschool\/#breadcrumb\",\"itemListElement\":[{\"@type\":\"ListItem\",\"position\":1,\"name\":\"Home\",\"item\":\"https:\/\/www.servais-vzw.org\/de\/\"},{\"@type\":\"ListItem\",\"position\":2,\"name\":\"Cellist\",\"item\":\"https:\/\/www.servais-vzw.org\/de\/cellist\/\"},{\"@type\":\"ListItem\",\"position\":3,\"name\":\"Belgische Celloschule\"}]},{\"@type\":\"WebSite\",\"@id\":\"https:\/\/www.servais-vzw.org\/en\/#website\",\"url\":\"https:\/\/www.servais-vzw.org\/en\/\",\"name\":\"Fran\u00e7ois Servais\",\"description\":\"\",\"potentialAction\":[{\"@type\":\"SearchAction\",\"target\":{\"@type\":\"EntryPoint\",\"urlTemplate\":\"https:\/\/www.servais-vzw.org\/en\/?s={search_term_string}\"},\"query-input\":{\"@type\":\"PropertyValueSpecification\",\"valueRequired\":true,\"valueName\":\"search_term_string\"}}],\"inLanguage\":\"de\"}]}<\/script>\n<!-- \/ Yoast SEO plugin. -->","yoast_head_json":{"title":"Belgische Celloschule - Fran\u00e7ois Servais","robots":{"index":"index","follow":"follow","max-snippet":"max-snippet:-1","max-image-preview":"max-image-preview:large","max-video-preview":"max-video-preview:-1"},"canonical":"https:\/\/www.servais-vzw.org\/de\/cellist\/belgische-celloschool\/","og_locale":"de_DE","og_type":"article","og_title":"Belgische Celloschule - Fran\u00e7ois Servais","og_description":"[vc_row padding_top=&#8220;0px&#8220; padding_bottom=&#8220;0px&#8220;][vc_column fade_animation_offset=&#8220;45px&#8220; width=&#8220;1\/4&#8243;][\/vc_column][vc_column fade_animation_offset=&#8220;45px&#8220; width=&#8220;3\/4&#8243;][vc_row_inner padding_top=&#8220;0px&#8220; padding_bottom=&#8220;0px&#8220;][vc_column_inner fade_animation_offset=&#8220;45px&#8220; width=&#8220;1\/3&#8243;][\/vc_column_inner][vc_column_inner fade_animation_offset=&#8220;45px&#8220; width=&#8220;1\/3&#8243;][\/vc_column_inner][vc_column_inner fade_animation_offset=&#8220;45px&#8220; width=&#8220;1\/3&#8243;][\/vc_column_inner][\/vc_row_inner][vc_row_inner padding_top=&#8220;0px&#8220; padding_bottom=&#8220;0px&#8220;][vc_column_inner fade_animation_offset=&#8220;45px&#8220; width=&#8220;1\/3&#8243;][\/vc_column_inner][vc_column_inner fade_animation_offset=&#8220;45px&#8220; width=&#8220;1\/3&#8243;][\/vc_column_inner][vc_column_inner fade_animation_offset=&#8220;45px&#8220; width=&#8220;1\/3&#8243;][\/vc_column_inner][\/vc_row_inner][\/vc_column][\/vc_row]","og_url":"https:\/\/www.servais-vzw.org\/de\/cellist\/belgische-celloschool\/","og_site_name":"Fran\u00e7ois Servais","article_modified_time":"2016-09-11T16:29:41+00:00","twitter_card":"summary_large_image","twitter_misc":{"Gesch\u00e4tzte Lesezeit":"3\u00a0Minuten"},"schema":{"@context":"https:\/\/schema.org","@graph":[{"@type":"WebPage","@id":"https:\/\/www.servais-vzw.org\/de\/cellist\/belgische-celloschool\/","url":"https:\/\/www.servais-vzw.org\/de\/cellist\/belgische-celloschool\/","name":"Belgische Celloschule - Fran\u00e7ois Servais","isPartOf":{"@id":"https:\/\/www.servais-vzw.org\/en\/#website"},"datePublished":"2016-08-31T16:36:00+00:00","dateModified":"2016-09-11T16:29:41+00:00","breadcrumb":{"@id":"https:\/\/www.servais-vzw.org\/de\/cellist\/belgische-celloschool\/#breadcrumb"},"inLanguage":"de","potentialAction":[{"@type":"ReadAction","target":["https:\/\/www.servais-vzw.org\/de\/cellist\/belgische-celloschool\/"]}]},{"@type":"BreadcrumbList","@id":"https:\/\/www.servais-vzw.org\/de\/cellist\/belgische-celloschool\/#breadcrumb","itemListElement":[{"@type":"ListItem","position":1,"name":"Home","item":"https:\/\/www.servais-vzw.org\/de\/"},{"@type":"ListItem","position":2,"name":"Cellist","item":"https:\/\/www.servais-vzw.org\/de\/cellist\/"},{"@type":"ListItem","position":3,"name":"Belgische Celloschule"}]},{"@type":"WebSite","@id":"https:\/\/www.servais-vzw.org\/en\/#website","url":"https:\/\/www.servais-vzw.org\/en\/","name":"Fran\u00e7ois Servais","description":"","potentialAction":[{"@type":"SearchAction","target":{"@type":"EntryPoint","urlTemplate":"https:\/\/www.servais-vzw.org\/en\/?s={search_term_string}"},"query-input":{"@type":"PropertyValueSpecification","valueRequired":true,"valueName":"search_term_string"}}],"inLanguage":"de"}]}},"_links":{"self":[{"href":"https:\/\/www.servais-vzw.org\/de\/wp-json\/wp\/v2\/pages\/2014","targetHints":{"allow":["GET"]}}],"collection":[{"href":"https:\/\/www.servais-vzw.org\/de\/wp-json\/wp\/v2\/pages"}],"about":[{"href":"https:\/\/www.servais-vzw.org\/de\/wp-json\/wp\/v2\/types\/page"}],"author":[{"embeddable":true,"href":"https:\/\/www.servais-vzw.org\/de\/wp-json\/wp\/v2\/users\/1"}],"replies":[{"embeddable":true,"href":"https:\/\/www.servais-vzw.org\/de\/wp-json\/wp\/v2\/comments?post=2014"}],"version-history":[{"count":5,"href":"https:\/\/www.servais-vzw.org\/de\/wp-json\/wp\/v2\/pages\/2014\/revisions"}],"predecessor-version":[{"id":2862,"href":"https:\/\/www.servais-vzw.org\/de\/wp-json\/wp\/v2\/pages\/2014\/revisions\/2862"}],"up":[{"embeddable":true,"href":"https:\/\/www.servais-vzw.org\/de\/wp-json\/wp\/v2\/pages\/2012"}],"wp:attachment":[{"href":"https:\/\/www.servais-vzw.org\/de\/wp-json\/wp\/v2\/media?parent=2014"}],"curies":[{"name":"wp","href":"https:\/\/api.w.org\/{rel}","templated":true}]}}