{"id":2016,"date":"2016-08-31T16:36:01","date_gmt":"2016-08-31T16:36:01","guid":{"rendered":"http:\/\/www.servais-vzw.org\/de\/cellist\/cellist-composer\/"},"modified":"2016-09-11T16:24:43","modified_gmt":"2016-09-11T16:24:43","slug":"cellist-composer","status":"publish","type":"page","link":"https:\/\/www.servais-vzw.org\/de\/cellist\/cellist-composer\/","title":{"rendered":"Cellist-Komponist"},"content":{"rendered":"<div class=\"wpb-content-wrapper\">[vc_row padding_top=&#8220;0px&#8220; padding_bottom=&#8220;0px&#8220;][vc_column fade_animation_offset=&#8220;45px&#8220; width=&#8220;1\/4&#8243;]<img decoding=\"async\"  class=\"x-img\"  src=\"https:\/\/www.servais-vzw.org\/wp-content\/uploads\/2015\/09\/B32871.jpg\" ><img decoding=\"async\"  class=\"x-img\"  src=\"https:\/\/www.servais-vzw.org\/wp-content\/uploads\/2015\/09\/litho_baugniet_11.jpg\" >[\/vc_column][vc_column fade_animation_offset=&#8220;45px&#8220; width=&#8220;3\/4&#8243;]<div>\n<p>Da\u00df Servais so viel komponiert hat, h\u00e4ngt mit dem Stand der Cellotechnik zusammen am Anfang seiner Laufbahn.<\/p>\n<div id=\"inhoud\">\n<div>\n<p>Bis zum Ende des achtzehnten &#8211; Anfang des neunzehnten Jahrhunderts wurde das Cello haupts\u00e4chlich eingesetzt als\u00a0<em>Basso Continuo<\/em>. Desto trotz finden wir es als Soloinstrument bei gro\u00dfen Barockkomponisten wie Bach, Vivaldi und Telemann wieder.<\/p>\n<p>Sp\u00e4ter brachten Cellisten wie Luigi Boccherini (1743-1805) und Jean-Louis Duport (1749-1819) die M\u00f6glichkeiten des Cellos ins Bewu\u00dftsein.<\/p>\n<p>Die technischen Neuheiten in der ersten H\u00e4lfte des neunzehnten Jahrhunderts erm\u00f6glichten einen viel gr\u00f6\u00dferen Tonumfang des Cellos und eine flottere Bespielbarkeit. Manche Cellist experimentierte hiermit, soda\u00df sie Griffe auf dem Instrument schafften die einige Decennia fr\u00fcher noch undenkbar waren.<\/p>\n<p>Die\u00a0<em>Cellisten des neuen Stils<\/em>\u00a0konnten nur durch neue Kompositionen ihre Virtuosit\u00e4t unter Beweis stellen. Die Cellovirtuosen dieser Zeit schrieben meistens, bzw. ausschlie\u00dflich um ihren eigenen Bedarf zu decken. Der Begriff\u00a0<em>Cellist-Komponist<\/em>\u00a0wird oft benutzt als Sammelbegriff f\u00fcr diese erneuernden Cellisten, die aus Notwendigkeit komponierten.<\/p>\n<p>Selbstverst\u00e4ndlich wird das Cellorepertoire im Laufe des neunzehnten Jahrhunderts auch bereichert mit Kompositionen von Nicht-Cellisten, die mit den technischen Fortschritten des Instruments aber nicht mithalten konnten.<\/p>\n<p>Wer waren nun die meist tonangebende Cellist-Komponisten aus Servais\u00b4 Zeit? In den vielen Listen, die herumgehen fallen immer die Namen auf von Bernhard Romberg (1767-1841), Friedrich Dotzauer (1783-1860), Friedrich Kummer (1797-1879), Adrien Fran\u00e7ois Servais (1807-1866) und Auguste Franchomme (1808-1884), in der zweiten H\u00e4lfte des Jahrhunderts erg\u00e4nzt durch Alfredo Piatti (1822-1901), Eduard Goltermann (1824-1879), Friedrich Gr\u00fctzmacher (1832-1903), Karl Davidov (1838-1889) und David Popper (1843-1913).<\/p>\n<p>Bedingt durch ihren gro\u00dfen Beitrag zur Entwicklung der Cellotechnik und der \u201eEmanzipation\u201c des Cellos zum vollw\u00e4rtigen Soloinstrument, gelten diese zehn Cellisten als die Bedeutensten des neunzehnten Jahrhunderts.<\/p>\n<\/div>\n<p>Servais hat seinen festen Platz unter den ersten Zehn. Es gibt Fachleute die weiter gehen, wie der russische Professor Ginsburg mit der Aussage \u201c<em>The two leading figures of the 19th century were Bernard Romberg and Fran\u00e7ois Servais.<\/em>\u201c.<\/p>\n<p>Die Cellist-Komponisten richteten sich nach dem Geschmack ihres Publikums. Da das die gro\u00dfen Oper liebte, brachten sie die bekanntesten Opernarien in die Salons und Konzerts\u00e4le.<\/p>\n<p>Die Bearbeitung machten sie selber. Geiger, wie Niccol\u00f2 Paganini und Henry Vieuxtemps, sowie Pianisten wie Franz Liszt und Fr\u00e9d\u00e9ric Chopin machten es nicht anders als die Cellovirtuosen. Ihr Werk umfasste ebenso einiges an Fantasien, Capriccios und Concerti.<\/p>\n<\/div>\n<\/div>\n[\/vc_column][\/vc_row]\n<\/div>","protected":false},"excerpt":{"rendered":"<p>[vc_row padding_top=&#8220;0px&#8220; padding_bottom=&#8220;0px&#8220;][vc_column fade_animation_offset=&#8220;45px&#8220; width=&#8220;1\/4&#8243;][\/vc_column][vc_column fade_animation_offset=&#8220;45px&#8220; width=&#8220;3\/4&#8243;][\/vc_column][\/vc_row]<\/p>\n","protected":false},"author":1,"featured_media":0,"parent":2012,"menu_order":0,"comment_status":"closed","ping_status":"closed","template":"template-layout-full-width.php","meta":{"om_disable_all_campaigns":false,"rs_blank_template":"","rs_page_bg_color":"","slide_template_v7":"","_uf_show_specific_survey":0,"_uf_disable_surveys":false,"footnotes":""},"class_list":["post-2016","page","type-page","status-publish","hentry","no-post-thumbnail"],"yoast_head":"<!-- This site is optimized with the Yoast SEO plugin v27.2 - https:\/\/yoast.com\/product\/yoast-seo-wordpress\/ -->\n<title>Cellist-Komponist - Fran\u00e7ois Servais<\/title>\n<meta name=\"robots\" content=\"index, follow, max-snippet:-1, max-image-preview:large, max-video-preview:-1\" \/>\n<link rel=\"canonical\" href=\"https:\/\/www.servais-vzw.org\/de\/cellist\/cellist-composer\/\" \/>\n<meta property=\"og:locale\" content=\"de_DE\" \/>\n<meta property=\"og:type\" content=\"article\" \/>\n<meta property=\"og:title\" content=\"Cellist-Komponist - Fran\u00e7ois Servais\" \/>\n<meta property=\"og:description\" content=\"[vc_row padding_top=&#8220;0px&#8220; padding_bottom=&#8220;0px&#8220;][vc_column fade_animation_offset=&#8220;45px&#8220; width=&#8220;1\/4&#8243;][\/vc_column][vc_column fade_animation_offset=&#8220;45px&#8220; width=&#8220;3\/4&#8243;][\/vc_column][\/vc_row]\" \/>\n<meta property=\"og:url\" content=\"https:\/\/www.servais-vzw.org\/de\/cellist\/cellist-composer\/\" \/>\n<meta property=\"og:site_name\" content=\"Fran\u00e7ois Servais\" \/>\n<meta property=\"article:modified_time\" content=\"2016-09-11T16:24:43+00:00\" \/>\n<meta name=\"twitter:card\" content=\"summary_large_image\" \/>\n<meta name=\"twitter:label1\" content=\"Gesch\u00e4tzte Lesezeit\" \/>\n\t<meta name=\"twitter:data1\" content=\"2\u00a0Minuten\" \/>\n<script type=\"application\/ld+json\" class=\"yoast-schema-graph\">{\"@context\":\"https:\/\/schema.org\",\"@graph\":[{\"@type\":\"WebPage\",\"@id\":\"https:\/\/www.servais-vzw.org\/de\/cellist\/cellist-composer\/\",\"url\":\"https:\/\/www.servais-vzw.org\/de\/cellist\/cellist-composer\/\",\"name\":\"Cellist-Komponist - Fran\u00e7ois Servais\",\"isPartOf\":{\"@id\":\"https:\/\/www.servais-vzw.org\/en\/#website\"},\"datePublished\":\"2016-08-31T16:36:01+00:00\",\"dateModified\":\"2016-09-11T16:24:43+00:00\",\"breadcrumb\":{\"@id\":\"https:\/\/www.servais-vzw.org\/de\/cellist\/cellist-composer\/#breadcrumb\"},\"inLanguage\":\"de\",\"potentialAction\":[{\"@type\":\"ReadAction\",\"target\":[\"https:\/\/www.servais-vzw.org\/de\/cellist\/cellist-composer\/\"]}]},{\"@type\":\"BreadcrumbList\",\"@id\":\"https:\/\/www.servais-vzw.org\/de\/cellist\/cellist-composer\/#breadcrumb\",\"itemListElement\":[{\"@type\":\"ListItem\",\"position\":1,\"name\":\"Home\",\"item\":\"https:\/\/www.servais-vzw.org\/de\/\"},{\"@type\":\"ListItem\",\"position\":2,\"name\":\"Cellist\",\"item\":\"https:\/\/www.servais-vzw.org\/de\/cellist\/\"},{\"@type\":\"ListItem\",\"position\":3,\"name\":\"Cellist-Komponist\"}]},{\"@type\":\"WebSite\",\"@id\":\"https:\/\/www.servais-vzw.org\/en\/#website\",\"url\":\"https:\/\/www.servais-vzw.org\/en\/\",\"name\":\"Fran\u00e7ois Servais\",\"description\":\"\",\"potentialAction\":[{\"@type\":\"SearchAction\",\"target\":{\"@type\":\"EntryPoint\",\"urlTemplate\":\"https:\/\/www.servais-vzw.org\/en\/?s={search_term_string}\"},\"query-input\":{\"@type\":\"PropertyValueSpecification\",\"valueRequired\":true,\"valueName\":\"search_term_string\"}}],\"inLanguage\":\"de\"}]}<\/script>\n<!-- \/ Yoast SEO plugin. -->","yoast_head_json":{"title":"Cellist-Komponist - Fran\u00e7ois Servais","robots":{"index":"index","follow":"follow","max-snippet":"max-snippet:-1","max-image-preview":"max-image-preview:large","max-video-preview":"max-video-preview:-1"},"canonical":"https:\/\/www.servais-vzw.org\/de\/cellist\/cellist-composer\/","og_locale":"de_DE","og_type":"article","og_title":"Cellist-Komponist - Fran\u00e7ois Servais","og_description":"[vc_row padding_top=&#8220;0px&#8220; padding_bottom=&#8220;0px&#8220;][vc_column fade_animation_offset=&#8220;45px&#8220; width=&#8220;1\/4&#8243;][\/vc_column][vc_column fade_animation_offset=&#8220;45px&#8220; width=&#8220;3\/4&#8243;][\/vc_column][\/vc_row]","og_url":"https:\/\/www.servais-vzw.org\/de\/cellist\/cellist-composer\/","og_site_name":"Fran\u00e7ois Servais","article_modified_time":"2016-09-11T16:24:43+00:00","twitter_card":"summary_large_image","twitter_misc":{"Gesch\u00e4tzte Lesezeit":"2\u00a0Minuten"},"schema":{"@context":"https:\/\/schema.org","@graph":[{"@type":"WebPage","@id":"https:\/\/www.servais-vzw.org\/de\/cellist\/cellist-composer\/","url":"https:\/\/www.servais-vzw.org\/de\/cellist\/cellist-composer\/","name":"Cellist-Komponist - Fran\u00e7ois Servais","isPartOf":{"@id":"https:\/\/www.servais-vzw.org\/en\/#website"},"datePublished":"2016-08-31T16:36:01+00:00","dateModified":"2016-09-11T16:24:43+00:00","breadcrumb":{"@id":"https:\/\/www.servais-vzw.org\/de\/cellist\/cellist-composer\/#breadcrumb"},"inLanguage":"de","potentialAction":[{"@type":"ReadAction","target":["https:\/\/www.servais-vzw.org\/de\/cellist\/cellist-composer\/"]}]},{"@type":"BreadcrumbList","@id":"https:\/\/www.servais-vzw.org\/de\/cellist\/cellist-composer\/#breadcrumb","itemListElement":[{"@type":"ListItem","position":1,"name":"Home","item":"https:\/\/www.servais-vzw.org\/de\/"},{"@type":"ListItem","position":2,"name":"Cellist","item":"https:\/\/www.servais-vzw.org\/de\/cellist\/"},{"@type":"ListItem","position":3,"name":"Cellist-Komponist"}]},{"@type":"WebSite","@id":"https:\/\/www.servais-vzw.org\/en\/#website","url":"https:\/\/www.servais-vzw.org\/en\/","name":"Fran\u00e7ois Servais","description":"","potentialAction":[{"@type":"SearchAction","target":{"@type":"EntryPoint","urlTemplate":"https:\/\/www.servais-vzw.org\/en\/?s={search_term_string}"},"query-input":{"@type":"PropertyValueSpecification","valueRequired":true,"valueName":"search_term_string"}}],"inLanguage":"de"}]}},"_links":{"self":[{"href":"https:\/\/www.servais-vzw.org\/de\/wp-json\/wp\/v2\/pages\/2016","targetHints":{"allow":["GET"]}}],"collection":[{"href":"https:\/\/www.servais-vzw.org\/de\/wp-json\/wp\/v2\/pages"}],"about":[{"href":"https:\/\/www.servais-vzw.org\/de\/wp-json\/wp\/v2\/types\/page"}],"author":[{"embeddable":true,"href":"https:\/\/www.servais-vzw.org\/de\/wp-json\/wp\/v2\/users\/1"}],"replies":[{"embeddable":true,"href":"https:\/\/www.servais-vzw.org\/de\/wp-json\/wp\/v2\/comments?post=2016"}],"version-history":[{"count":5,"href":"https:\/\/www.servais-vzw.org\/de\/wp-json\/wp\/v2\/pages\/2016\/revisions"}],"predecessor-version":[{"id":2857,"href":"https:\/\/www.servais-vzw.org\/de\/wp-json\/wp\/v2\/pages\/2016\/revisions\/2857"}],"up":[{"embeddable":true,"href":"https:\/\/www.servais-vzw.org\/de\/wp-json\/wp\/v2\/pages\/2012"}],"wp:attachment":[{"href":"https:\/\/www.servais-vzw.org\/de\/wp-json\/wp\/v2\/media?parent=2016"}],"curies":[{"name":"wp","href":"https:\/\/api.w.org\/{rel}","templated":true}]}}