{"id":2018,"date":"2016-08-31T16:36:02","date_gmt":"2016-08-31T16:36:02","guid":{"rendered":"http:\/\/www.servais-vzw.org\/de\/cellist\/cellotechniek\/"},"modified":"2016-09-11T16:30:13","modified_gmt":"2016-09-11T16:30:13","slug":"cellotechniek","status":"publish","type":"page","link":"https:\/\/www.servais-vzw.org\/de\/cellist\/cellotechniek\/","title":{"rendered":"Cellotechnik"},"content":{"rendered":"<div class=\"wpb-content-wrapper\">[vc_row padding_top=&#8220;0px&#8220; padding_bottom=&#8220;0px&#8220;][vc_column fade_animation_offset=&#8220;45px&#8220; width=&#8220;1\/4&#8243;]<img decoding=\"async\"  class=\"x-img\"  src=\"https:\/\/www.servais-vzw.org\/wp-content\/uploads\/2015\/09\/B0078.jpg\" >[\/vc_column][vc_column fade_animation_offset=&#8220;45px&#8220; width=&#8220;3\/4&#8243;]<h3  class=\"h-custom-headline h3\" style=\"margin-top:0!important\"><span>Die Spieltechnik<\/span><\/h3><p>Servais bewirkte vor allem einen gro\u00dfen Fortschritt in der Bogentechnik. Eine lockere Bogenf\u00fchrung erm\u00f6glichte Akkordbrechungen in einem schnellen Tempo, sehr lange Bogenbindungen und Staccato in Auf- und Abstrich. Er erneuerte ebenfalls die Technik f\u00fcr die linke Hand: mit langen Passagen im Daumenspiel, und in hohen Stellungen wird der Tonumfang empfindlich erweitert. Im Gegensatz zu seinen Vorg\u00e4ngern hat Servais es verstanden, eine virtuose Bogentechnik mit einer virtuosen Linkehandtechnik zu kombinieren.<\/p>\n<p>Servais hinterlegte diese Neuerungen nicht schriftlich Er brachte sie als Lehrer seinen Sch\u00fclern bei, die wiederum sp\u00e4tere Generationen beeinflussten. Er verarbeitete diese technischen Schwierigkeiten in seinen\u00a0<em>Six Caprices<\/em>, Opus 11. Diese sechs Studien werden auch heute noch weltweit in Musikakademien und Konservatorien gelernt.<\/p>\n<h3  class=\"h-custom-headline h3\" ><span>Der Stachel<\/span><\/h3><p>Servais ist \u00fcberdies in die Geschichte eingegangen als Erfinder des Stachels, wodurch das Instrument viel lockerer gehandhabt werden konnte.<\/p>\n<p>Bis in der ersten H\u00e4lfte des neunzehntes Jahrhunderts hielt der Cellist sein Instrument zwischen den Beinen geklemmt. Es st\u00fctzte auf den Waden. Das verursachte eine etwa verkrampfte Streichbewegung und machte dar\u00fcber hinaus das tiefe Register schwierig bespielbar. Servais\u00b4 Verdienste m\u00fcssen aber relativiert werden, denn vorher stellten manche Cellisten schon ab und zu ein B\u00e4nkchen oder ein Holzst\u00fcck unter das Instrument. Servais aber befestigte einen Stachel aus Metall unter sein Cello und war wahrscheinlich der erste Cellist, der immer mit einem Stachel spielte. \u00dcber seine Sch\u00fcler und durch sein h\u00e4ufiges Auftreten hat er aber besonders dazu beigetragen, diese Spielweise einzuf\u00fchren.<\/p>\n<p>Einige Jahrzehnte sp\u00e4ter war die Spielweise mit diesem verstellbaren Stachel allgemein \u00fcblich. Das bewirkte eine Umw\u00e4lzung im Cellospiel: das Instrument konnte nun viel lockerer gehandhabt werden; nun wurde mit dem ganzen K\u00f6rper gespielt, mit dem Erfolg einer gr\u00f6\u00dferen Virtuosit\u00e4t.<\/p>\n[\/vc_column][\/vc_row]\n<\/div>","protected":false},"excerpt":{"rendered":"<p>[vc_row padding_top=&#8220;0px&#8220; padding_bottom=&#8220;0px&#8220;][vc_column fade_animation_offset=&#8220;45px&#8220; width=&#8220;1\/4&#8243;][\/vc_column][vc_column fade_animation_offset=&#8220;45px&#8220; width=&#8220;3\/4&#8243;][\/vc_column][\/vc_row]<\/p>\n","protected":false},"author":1,"featured_media":0,"parent":2012,"menu_order":0,"comment_status":"closed","ping_status":"closed","template":"template-layout-full-width.php","meta":{"om_disable_all_campaigns":false,"rs_blank_template":"","rs_page_bg_color":"","slide_template_v7":"","_uf_show_specific_survey":0,"_uf_disable_surveys":false,"footnotes":""},"class_list":["post-2018","page","type-page","status-publish","hentry","no-post-thumbnail"],"yoast_head":"<!-- This site is optimized with the Yoast SEO plugin v27.2 - https:\/\/yoast.com\/product\/yoast-seo-wordpress\/ -->\n<title>Cellotechnik - Fran\u00e7ois Servais<\/title>\n<meta name=\"robots\" content=\"index, follow, max-snippet:-1, max-image-preview:large, max-video-preview:-1\" \/>\n<link rel=\"canonical\" href=\"https:\/\/www.servais-vzw.org\/de\/cellist\/cellotechniek\/\" \/>\n<meta property=\"og:locale\" content=\"de_DE\" \/>\n<meta property=\"og:type\" content=\"article\" \/>\n<meta property=\"og:title\" content=\"Cellotechnik - Fran\u00e7ois Servais\" \/>\n<meta property=\"og:description\" content=\"[vc_row padding_top=&#8220;0px&#8220; padding_bottom=&#8220;0px&#8220;][vc_column fade_animation_offset=&#8220;45px&#8220; width=&#8220;1\/4&#8243;][\/vc_column][vc_column fade_animation_offset=&#8220;45px&#8220; width=&#8220;3\/4&#8243;][\/vc_column][\/vc_row]\" \/>\n<meta property=\"og:url\" content=\"https:\/\/www.servais-vzw.org\/de\/cellist\/cellotechniek\/\" \/>\n<meta property=\"og:site_name\" content=\"Fran\u00e7ois Servais\" \/>\n<meta property=\"article:modified_time\" content=\"2016-09-11T16:30:13+00:00\" \/>\n<meta name=\"twitter:card\" content=\"summary_large_image\" \/>\n<meta name=\"twitter:label1\" content=\"Gesch\u00e4tzte Lesezeit\" \/>\n\t<meta name=\"twitter:data1\" content=\"2\u00a0Minuten\" \/>\n<script type=\"application\/ld+json\" class=\"yoast-schema-graph\">{\"@context\":\"https:\/\/schema.org\",\"@graph\":[{\"@type\":\"WebPage\",\"@id\":\"https:\/\/www.servais-vzw.org\/de\/cellist\/cellotechniek\/\",\"url\":\"https:\/\/www.servais-vzw.org\/de\/cellist\/cellotechniek\/\",\"name\":\"Cellotechnik - Fran\u00e7ois Servais\",\"isPartOf\":{\"@id\":\"https:\/\/www.servais-vzw.org\/en\/#website\"},\"datePublished\":\"2016-08-31T16:36:02+00:00\",\"dateModified\":\"2016-09-11T16:30:13+00:00\",\"breadcrumb\":{\"@id\":\"https:\/\/www.servais-vzw.org\/de\/cellist\/cellotechniek\/#breadcrumb\"},\"inLanguage\":\"de\",\"potentialAction\":[{\"@type\":\"ReadAction\",\"target\":[\"https:\/\/www.servais-vzw.org\/de\/cellist\/cellotechniek\/\"]}]},{\"@type\":\"BreadcrumbList\",\"@id\":\"https:\/\/www.servais-vzw.org\/de\/cellist\/cellotechniek\/#breadcrumb\",\"itemListElement\":[{\"@type\":\"ListItem\",\"position\":1,\"name\":\"Home\",\"item\":\"https:\/\/www.servais-vzw.org\/de\/\"},{\"@type\":\"ListItem\",\"position\":2,\"name\":\"Cellist\",\"item\":\"https:\/\/www.servais-vzw.org\/de\/cellist\/\"},{\"@type\":\"ListItem\",\"position\":3,\"name\":\"Cellotechnik\"}]},{\"@type\":\"WebSite\",\"@id\":\"https:\/\/www.servais-vzw.org\/en\/#website\",\"url\":\"https:\/\/www.servais-vzw.org\/en\/\",\"name\":\"Fran\u00e7ois Servais\",\"description\":\"\",\"potentialAction\":[{\"@type\":\"SearchAction\",\"target\":{\"@type\":\"EntryPoint\",\"urlTemplate\":\"https:\/\/www.servais-vzw.org\/en\/?s={search_term_string}\"},\"query-input\":{\"@type\":\"PropertyValueSpecification\",\"valueRequired\":true,\"valueName\":\"search_term_string\"}}],\"inLanguage\":\"de\"}]}<\/script>\n<!-- \/ Yoast SEO plugin. -->","yoast_head_json":{"title":"Cellotechnik - Fran\u00e7ois Servais","robots":{"index":"index","follow":"follow","max-snippet":"max-snippet:-1","max-image-preview":"max-image-preview:large","max-video-preview":"max-video-preview:-1"},"canonical":"https:\/\/www.servais-vzw.org\/de\/cellist\/cellotechniek\/","og_locale":"de_DE","og_type":"article","og_title":"Cellotechnik - Fran\u00e7ois Servais","og_description":"[vc_row padding_top=&#8220;0px&#8220; padding_bottom=&#8220;0px&#8220;][vc_column fade_animation_offset=&#8220;45px&#8220; width=&#8220;1\/4&#8243;][\/vc_column][vc_column fade_animation_offset=&#8220;45px&#8220; width=&#8220;3\/4&#8243;][\/vc_column][\/vc_row]","og_url":"https:\/\/www.servais-vzw.org\/de\/cellist\/cellotechniek\/","og_site_name":"Fran\u00e7ois Servais","article_modified_time":"2016-09-11T16:30:13+00:00","twitter_card":"summary_large_image","twitter_misc":{"Gesch\u00e4tzte Lesezeit":"2\u00a0Minuten"},"schema":{"@context":"https:\/\/schema.org","@graph":[{"@type":"WebPage","@id":"https:\/\/www.servais-vzw.org\/de\/cellist\/cellotechniek\/","url":"https:\/\/www.servais-vzw.org\/de\/cellist\/cellotechniek\/","name":"Cellotechnik - Fran\u00e7ois Servais","isPartOf":{"@id":"https:\/\/www.servais-vzw.org\/en\/#website"},"datePublished":"2016-08-31T16:36:02+00:00","dateModified":"2016-09-11T16:30:13+00:00","breadcrumb":{"@id":"https:\/\/www.servais-vzw.org\/de\/cellist\/cellotechniek\/#breadcrumb"},"inLanguage":"de","potentialAction":[{"@type":"ReadAction","target":["https:\/\/www.servais-vzw.org\/de\/cellist\/cellotechniek\/"]}]},{"@type":"BreadcrumbList","@id":"https:\/\/www.servais-vzw.org\/de\/cellist\/cellotechniek\/#breadcrumb","itemListElement":[{"@type":"ListItem","position":1,"name":"Home","item":"https:\/\/www.servais-vzw.org\/de\/"},{"@type":"ListItem","position":2,"name":"Cellist","item":"https:\/\/www.servais-vzw.org\/de\/cellist\/"},{"@type":"ListItem","position":3,"name":"Cellotechnik"}]},{"@type":"WebSite","@id":"https:\/\/www.servais-vzw.org\/en\/#website","url":"https:\/\/www.servais-vzw.org\/en\/","name":"Fran\u00e7ois Servais","description":"","potentialAction":[{"@type":"SearchAction","target":{"@type":"EntryPoint","urlTemplate":"https:\/\/www.servais-vzw.org\/en\/?s={search_term_string}"},"query-input":{"@type":"PropertyValueSpecification","valueRequired":true,"valueName":"search_term_string"}}],"inLanguage":"de"}]}},"_links":{"self":[{"href":"https:\/\/www.servais-vzw.org\/de\/wp-json\/wp\/v2\/pages\/2018","targetHints":{"allow":["GET"]}}],"collection":[{"href":"https:\/\/www.servais-vzw.org\/de\/wp-json\/wp\/v2\/pages"}],"about":[{"href":"https:\/\/www.servais-vzw.org\/de\/wp-json\/wp\/v2\/types\/page"}],"author":[{"embeddable":true,"href":"https:\/\/www.servais-vzw.org\/de\/wp-json\/wp\/v2\/users\/1"}],"replies":[{"embeddable":true,"href":"https:\/\/www.servais-vzw.org\/de\/wp-json\/wp\/v2\/comments?post=2018"}],"version-history":[{"count":4,"href":"https:\/\/www.servais-vzw.org\/de\/wp-json\/wp\/v2\/pages\/2018\/revisions"}],"predecessor-version":[{"id":2863,"href":"https:\/\/www.servais-vzw.org\/de\/wp-json\/wp\/v2\/pages\/2018\/revisions\/2863"}],"up":[{"embeddable":true,"href":"https:\/\/www.servais-vzw.org\/de\/wp-json\/wp\/v2\/pages\/2012"}],"wp:attachment":[{"href":"https:\/\/www.servais-vzw.org\/de\/wp-json\/wp\/v2\/media?parent=2018"}],"curies":[{"name":"wp","href":"https:\/\/api.w.org\/{rel}","templated":true}]}}