{"id":2020,"date":"2016-08-31T16:36:03","date_gmt":"2016-08-31T16:36:03","guid":{"rendered":"http:\/\/www.servais-vzw.org\/de\/cellist\/concertreizen\/"},"modified":"2022-08-20T07:28:55","modified_gmt":"2022-08-20T07:28:55","slug":"concertreizen","status":"publish","type":"page","link":"https:\/\/www.servais-vzw.org\/de\/cellist\/concertreizen\/","title":{"rendered":"Konzertreisen"},"content":{"rendered":"<div class=\"wpb-content-wrapper\">[vc_row padding_top=&#8220;0px&#8220; padding_bottom=&#8220;0px&#8220;][vc_column width=&#8220;1\/4&#8243; fade_animation_offset=&#8220;45px&#8220;][vc_column_text]<div id=\"attachment_1116\" style=\"width: 310px\" class=\"wp-caption alignnone\"><a href=\"http:\/\/www.servais-vzw.org\/wp-content\/uploads\/2015\/09\/kaart-Europa-1.jpg\" rel=\"attachment wp-att-1116\"><img loading=\"lazy\" decoding=\"async\" aria-describedby=\"caption-attachment-1116\" class=\"wp-image-1116 size-medium\" src=\"http:\/\/www.servais-vzw.org\/wp-content\/uploads\/2015\/09\/kaart-Europa-1-300x208.jpg\" alt=\"Concertreizen\" width=\"300\" height=\"208\" srcset=\"https:\/\/www.servais-vzw.org\/wp-content\/uploads\/2015\/09\/kaart-Europa-1-300x208.jpg 300w, https:\/\/www.servais-vzw.org\/wp-content\/uploads\/2015\/09\/kaart-Europa-1-768x533.jpg 768w, https:\/\/www.servais-vzw.org\/wp-content\/uploads\/2015\/09\/kaart-Europa-1-1024x710.jpg 1024w, https:\/\/www.servais-vzw.org\/wp-content\/uploads\/2015\/09\/kaart-Europa-1-100x69.jpg 100w, https:\/\/www.servais-vzw.org\/wp-content\/uploads\/2015\/09\/kaart-Europa-1-862x598.jpg 862w, https:\/\/www.servais-vzw.org\/wp-content\/uploads\/2015\/09\/kaart-Europa-1-980x680.jpg 980w, https:\/\/www.servais-vzw.org\/wp-content\/uploads\/2015\/09\/kaart-Europa-1.jpg 1153w\" sizes=\"auto, (max-width: 300px) 100vw, 300px\" \/><\/a><p id=\"caption-attachment-1116\" class=\"wp-caption-text\">Concertreizen<\/p><\/div>\n<p>Klik op de kaart om te vergroten<\/p>\n[\/vc_column_text][\/vc_column][vc_column width=&#8220;3\/4&#8243; fade_animation_offset=&#8220;45px&#8220;][vc_column_text]<p>Das vielfache Reisen war ein gemeinsames Merkmal f\u00fcr viele Cellist-Komponisten. Auf diese Weisen verbreiteten sie ihre Kenntnisse und propagierten das Cello als Soloinstrument. In einer Zeit ohne Fernseher, Radio oder CD gab es nur eine M\u00f6glichkeit, um sein musikalisches Talent bekannt zu machen: reisen und dabei viel auftreten.<\/p>\n<p>Das hatte auch Servais begriffen. Er nahm Cello und Gep\u00e4ck und machte sich auf dem Weg, manchmal f\u00fcr mehrere Monate. Nicht alle L\u00e4nder und St\u00e4dte waren mit Zug oder Postkutsche erreichbar. So musste Servais Russland, z. B. teilweise mit dem Schlitten bereisen.<\/p>\n<p>Er war manchmal zu Gast bei gekr\u00f6nten H\u00e4uptern wie Wilhelm I, Wilhelm II und Wilhelm III der Niederlande, Louis-Philippe von Frankreich und Wilhelm IV von England. Bei Zar Nikolai I von Russland und die Prinzen Youssoupof war er gern gesehen. Servais war regelm\u00e4\u00dfig Gast von Grafen, Herz\u00f6gen, Markgrafen und Prinzen.<\/p>\n<p>Die Liste der St\u00e4dte, wo Servais auftrat, ist beeindruckend, vor allem, wenn wir uns die Reisebedingungen vor Augen halten so wie die Tatsache, dass er viele St\u00e4dte mehrmals besuchte. Seine Konzertreisen brachten ihn nach \u00d6sterreich, in die Schweiz, Tschechien, Ungarn, D\u00e4nemark, Norwegen, Schweden, Polen, Lettland, Estland, Litauen, Finnland, Ukraine, Russland, Rum\u00e4nien und die T\u00fcrkei.<\/p>\n<p class=\"pb_10\">Seine zahlreichen Soloauftritte trugen bei zur \u201eEmanzipation\u201c des Cellos als Soloinstrument, und brachten die Belgische Celloschule auf die Karte Europas.<\/p>\n<p class=\"pb_10\">In Servais\u2019 Karriere kennen wir neun gro\u00dfe Konzertreisen:<\/p>\n<table style=\"border-collapse: collapse; width: 100%;\">\n<tbody>\n<tr>\n<td style=\"width: 33.3333%;\">1838-1840<\/td>\n<td style=\"width: 66%;\">Russland, \u00fcber Deutschland und die Baltischen Staaten<\/td>\n<\/tr>\n<tr>\n<td style=\"width: 33.3333%;\">1841-1842<\/td>\n<td style=\"width: 66%;\">Russland, Polen, \u00d6sterreich, Tschechien, Russland<\/td>\n<\/tr>\n<tr>\n<td style=\"width: 33.3333%;\">1844-1846<\/td>\n<td style=\"width: 66%;\">Deutschland, Finland und Russland<\/td>\n<\/tr>\n<tr>\n<td style=\"width: 33.3333%;\">1848<\/td>\n<td style=\"width: 66%;\">\u00d6sterreich, Tschechien, Deutschland<\/td>\n<\/tr>\n<tr>\n<td style=\"width: 33.3333%;\">1851-1852<\/td>\n<td style=\"width: 66%;\">Polen, Russland, Moldavien, Ukraine, Rum\u00e4nien, die T\u00fcrkei, Ukraine, Rusland<\/td>\n<\/tr>\n<tr>\n<td style=\"width: 33.3333%;\">1856-1857<\/td>\n<td style=\"width: 66%;\">Polen, Ukraine, Russland<\/td>\n<\/tr>\n<tr>\n<td style=\"width: 33.3333%;\">1859<\/td>\n<td style=\"width: 66%;\">Polen, Ukraine, \u00d6sterreich, Hungarien, Tschechien<\/td>\n<\/tr>\n<tr>\n<td style=\"width: 33.3333%;\">1862-1863<\/td>\n<td style=\"width: 66%;\">D\u00e4nemark, Schweden, Norwegen<\/td>\n<\/tr>\n<tr>\n<td style=\"width: 33.3333%;\">1866<\/td>\n<td style=\"width: 66%;\">Polen, Russland<\/td>\n<\/tr>\n<\/tbody>\n<\/table>\n<p>Au\u00dferdem ging Servais regelm\u00e4\u00dfig auf Tournee in die Nachbarl\u00e4nder Frankreich, Niederlande, und Deutschland. Er war mindestens einmal in Gro\u00dfbritannien (1835). Er trat nat\u00fcrlich auch im eigenen Land auf, u.a. in Br\u00fcssel, Antwerpen, Spa, Gent und Halle.<\/p>\n[\/vc_column_text][\/vc_column][\/vc_row]\n<\/div>","protected":false},"excerpt":{"rendered":"<p>[vc_row padding_top=&#8220;0px&#8220; padding_bottom=&#8220;0px&#8220;][vc_column width=&#8220;1\/4&#8243; fade_animation_offset=&#8220;45px&#8220;][vc_column_text][\/vc_column_text][\/vc_column][vc_column width=&#8220;3\/4&#8243; fade_animation_offset=&#8220;45px&#8220;][vc_column_text][\/vc_column_text][\/vc_column][\/vc_row]<\/p>\n","protected":false},"author":1,"featured_media":0,"parent":2012,"menu_order":0,"comment_status":"closed","ping_status":"closed","template":"template-layout-full-width.php","meta":{"om_disable_all_campaigns":false,"rs_blank_template":"","rs_page_bg_color":"","slide_template_v7":"","_uf_show_specific_survey":0,"_uf_disable_surveys":false,"footnotes":""},"class_list":["post-2020","page","type-page","status-publish","hentry","no-post-thumbnail"],"yoast_head":"<!-- This site is optimized with the Yoast SEO plugin v27.2 - https:\/\/yoast.com\/product\/yoast-seo-wordpress\/ -->\n<title>Konzertreisen - Fran\u00e7ois Servais<\/title>\n<meta name=\"robots\" content=\"index, follow, max-snippet:-1, max-image-preview:large, max-video-preview:-1\" \/>\n<link rel=\"canonical\" href=\"https:\/\/www.servais-vzw.org\/de\/cellist\/concertreizen\/\" \/>\n<meta property=\"og:locale\" content=\"de_DE\" \/>\n<meta property=\"og:type\" content=\"article\" \/>\n<meta property=\"og:title\" content=\"Konzertreisen - Fran\u00e7ois Servais\" \/>\n<meta property=\"og:description\" content=\"[vc_row padding_top=&#8220;0px&#8220; padding_bottom=&#8220;0px&#8220;][vc_column width=&#8220;1\/4&#8243; fade_animation_offset=&#8220;45px&#8220;][vc_column_text][\/vc_column_text][\/vc_column][vc_column width=&#8220;3\/4&#8243; fade_animation_offset=&#8220;45px&#8220;][vc_column_text][\/vc_column_text][\/vc_column][\/vc_row]\" \/>\n<meta property=\"og:url\" content=\"https:\/\/www.servais-vzw.org\/de\/cellist\/concertreizen\/\" \/>\n<meta property=\"og:site_name\" content=\"Fran\u00e7ois Servais\" \/>\n<meta property=\"article:modified_time\" content=\"2022-08-20T07:28:55+00:00\" \/>\n<meta property=\"og:image\" content=\"http:\/\/www.servais-vzw.org\/wp-content\/uploads\/2015\/09\/kaart-Europa-1-300x208.jpg\" \/>\n<meta name=\"twitter:card\" content=\"summary_large_image\" \/>\n<meta name=\"twitter:label1\" content=\"Gesch\u00e4tzte Lesezeit\" \/>\n\t<meta name=\"twitter:data1\" content=\"2\u00a0Minuten\" \/>\n<script type=\"application\/ld+json\" class=\"yoast-schema-graph\">{\"@context\":\"https:\/\/schema.org\",\"@graph\":[{\"@type\":\"WebPage\",\"@id\":\"https:\/\/www.servais-vzw.org\/de\/cellist\/concertreizen\/\",\"url\":\"https:\/\/www.servais-vzw.org\/de\/cellist\/concertreizen\/\",\"name\":\"Konzertreisen - Fran\u00e7ois Servais\",\"isPartOf\":{\"@id\":\"https:\/\/www.servais-vzw.org\/en\/#website\"},\"primaryImageOfPage\":{\"@id\":\"https:\/\/www.servais-vzw.org\/de\/cellist\/concertreizen\/#primaryimage\"},\"image\":{\"@id\":\"https:\/\/www.servais-vzw.org\/de\/cellist\/concertreizen\/#primaryimage\"},\"thumbnailUrl\":\"http:\/\/www.servais-vzw.org\/wp-content\/uploads\/2015\/09\/kaart-Europa-1-300x208.jpg\",\"datePublished\":\"2016-08-31T16:36:03+00:00\",\"dateModified\":\"2022-08-20T07:28:55+00:00\",\"breadcrumb\":{\"@id\":\"https:\/\/www.servais-vzw.org\/de\/cellist\/concertreizen\/#breadcrumb\"},\"inLanguage\":\"de\",\"potentialAction\":[{\"@type\":\"ReadAction\",\"target\":[\"https:\/\/www.servais-vzw.org\/de\/cellist\/concertreizen\/\"]}]},{\"@type\":\"ImageObject\",\"inLanguage\":\"de\",\"@id\":\"https:\/\/www.servais-vzw.org\/de\/cellist\/concertreizen\/#primaryimage\",\"url\":\"http:\/\/www.servais-vzw.org\/wp-content\/uploads\/2015\/09\/kaart-Europa-1-300x208.jpg\",\"contentUrl\":\"http:\/\/www.servais-vzw.org\/wp-content\/uploads\/2015\/09\/kaart-Europa-1-300x208.jpg\"},{\"@type\":\"BreadcrumbList\",\"@id\":\"https:\/\/www.servais-vzw.org\/de\/cellist\/concertreizen\/#breadcrumb\",\"itemListElement\":[{\"@type\":\"ListItem\",\"position\":1,\"name\":\"Home\",\"item\":\"https:\/\/www.servais-vzw.org\/de\/\"},{\"@type\":\"ListItem\",\"position\":2,\"name\":\"Cellist\",\"item\":\"https:\/\/www.servais-vzw.org\/de\/cellist\/\"},{\"@type\":\"ListItem\",\"position\":3,\"name\":\"Konzertreisen\"}]},{\"@type\":\"WebSite\",\"@id\":\"https:\/\/www.servais-vzw.org\/en\/#website\",\"url\":\"https:\/\/www.servais-vzw.org\/en\/\",\"name\":\"Fran\u00e7ois Servais\",\"description\":\"\",\"potentialAction\":[{\"@type\":\"SearchAction\",\"target\":{\"@type\":\"EntryPoint\",\"urlTemplate\":\"https:\/\/www.servais-vzw.org\/en\/?s={search_term_string}\"},\"query-input\":{\"@type\":\"PropertyValueSpecification\",\"valueRequired\":true,\"valueName\":\"search_term_string\"}}],\"inLanguage\":\"de\"}]}<\/script>\n<!-- \/ Yoast SEO plugin. -->","yoast_head_json":{"title":"Konzertreisen - Fran\u00e7ois Servais","robots":{"index":"index","follow":"follow","max-snippet":"max-snippet:-1","max-image-preview":"max-image-preview:large","max-video-preview":"max-video-preview:-1"},"canonical":"https:\/\/www.servais-vzw.org\/de\/cellist\/concertreizen\/","og_locale":"de_DE","og_type":"article","og_title":"Konzertreisen - Fran\u00e7ois Servais","og_description":"[vc_row padding_top=&#8220;0px&#8220; padding_bottom=&#8220;0px&#8220;][vc_column width=&#8220;1\/4&#8243; fade_animation_offset=&#8220;45px&#8220;][vc_column_text][\/vc_column_text][\/vc_column][vc_column width=&#8220;3\/4&#8243; fade_animation_offset=&#8220;45px&#8220;][vc_column_text][\/vc_column_text][\/vc_column][\/vc_row]","og_url":"https:\/\/www.servais-vzw.org\/de\/cellist\/concertreizen\/","og_site_name":"Fran\u00e7ois Servais","article_modified_time":"2022-08-20T07:28:55+00:00","og_image":[{"url":"http:\/\/www.servais-vzw.org\/wp-content\/uploads\/2015\/09\/kaart-Europa-1-300x208.jpg","type":"","width":"","height":""}],"twitter_card":"summary_large_image","twitter_misc":{"Gesch\u00e4tzte Lesezeit":"2\u00a0Minuten"},"schema":{"@context":"https:\/\/schema.org","@graph":[{"@type":"WebPage","@id":"https:\/\/www.servais-vzw.org\/de\/cellist\/concertreizen\/","url":"https:\/\/www.servais-vzw.org\/de\/cellist\/concertreizen\/","name":"Konzertreisen - Fran\u00e7ois Servais","isPartOf":{"@id":"https:\/\/www.servais-vzw.org\/en\/#website"},"primaryImageOfPage":{"@id":"https:\/\/www.servais-vzw.org\/de\/cellist\/concertreizen\/#primaryimage"},"image":{"@id":"https:\/\/www.servais-vzw.org\/de\/cellist\/concertreizen\/#primaryimage"},"thumbnailUrl":"http:\/\/www.servais-vzw.org\/wp-content\/uploads\/2015\/09\/kaart-Europa-1-300x208.jpg","datePublished":"2016-08-31T16:36:03+00:00","dateModified":"2022-08-20T07:28:55+00:00","breadcrumb":{"@id":"https:\/\/www.servais-vzw.org\/de\/cellist\/concertreizen\/#breadcrumb"},"inLanguage":"de","potentialAction":[{"@type":"ReadAction","target":["https:\/\/www.servais-vzw.org\/de\/cellist\/concertreizen\/"]}]},{"@type":"ImageObject","inLanguage":"de","@id":"https:\/\/www.servais-vzw.org\/de\/cellist\/concertreizen\/#primaryimage","url":"http:\/\/www.servais-vzw.org\/wp-content\/uploads\/2015\/09\/kaart-Europa-1-300x208.jpg","contentUrl":"http:\/\/www.servais-vzw.org\/wp-content\/uploads\/2015\/09\/kaart-Europa-1-300x208.jpg"},{"@type":"BreadcrumbList","@id":"https:\/\/www.servais-vzw.org\/de\/cellist\/concertreizen\/#breadcrumb","itemListElement":[{"@type":"ListItem","position":1,"name":"Home","item":"https:\/\/www.servais-vzw.org\/de\/"},{"@type":"ListItem","position":2,"name":"Cellist","item":"https:\/\/www.servais-vzw.org\/de\/cellist\/"},{"@type":"ListItem","position":3,"name":"Konzertreisen"}]},{"@type":"WebSite","@id":"https:\/\/www.servais-vzw.org\/en\/#website","url":"https:\/\/www.servais-vzw.org\/en\/","name":"Fran\u00e7ois Servais","description":"","potentialAction":[{"@type":"SearchAction","target":{"@type":"EntryPoint","urlTemplate":"https:\/\/www.servais-vzw.org\/en\/?s={search_term_string}"},"query-input":{"@type":"PropertyValueSpecification","valueRequired":true,"valueName":"search_term_string"}}],"inLanguage":"de"}]}},"_links":{"self":[{"href":"https:\/\/www.servais-vzw.org\/de\/wp-json\/wp\/v2\/pages\/2020","targetHints":{"allow":["GET"]}}],"collection":[{"href":"https:\/\/www.servais-vzw.org\/de\/wp-json\/wp\/v2\/pages"}],"about":[{"href":"https:\/\/www.servais-vzw.org\/de\/wp-json\/wp\/v2\/types\/page"}],"author":[{"embeddable":true,"href":"https:\/\/www.servais-vzw.org\/de\/wp-json\/wp\/v2\/users\/1"}],"replies":[{"embeddable":true,"href":"https:\/\/www.servais-vzw.org\/de\/wp-json\/wp\/v2\/comments?post=2020"}],"version-history":[{"count":4,"href":"https:\/\/www.servais-vzw.org\/de\/wp-json\/wp\/v2\/pages\/2020\/revisions"}],"predecessor-version":[{"id":9319,"href":"https:\/\/www.servais-vzw.org\/de\/wp-json\/wp\/v2\/pages\/2020\/revisions\/9319"}],"up":[{"embeddable":true,"href":"https:\/\/www.servais-vzw.org\/de\/wp-json\/wp\/v2\/pages\/2012"}],"wp:attachment":[{"href":"https:\/\/www.servais-vzw.org\/de\/wp-json\/wp\/v2\/media?parent=2020"}],"curies":[{"name":"wp","href":"https:\/\/api.w.org\/{rel}","templated":true}]}}