{"id":2024,"date":"2016-08-31T16:36:09","date_gmt":"2016-08-31T16:36:09","guid":{"rendered":"http:\/\/www.servais-vzw.org\/de\/cellist\/stradivarius\/"},"modified":"2016-09-11T16:39:54","modified_gmt":"2016-09-11T16:39:54","slug":"stradivarius","status":"publish","type":"page","link":"https:\/\/www.servais-vzw.org\/de\/cellist\/stradivarius\/","title":{"rendered":"Servais Stradivari"},"content":{"rendered":"<div class=\"wpb-content-wrapper\">[vc_row padding_top=&#8220;0px&#8220; padding_bottom=&#8220;0px&#8220;][vc_column fade_animation_offset=&#8220;45px&#8220; width=&#8220;1\/4&#8243;]<img decoding=\"async\"  class=\"x-img\"  src=\"https:\/\/www.servais-vzw.org\/wp-content\/uploads\/2015\/09\/stradivarius.jpg\" >[\/vc_column][vc_column fade_animation_offset=&#8220;45px&#8220; width=&#8220;3\/4&#8243;]<p>Fran\u00e7ois Servais spielte ein Stradivaricello, 1701 gefertigt durch Antonio Stradivarius. Servais bekam sein Stradivari wahrscheinlich um 1840. Nach seinem Tod ging es auf seinen Sohn Joseph \u00fcber.<\/p>\n<p>Nach vielem Wechsel kam das Instrument 1981 ins Smithsonian Museum in Washington (Sehe Abbildung rechts). Das\u00a0<em>Servaiscello<\/em>\u00a0wird als einer der beste der Welt angesehen. Das liegt u. a. an den besonderen Abmessungen des Instruments. Die L\u00e4nge des Instruments z.B. kann variieren zwischen 72,3 und 78,7\u00a0cm. Das\u00a0<em>Servaiscello<\/em>\u00a0misst 78,7\u00a0cm. Nach 1701 bevorzugte Stradivari kleinere Standartma\u00dfe. Viele \u00e4ltere Celli wurden dem zu Folge eingek\u00fcrzt und zu Brennholz entwertet.<\/p>\n<p>Ab und zu wird das\u00a0<em>Servaisinstrument\u00a0<\/em>von gro\u00dfen Solisten gespielt. Die unvergleichbare Klangfarbe ist auf einer Anzahl von CD-Aufnahmen zu h\u00f6ren. In 1992 z. B. benutzte Anner Bijlsma das Instrument f\u00fcr Aufnahmen von Bach.\u00a0<em>Sechs Suiten f\u00fcr Cello.<\/em>\u00a0Diese Aufnahme ist noch zu bekommen bei Sony Classic-Vivante (S2K 48047).<\/p>\n<p>Einige Cellobauer nutzen das Servaiscello als Muster.<\/p>\n[\/vc_column][\/vc_row]\n<\/div>","protected":false},"excerpt":{"rendered":"<p>[vc_row padding_top=&#8220;0px&#8220; padding_bottom=&#8220;0px&#8220;][vc_column fade_animation_offset=&#8220;45px&#8220; width=&#8220;1\/4&#8243;][\/vc_column][vc_column fade_animation_offset=&#8220;45px&#8220; width=&#8220;3\/4&#8243;][\/vc_column][\/vc_row]<\/p>\n","protected":false},"author":1,"featured_media":0,"parent":2012,"menu_order":0,"comment_status":"closed","ping_status":"closed","template":"template-layout-full-width.php","meta":{"om_disable_all_campaigns":false,"rs_blank_template":"","rs_page_bg_color":"","slide_template_v7":"","_uf_show_specific_survey":0,"_uf_disable_surveys":false,"footnotes":""},"class_list":["post-2024","page","type-page","status-publish","hentry","no-post-thumbnail"],"yoast_head":"<!-- This site is optimized with the Yoast SEO plugin v27.2 - https:\/\/yoast.com\/product\/yoast-seo-wordpress\/ -->\n<title>Servais Stradivari - Fran\u00e7ois Servais<\/title>\n<meta name=\"robots\" content=\"index, follow, max-snippet:-1, max-image-preview:large, max-video-preview:-1\" \/>\n<link rel=\"canonical\" href=\"https:\/\/www.servais-vzw.org\/de\/cellist\/stradivarius\/\" \/>\n<meta property=\"og:locale\" content=\"de_DE\" \/>\n<meta property=\"og:type\" content=\"article\" \/>\n<meta property=\"og:title\" content=\"Servais Stradivari - Fran\u00e7ois Servais\" \/>\n<meta property=\"og:description\" content=\"[vc_row padding_top=&#8220;0px&#8220; padding_bottom=&#8220;0px&#8220;][vc_column fade_animation_offset=&#8220;45px&#8220; width=&#8220;1\/4&#8243;][\/vc_column][vc_column fade_animation_offset=&#8220;45px&#8220; width=&#8220;3\/4&#8243;][\/vc_column][\/vc_row]\" \/>\n<meta property=\"og:url\" content=\"https:\/\/www.servais-vzw.org\/de\/cellist\/stradivarius\/\" \/>\n<meta property=\"og:site_name\" content=\"Fran\u00e7ois Servais\" \/>\n<meta property=\"article:modified_time\" content=\"2016-09-11T16:39:54+00:00\" \/>\n<meta name=\"twitter:card\" content=\"summary_large_image\" \/>\n<meta name=\"twitter:label1\" content=\"Gesch\u00e4tzte Lesezeit\" \/>\n\t<meta name=\"twitter:data1\" content=\"1\u00a0Minute\" \/>\n<script type=\"application\/ld+json\" class=\"yoast-schema-graph\">{\"@context\":\"https:\/\/schema.org\",\"@graph\":[{\"@type\":\"WebPage\",\"@id\":\"https:\/\/www.servais-vzw.org\/de\/cellist\/stradivarius\/\",\"url\":\"https:\/\/www.servais-vzw.org\/de\/cellist\/stradivarius\/\",\"name\":\"Servais Stradivari - Fran\u00e7ois Servais\",\"isPartOf\":{\"@id\":\"https:\/\/www.servais-vzw.org\/en\/#website\"},\"datePublished\":\"2016-08-31T16:36:09+00:00\",\"dateModified\":\"2016-09-11T16:39:54+00:00\",\"breadcrumb\":{\"@id\":\"https:\/\/www.servais-vzw.org\/de\/cellist\/stradivarius\/#breadcrumb\"},\"inLanguage\":\"de\",\"potentialAction\":[{\"@type\":\"ReadAction\",\"target\":[\"https:\/\/www.servais-vzw.org\/de\/cellist\/stradivarius\/\"]}]},{\"@type\":\"BreadcrumbList\",\"@id\":\"https:\/\/www.servais-vzw.org\/de\/cellist\/stradivarius\/#breadcrumb\",\"itemListElement\":[{\"@type\":\"ListItem\",\"position\":1,\"name\":\"Home\",\"item\":\"https:\/\/www.servais-vzw.org\/de\/\"},{\"@type\":\"ListItem\",\"position\":2,\"name\":\"Cellist\",\"item\":\"https:\/\/www.servais-vzw.org\/de\/cellist\/\"},{\"@type\":\"ListItem\",\"position\":3,\"name\":\"Servais Stradivari\"}]},{\"@type\":\"WebSite\",\"@id\":\"https:\/\/www.servais-vzw.org\/en\/#website\",\"url\":\"https:\/\/www.servais-vzw.org\/en\/\",\"name\":\"Fran\u00e7ois Servais\",\"description\":\"\",\"potentialAction\":[{\"@type\":\"SearchAction\",\"target\":{\"@type\":\"EntryPoint\",\"urlTemplate\":\"https:\/\/www.servais-vzw.org\/en\/?s={search_term_string}\"},\"query-input\":{\"@type\":\"PropertyValueSpecification\",\"valueRequired\":true,\"valueName\":\"search_term_string\"}}],\"inLanguage\":\"de\"}]}<\/script>\n<!-- \/ Yoast SEO plugin. -->","yoast_head_json":{"title":"Servais Stradivari - Fran\u00e7ois Servais","robots":{"index":"index","follow":"follow","max-snippet":"max-snippet:-1","max-image-preview":"max-image-preview:large","max-video-preview":"max-video-preview:-1"},"canonical":"https:\/\/www.servais-vzw.org\/de\/cellist\/stradivarius\/","og_locale":"de_DE","og_type":"article","og_title":"Servais Stradivari - Fran\u00e7ois Servais","og_description":"[vc_row padding_top=&#8220;0px&#8220; padding_bottom=&#8220;0px&#8220;][vc_column fade_animation_offset=&#8220;45px&#8220; width=&#8220;1\/4&#8243;][\/vc_column][vc_column fade_animation_offset=&#8220;45px&#8220; width=&#8220;3\/4&#8243;][\/vc_column][\/vc_row]","og_url":"https:\/\/www.servais-vzw.org\/de\/cellist\/stradivarius\/","og_site_name":"Fran\u00e7ois Servais","article_modified_time":"2016-09-11T16:39:54+00:00","twitter_card":"summary_large_image","twitter_misc":{"Gesch\u00e4tzte Lesezeit":"1\u00a0Minute"},"schema":{"@context":"https:\/\/schema.org","@graph":[{"@type":"WebPage","@id":"https:\/\/www.servais-vzw.org\/de\/cellist\/stradivarius\/","url":"https:\/\/www.servais-vzw.org\/de\/cellist\/stradivarius\/","name":"Servais Stradivari - Fran\u00e7ois Servais","isPartOf":{"@id":"https:\/\/www.servais-vzw.org\/en\/#website"},"datePublished":"2016-08-31T16:36:09+00:00","dateModified":"2016-09-11T16:39:54+00:00","breadcrumb":{"@id":"https:\/\/www.servais-vzw.org\/de\/cellist\/stradivarius\/#breadcrumb"},"inLanguage":"de","potentialAction":[{"@type":"ReadAction","target":["https:\/\/www.servais-vzw.org\/de\/cellist\/stradivarius\/"]}]},{"@type":"BreadcrumbList","@id":"https:\/\/www.servais-vzw.org\/de\/cellist\/stradivarius\/#breadcrumb","itemListElement":[{"@type":"ListItem","position":1,"name":"Home","item":"https:\/\/www.servais-vzw.org\/de\/"},{"@type":"ListItem","position":2,"name":"Cellist","item":"https:\/\/www.servais-vzw.org\/de\/cellist\/"},{"@type":"ListItem","position":3,"name":"Servais Stradivari"}]},{"@type":"WebSite","@id":"https:\/\/www.servais-vzw.org\/en\/#website","url":"https:\/\/www.servais-vzw.org\/en\/","name":"Fran\u00e7ois Servais","description":"","potentialAction":[{"@type":"SearchAction","target":{"@type":"EntryPoint","urlTemplate":"https:\/\/www.servais-vzw.org\/en\/?s={search_term_string}"},"query-input":{"@type":"PropertyValueSpecification","valueRequired":true,"valueName":"search_term_string"}}],"inLanguage":"de"}]}},"_links":{"self":[{"href":"https:\/\/www.servais-vzw.org\/de\/wp-json\/wp\/v2\/pages\/2024","targetHints":{"allow":["GET"]}}],"collection":[{"href":"https:\/\/www.servais-vzw.org\/de\/wp-json\/wp\/v2\/pages"}],"about":[{"href":"https:\/\/www.servais-vzw.org\/de\/wp-json\/wp\/v2\/types\/page"}],"author":[{"embeddable":true,"href":"https:\/\/www.servais-vzw.org\/de\/wp-json\/wp\/v2\/users\/1"}],"replies":[{"embeddable":true,"href":"https:\/\/www.servais-vzw.org\/de\/wp-json\/wp\/v2\/comments?post=2024"}],"version-history":[{"count":3,"href":"https:\/\/www.servais-vzw.org\/de\/wp-json\/wp\/v2\/pages\/2024\/revisions"}],"predecessor-version":[{"id":2868,"href":"https:\/\/www.servais-vzw.org\/de\/wp-json\/wp\/v2\/pages\/2024\/revisions\/2868"}],"up":[{"embeddable":true,"href":"https:\/\/www.servais-vzw.org\/de\/wp-json\/wp\/v2\/pages\/2012"}],"wp:attachment":[{"href":"https:\/\/www.servais-vzw.org\/de\/wp-json\/wp\/v2\/media?parent=2024"}],"curies":[{"name":"wp","href":"https:\/\/api.w.org\/{rel}","templated":true}]}}