{"id":2028,"date":"2016-08-31T16:36:14","date_gmt":"2016-08-31T16:36:14","guid":{"rendered":"http:\/\/www.servais-vzw.org\/de\/cyprien-godebski\/"},"modified":"2016-09-11T15:21:40","modified_gmt":"2016-09-11T15:21:40","slug":"cyprien-godebski","status":"publish","type":"page","link":"https:\/\/www.servais-vzw.org\/de\/familie\/cyprien-godebski\/","title":{"rendered":"Cyprien Godebski"},"content":{"rendered":"<div class=\"wpb-content-wrapper\">[vc_row padding_top=&#8220;0px&#8220; padding_bottom=&#8220;0px&#8220;][vc_column fade_animation_offset=&#8220;45px&#8220; width=&#8220;1\/4&#8243;]<div id=\"attachment_1060\" style=\"width: 215px\" class=\"wp-caption alignleft\"><img loading=\"lazy\" decoding=\"async\" aria-describedby=\"caption-attachment-1060\" class=\"wp-image-1060 size-medium\" src=\"http:\/\/www.servais-vzw.org\/wp-content\/uploads\/2015\/12\/Godebski-Cyprien-en-de-Coster-Raymond-205x300.jpg\" alt=\"Godebski Cyprien en de Coster Raymond\" width=\"205\" height=\"300\" srcset=\"https:\/\/www.servais-vzw.org\/wp-content\/uploads\/2015\/12\/Godebski-Cyprien-en-de-Coster-Raymond-205x300.jpg 205w, https:\/\/www.servais-vzw.org\/wp-content\/uploads\/2015\/12\/Godebski-Cyprien-en-de-Coster-Raymond-700x1024.jpg 700w, https:\/\/www.servais-vzw.org\/wp-content\/uploads\/2015\/12\/Godebski-Cyprien-en-de-Coster-Raymond-100x146.jpg 100w, https:\/\/www.servais-vzw.org\/wp-content\/uploads\/2015\/12\/Godebski-Cyprien-en-de-Coster-Raymond-862x1261.jpg 862w, https:\/\/www.servais-vzw.org\/wp-content\/uploads\/2015\/12\/Godebski-Cyprien-en-de-Coster-Raymond-980x1434.jpg 980w\" sizes=\"auto, (max-width: 205px) 100vw, 205px\" \/><p id=\"caption-attachment-1060\" class=\"wp-caption-text\">Cyprien Godebski en Raymond de Coster<\/p><\/div>\n[\/vc_column][vc_column fade_animation_offset=&#8220;45px&#8220; width=&#8220;3\/4&#8243;]<p>\u00b0M\u00e9ry-sur-Cher, 30. Oktober 1835 &#8211; \u2020Paris, 25. November 1909<\/p>\n<p><em>Servais\u2019 Schwiegersohn <\/em><\/p>\n<div>\n<p>Cyprien Godebski wurde 1835 geboren. Sein Vader, Xavier Godebski war polnischer Schriftsteller und seine Gro\u00dfmutter m\u00fctterlicherseits war Belgierin. Godebski machte seine Ausbildung beim Pariser Bildhauer Fran\u00e7ois Jouffroy. Er stellte zum ersten Mal aus auf dem Salon in Paris in 1857. Bis 1896 war er regelm\u00e4\u00dfig mit seinen Werken auf dem Salon vertreten.<\/p>\n<p>Godebski war Dozent an der Kunstakademie in Sankt-Petersburg. Seine Werke sind \u00fcber die ganze Welt verbreitet; man findet sie in Russland, Ungarn, Monaco und Peru.<br \/>\nIn Belgien wurde er 1865 Ritter des Leopoldsordens. Godebski war mit vielen K\u00fcnstlern befreundet, u.a. mit den Musikern Franz Liszt, Gioacchino Rossini und Gabriel Faur\u00e9. Die letzten Jahre seines Lebens verbrachte er in Paris, wo er 1909 starb.<\/p>\n<\/div>\n<hr class=\"clear\" \/>\n<p>Godebski heiratete Servais\u2019 \u00e4lteste Tochter, Sophie 1865 in Halle (Belgien). Das Ehepaar bekam drei Kinder: Franz, Ernest und Misia. Franz Godebski wurde Geiger. Ernest kam als Soldat in Vietnam ums Leben und Misia wurde eine f\u00fchrende Pers\u00f6nlichkeit in der Pariser K\u00fcnstlerwelt.<\/p>\n<p>Nach dem Tod von Sophie heiratete Cyprien Godebski Mathylda de la Frenaye. Ihr Sohn, Cipa, war mit Maurice Ravel befreundet. Nach dem Tod von Mathylde heiratete er die Markgr\u00e4fin de Ganvelle.<\/p>\n<p><strong>Selektive Liste seiner Werke:<\/strong>:<\/p>\n<ul>\n<li>Basrelief G. Rossini, Villa Servais, Halle (Belgien) (ca.1865)<\/li>\n<li>Monument Fran\u00e7ois Servais, Cellist und Komponist, Gro\u00dfer Markt Halle (Belgien) (1869)<\/li>\n<li>Figuren \u201cDie Wahrheit\u201d und die \u201cGerechtigkeit\u201d, Historisches Rathaus Halle (Belgien) (ca. 1870)<\/li>\n<li>Medaillon Hector Berlioz, f\u00fcr dessen Grab auf dem Friedhof von Montmartre in Paris (1884)<\/li>\n<li>B\u00fcste Fran\u00e7ois Servais, Henri Vieuxtemps und Francois-Auguste Gevaert, K\u00f6nigliches. Konservatorium Br\u00fcssel<\/li>\n<li>Monument Nicolaus Fredos, Polnischer Kom\u00f6dienschriftsteller, Krakau<\/li>\n<li>Monument Nicolaus Coupernicus, Krakau<\/li>\n<li>Figur \u201cLa Muse Calliope\u201c, Grabmonument von Th\u00e9ophile Gauthier, auf dem Friedhof von Montmartre in Paris<\/li>\n<li>Figur \u201cLa Force brutale \u00e9touffant le G\u00e9nie\u201d, Toulon (ca. 1888)<\/li>\n<li>Monument Adam Mickiewicz, Polnischer Dichter, Warschau (1898)<\/li>\n<li>Monument \u201cNotre-Dame-des-Naufrag\u00e9s\u201d, Point-du-Raz (1904)<\/li>\n<\/ul>\n<p>Bibliografie: sehe Pagina &#8218;Forschung&#8216; &#8211; Publikationen<\/p>\n[vc_row_inner padding_top=&#8220;0px&#8220; padding_bottom=&#8220;0px&#8220; bg_video=&#8220;&#8220; class=&#8220;family-images&#8220; style=&#8220;&#8220;][vc_column_inner fade_animation_offset=&#8220;45px&#8220; width=&#8220;1\/1&#8243;]<div id=\"attachment_1003\" style=\"width: 211px\" class=\"wp-caption alignleft\"><a href=\"http:\/\/www.servais-vzw.org\/wp-content\/uploads\/2015\/12\/Godebski5-BL693-40.jpg\"><img loading=\"lazy\" decoding=\"async\" aria-describedby=\"caption-attachment-1003\" class=\"wp-image-1003 size-medium\" src=\"http:\/\/www.servais-vzw.org\/wp-content\/uploads\/2015\/12\/Godebski5-BL693-40-201x300.jpg\" alt=\"Godebski5 - BL693-40\" width=\"201\" height=\"300\" srcset=\"https:\/\/www.servais-vzw.org\/wp-content\/uploads\/2015\/12\/Godebski5-BL693-40-201x300.jpg 201w, https:\/\/www.servais-vzw.org\/wp-content\/uploads\/2015\/12\/Godebski5-BL693-40-100x149.jpg 100w, https:\/\/www.servais-vzw.org\/wp-content\/uploads\/2015\/12\/Godebski5-BL693-40.jpg 537w\" sizes=\"auto, (max-width: 201px) 100vw, 201px\" \/><\/a><p id=\"caption-attachment-1003\" class=\"wp-caption-text\">La Force Brutale Etouffant le G\u00e9nie\u00a0(ansichtkaart Servais Collection Halle)<\/p><\/div><br \/>\n<div id=\"attachment_1004\" style=\"width: 179px\" class=\"wp-caption alignleft\"><a href=\"http:\/\/www.servais-vzw.org\/wp-content\/uploads\/2015\/12\/Godebski6-mieckiwicz.jpg\"><img loading=\"lazy\" decoding=\"async\" aria-describedby=\"caption-attachment-1004\" class=\"wp-image-1004 size-medium\" src=\"http:\/\/www.servais-vzw.org\/wp-content\/uploads\/2015\/12\/Godebski6-mieckiwicz-169x300.jpg\" alt=\"Godebski6 - mieckiwicz\" width=\"169\" height=\"300\" srcset=\"https:\/\/www.servais-vzw.org\/wp-content\/uploads\/2015\/12\/Godebski6-mieckiwicz-169x300.jpg 169w, https:\/\/www.servais-vzw.org\/wp-content\/uploads\/2015\/12\/Godebski6-mieckiwicz-100x178.jpg 100w, https:\/\/www.servais-vzw.org\/wp-content\/uploads\/2015\/12\/Godebski6-mieckiwicz.jpg 225w\" sizes=\"auto, (max-width: 169px) 100vw, 169px\" \/><\/a><p id=\"caption-attachment-1004\" class=\"wp-caption-text\">Standbeeld Adam Mickiewitz &#8211; Warschau (foto Servais Collection Halle)<\/p><\/div><br \/>\n<div id=\"attachment_1002\" style=\"width: 199px\" class=\"wp-caption alignleft\"><a href=\"http:\/\/www.servais-vzw.org\/wp-content\/uploads\/2015\/12\/Godebski4-BL693-34.jpg\"><img loading=\"lazy\" decoding=\"async\" aria-describedby=\"caption-attachment-1002\" class=\"wp-image-1002 size-medium\" src=\"http:\/\/www.servais-vzw.org\/wp-content\/uploads\/2015\/12\/Godebski4-BL693-34-189x300.jpg\" alt=\"Godebski4 - BL693-34\" width=\"189\" height=\"300\" srcset=\"https:\/\/www.servais-vzw.org\/wp-content\/uploads\/2015\/12\/Godebski4-BL693-34-189x300.jpg 189w, https:\/\/www.servais-vzw.org\/wp-content\/uploads\/2015\/12\/Godebski4-BL693-34-100x158.jpg 100w, https:\/\/www.servais-vzw.org\/wp-content\/uploads\/2015\/12\/Godebski4-BL693-34.jpg 505w\" sizes=\"auto, (max-width: 189px) 100vw, 189px\" \/><\/a><p id=\"caption-attachment-1002\" class=\"wp-caption-text\">Tombe Th\u00e9ophile Gautier (ansichtkaart Servais Collection Halle)<\/p><\/div>\n[\/vc_column_inner][\/vc_row_inner][vc_row_inner padding_top=&#8220;0px&#8220; padding_bottom=&#8220;0px&#8220; bg_video=&#8220;&#8220; class=&#8220;family-images&#8220; style=&#8220;&#8220;][vc_column_inner fade_animation_offset=&#8220;45px&#8220; width=&#8220;1\/1&#8243;]<div id=\"attachment_1000\" style=\"width: 217px\" class=\"wp-caption alignleft\"><a href=\"http:\/\/www.servais-vzw.org\/wp-content\/uploads\/2015\/12\/Godebski2-franz-liszt-a-paris.jpg\"><img loading=\"lazy\" decoding=\"async\" aria-describedby=\"caption-attachment-1000\" class=\"wp-image-1000 size-medium\" src=\"http:\/\/www.servais-vzw.org\/wp-content\/uploads\/2015\/12\/Godebski2-franz-liszt-a-paris-207x300.jpg\" alt=\"Godebski2 -franz liszt a paris\" width=\"207\" height=\"300\" srcset=\"https:\/\/www.servais-vzw.org\/wp-content\/uploads\/2015\/12\/Godebski2-franz-liszt-a-paris-207x300.jpg 207w, https:\/\/www.servais-vzw.org\/wp-content\/uploads\/2015\/12\/Godebski2-franz-liszt-a-paris-100x145.jpg 100w, https:\/\/www.servais-vzw.org\/wp-content\/uploads\/2015\/12\/Godebski2-franz-liszt-a-paris.jpg 553w\" sizes=\"auto, (max-width: 207px) 100vw, 207px\" \/><\/a><p id=\"caption-attachment-1000\" class=\"wp-caption-text\">Franz Liszt in het atelier van Godebski in Parijs (c) Servais Collection Halle<\/p><\/div><br \/>\n<div id=\"attachment_1001\" style=\"width: 205px\" class=\"wp-caption alignleft\"><a href=\"http:\/\/www.servais-vzw.org\/wp-content\/uploads\/2015\/12\/Godebski3-la-force-brutale-Godebski.jpg\"><img loading=\"lazy\" decoding=\"async\" aria-describedby=\"caption-attachment-1001\" class=\"wp-image-1001 size-medium\" src=\"http:\/\/www.servais-vzw.org\/wp-content\/uploads\/2015\/12\/Godebski3-la-force-brutale-Godebski-195x300.jpg\" alt=\"Godebski3 - la force brutale Godebski\" width=\"195\" height=\"300\" srcset=\"https:\/\/www.servais-vzw.org\/wp-content\/uploads\/2015\/12\/Godebski3-la-force-brutale-Godebski-195x300.jpg 195w, https:\/\/www.servais-vzw.org\/wp-content\/uploads\/2015\/12\/Godebski3-la-force-brutale-Godebski-100x154.jpg 100w, https:\/\/www.servais-vzw.org\/wp-content\/uploads\/2015\/12\/Godebski3-la-force-brutale-Godebski.jpg 519w\" sizes=\"auto, (max-width: 195px) 100vw, 195px\" \/><\/a><p id=\"caption-attachment-1001\" class=\"wp-caption-text\">Tekening van La Force brutale \u00e9touffant le G\u00e9nie (c) Servais Collection Halle<\/p><\/div>\n[\/vc_column_inner][\/vc_row_inner][\/vc_column][\/vc_row]\n<\/div>","protected":false},"excerpt":{"rendered":"<p>[vc_row padding_top=&#8220;0px&#8220; padding_bottom=&#8220;0px&#8220;][vc_column fade_animation_offset=&#8220;45px&#8220; width=&#8220;1\/4&#8243;][\/vc_column][vc_column fade_animation_offset=&#8220;45px&#8220; width=&#8220;3\/4&#8243;][vc_row_inner padding_top=&#8220;0px&#8220; padding_bottom=&#8220;0px&#8220; bg_video=&#8220;&#8220; class=&#8220;family-images&#8220; style=&#8220;&#8220;][vc_column_inner fade_animation_offset=&#8220;45px&#8220; width=&#8220;1\/1&#8243;][\/vc_column_inner][\/vc_row_inner][vc_row_inner padding_top=&#8220;0px&#8220; padding_bottom=&#8220;0px&#8220; bg_video=&#8220;&#8220; class=&#8220;family-images&#8220; style=&#8220;&#8220;][vc_column_inner fade_animation_offset=&#8220;45px&#8220; width=&#8220;1\/1&#8243;][\/vc_column_inner][\/vc_row_inner][\/vc_column][\/vc_row]<\/p>\n","protected":false},"author":1,"featured_media":0,"parent":2026,"menu_order":0,"comment_status":"closed","ping_status":"closed","template":"template-layout-full-width.php","meta":{"om_disable_all_campaigns":false,"rs_blank_template":"","rs_page_bg_color":"","slide_template_v7":"","_uf_show_specific_survey":0,"_uf_disable_surveys":false,"footnotes":""},"class_list":["post-2028","page","type-page","status-publish","hentry","no-post-thumbnail"],"yoast_head":"<!-- This site is optimized with the Yoast SEO plugin v27.2 - https:\/\/yoast.com\/product\/yoast-seo-wordpress\/ -->\n<title>Cyprien Godebski - Fran\u00e7ois Servais<\/title>\n<meta name=\"robots\" content=\"index, follow, max-snippet:-1, max-image-preview:large, max-video-preview:-1\" \/>\n<link rel=\"canonical\" href=\"http:\/\/www.servais-vzw.org\/de\/familie\/cyprien-godebski\/\" \/>\n<meta property=\"og:locale\" content=\"de_DE\" \/>\n<meta property=\"og:type\" content=\"article\" \/>\n<meta property=\"og:title\" content=\"Cyprien Godebski - Fran\u00e7ois Servais\" \/>\n<meta property=\"og:description\" content=\"[vc_row padding_top=&#8220;0px&#8220; padding_bottom=&#8220;0px&#8220;][vc_column fade_animation_offset=&#8220;45px&#8220; width=&#8220;1\/4&#8243;][\/vc_column][vc_column fade_animation_offset=&#8220;45px&#8220; width=&#8220;3\/4&#8243;][vc_row_inner padding_top=&#8220;0px&#8220; padding_bottom=&#8220;0px&#8220; bg_video=&#8220;&#8220; class=&#8220;family-images&#8220; style=&#8220;&#8220;][vc_column_inner fade_animation_offset=&#8220;45px&#8220; width=&#8220;1\/1&#8243;][\/vc_column_inner][\/vc_row_inner][vc_row_inner padding_top=&#8220;0px&#8220; padding_bottom=&#8220;0px&#8220; bg_video=&#8220;&#8220; class=&#8220;family-images&#8220; style=&#8220;&#8220;][vc_column_inner fade_animation_offset=&#8220;45px&#8220; width=&#8220;1\/1&#8243;][\/vc_column_inner][\/vc_row_inner][\/vc_column][\/vc_row]\" \/>\n<meta property=\"og:url\" content=\"http:\/\/www.servais-vzw.org\/de\/familie\/cyprien-godebski\/\" \/>\n<meta property=\"og:site_name\" content=\"Fran\u00e7ois Servais\" \/>\n<meta property=\"article:modified_time\" content=\"2016-09-11T15:21:40+00:00\" \/>\n<meta property=\"og:image\" content=\"https:\/\/www.servais-vzw.org\/wp-content\/uploads\/2015\/12\/Godebski-Cyprien-en-de-Coster-Raymond-700x1024.jpg\" \/>\n\t<meta property=\"og:image:width\" content=\"700\" \/>\n\t<meta property=\"og:image:height\" content=\"1024\" \/>\n\t<meta property=\"og:image:type\" content=\"image\/jpeg\" \/>\n<meta name=\"twitter:card\" content=\"summary_large_image\" \/>\n<meta name=\"twitter:label1\" content=\"Gesch\u00e4tzte Lesezeit\" \/>\n\t<meta name=\"twitter:data1\" content=\"3\u00a0Minuten\" \/>\n<script type=\"application\/ld+json\" class=\"yoast-schema-graph\">{\"@context\":\"https:\/\/schema.org\",\"@graph\":[{\"@type\":\"WebPage\",\"@id\":\"http:\/\/www.servais-vzw.org\/de\/familie\/cyprien-godebski\/\",\"url\":\"http:\/\/www.servais-vzw.org\/de\/familie\/cyprien-godebski\/\",\"name\":\"Cyprien Godebski - Fran\u00e7ois Servais\",\"isPartOf\":{\"@id\":\"https:\/\/www.servais-vzw.org\/en\/#website\"},\"primaryImageOfPage\":{\"@id\":\"http:\/\/www.servais-vzw.org\/de\/familie\/cyprien-godebski\/#primaryimage\"},\"image\":{\"@id\":\"http:\/\/www.servais-vzw.org\/de\/familie\/cyprien-godebski\/#primaryimage\"},\"thumbnailUrl\":\"http:\/\/www.servais-vzw.org\/wp-content\/uploads\/2015\/12\/Godebski-Cyprien-en-de-Coster-Raymond-205x300.jpg\",\"datePublished\":\"2016-08-31T16:36:14+00:00\",\"dateModified\":\"2016-09-11T15:21:40+00:00\",\"breadcrumb\":{\"@id\":\"http:\/\/www.servais-vzw.org\/de\/familie\/cyprien-godebski\/#breadcrumb\"},\"inLanguage\":\"de\",\"potentialAction\":[{\"@type\":\"ReadAction\",\"target\":[\"http:\/\/www.servais-vzw.org\/de\/familie\/cyprien-godebski\/\"]}]},{\"@type\":\"ImageObject\",\"inLanguage\":\"de\",\"@id\":\"http:\/\/www.servais-vzw.org\/de\/familie\/cyprien-godebski\/#primaryimage\",\"url\":\"http:\/\/www.servais-vzw.org\/wp-content\/uploads\/2015\/12\/Godebski-Cyprien-en-de-Coster-Raymond-205x300.jpg\",\"contentUrl\":\"http:\/\/www.servais-vzw.org\/wp-content\/uploads\/2015\/12\/Godebski-Cyprien-en-de-Coster-Raymond-205x300.jpg\"},{\"@type\":\"BreadcrumbList\",\"@id\":\"http:\/\/www.servais-vzw.org\/de\/familie\/cyprien-godebski\/#breadcrumb\",\"itemListElement\":[{\"@type\":\"ListItem\",\"position\":1,\"name\":\"Home\",\"item\":\"https:\/\/www.servais-vzw.org\/de\/\"},{\"@type\":\"ListItem\",\"position\":2,\"name\":\"Familie\",\"item\":\"https:\/\/www.servais-vzw.org\/de\/familie\/\"},{\"@type\":\"ListItem\",\"position\":3,\"name\":\"Cyprien Godebski\"}]},{\"@type\":\"WebSite\",\"@id\":\"https:\/\/www.servais-vzw.org\/en\/#website\",\"url\":\"https:\/\/www.servais-vzw.org\/en\/\",\"name\":\"Fran\u00e7ois Servais\",\"description\":\"\",\"potentialAction\":[{\"@type\":\"SearchAction\",\"target\":{\"@type\":\"EntryPoint\",\"urlTemplate\":\"https:\/\/www.servais-vzw.org\/en\/?s={search_term_string}\"},\"query-input\":{\"@type\":\"PropertyValueSpecification\",\"valueRequired\":true,\"valueName\":\"search_term_string\"}}],\"inLanguage\":\"de\"}]}<\/script>\n<!-- \/ Yoast SEO plugin. -->","yoast_head_json":{"title":"Cyprien Godebski - Fran\u00e7ois Servais","robots":{"index":"index","follow":"follow","max-snippet":"max-snippet:-1","max-image-preview":"max-image-preview:large","max-video-preview":"max-video-preview:-1"},"canonical":"http:\/\/www.servais-vzw.org\/de\/familie\/cyprien-godebski\/","og_locale":"de_DE","og_type":"article","og_title":"Cyprien Godebski - Fran\u00e7ois Servais","og_description":"[vc_row padding_top=&#8220;0px&#8220; padding_bottom=&#8220;0px&#8220;][vc_column fade_animation_offset=&#8220;45px&#8220; width=&#8220;1\/4&#8243;][\/vc_column][vc_column fade_animation_offset=&#8220;45px&#8220; width=&#8220;3\/4&#8243;][vc_row_inner padding_top=&#8220;0px&#8220; padding_bottom=&#8220;0px&#8220; bg_video=&#8220;&#8220; class=&#8220;family-images&#8220; style=&#8220;&#8220;][vc_column_inner fade_animation_offset=&#8220;45px&#8220; width=&#8220;1\/1&#8243;][\/vc_column_inner][\/vc_row_inner][vc_row_inner padding_top=&#8220;0px&#8220; padding_bottom=&#8220;0px&#8220; bg_video=&#8220;&#8220; class=&#8220;family-images&#8220; style=&#8220;&#8220;][vc_column_inner fade_animation_offset=&#8220;45px&#8220; width=&#8220;1\/1&#8243;][\/vc_column_inner][\/vc_row_inner][\/vc_column][\/vc_row]","og_url":"http:\/\/www.servais-vzw.org\/de\/familie\/cyprien-godebski\/","og_site_name":"Fran\u00e7ois Servais","article_modified_time":"2016-09-11T15:21:40+00:00","og_image":[{"width":700,"height":1024,"url":"https:\/\/www.servais-vzw.org\/wp-content\/uploads\/2015\/12\/Godebski-Cyprien-en-de-Coster-Raymond-700x1024.jpg","type":"image\/jpeg"}],"twitter_card":"summary_large_image","twitter_misc":{"Gesch\u00e4tzte Lesezeit":"3\u00a0Minuten"},"schema":{"@context":"https:\/\/schema.org","@graph":[{"@type":"WebPage","@id":"http:\/\/www.servais-vzw.org\/de\/familie\/cyprien-godebski\/","url":"http:\/\/www.servais-vzw.org\/de\/familie\/cyprien-godebski\/","name":"Cyprien Godebski - Fran\u00e7ois Servais","isPartOf":{"@id":"https:\/\/www.servais-vzw.org\/en\/#website"},"primaryImageOfPage":{"@id":"http:\/\/www.servais-vzw.org\/de\/familie\/cyprien-godebski\/#primaryimage"},"image":{"@id":"http:\/\/www.servais-vzw.org\/de\/familie\/cyprien-godebski\/#primaryimage"},"thumbnailUrl":"http:\/\/www.servais-vzw.org\/wp-content\/uploads\/2015\/12\/Godebski-Cyprien-en-de-Coster-Raymond-205x300.jpg","datePublished":"2016-08-31T16:36:14+00:00","dateModified":"2016-09-11T15:21:40+00:00","breadcrumb":{"@id":"http:\/\/www.servais-vzw.org\/de\/familie\/cyprien-godebski\/#breadcrumb"},"inLanguage":"de","potentialAction":[{"@type":"ReadAction","target":["http:\/\/www.servais-vzw.org\/de\/familie\/cyprien-godebski\/"]}]},{"@type":"ImageObject","inLanguage":"de","@id":"http:\/\/www.servais-vzw.org\/de\/familie\/cyprien-godebski\/#primaryimage","url":"http:\/\/www.servais-vzw.org\/wp-content\/uploads\/2015\/12\/Godebski-Cyprien-en-de-Coster-Raymond-205x300.jpg","contentUrl":"http:\/\/www.servais-vzw.org\/wp-content\/uploads\/2015\/12\/Godebski-Cyprien-en-de-Coster-Raymond-205x300.jpg"},{"@type":"BreadcrumbList","@id":"http:\/\/www.servais-vzw.org\/de\/familie\/cyprien-godebski\/#breadcrumb","itemListElement":[{"@type":"ListItem","position":1,"name":"Home","item":"https:\/\/www.servais-vzw.org\/de\/"},{"@type":"ListItem","position":2,"name":"Familie","item":"https:\/\/www.servais-vzw.org\/de\/familie\/"},{"@type":"ListItem","position":3,"name":"Cyprien Godebski"}]},{"@type":"WebSite","@id":"https:\/\/www.servais-vzw.org\/en\/#website","url":"https:\/\/www.servais-vzw.org\/en\/","name":"Fran\u00e7ois Servais","description":"","potentialAction":[{"@type":"SearchAction","target":{"@type":"EntryPoint","urlTemplate":"https:\/\/www.servais-vzw.org\/en\/?s={search_term_string}"},"query-input":{"@type":"PropertyValueSpecification","valueRequired":true,"valueName":"search_term_string"}}],"inLanguage":"de"}]}},"_links":{"self":[{"href":"https:\/\/www.servais-vzw.org\/de\/wp-json\/wp\/v2\/pages\/2028","targetHints":{"allow":["GET"]}}],"collection":[{"href":"https:\/\/www.servais-vzw.org\/de\/wp-json\/wp\/v2\/pages"}],"about":[{"href":"https:\/\/www.servais-vzw.org\/de\/wp-json\/wp\/v2\/types\/page"}],"author":[{"embeddable":true,"href":"https:\/\/www.servais-vzw.org\/de\/wp-json\/wp\/v2\/users\/1"}],"replies":[{"embeddable":true,"href":"https:\/\/www.servais-vzw.org\/de\/wp-json\/wp\/v2\/comments?post=2028"}],"version-history":[{"count":4,"href":"https:\/\/www.servais-vzw.org\/de\/wp-json\/wp\/v2\/pages\/2028\/revisions"}],"predecessor-version":[{"id":2820,"href":"https:\/\/www.servais-vzw.org\/de\/wp-json\/wp\/v2\/pages\/2028\/revisions\/2820"}],"up":[{"embeddable":true,"href":"https:\/\/www.servais-vzw.org\/de\/wp-json\/wp\/v2\/pages\/2026"}],"wp:attachment":[{"href":"https:\/\/www.servais-vzw.org\/de\/wp-json\/wp\/v2\/media?parent=2028"}],"curies":[{"name":"wp","href":"https:\/\/api.w.org\/{rel}","templated":true}]}}