{"id":2030,"date":"2016-08-31T16:36:19","date_gmt":"2016-08-31T16:36:19","guid":{"rendered":"http:\/\/www.servais-vzw.org\/de\/ernest-van-dyck\/"},"modified":"2016-09-11T15:24:54","modified_gmt":"2016-09-11T15:24:54","slug":"ernest-van-dyck","status":"publish","type":"page","link":"https:\/\/www.servais-vzw.org\/de\/familie\/ernest-van-dyck\/","title":{"rendered":"Ernest Van Dyck"},"content":{"rendered":"<div class=\"wpb-content-wrapper\">[vc_row padding_top=&#8220;0px&#8220; padding_bottom=&#8220;0px&#8220;][vc_column fade_animation_offset=&#8220;45px&#8220; width=&#8220;1\/4&#8243;]<div id=\"attachment_1016\" style=\"width: 193px\" class=\"wp-caption alignleft\"><a href=\"http:\/\/www.servais-vzw.org\/wp-content\/uploads\/2015\/12\/Van-Dyck5-BL693-59.jpg\"><img loading=\"lazy\" decoding=\"async\" aria-describedby=\"caption-attachment-1016\" class=\"size-medium wp-image-1016\" src=\"http:\/\/www.servais-vzw.org\/wp-content\/uploads\/2015\/12\/Van-Dyck5-BL693-59-183x300.jpg\" alt=\"hier komt een onderschrift\" width=\"183\" height=\"300\" srcset=\"https:\/\/www.servais-vzw.org\/wp-content\/uploads\/2015\/12\/Van-Dyck5-BL693-59-183x300.jpg 183w, https:\/\/www.servais-vzw.org\/wp-content\/uploads\/2015\/12\/Van-Dyck5-BL693-59-100x164.jpg 100w, https:\/\/www.servais-vzw.org\/wp-content\/uploads\/2015\/12\/Van-Dyck5-BL693-59.jpg 488w\" sizes=\"auto, (max-width: 183px) 100vw, 183px\" \/><\/a><p id=\"caption-attachment-1016\" class=\"wp-caption-text\">Ernest Van Dijck (c) Servais Collection Halle<\/p><\/div>\n[\/vc_column][vc_column fade_animation_offset=&#8220;45px&#8220; width=&#8220;3\/4&#8243;]<p>\u00b0Antwerpen 2. April 1861 &#8211; \u2020Berlaar 31. August 1923<br \/>\n<em>Servais\u2019 Schwiegersohn<\/em><\/p>\n<p>Ernest Van Dyck heiratete Servais\u2019 j\u00fcngste Tochter, Augusta. Dieser S\u00e4nger war drei\u00dfig Jahre lang ein namhafter Interpret von Wagneropern. Er trat auf in allen gro\u00dfen europ\u00e4ischen Opernh\u00e4usern, u. a. in Frankreich, England, Deutschland, den Niederlanden, Rum\u00e4nien, Monaco und Russland. Er unternahm vier Konzertreisen durch die USA.<\/p>\n<p>Publikationen \u00fcber Ernest Van Dyck: sehe Pagina &#8218;Forschung&#8216;- Publikationen.<\/p>\n<p>Ernest Van Dyck singt \u2018Dichterliebe &#8211; Ich grolle nicht\u2019 von Robert Schumann (Paris, 1904)<br \/>\n\u2018The Harold Wayne Collection.<br \/>\nVolume 21. The Paris Fonotipias\u2019<br \/>\nSymposium Records, North Norfolk,<br \/>\nSymposium 1172 (1993) www.symposiumrecords.co.uk<\/p>\n<div  class=\"x-audio player\" data-x-element-mejs=\"\" ><audio class=\"x-mejs\" preload=\"metadata\"><source src=\"http:\/\/www.servais-vzw.org\/wp-content\/uploads\/2015\/12\/van_dyck_dichterliebe.mp3\" type=\"audio\/mpeg\"><\/audio><\/div>[vc_row_inner padding_top=&#8220;0px&#8220; padding_bottom=&#8220;0px&#8220; bg_video=&#8220;&#8220; class=&#8220;family-images&#8220; style=&#8220;&#8220;][vc_column_inner fade_animation_offset=&#8220;45px&#8220; width=&#8220;1\/1&#8243;]<div id=\"attachment_1016\" style=\"width: 193px\" class=\"wp-caption alignleft\"><a href=\"http:\/\/www.servais-vzw.org\/wp-content\/uploads\/2015\/12\/Van-Dyck5-BL693-59.jpg\"><img loading=\"lazy\" decoding=\"async\" aria-describedby=\"caption-attachment-1016\" class=\"size-medium wp-image-1016\" src=\"http:\/\/www.servais-vzw.org\/wp-content\/uploads\/2015\/12\/Van-Dyck5-BL693-59-183x300.jpg\" alt=\"hier komt een onderschrift\" width=\"183\" height=\"300\" srcset=\"https:\/\/www.servais-vzw.org\/wp-content\/uploads\/2015\/12\/Van-Dyck5-BL693-59-183x300.jpg 183w, https:\/\/www.servais-vzw.org\/wp-content\/uploads\/2015\/12\/Van-Dyck5-BL693-59-100x164.jpg 100w, https:\/\/www.servais-vzw.org\/wp-content\/uploads\/2015\/12\/Van-Dyck5-BL693-59.jpg 488w\" sizes=\"auto, (max-width: 183px) 100vw, 183px\" \/><\/a><p id=\"caption-attachment-1016\" class=\"wp-caption-text\">(c) Servais Collection Halle<\/p><\/div><br \/>\n<div id=\"attachment_1015\" style=\"width: 244px\" class=\"wp-caption alignleft\"><a href=\"http:\/\/www.servais-vzw.org\/wp-content\/uploads\/2015\/12\/Van-Dyck4-BL693-17.jpg\"><img loading=\"lazy\" decoding=\"async\" aria-describedby=\"caption-attachment-1015\" class=\"size-medium wp-image-1015\" src=\"http:\/\/www.servais-vzw.org\/wp-content\/uploads\/2015\/12\/Van-Dyck4-BL693-17-234x300.jpg\" alt=\"hier komt een onderschrift\" width=\"234\" height=\"300\" srcset=\"https:\/\/www.servais-vzw.org\/wp-content\/uploads\/2015\/12\/Van-Dyck4-BL693-17-234x300.jpg 234w, https:\/\/www.servais-vzw.org\/wp-content\/uploads\/2015\/12\/Van-Dyck4-BL693-17-100x128.jpg 100w, https:\/\/www.servais-vzw.org\/wp-content\/uploads\/2015\/12\/Van-Dyck4-BL693-17.jpg 624w\" sizes=\"auto, (max-width: 234px) 100vw, 234px\" \/><\/a><p id=\"caption-attachment-1015\" class=\"wp-caption-text\">(c) Servais Collection Halle<\/p><\/div><br \/>\n<div id=\"attachment_1013\" style=\"width: 195px\" class=\"wp-caption alignleft\"><a href=\"http:\/\/www.servais-vzw.org\/wp-content\/uploads\/2015\/12\/Van-Dyck2-BL693-4.jpg\"><img loading=\"lazy\" decoding=\"async\" aria-describedby=\"caption-attachment-1013\" class=\"size-medium wp-image-1013\" src=\"http:\/\/www.servais-vzw.org\/wp-content\/uploads\/2015\/12\/Van-Dyck2-BL693-4-185x300.jpg\" alt=\"hier komt een onderschrift\" width=\"185\" height=\"300\" srcset=\"https:\/\/www.servais-vzw.org\/wp-content\/uploads\/2015\/12\/Van-Dyck2-BL693-4-185x300.jpg 185w, https:\/\/www.servais-vzw.org\/wp-content\/uploads\/2015\/12\/Van-Dyck2-BL693-4-100x162.jpg 100w, https:\/\/www.servais-vzw.org\/wp-content\/uploads\/2015\/12\/Van-Dyck2-BL693-4.jpg 493w\" sizes=\"auto, (max-width: 185px) 100vw, 185px\" \/><\/a><p id=\"caption-attachment-1013\" class=\"wp-caption-text\">Ernest Van Dijck in Parsifal van Wagner (c) Servais Collection Halle<\/p><\/div><br \/>\n<div id=\"attachment_1014\" style=\"width: 199px\" class=\"wp-caption alignleft\"><a href=\"http:\/\/www.servais-vzw.org\/wp-content\/uploads\/2015\/12\/Van-Dyck3-BL693-27.jpg\"><img loading=\"lazy\" decoding=\"async\" aria-describedby=\"caption-attachment-1014\" class=\"size-medium wp-image-1014\" src=\"http:\/\/www.servais-vzw.org\/wp-content\/uploads\/2015\/12\/Van-Dyck3-BL693-27-189x300.jpg\" alt=\"hier komt een onderschrift\" width=\"189\" height=\"300\" srcset=\"https:\/\/www.servais-vzw.org\/wp-content\/uploads\/2015\/12\/Van-Dyck3-BL693-27-189x300.jpg 189w, https:\/\/www.servais-vzw.org\/wp-content\/uploads\/2015\/12\/Van-Dyck3-BL693-27-100x159.jpg 100w, https:\/\/www.servais-vzw.org\/wp-content\/uploads\/2015\/12\/Van-Dyck3-BL693-27.jpg 504w\" sizes=\"auto, (max-width: 189px) 100vw, 189px\" \/><\/a><p id=\"caption-attachment-1014\" class=\"wp-caption-text\">(c) Servais Collection Halle<\/p><\/div>\n<p>&nbsp;<\/p>\n<div id=\"attachment_1012\" style=\"width: 202px\" class=\"wp-caption alignleft\"><a href=\"http:\/\/www.servais-vzw.org\/wp-content\/uploads\/2015\/12\/Van-Dyck1-BL693-42.jpg\"><img loading=\"lazy\" decoding=\"async\" aria-describedby=\"caption-attachment-1012\" class=\"size-medium wp-image-1012\" src=\"http:\/\/www.servais-vzw.org\/wp-content\/uploads\/2015\/12\/Van-Dyck1-BL693-42-192x300.jpg\" alt=\"hier komt een onderschrift\" width=\"192\" height=\"300\" srcset=\"https:\/\/www.servais-vzw.org\/wp-content\/uploads\/2015\/12\/Van-Dyck1-BL693-42-192x300.jpg 192w, https:\/\/www.servais-vzw.org\/wp-content\/uploads\/2015\/12\/Van-Dyck1-BL693-42-100x157.jpg 100w, https:\/\/www.servais-vzw.org\/wp-content\/uploads\/2015\/12\/Van-Dyck1-BL693-42.jpg 511w\" sizes=\"auto, (max-width: 192px) 100vw, 192px\" \/><\/a><p id=\"caption-attachment-1012\" class=\"wp-caption-text\">(c) Servais Collection Halle<\/p><\/div>\n[\/vc_column_inner][\/vc_row_inner][\/vc_column][\/vc_row]\n<\/div>","protected":false},"excerpt":{"rendered":"<p>[vc_row padding_top=&#8220;0px&#8220; padding_bottom=&#8220;0px&#8220;][vc_column fade_animation_offset=&#8220;45px&#8220; width=&#8220;1\/4&#8243;][\/vc_column][vc_column fade_animation_offset=&#8220;45px&#8220; width=&#8220;3\/4&#8243;][vc_row_inner padding_top=&#8220;0px&#8220; padding_bottom=&#8220;0px&#8220; bg_video=&#8220;&#8220; class=&#8220;family-images&#8220; style=&#8220;&#8220;][vc_column_inner fade_animation_offset=&#8220;45px&#8220; width=&#8220;1\/1&#8243;][\/vc_column_inner][\/vc_row_inner][\/vc_column][\/vc_row]<\/p>\n","protected":false},"author":1,"featured_media":0,"parent":2026,"menu_order":0,"comment_status":"closed","ping_status":"closed","template":"template-layout-full-width.php","meta":{"om_disable_all_campaigns":false,"rs_blank_template":"","rs_page_bg_color":"","slide_template_v7":"","_uf_show_specific_survey":0,"_uf_disable_surveys":false,"footnotes":""},"class_list":["post-2030","page","type-page","status-publish","hentry","no-post-thumbnail"],"yoast_head":"<!-- This site is optimized with the Yoast SEO plugin v27.2 - https:\/\/yoast.com\/product\/yoast-seo-wordpress\/ -->\n<title>Ernest Van Dyck - Fran\u00e7ois Servais<\/title>\n<meta name=\"robots\" content=\"index, follow, max-snippet:-1, max-image-preview:large, max-video-preview:-1\" \/>\n<link rel=\"canonical\" href=\"https:\/\/www.servais-vzw.org\/de\/familie\/ernest-van-dyck\/\" \/>\n<meta property=\"og:locale\" content=\"de_DE\" \/>\n<meta property=\"og:type\" content=\"article\" \/>\n<meta property=\"og:title\" content=\"Ernest Van Dyck - Fran\u00e7ois Servais\" \/>\n<meta property=\"og:description\" content=\"[vc_row padding_top=&#8220;0px&#8220; padding_bottom=&#8220;0px&#8220;][vc_column fade_animation_offset=&#8220;45px&#8220; width=&#8220;1\/4&#8243;][\/vc_column][vc_column fade_animation_offset=&#8220;45px&#8220; width=&#8220;3\/4&#8243;][vc_row_inner padding_top=&#8220;0px&#8220; padding_bottom=&#8220;0px&#8220; bg_video=&#8220;&#8220; class=&#8220;family-images&#8220; style=&#8220;&#8220;][vc_column_inner fade_animation_offset=&#8220;45px&#8220; width=&#8220;1\/1&#8243;][\/vc_column_inner][\/vc_row_inner][\/vc_column][\/vc_row]\" \/>\n<meta property=\"og:url\" content=\"https:\/\/www.servais-vzw.org\/de\/familie\/ernest-van-dyck\/\" \/>\n<meta property=\"og:site_name\" content=\"Fran\u00e7ois Servais\" \/>\n<meta property=\"article:modified_time\" content=\"2016-09-11T15:24:54+00:00\" \/>\n<meta property=\"og:image\" content=\"https:\/\/www.servais-vzw.org\/wp-content\/uploads\/2015\/12\/Van-Dyck5-BL693-59.jpg\" \/>\n\t<meta property=\"og:image:width\" content=\"488\" \/>\n\t<meta property=\"og:image:height\" content=\"800\" \/>\n\t<meta property=\"og:image:type\" content=\"image\/jpeg\" \/>\n<meta name=\"twitter:card\" content=\"summary_large_image\" \/>\n<meta name=\"twitter:label1\" content=\"Gesch\u00e4tzte Lesezeit\" \/>\n\t<meta name=\"twitter:data1\" content=\"1\u00a0Minute\" \/>\n<script type=\"application\/ld+json\" class=\"yoast-schema-graph\">{\"@context\":\"https:\/\/schema.org\",\"@graph\":[{\"@type\":\"WebPage\",\"@id\":\"https:\/\/www.servais-vzw.org\/de\/familie\/ernest-van-dyck\/\",\"url\":\"https:\/\/www.servais-vzw.org\/de\/familie\/ernest-van-dyck\/\",\"name\":\"Ernest Van Dyck - Fran\u00e7ois Servais\",\"isPartOf\":{\"@id\":\"https:\/\/www.servais-vzw.org\/en\/#website\"},\"primaryImageOfPage\":{\"@id\":\"https:\/\/www.servais-vzw.org\/de\/familie\/ernest-van-dyck\/#primaryimage\"},\"image\":{\"@id\":\"https:\/\/www.servais-vzw.org\/de\/familie\/ernest-van-dyck\/#primaryimage\"},\"thumbnailUrl\":\"http:\/\/www.servais-vzw.org\/wp-content\/uploads\/2015\/12\/Van-Dyck5-BL693-59-183x300.jpg\",\"datePublished\":\"2016-08-31T16:36:19+00:00\",\"dateModified\":\"2016-09-11T15:24:54+00:00\",\"breadcrumb\":{\"@id\":\"https:\/\/www.servais-vzw.org\/de\/familie\/ernest-van-dyck\/#breadcrumb\"},\"inLanguage\":\"de\",\"potentialAction\":[{\"@type\":\"ReadAction\",\"target\":[\"https:\/\/www.servais-vzw.org\/de\/familie\/ernest-van-dyck\/\"]}]},{\"@type\":\"ImageObject\",\"inLanguage\":\"de\",\"@id\":\"https:\/\/www.servais-vzw.org\/de\/familie\/ernest-van-dyck\/#primaryimage\",\"url\":\"http:\/\/www.servais-vzw.org\/wp-content\/uploads\/2015\/12\/Van-Dyck5-BL693-59-183x300.jpg\",\"contentUrl\":\"http:\/\/www.servais-vzw.org\/wp-content\/uploads\/2015\/12\/Van-Dyck5-BL693-59-183x300.jpg\"},{\"@type\":\"BreadcrumbList\",\"@id\":\"https:\/\/www.servais-vzw.org\/de\/familie\/ernest-van-dyck\/#breadcrumb\",\"itemListElement\":[{\"@type\":\"ListItem\",\"position\":1,\"name\":\"Home\",\"item\":\"https:\/\/www.servais-vzw.org\/de\/\"},{\"@type\":\"ListItem\",\"position\":2,\"name\":\"Familie\",\"item\":\"https:\/\/www.servais-vzw.org\/de\/familie\/\"},{\"@type\":\"ListItem\",\"position\":3,\"name\":\"Ernest Van Dyck\"}]},{\"@type\":\"WebSite\",\"@id\":\"https:\/\/www.servais-vzw.org\/en\/#website\",\"url\":\"https:\/\/www.servais-vzw.org\/en\/\",\"name\":\"Fran\u00e7ois Servais\",\"description\":\"\",\"potentialAction\":[{\"@type\":\"SearchAction\",\"target\":{\"@type\":\"EntryPoint\",\"urlTemplate\":\"https:\/\/www.servais-vzw.org\/en\/?s={search_term_string}\"},\"query-input\":{\"@type\":\"PropertyValueSpecification\",\"valueRequired\":true,\"valueName\":\"search_term_string\"}}],\"inLanguage\":\"de\"}]}<\/script>\n<!-- \/ Yoast SEO plugin. -->","yoast_head_json":{"title":"Ernest Van Dyck - Fran\u00e7ois Servais","robots":{"index":"index","follow":"follow","max-snippet":"max-snippet:-1","max-image-preview":"max-image-preview:large","max-video-preview":"max-video-preview:-1"},"canonical":"https:\/\/www.servais-vzw.org\/de\/familie\/ernest-van-dyck\/","og_locale":"de_DE","og_type":"article","og_title":"Ernest Van Dyck - Fran\u00e7ois Servais","og_description":"[vc_row padding_top=&#8220;0px&#8220; padding_bottom=&#8220;0px&#8220;][vc_column fade_animation_offset=&#8220;45px&#8220; width=&#8220;1\/4&#8243;][\/vc_column][vc_column fade_animation_offset=&#8220;45px&#8220; width=&#8220;3\/4&#8243;][vc_row_inner padding_top=&#8220;0px&#8220; padding_bottom=&#8220;0px&#8220; bg_video=&#8220;&#8220; class=&#8220;family-images&#8220; style=&#8220;&#8220;][vc_column_inner fade_animation_offset=&#8220;45px&#8220; width=&#8220;1\/1&#8243;][\/vc_column_inner][\/vc_row_inner][\/vc_column][\/vc_row]","og_url":"https:\/\/www.servais-vzw.org\/de\/familie\/ernest-van-dyck\/","og_site_name":"Fran\u00e7ois Servais","article_modified_time":"2016-09-11T15:24:54+00:00","og_image":[{"width":488,"height":800,"url":"https:\/\/www.servais-vzw.org\/wp-content\/uploads\/2015\/12\/Van-Dyck5-BL693-59.jpg","type":"image\/jpeg"}],"twitter_card":"summary_large_image","twitter_misc":{"Gesch\u00e4tzte Lesezeit":"1\u00a0Minute"},"schema":{"@context":"https:\/\/schema.org","@graph":[{"@type":"WebPage","@id":"https:\/\/www.servais-vzw.org\/de\/familie\/ernest-van-dyck\/","url":"https:\/\/www.servais-vzw.org\/de\/familie\/ernest-van-dyck\/","name":"Ernest Van Dyck - Fran\u00e7ois Servais","isPartOf":{"@id":"https:\/\/www.servais-vzw.org\/en\/#website"},"primaryImageOfPage":{"@id":"https:\/\/www.servais-vzw.org\/de\/familie\/ernest-van-dyck\/#primaryimage"},"image":{"@id":"https:\/\/www.servais-vzw.org\/de\/familie\/ernest-van-dyck\/#primaryimage"},"thumbnailUrl":"http:\/\/www.servais-vzw.org\/wp-content\/uploads\/2015\/12\/Van-Dyck5-BL693-59-183x300.jpg","datePublished":"2016-08-31T16:36:19+00:00","dateModified":"2016-09-11T15:24:54+00:00","breadcrumb":{"@id":"https:\/\/www.servais-vzw.org\/de\/familie\/ernest-van-dyck\/#breadcrumb"},"inLanguage":"de","potentialAction":[{"@type":"ReadAction","target":["https:\/\/www.servais-vzw.org\/de\/familie\/ernest-van-dyck\/"]}]},{"@type":"ImageObject","inLanguage":"de","@id":"https:\/\/www.servais-vzw.org\/de\/familie\/ernest-van-dyck\/#primaryimage","url":"http:\/\/www.servais-vzw.org\/wp-content\/uploads\/2015\/12\/Van-Dyck5-BL693-59-183x300.jpg","contentUrl":"http:\/\/www.servais-vzw.org\/wp-content\/uploads\/2015\/12\/Van-Dyck5-BL693-59-183x300.jpg"},{"@type":"BreadcrumbList","@id":"https:\/\/www.servais-vzw.org\/de\/familie\/ernest-van-dyck\/#breadcrumb","itemListElement":[{"@type":"ListItem","position":1,"name":"Home","item":"https:\/\/www.servais-vzw.org\/de\/"},{"@type":"ListItem","position":2,"name":"Familie","item":"https:\/\/www.servais-vzw.org\/de\/familie\/"},{"@type":"ListItem","position":3,"name":"Ernest Van Dyck"}]},{"@type":"WebSite","@id":"https:\/\/www.servais-vzw.org\/en\/#website","url":"https:\/\/www.servais-vzw.org\/en\/","name":"Fran\u00e7ois Servais","description":"","potentialAction":[{"@type":"SearchAction","target":{"@type":"EntryPoint","urlTemplate":"https:\/\/www.servais-vzw.org\/en\/?s={search_term_string}"},"query-input":{"@type":"PropertyValueSpecification","valueRequired":true,"valueName":"search_term_string"}}],"inLanguage":"de"}]}},"_links":{"self":[{"href":"https:\/\/www.servais-vzw.org\/de\/wp-json\/wp\/v2\/pages\/2030","targetHints":{"allow":["GET"]}}],"collection":[{"href":"https:\/\/www.servais-vzw.org\/de\/wp-json\/wp\/v2\/pages"}],"about":[{"href":"https:\/\/www.servais-vzw.org\/de\/wp-json\/wp\/v2\/types\/page"}],"author":[{"embeddable":true,"href":"https:\/\/www.servais-vzw.org\/de\/wp-json\/wp\/v2\/users\/1"}],"replies":[{"embeddable":true,"href":"https:\/\/www.servais-vzw.org\/de\/wp-json\/wp\/v2\/comments?post=2030"}],"version-history":[{"count":2,"href":"https:\/\/www.servais-vzw.org\/de\/wp-json\/wp\/v2\/pages\/2030\/revisions"}],"predecessor-version":[{"id":2821,"href":"https:\/\/www.servais-vzw.org\/de\/wp-json\/wp\/v2\/pages\/2030\/revisions\/2821"}],"up":[{"embeddable":true,"href":"https:\/\/www.servais-vzw.org\/de\/wp-json\/wp\/v2\/pages\/2026"}],"wp:attachment":[{"href":"https:\/\/www.servais-vzw.org\/de\/wp-json\/wp\/v2\/media?parent=2030"}],"curies":[{"name":"wp","href":"https:\/\/api.w.org\/{rel}","templated":true}]}}