{"id":2034,"date":"2016-08-31T16:36:27","date_gmt":"2016-08-31T16:36:27","guid":{"rendered":"http:\/\/www.servais-vzw.org\/de\/familie\/joseph-servais\/"},"modified":"2016-09-11T15:28:50","modified_gmt":"2016-09-11T15:28:50","slug":"joseph-servais","status":"publish","type":"page","link":"https:\/\/www.servais-vzw.org\/de\/familie\/joseph-servais\/","title":{"rendered":"Joseph Servais"},"content":{"rendered":"<div class=\"wpb-content-wrapper\">[vc_row padding_top=&#8220;0px&#8220; padding_bottom=&#8220;0px&#8220;][vc_column fade_animation_offset=&#8220;45px&#8220; width=&#8220;1\/4&#8243;]<div id=\"attachment_1053\" style=\"width: 247px\" class=\"wp-caption alignleft\"><img loading=\"lazy\" decoding=\"async\" aria-describedby=\"caption-attachment-1053\" class=\"wp-image-1053 size-medium\" src=\"http:\/\/www.servais-vzw.org\/wp-content\/uploads\/2015\/12\/Joseph1-BL693-0511-237x300.jpg\" alt=\"Joseph1 - BL693-051\" width=\"237\" height=\"300\" srcset=\"https:\/\/www.servais-vzw.org\/wp-content\/uploads\/2015\/12\/Joseph1-BL693-0511-237x300.jpg 237w, https:\/\/www.servais-vzw.org\/wp-content\/uploads\/2015\/12\/Joseph1-BL693-0511-100x127.jpg 100w, https:\/\/www.servais-vzw.org\/wp-content\/uploads\/2015\/12\/Joseph1-BL693-0511.jpg 632w\" sizes=\"auto, (max-width: 237px) 100vw, 237px\" \/><p id=\"caption-attachment-1053\" class=\"wp-caption-text\">Joseph Servais (c) Servais Collection Halle<\/p><\/div>\n[\/vc_column][vc_column fade_animation_offset=&#8220;45px&#8220; width=&#8220;3\/4&#8243;]<p>\u00b0Halle (Belgien) 28. November 1850 &#8211; \u2020Halle(Belgien) 28. August 1885<br \/>\n<em>Servais\u2019 j\u00fcngster Sohn<\/em><\/p>\n<p>Joseph Servais bekam 1866 den ersten Preis f\u00fcr Cello im Konservatorium in der Klasse seines Vaters. Im gleichen Jahr begleitete er seinen Vater nach Russland. Ein Jahr sp\u00e4ter trat er vor dem K\u00f6nig von Portugal auf. Sp\u00e4ter machte er Reisen nach Frankreich, Spanien, Deutschland und die Niederlande.<\/p>\n<p>Von 1868-70 war er Cellosolist an der Musikkapelle des Gro\u00dfherzogs in Weimar. 1872 wird er auch Cellolehrer am Br\u00fcsseler Konservatorium. Mit dem Pianisten Louis Brassin und dem Geiger Henry Vieuxtemps gr\u00fcndet er die Kammermusikkonzerte im Br\u00fcsseler\u00a0<em>Cercle Artistique<\/em>. Henri Vieuxtemps widmete ihm seine beiden Cellokonzerte, die sie als Urauff\u00fchrung spielten.<\/p>\n<p>Publikationen \u00fcber Joseph Servais: sehe Pagina &#8218;Forschung&#8216; &#8211; Publikationen.<\/p>\n[vc_row_inner padding_top=&#8220;0px&#8220; padding_bottom=&#8220;0px&#8220; bg_video=&#8220;&#8220; class=&#8220;family-images&#8220; style=&#8220;&#8220;][vc_column_inner fade_animation_offset=&#8220;45px&#8220; width=&#8220;1\/1&#8243;]<div id=\"attachment_1041\" style=\"width: 310px\" class=\"wp-caption alignleft\"><img loading=\"lazy\" decoding=\"async\" aria-describedby=\"caption-attachment-1041\" class=\"wp-image-1041 size-medium\" src=\"http:\/\/www.servais-vzw.org\/wp-content\/uploads\/2015\/12\/Joseph31-300x242.jpg\" alt=\"Joseph3\" width=\"300\" height=\"242\" srcset=\"https:\/\/www.servais-vzw.org\/wp-content\/uploads\/2015\/12\/Joseph31-300x242.jpg 300w, https:\/\/www.servais-vzw.org\/wp-content\/uploads\/2015\/12\/Joseph31-1024x825.jpg 1024w, https:\/\/www.servais-vzw.org\/wp-content\/uploads\/2015\/12\/Joseph31-100x81.jpg 100w, https:\/\/www.servais-vzw.org\/wp-content\/uploads\/2015\/12\/Joseph31-862x694.jpg 862w, https:\/\/www.servais-vzw.org\/wp-content\/uploads\/2015\/12\/Joseph31-980x789.jpg 980w\" sizes=\"auto, (max-width: 300px) 100vw, 300px\" \/><p id=\"caption-attachment-1041\" class=\"wp-caption-text\">Joseph Servais aan Sophie Feygin, Nantes, 2.3.1875 (c) Servais Collection Halle<\/p><\/div><br \/>\n<div id=\"attachment_1057\" style=\"width: 255px\" class=\"wp-caption alignleft\"><img loading=\"lazy\" decoding=\"async\" aria-describedby=\"caption-attachment-1057\" class=\"wp-image-1057 size-medium\" src=\"http:\/\/www.servais-vzw.org\/wp-content\/uploads\/2015\/12\/Joseph2-BL691-171_0011-245x300.jpg\" alt=\"Joseph2 - BL691-171_001\" width=\"245\" height=\"300\" srcset=\"https:\/\/www.servais-vzw.org\/wp-content\/uploads\/2015\/12\/Joseph2-BL691-171_0011-245x300.jpg 245w, https:\/\/www.servais-vzw.org\/wp-content\/uploads\/2015\/12\/Joseph2-BL691-171_0011-100x123.jpg 100w, https:\/\/www.servais-vzw.org\/wp-content\/uploads\/2015\/12\/Joseph2-BL691-171_0011.jpg 652w\" sizes=\"auto, (max-width: 245px) 100vw, 245px\" \/><p id=\"caption-attachment-1057\" class=\"wp-caption-text\">Joseph Servais &amp; Joseph Gregoir, Rienzi de Wagner (Mainz, Schott, 1874) (c) Servais Collection Halle<\/p><\/div>\n[\/vc_column_inner][\/vc_row_inner][\/vc_column][\/vc_row]\n<\/div>","protected":false},"excerpt":{"rendered":"<p>[vc_row padding_top=&#8220;0px&#8220; padding_bottom=&#8220;0px&#8220;][vc_column fade_animation_offset=&#8220;45px&#8220; width=&#8220;1\/4&#8243;][\/vc_column][vc_column fade_animation_offset=&#8220;45px&#8220; width=&#8220;3\/4&#8243;][vc_row_inner padding_top=&#8220;0px&#8220; padding_bottom=&#8220;0px&#8220; bg_video=&#8220;&#8220; class=&#8220;family-images&#8220; style=&#8220;&#8220;][vc_column_inner fade_animation_offset=&#8220;45px&#8220; width=&#8220;1\/1&#8243;][\/vc_column_inner][\/vc_row_inner][\/vc_column][\/vc_row]<\/p>\n","protected":false},"author":1,"featured_media":0,"parent":2026,"menu_order":0,"comment_status":"closed","ping_status":"closed","template":"template-layout-full-width.php","meta":{"om_disable_all_campaigns":false,"rs_blank_template":"","rs_page_bg_color":"","slide_template_v7":"","_uf_show_specific_survey":0,"_uf_disable_surveys":false,"footnotes":""},"class_list":["post-2034","page","type-page","status-publish","hentry","no-post-thumbnail"],"yoast_head":"<!-- This site is optimized with the Yoast SEO plugin v27.2 - https:\/\/yoast.com\/product\/yoast-seo-wordpress\/ -->\n<title>Joseph Servais - Fran\u00e7ois Servais<\/title>\n<meta name=\"robots\" content=\"index, follow, max-snippet:-1, max-image-preview:large, max-video-preview:-1\" \/>\n<link rel=\"canonical\" href=\"https:\/\/www.servais-vzw.org\/de\/familie\/joseph-servais\/\" \/>\n<meta property=\"og:locale\" content=\"de_DE\" \/>\n<meta property=\"og:type\" content=\"article\" \/>\n<meta property=\"og:title\" content=\"Joseph Servais - Fran\u00e7ois Servais\" \/>\n<meta property=\"og:description\" content=\"[vc_row padding_top=&#8220;0px&#8220; padding_bottom=&#8220;0px&#8220;][vc_column fade_animation_offset=&#8220;45px&#8220; width=&#8220;1\/4&#8243;][\/vc_column][vc_column fade_animation_offset=&#8220;45px&#8220; width=&#8220;3\/4&#8243;][vc_row_inner padding_top=&#8220;0px&#8220; padding_bottom=&#8220;0px&#8220; bg_video=&#8220;&#8220; class=&#8220;family-images&#8220; style=&#8220;&#8220;][vc_column_inner fade_animation_offset=&#8220;45px&#8220; width=&#8220;1\/1&#8243;][\/vc_column_inner][\/vc_row_inner][\/vc_column][\/vc_row]\" \/>\n<meta property=\"og:url\" content=\"https:\/\/www.servais-vzw.org\/de\/familie\/joseph-servais\/\" \/>\n<meta property=\"og:site_name\" content=\"Fran\u00e7ois Servais\" \/>\n<meta property=\"article:modified_time\" content=\"2016-09-11T15:28:50+00:00\" \/>\n<meta property=\"og:image\" content=\"https:\/\/www.servais-vzw.org\/wp-content\/uploads\/2015\/12\/Joseph1-BL693-0511.jpg\" \/>\n\t<meta property=\"og:image:width\" content=\"632\" \/>\n\t<meta property=\"og:image:height\" content=\"800\" \/>\n\t<meta property=\"og:image:type\" content=\"image\/jpeg\" \/>\n<meta name=\"twitter:card\" content=\"summary_large_image\" \/>\n<meta name=\"twitter:label1\" content=\"Gesch\u00e4tzte Lesezeit\" \/>\n\t<meta name=\"twitter:data1\" content=\"1\u00a0Minute\" \/>\n<script type=\"application\/ld+json\" class=\"yoast-schema-graph\">{\"@context\":\"https:\/\/schema.org\",\"@graph\":[{\"@type\":\"WebPage\",\"@id\":\"https:\/\/www.servais-vzw.org\/de\/familie\/joseph-servais\/\",\"url\":\"https:\/\/www.servais-vzw.org\/de\/familie\/joseph-servais\/\",\"name\":\"Joseph Servais - Fran\u00e7ois Servais\",\"isPartOf\":{\"@id\":\"https:\/\/www.servais-vzw.org\/en\/#website\"},\"primaryImageOfPage\":{\"@id\":\"https:\/\/www.servais-vzw.org\/de\/familie\/joseph-servais\/#primaryimage\"},\"image\":{\"@id\":\"https:\/\/www.servais-vzw.org\/de\/familie\/joseph-servais\/#primaryimage\"},\"thumbnailUrl\":\"http:\/\/www.servais-vzw.org\/wp-content\/uploads\/2015\/12\/Joseph1-BL693-0511-237x300.jpg\",\"datePublished\":\"2016-08-31T16:36:27+00:00\",\"dateModified\":\"2016-09-11T15:28:50+00:00\",\"breadcrumb\":{\"@id\":\"https:\/\/www.servais-vzw.org\/de\/familie\/joseph-servais\/#breadcrumb\"},\"inLanguage\":\"de\",\"potentialAction\":[{\"@type\":\"ReadAction\",\"target\":[\"https:\/\/www.servais-vzw.org\/de\/familie\/joseph-servais\/\"]}]},{\"@type\":\"ImageObject\",\"inLanguage\":\"de\",\"@id\":\"https:\/\/www.servais-vzw.org\/de\/familie\/joseph-servais\/#primaryimage\",\"url\":\"http:\/\/www.servais-vzw.org\/wp-content\/uploads\/2015\/12\/Joseph1-BL693-0511-237x300.jpg\",\"contentUrl\":\"http:\/\/www.servais-vzw.org\/wp-content\/uploads\/2015\/12\/Joseph1-BL693-0511-237x300.jpg\"},{\"@type\":\"BreadcrumbList\",\"@id\":\"https:\/\/www.servais-vzw.org\/de\/familie\/joseph-servais\/#breadcrumb\",\"itemListElement\":[{\"@type\":\"ListItem\",\"position\":1,\"name\":\"Home\",\"item\":\"https:\/\/www.servais-vzw.org\/de\/\"},{\"@type\":\"ListItem\",\"position\":2,\"name\":\"Familie\",\"item\":\"https:\/\/www.servais-vzw.org\/de\/familie\/\"},{\"@type\":\"ListItem\",\"position\":3,\"name\":\"Joseph Servais\"}]},{\"@type\":\"WebSite\",\"@id\":\"https:\/\/www.servais-vzw.org\/en\/#website\",\"url\":\"https:\/\/www.servais-vzw.org\/en\/\",\"name\":\"Fran\u00e7ois Servais\",\"description\":\"\",\"potentialAction\":[{\"@type\":\"SearchAction\",\"target\":{\"@type\":\"EntryPoint\",\"urlTemplate\":\"https:\/\/www.servais-vzw.org\/en\/?s={search_term_string}\"},\"query-input\":{\"@type\":\"PropertyValueSpecification\",\"valueRequired\":true,\"valueName\":\"search_term_string\"}}],\"inLanguage\":\"de\"}]}<\/script>\n<!-- \/ Yoast SEO plugin. -->","yoast_head_json":{"title":"Joseph Servais - Fran\u00e7ois Servais","robots":{"index":"index","follow":"follow","max-snippet":"max-snippet:-1","max-image-preview":"max-image-preview:large","max-video-preview":"max-video-preview:-1"},"canonical":"https:\/\/www.servais-vzw.org\/de\/familie\/joseph-servais\/","og_locale":"de_DE","og_type":"article","og_title":"Joseph Servais - Fran\u00e7ois Servais","og_description":"[vc_row padding_top=&#8220;0px&#8220; padding_bottom=&#8220;0px&#8220;][vc_column fade_animation_offset=&#8220;45px&#8220; width=&#8220;1\/4&#8243;][\/vc_column][vc_column fade_animation_offset=&#8220;45px&#8220; width=&#8220;3\/4&#8243;][vc_row_inner padding_top=&#8220;0px&#8220; padding_bottom=&#8220;0px&#8220; bg_video=&#8220;&#8220; class=&#8220;family-images&#8220; style=&#8220;&#8220;][vc_column_inner fade_animation_offset=&#8220;45px&#8220; width=&#8220;1\/1&#8243;][\/vc_column_inner][\/vc_row_inner][\/vc_column][\/vc_row]","og_url":"https:\/\/www.servais-vzw.org\/de\/familie\/joseph-servais\/","og_site_name":"Fran\u00e7ois Servais","article_modified_time":"2016-09-11T15:28:50+00:00","og_image":[{"width":632,"height":800,"url":"https:\/\/www.servais-vzw.org\/wp-content\/uploads\/2015\/12\/Joseph1-BL693-0511.jpg","type":"image\/jpeg"}],"twitter_card":"summary_large_image","twitter_misc":{"Gesch\u00e4tzte Lesezeit":"1\u00a0Minute"},"schema":{"@context":"https:\/\/schema.org","@graph":[{"@type":"WebPage","@id":"https:\/\/www.servais-vzw.org\/de\/familie\/joseph-servais\/","url":"https:\/\/www.servais-vzw.org\/de\/familie\/joseph-servais\/","name":"Joseph Servais - Fran\u00e7ois Servais","isPartOf":{"@id":"https:\/\/www.servais-vzw.org\/en\/#website"},"primaryImageOfPage":{"@id":"https:\/\/www.servais-vzw.org\/de\/familie\/joseph-servais\/#primaryimage"},"image":{"@id":"https:\/\/www.servais-vzw.org\/de\/familie\/joseph-servais\/#primaryimage"},"thumbnailUrl":"http:\/\/www.servais-vzw.org\/wp-content\/uploads\/2015\/12\/Joseph1-BL693-0511-237x300.jpg","datePublished":"2016-08-31T16:36:27+00:00","dateModified":"2016-09-11T15:28:50+00:00","breadcrumb":{"@id":"https:\/\/www.servais-vzw.org\/de\/familie\/joseph-servais\/#breadcrumb"},"inLanguage":"de","potentialAction":[{"@type":"ReadAction","target":["https:\/\/www.servais-vzw.org\/de\/familie\/joseph-servais\/"]}]},{"@type":"ImageObject","inLanguage":"de","@id":"https:\/\/www.servais-vzw.org\/de\/familie\/joseph-servais\/#primaryimage","url":"http:\/\/www.servais-vzw.org\/wp-content\/uploads\/2015\/12\/Joseph1-BL693-0511-237x300.jpg","contentUrl":"http:\/\/www.servais-vzw.org\/wp-content\/uploads\/2015\/12\/Joseph1-BL693-0511-237x300.jpg"},{"@type":"BreadcrumbList","@id":"https:\/\/www.servais-vzw.org\/de\/familie\/joseph-servais\/#breadcrumb","itemListElement":[{"@type":"ListItem","position":1,"name":"Home","item":"https:\/\/www.servais-vzw.org\/de\/"},{"@type":"ListItem","position":2,"name":"Familie","item":"https:\/\/www.servais-vzw.org\/de\/familie\/"},{"@type":"ListItem","position":3,"name":"Joseph Servais"}]},{"@type":"WebSite","@id":"https:\/\/www.servais-vzw.org\/en\/#website","url":"https:\/\/www.servais-vzw.org\/en\/","name":"Fran\u00e7ois Servais","description":"","potentialAction":[{"@type":"SearchAction","target":{"@type":"EntryPoint","urlTemplate":"https:\/\/www.servais-vzw.org\/en\/?s={search_term_string}"},"query-input":{"@type":"PropertyValueSpecification","valueRequired":true,"valueName":"search_term_string"}}],"inLanguage":"de"}]}},"_links":{"self":[{"href":"https:\/\/www.servais-vzw.org\/de\/wp-json\/wp\/v2\/pages\/2034","targetHints":{"allow":["GET"]}}],"collection":[{"href":"https:\/\/www.servais-vzw.org\/de\/wp-json\/wp\/v2\/pages"}],"about":[{"href":"https:\/\/www.servais-vzw.org\/de\/wp-json\/wp\/v2\/types\/page"}],"author":[{"embeddable":true,"href":"https:\/\/www.servais-vzw.org\/de\/wp-json\/wp\/v2\/users\/1"}],"replies":[{"embeddable":true,"href":"https:\/\/www.servais-vzw.org\/de\/wp-json\/wp\/v2\/comments?post=2034"}],"version-history":[{"count":3,"href":"https:\/\/www.servais-vzw.org\/de\/wp-json\/wp\/v2\/pages\/2034\/revisions"}],"predecessor-version":[{"id":2824,"href":"https:\/\/www.servais-vzw.org\/de\/wp-json\/wp\/v2\/pages\/2034\/revisions\/2824"}],"up":[{"embeddable":true,"href":"https:\/\/www.servais-vzw.org\/de\/wp-json\/wp\/v2\/pages\/2026"}],"wp:attachment":[{"href":"https:\/\/www.servais-vzw.org\/de\/wp-json\/wp\/v2\/media?parent=2034"}],"curies":[{"name":"wp","href":"https:\/\/api.w.org\/{rel}","templated":true}]}}