{"id":2040,"date":"2016-08-20T08:25:03","date_gmt":"2016-08-20T08:25:03","guid":{"rendered":"http:\/\/www.servais-vzw.org\/de\/home\/"},"modified":"2024-08-26T08:59:18","modified_gmt":"2024-08-26T08:59:18","slug":"home","status":"publish","type":"page","link":"https:\/\/www.servais-vzw.org\/de\/","title":{"rendered":"Home"},"content":{"rendered":"<div class=\"wpb-content-wrapper\">[vc_row padding_top=&#8220;0px&#8220; padding_bottom=&#8220;0px&#8220;][vc_column fade_animation_offset=&#8220;45px&#8220;][vc_column_text]<hr  class=\"x-gap\" style=\"margin: 1.313em 0 0 0;\"><h4>Lieber S\u00fcrfer,<\/h4>\n<p><strong>Willkommen auf den Website des Servais\u00a0Vereins!<\/strong><\/p>\n<p>Servais reiste w\u00e4hrend drei\u00dfig Jahre durch Europa. Servais lieferte der Entwicklung der Cellotechnik einen wichtigen Beitrag und brachte die \u201eBelgische Celloschule\u201c zu ungeahnten H\u00f6hen.<\/p>\n<p>Heute ist Servais bekannter denn je; seine Werke werden weltweit aufgef\u00fchrt, einstudiert und durch Rundfunk und CD verbreitet. Wir bieten Ihnen eine Website an voller Infos \u00fcber diesen ber\u00fchmten Musiker und seine Nachkommen.<\/p>\n<p>Die Deutsche Ausgabe der Website ist noch nicht vollst\u00e4ndig \u00fcbersetzt. Manche Seiten verweisen deswegen nach der Englischen Version.<\/p>\n<p>Viel Surfvergn\u00fcgen!<\/p>\n<p style=\"margin: 0; padding: 0;\"><img loading=\"lazy\" decoding=\"async\" class=\"aligncenter wp-image-1234 size-medium\" src=\"http:\/\/www.servais-vzw.org\/wp-content\/uploads\/2015\/09\/afscheiding2-1-300x25.jpg\" width=\"300\" height=\"25\" srcset=\"https:\/\/www.servais-vzw.org\/wp-content\/uploads\/2015\/09\/afscheiding2-1-300x25.jpg 300w, https:\/\/www.servais-vzw.org\/wp-content\/uploads\/2015\/09\/afscheiding2-1-100x8.jpg 100w, https:\/\/www.servais-vzw.org\/wp-content\/uploads\/2015\/09\/afscheiding2-1.jpg 354w\" sizes=\"auto, (max-width: 300px) 100vw, 300px\" \/><\/p>\n[vc_row_inner padding_top=&#8220;0px&#8220; padding_bottom=&#8220;0px&#8220;][vc_column_inner fade_animation_offset=&#8220;45px&#8220; width=&#8220;1\/1&#8243;]<h2  class=\"h-custom-headline h2\" ><span>NEUIGKEITEN<\/span><\/h2><p><ul class=\"display-posts-listing\"><li class=\"listing-item\"><a class=\"image\" href=\"https:\/\/www.servais-vzw.org\/de\/expo-das-belgische-koenigshaus-und-das-cello\/\"><img loading=\"lazy\" decoding=\"async\" width=\"150\" height=\"150\" src=\"https:\/\/www.servais-vzw.org\/wp-content\/uploads\/2026\/03\/Expo-Flagey_Roll-up-minimaal-150x150.jpg\" class=\"attachment-thumbnail size-thumbnail wp-post-image\" alt=\"\" \/><\/a> <a class=\"title\" href=\"https:\/\/www.servais-vzw.org\/de\/expo-das-belgische-koenigshaus-und-das-cello\/\">Expo \u201eDas Belgische K\u00f6nigshaus und das Cello\u201c<\/a> <span class=\"excerpt-dash\">-<\/span> <span class=\"excerpt\">Der Servais Verein organisiert w\u00e4hrend der ersten Runde und des Halbfinales des K\u00f6nigin-Elisabeth-Wettbewerbs f\u00fcr Cello vom 4. bis 16. Mai 2026 eine Ausstellung zu diesem Thema in Flagey.Weitere Informationen.<\/span><\/li><li class=\"listing-item\"><a class=\"image\" href=\"https:\/\/www.servais-vzw.org\/de\/abschlusskonzert-der-cellostage-am-19-april-2026\/\"><img loading=\"lazy\" decoding=\"async\" width=\"150\" height=\"150\" src=\"https:\/\/www.servais-vzw.org\/wp-content\/uploads\/2025\/10\/20260419_Slotconcert_fotoYvesLamote-reductie-voor-website-3-150x150.jpg\" class=\"attachment-thumbnail size-thumbnail wp-post-image\" alt=\"\" \/><\/a> <a class=\"title\" href=\"https:\/\/www.servais-vzw.org\/de\/abschlusskonzert-der-cellostage-am-19-april-2026\/\">Abschlusskonzert der Cellostage am 19. April 2026<\/a> <span class=\"excerpt-dash\">-<\/span> <span class=\"excerpt\">Die Teilnehmer der sechsten Ausgabe der Cellovierdaagse rund um Servais zeigen im CC \u2019t Vondel, was sie w\u00e4hrend der Cellostage gelernt haben. Weitere Informationen.<\/span><\/li><li class=\"listing-item\"><a class=\"image\" href=\"https:\/\/www.servais-vzw.org\/de\/34-servaiskonzert-am-16-april-2026\/\"><img loading=\"lazy\" decoding=\"async\" width=\"150\" height=\"150\" src=\"https:\/\/www.servais-vzw.org\/wp-content\/uploads\/2025\/10\/voor-post-site-150x150.jpg\" class=\"attachment-thumbnail size-thumbnail wp-post-image\" alt=\"\" srcset=\"https:\/\/www.servais-vzw.org\/wp-content\/uploads\/2025\/10\/voor-post-site-150x150.jpg 150w, https:\/\/www.servais-vzw.org\/wp-content\/uploads\/2025\/10\/voor-post-site-420x424.jpg 420w\" sizes=\"auto, (max-width: 150px) 100vw, 150px\" \/><\/a> <a class=\"title\" href=\"https:\/\/www.servais-vzw.org\/de\/34-servaiskonzert-am-16-april-2026\/\">34. Servaiskonzert am 16. April 2026<\/a> <span class=\"excerpt-dash\">-<\/span> <span class=\"excerpt\">Das Tansman-Quartett tritt gemeinsam mit Ann Van Hecke im Ratssaal des Neuen Rathauses in Halle am ersten Abend der Cellotage 2026 auf. Mehr Infos.<\/span><\/li><\/ul><\/p>\n<a  class=\"x-btn x-btn-square x-btn-regular alignleft\"  href=\"\/home\/nieuws\"     data-options=\"thumbnail: ''\">Mehr Neuigkeiten<\/a>[\/vc_column_inner][\/vc_row_inner][vc_row_inner padding_top=&#8220;0px&#8220; padding_bottom=&#8220;0px&#8220;][vc_column_inner fade_animation_offset=&#8220;45px&#8220; width=&#8220;1\/1&#8243;]<h2  class=\"h-custom-headline h2\" ><span>PUBLIKATIONEN<\/span><\/h2><p><ul class=\"display-posts-listing\"><li class=\"listing-item\"><a class=\"image\" href=\"https:\/\/www.servais-vzw.org\/de\/servais-urtext-series\/\"><img loading=\"lazy\" decoding=\"async\" width=\"150\" height=\"150\" src=\"https:\/\/www.servais-vzw.org\/wp-content\/uploads\/2023\/08\/opus-18-150x150.jpg\" class=\"attachment-thumbnail size-thumbnail wp-post-image\" alt=\"\" srcset=\"https:\/\/www.servais-vzw.org\/wp-content\/uploads\/2023\/08\/opus-18-150x150.jpg 150w, https:\/\/www.servais-vzw.org\/wp-content\/uploads\/2023\/08\/opus-18-421x424.jpg 421w\" sizes=\"auto, (max-width: 150px) 100vw, 150px\" \/><\/a> <a class=\"title\" href=\"https:\/\/www.servais-vzw.org\/de\/servais-urtext-series\/\">Servais Urtext Series<\/a> <span class=\"excerpt-dash\">-<\/span> <span class=\"excerpt\">In den letzten Monaten gab es eine Reihe von neue Ausgaben in unserer Serie &#8218;Servais Urtext Series&#8216;.<\/span><\/li><li class=\"listing-item\"><a class=\"image\" href=\"https:\/\/www.servais-vzw.org\/de\/francois-servais-der-paganini-des-violoncells\/\"><img loading=\"lazy\" decoding=\"async\" width=\"150\" height=\"150\" src=\"https:\/\/www.servais-vzw.org\/wp-content\/uploads\/2022\/04\/brochure-cover-150x150.jpg\" class=\"attachment-thumbnail size-thumbnail wp-post-image\" alt=\"\" \/><\/a> <a class=\"title\" href=\"https:\/\/www.servais-vzw.org\/de\/francois-servais-der-paganini-des-violoncells\/\">Fran\u00e7ois Servais, der Paganini des Violoncells<\/a> <span class=\"excerpt-dash\">-<\/span> <span class=\"excerpt\">Fran\u00e7ois Servais (1807-1866) war ein Cellopionier, ein europ\u00e4ischer Star und einer der Gr\u00fcndungsv\u00e4ter der Belgischen Schule des Cellospiels. Er musizierte zusammen mit Mendelssohn, Rossini und Vieuxtemps und wurde von Schumann, Meyerbeer und Berlioz hoch gesch\u00e4tzt. Anderthalb Jahrhunderte nach seinem Tod erklingen seine virtuosen Cellokompositionen noch immer in der ganzen Welt. Entdecken Sie sein Leben und sein Werk in dieser reich ...<\/span><\/li><li class=\"listing-item\"><a class=\"image\" href=\"https:\/\/www.servais-vzw.org\/de\/cyprien-godebski-in-halle\/\"><img loading=\"lazy\" decoding=\"async\" width=\"150\" height=\"150\" src=\"https:\/\/www.servais-vzw.org\/wp-content\/uploads\/2021\/10\/0-2-150x150.jpg\" class=\"attachment-thumbnail size-thumbnail wp-post-image\" alt=\"Cyprien Godebski\" \/><\/a> <a class=\"title\" href=\"https:\/\/www.servais-vzw.org\/de\/cyprien-godebski-in-halle\/\">Cyprien Godebski in Halle<\/a> <span class=\"excerpt-dash\">-<\/span> <span class=\"excerpt\">About the life and works of Servais\u2019 son-in-law Cyprien Godebski, with special attention to his connection to Halle and the works he made there. More info<\/span><\/li><li class=\"listing-item\"><a class=\"image\" href=\"https:\/\/www.servais-vzw.org\/de\/servais-urtext\/\"><img loading=\"lazy\" decoding=\"async\" width=\"150\" height=\"150\" src=\"https:\/\/www.servais-vzw.org\/wp-content\/uploads\/2021\/05\/Servais-opus-6-150x150.jpg\" class=\"attachment-thumbnail size-thumbnail wp-post-image\" alt=\"\" \/><\/a> <a class=\"title\" href=\"https:\/\/www.servais-vzw.org\/de\/servais-urtext\/\">Servais Urtext<\/a> <span class=\"excerpt-dash\">-<\/span> <span class=\"excerpt\">Yuriy Leonovich und der Servaisverein pr\u00e4sentieren die &#8218;Servais Urtext&#8216; Serie. Siehe www.servais-vzw.org\/de\/urtext\/.<\/span><\/li><li class=\"listing-item\"><a class=\"image\" href=\"https:\/\/www.servais-vzw.org\/de\/cd-duo-fortecello-2\/\"><img loading=\"lazy\" decoding=\"async\" width=\"150\" height=\"150\" src=\"https:\/\/www.servais-vzw.org\/wp-content\/uploads\/2018\/12\/cd-Yutaka-150x150.jpg\" class=\"attachment-thumbnail size-thumbnail wp-post-image\" alt=\"\" srcset=\"https:\/\/www.servais-vzw.org\/wp-content\/uploads\/2018\/12\/cd-Yutaka-150x150.jpg 150w, https:\/\/www.servais-vzw.org\/wp-content\/uploads\/2018\/12\/cd-Yutaka-300x297.jpg 300w, https:\/\/www.servais-vzw.org\/wp-content\/uploads\/2018\/12\/cd-Yutaka-100x99.jpg 100w\" sizes=\"auto, (max-width: 150px) 100vw, 150px\" \/><\/a> <a class=\"title\" href=\"https:\/\/www.servais-vzw.org\/de\/cd-duo-fortecello-2\/\">Cd Fantaisie de Servais<\/a> <span class=\"excerpt-dash\">-<\/span> <span class=\"excerpt\">After 10 years Yutaka Hayashi has become a natural at Servais\u2019 music and it was time for a cd. That cd contains no less than six compositions by Servais: four of his best known pieces \u2013 Souvenir de Spa, Le Carnaval de Venise, La Romanesca and La Fille du R\u00e9giment \u2013 and two duos on Der Freisch\u00fctz and La Traviata. ...<\/span><\/li><\/ul><\/p>\n<a  class=\"x-btn x-btn-square x-btn-regular alignleft\"  href=\"\/servais-vzw\/publicaties\"     data-options=\"thumbnail: ''\">Mehr Publikationen<\/a>[\/vc_column_inner][\/vc_row_inner][\/vc_column_text][\/vc_column][\/vc_row]\n<\/div>","protected":false},"excerpt":{"rendered":"<p>[vc_row padding_top=&#8220;0px&#8220; padding_bottom=&#8220;0px&#8220;][vc_column fade_animation_offset=&#8220;45px&#8220;][vc_column_text][vc_row_inner padding_top=&#8220;0px&#8220; padding_bottom=&#8220;0px&#8220;][vc_column_inner fade_animation_offset=&#8220;45px&#8220; width=&#8220;1\/1&#8243;][\/vc_column_inner][\/vc_row_inner][vc_row_inner padding_top=&#8220;0px&#8220; padding_bottom=&#8220;0px&#8220;][vc_column_inner fade_animation_offset=&#8220;45px&#8220; width=&#8220;1\/1&#8243;][\/vc_column_inner][\/vc_row_inner][\/vc_column_text][\/vc_column][\/vc_row]<\/p>\n","protected":false},"author":1,"featured_media":0,"parent":0,"menu_order":0,"comment_status":"closed","ping_status":"closed","template":"template-blank-1.php","meta":{"om_disable_all_campaigns":false,"rs_blank_template":"","rs_page_bg_color":"","slide_template_v7":"","_uf_show_specific_survey":0,"_uf_disable_surveys":false,"footnotes":""},"class_list":["post-2040","page","type-page","status-publish","hentry","no-post-thumbnail"],"yoast_head":"<!-- This site is optimized with the Yoast SEO plugin v27.2 - https:\/\/yoast.com\/product\/yoast-seo-wordpress\/ -->\n<title>Home - Fran\u00e7ois Servais<\/title>\n<meta name=\"robots\" content=\"index, follow, max-snippet:-1, max-image-preview:large, max-video-preview:-1\" \/>\n<link rel=\"canonical\" href=\"https:\/\/www.servais-vzw.org\/de\/\" \/>\n<meta property=\"og:locale\" content=\"de_DE\" \/>\n<meta property=\"og:type\" content=\"article\" \/>\n<meta property=\"og:title\" content=\"Home - Fran\u00e7ois Servais\" \/>\n<meta property=\"og:description\" content=\"[vc_row padding_top=&#8220;0px&#8220; padding_bottom=&#8220;0px&#8220;][vc_column fade_animation_offset=&#8220;45px&#8220;][vc_column_text][vc_row_inner padding_top=&#8220;0px&#8220; padding_bottom=&#8220;0px&#8220;][vc_column_inner fade_animation_offset=&#8220;45px&#8220; width=&#8220;1\/1&#8243;][\/vc_column_inner][\/vc_row_inner][vc_row_inner padding_top=&#8220;0px&#8220; padding_bottom=&#8220;0px&#8220;][vc_column_inner fade_animation_offset=&#8220;45px&#8220; width=&#8220;1\/1&#8243;][\/vc_column_inner][\/vc_row_inner][\/vc_column_text][\/vc_column][\/vc_row]\" \/>\n<meta property=\"og:url\" content=\"https:\/\/www.servais-vzw.org\/de\/\" \/>\n<meta property=\"og:site_name\" content=\"Fran\u00e7ois Servais\" \/>\n<meta property=\"article:modified_time\" content=\"2024-08-26T08:59:18+00:00\" \/>\n<meta property=\"og:image\" content=\"http:\/\/www.servais-vzw.org\/wp-content\/uploads\/2015\/09\/afscheiding2-1-300x25.jpg\" \/>\n<meta name=\"twitter:card\" content=\"summary_large_image\" \/>\n<meta name=\"twitter:label1\" content=\"Gesch\u00e4tzte Lesezeit\" \/>\n\t<meta name=\"twitter:data1\" content=\"1\u00a0Minute\" \/>\n<script type=\"application\/ld+json\" class=\"yoast-schema-graph\">{\"@context\":\"https:\/\/schema.org\",\"@graph\":[{\"@type\":\"WebPage\",\"@id\":\"https:\/\/www.servais-vzw.org\/de\/\",\"url\":\"https:\/\/www.servais-vzw.org\/de\/\",\"name\":\"Home - Fran\u00e7ois Servais\",\"isPartOf\":{\"@id\":\"https:\/\/www.servais-vzw.org\/en\/#website\"},\"primaryImageOfPage\":{\"@id\":\"https:\/\/www.servais-vzw.org\/de\/#primaryimage\"},\"image\":{\"@id\":\"https:\/\/www.servais-vzw.org\/de\/#primaryimage\"},\"thumbnailUrl\":\"http:\/\/www.servais-vzw.org\/wp-content\/uploads\/2015\/09\/afscheiding2-1-300x25.jpg\",\"datePublished\":\"2016-08-20T08:25:03+00:00\",\"dateModified\":\"2024-08-26T08:59:18+00:00\",\"breadcrumb\":{\"@id\":\"https:\/\/www.servais-vzw.org\/de\/#breadcrumb\"},\"inLanguage\":\"de\",\"potentialAction\":[{\"@type\":\"ReadAction\",\"target\":[\"https:\/\/www.servais-vzw.org\/de\/\"]}]},{\"@type\":\"ImageObject\",\"inLanguage\":\"de\",\"@id\":\"https:\/\/www.servais-vzw.org\/de\/#primaryimage\",\"url\":\"http:\/\/www.servais-vzw.org\/wp-content\/uploads\/2015\/09\/afscheiding2-1-300x25.jpg\",\"contentUrl\":\"http:\/\/www.servais-vzw.org\/wp-content\/uploads\/2015\/09\/afscheiding2-1-300x25.jpg\"},{\"@type\":\"BreadcrumbList\",\"@id\":\"https:\/\/www.servais-vzw.org\/de\/#breadcrumb\",\"itemListElement\":[{\"@type\":\"ListItem\",\"position\":1,\"name\":\"Home\",\"item\":\"https:\/\/www.servais-vzw.org\/de\/\"},{\"@type\":\"ListItem\",\"position\":2,\"name\":\"Home\"}]},{\"@type\":\"WebSite\",\"@id\":\"https:\/\/www.servais-vzw.org\/en\/#website\",\"url\":\"https:\/\/www.servais-vzw.org\/en\/\",\"name\":\"Fran\u00e7ois Servais\",\"description\":\"\",\"potentialAction\":[{\"@type\":\"SearchAction\",\"target\":{\"@type\":\"EntryPoint\",\"urlTemplate\":\"https:\/\/www.servais-vzw.org\/en\/?s={search_term_string}\"},\"query-input\":{\"@type\":\"PropertyValueSpecification\",\"valueRequired\":true,\"valueName\":\"search_term_string\"}}],\"inLanguage\":\"de\"}]}<\/script>\n<!-- \/ Yoast SEO plugin. -->","yoast_head_json":{"title":"Home - Fran\u00e7ois Servais","robots":{"index":"index","follow":"follow","max-snippet":"max-snippet:-1","max-image-preview":"max-image-preview:large","max-video-preview":"max-video-preview:-1"},"canonical":"https:\/\/www.servais-vzw.org\/de\/","og_locale":"de_DE","og_type":"article","og_title":"Home - Fran\u00e7ois Servais","og_description":"[vc_row padding_top=&#8220;0px&#8220; padding_bottom=&#8220;0px&#8220;][vc_column fade_animation_offset=&#8220;45px&#8220;][vc_column_text][vc_row_inner padding_top=&#8220;0px&#8220; padding_bottom=&#8220;0px&#8220;][vc_column_inner fade_animation_offset=&#8220;45px&#8220; width=&#8220;1\/1&#8243;][\/vc_column_inner][\/vc_row_inner][vc_row_inner padding_top=&#8220;0px&#8220; padding_bottom=&#8220;0px&#8220;][vc_column_inner fade_animation_offset=&#8220;45px&#8220; width=&#8220;1\/1&#8243;][\/vc_column_inner][\/vc_row_inner][\/vc_column_text][\/vc_column][\/vc_row]","og_url":"https:\/\/www.servais-vzw.org\/de\/","og_site_name":"Fran\u00e7ois Servais","article_modified_time":"2024-08-26T08:59:18+00:00","og_image":[{"url":"http:\/\/www.servais-vzw.org\/wp-content\/uploads\/2015\/09\/afscheiding2-1-300x25.jpg","type":"","width":"","height":""}],"twitter_card":"summary_large_image","twitter_misc":{"Gesch\u00e4tzte Lesezeit":"1\u00a0Minute"},"schema":{"@context":"https:\/\/schema.org","@graph":[{"@type":"WebPage","@id":"https:\/\/www.servais-vzw.org\/de\/","url":"https:\/\/www.servais-vzw.org\/de\/","name":"Home - Fran\u00e7ois Servais","isPartOf":{"@id":"https:\/\/www.servais-vzw.org\/en\/#website"},"primaryImageOfPage":{"@id":"https:\/\/www.servais-vzw.org\/de\/#primaryimage"},"image":{"@id":"https:\/\/www.servais-vzw.org\/de\/#primaryimage"},"thumbnailUrl":"http:\/\/www.servais-vzw.org\/wp-content\/uploads\/2015\/09\/afscheiding2-1-300x25.jpg","datePublished":"2016-08-20T08:25:03+00:00","dateModified":"2024-08-26T08:59:18+00:00","breadcrumb":{"@id":"https:\/\/www.servais-vzw.org\/de\/#breadcrumb"},"inLanguage":"de","potentialAction":[{"@type":"ReadAction","target":["https:\/\/www.servais-vzw.org\/de\/"]}]},{"@type":"ImageObject","inLanguage":"de","@id":"https:\/\/www.servais-vzw.org\/de\/#primaryimage","url":"http:\/\/www.servais-vzw.org\/wp-content\/uploads\/2015\/09\/afscheiding2-1-300x25.jpg","contentUrl":"http:\/\/www.servais-vzw.org\/wp-content\/uploads\/2015\/09\/afscheiding2-1-300x25.jpg"},{"@type":"BreadcrumbList","@id":"https:\/\/www.servais-vzw.org\/de\/#breadcrumb","itemListElement":[{"@type":"ListItem","position":1,"name":"Home","item":"https:\/\/www.servais-vzw.org\/de\/"},{"@type":"ListItem","position":2,"name":"Home"}]},{"@type":"WebSite","@id":"https:\/\/www.servais-vzw.org\/en\/#website","url":"https:\/\/www.servais-vzw.org\/en\/","name":"Fran\u00e7ois Servais","description":"","potentialAction":[{"@type":"SearchAction","target":{"@type":"EntryPoint","urlTemplate":"https:\/\/www.servais-vzw.org\/en\/?s={search_term_string}"},"query-input":{"@type":"PropertyValueSpecification","valueRequired":true,"valueName":"search_term_string"}}],"inLanguage":"de"}]}},"_links":{"self":[{"href":"https:\/\/www.servais-vzw.org\/de\/wp-json\/wp\/v2\/pages\/2040","targetHints":{"allow":["GET"]}}],"collection":[{"href":"https:\/\/www.servais-vzw.org\/de\/wp-json\/wp\/v2\/pages"}],"about":[{"href":"https:\/\/www.servais-vzw.org\/de\/wp-json\/wp\/v2\/types\/page"}],"author":[{"embeddable":true,"href":"https:\/\/www.servais-vzw.org\/de\/wp-json\/wp\/v2\/users\/1"}],"replies":[{"embeddable":true,"href":"https:\/\/www.servais-vzw.org\/de\/wp-json\/wp\/v2\/comments?post=2040"}],"version-history":[{"count":11,"href":"https:\/\/www.servais-vzw.org\/de\/wp-json\/wp\/v2\/pages\/2040\/revisions"}],"predecessor-version":[{"id":9877,"href":"https:\/\/www.servais-vzw.org\/de\/wp-json\/wp\/v2\/pages\/2040\/revisions\/9877"}],"wp:attachment":[{"href":"https:\/\/www.servais-vzw.org\/de\/wp-json\/wp\/v2\/media?parent=2040"}],"curies":[{"name":"wp","href":"https:\/\/api.w.org\/{rel}","templated":true}]}}