{"id":2043,"date":"2016-08-31T16:36:41","date_gmt":"2016-08-31T16:36:41","guid":{"rendered":"http:\/\/www.servais-vzw.org\/de\/leven\/"},"modified":"2022-08-01T12:40:10","modified_gmt":"2022-08-01T12:40:10","slug":"leven","status":"publish","type":"page","link":"https:\/\/www.servais-vzw.org\/de\/leven\/","title":{"rendered":"Leben"},"content":{"rendered":"<div class=\"wpb-content-wrapper\">[vc_row padding_top=&#8220;0px&#8220; padding_bottom=&#8220;0px&#8220;][vc_column width=&#8220;1\/4&#8243; fade_animation_offset=&#8220;45px&#8220;][vc_column_text]<img decoding=\"async\"  class=\"x-img\"  src=\"https:\/\/www.servais-vzw.org\/wp-content\/uploads\/2015\/09\/Servaiscollectie-BL693-85_0001.jpg\" ><img decoding=\"async\"  class=\"x-img\"  src=\"https:\/\/www.servais-vzw.org\/wp-content\/uploads\/2015\/09\/brief-Servais-aan-Fanny-Persiani1.jpg\" >[\/vc_column_text][\/vc_column][vc_column width=&#8220;3\/4&#8243; fade_animation_offset=&#8220;45px&#8220;][vc_column_text]<p>Fran\u00e7ois Servais wurde am 6. Juni 1807 in Halle (Belgien) geboren. Die Musik begeisterte ihn bereits schon in jungen Jahren. Er bekam Klarinetten &#8211; und Geigenunterricht und wechselte anschlie\u00dfend zum Cello. 1827 war er Sch\u00fcler der\u00a0<em>\u00c9cole Royale de Musique<\/em>\u00a0in Br\u00fcssel bei Nicolas-Joseph Platel. Er beendete sein Studium 1829 mit einem ersten Preis. Er blieb f\u00fcr einige Jahren Assistent Platels. Zwischen 1829 und 1833 dirigierte er die\u00a0<em>Harmonie<\/em>\u00a0in Halle. In dieser Zeit war er Orchestermitglied der\u00a0<em>Koninklijke Muntschouwburg<\/em>\u00a0(Opernhaus) in Br\u00fcssel. Ende 1833 deb\u00fctierte er in Paris. 1835 kam er nach London.<\/p>\n<p>Servais trat regelm\u00e4\u00dfig in Belgien, Frankreich, den Niederlanden und Deutschland auf. Seine Konzertreisen brachten ihn regelm\u00e4\u00dfig nach \u00d6sterreich, Polen, Russland und Ukraine. Er konzertierte ebenso in England, D\u00e4nemark, Norwegen, Schweden, Rum\u00e4nien, der T\u00fcrkei, Ungarn, Tschechien, Slowakei, Estland, Litauen und Wei\u00dfrussland. In seiner 35-j\u00e4hrigen Karriere gab Servais einige Tausend Auftritte. Er konzertierte vor vielen gekr\u00f6nten H\u00e4uptern.<\/p>\n<p>In Russland begegnete er Sophie Feygin, die er 1842 heiratete. Das Paar bekam sechs Kinder: Sophie, Franz, Joseph, Marie, Anna und Augusta. Franz und Joseph folgten den Spuren des Vaters. In 1848 wird Servais Professor am Br\u00fcsseler Konservatorium. Bis zu seinem Tod bildete er dort eine gro\u00dfe Zahl Cellisten aus.<\/p>\n<p>Servais spielte ein Stradivari-Cello von 1701. Sein Instrument steht jetzt im Smithsonian Museum in Washington. Kenner behaupten, es w\u00e4re das beste Cello weltweit.<\/p>\n<p>Fran\u00e7ois Servais starb in seiner Geburtstadt am 26. November 1866 im Alter von 59 Jahren.<\/p>\n<p class=\"blauw_vet\"><strong>Bedeutung<\/strong><\/p>\n<p>Servais wurde als eine der gr\u00f6\u00dften Cellisten seiner Zeit angesehen. Als Cellovirtuose lieferte er einen umfangreichen Beitrag zur Entwicklung der Cellotechnik, er erweiterte die technischen M\u00f6glichkeiten, er spielte stets mit einem Stachel, was sich schnell weiter durchsetzte. Sein zahlreiches Auftreten als Solist trug dazu bei, da\u00df sich das Cello als Solointrument durchsetzte, und brachte die Belgische Celloschule auf die Karte Europas.<\/p>\n<p>Auch als Komponist blieb er nicht ohne Bedeutung; er komponierte mehr als neunzig Werke. Bekannt wurden vor allem\u00a0<em>Souvenir de Spa<\/em>\u00a0und\u00a0<em>Six Caprices<\/em>. Heutzutage erklingt seine Musik in der ganzen Welt. Eine Zahl von Kompositionen erschien auf mehr als sechzig Platten und Cds.<\/p>\n<p>Servais geno\u00df zu seinen Lebzeiten gro\u00dfer Anerkennung. Man nannte ihn den\u00a0<em>Paganini des Cellos<\/em>. U.a. sollten Hektor Berlioz und Gioaccino Rossini diese Bezeichnung verwendet haben. Ihm wurden zahlreiche Ehrungen zuteil, u. a. von K\u00f6nig Leopold von Belgien, K\u00f6nig Wilhelm II und III der Niederlanden, dem K\u00f6nig von D\u00e4nenmark und dem Kaiser von \u00d6sterreich.<\/p>\n<p>Servais war Ehrenmitglied von verschiedenen Musikvereinigungen. Er bekam ein Monument in Halle und eine B\u00fcste im K\u00f6niglichen Konservatorium in Br\u00fcssel.<\/p>\n<p>(c) Peter Fran\u00e7ois &#8211; 2016<\/p>\n<h3  class=\"h-feature-headline h3\" ><span>Zeittafel<\/span><\/h3>\n<table style=\"border-collapse: collapse; width: 100%;\">\n<tbody>\n<tr>\n<td style=\"width: 10%;\">Jahr<\/td>\n<td style=\"width: 50%;\">Ereignis<\/td>\n<\/tr>\n<tr>\n<td style=\"width: 10%;\">1807<\/td>\n<td style=\"width: 50%;\">Geburt Fran\u00e7ois Servais in Halle (Belgien) (6. Juni)<\/td>\n<\/tr>\n<tr>\n<td style=\"width: 10%;\">1820<\/td>\n<td style=\"width: 50%;\">Geburt Sophie Feygin in St. Petersburg (Russland)<\/td>\n<\/tr>\n<tr>\n<td style=\"width: 10%;\">ca. 1825<\/td>\n<td style=\"width: 50%;\">Violinunterricht bei Corneille Vanderplancken, Geiger an der Br\u00fcsseler Oper<\/td>\n<\/tr>\n<tr>\n<td style=\"width: 10%;\">1827<\/td>\n<td style=\"width: 50%;\">Anfang Cellostudium mit Nicolas Platel an der Ecole Royale de Musique (Br\u00fcssel)<\/td>\n<\/tr>\n<tr>\n<td style=\"width: 10%;\">1829<\/td>\n<td style=\"width: 50%;\">Erster Preistr\u00e4ger Cello<\/td>\n<\/tr>\n<tr>\n<td style=\"width: 10%;\">1829-1833<\/td>\n<td style=\"width: 50%;\">Repetitor Celloklasse von Platel<\/td>\n<\/tr>\n<tr>\n<td style=\"width: 10%;\"><\/td>\n<td style=\"width: 50%;\">Cellist im Orchester der Oper Br\u00fcssel<\/td>\n<\/tr>\n<tr>\n<td style=\"width: 10%;\"><\/td>\n<td style=\"width: 50%;\">Dirigent der Harmonie Sinte-Cecilia Halle<\/td>\n<\/tr>\n<tr>\n<td style=\"width: 10%;\">1833-1834<\/td>\n<td style=\"width: 50%;\">Konzerte in Paris<\/td>\n<\/tr>\n<tr>\n<td style=\"width: 10%;\">1835-1866<\/td>\n<td style=\"width: 50%;\">Konzerte in Europa (mehr Infos auf die Seiten \u201cCellist\u201d)<\/td>\n<\/tr>\n<tr>\n<td style=\"width: 10%;\">1842<\/td>\n<td style=\"width: 50%;\">Ehe mit Sophie Feygin in St. Petersburg (Juni).\u00a0Das Paar hatte sechs Kinder<\/td>\n<\/tr>\n<tr>\n<td style=\"width: 10%;\">1848-1866<\/td>\n<td style=\"width: 50%;\">Cellolehrer am Konservatorium von Br\u00fcssel<\/td>\n<\/tr>\n<tr>\n<td style=\"width: 10%;\">1865<\/td>\n<td style=\"width: 50%;\">Ehe von Sophie Servais mit Cyprien Godebski in Halle (23. Januar)<\/td>\n<\/tr>\n<tr>\n<td style=\"width: 10%;\">1866<\/td>\n<td style=\"width: 50%;\">Konzertreise nach Polen und Russland mit Joseph Servais<\/td>\n<\/tr>\n<tr>\n<td style=\"width: 10%;\"><\/td>\n<td style=\"width: 50%;\">Letzte Konzerte: Spa (B), Arras (F) und Baden-Baden (D)<\/td>\n<\/tr>\n<tr>\n<td style=\"width: 10%;\"><\/td>\n<td style=\"width: 50%;\">\u2020 Fran\u00e7ois Servais in Halle (26. November)<\/td>\n<\/tr>\n<\/tbody>\n<\/table>\n[\/vc_column_text][\/vc_column][\/vc_row]\n<\/div>","protected":false},"excerpt":{"rendered":"<p>[vc_row padding_top=&#8220;0px&#8220; padding_bottom=&#8220;0px&#8220;][vc_column width=&#8220;1\/4&#8243; fade_animation_offset=&#8220;45px&#8220;][vc_column_text][\/vc_column_text][\/vc_column][vc_column width=&#8220;3\/4&#8243; fade_animation_offset=&#8220;45px&#8220;][vc_column_text] Jahr Ereignis 1807 Geburt Fran\u00e7ois Servais in Halle (Belgien) (6. Juni) 1820 Geburt Sophie Feygin in St. Petersburg (Russland) ca. 1825 Violinunterricht bei Corneille Vanderplancken, Geiger an der Br\u00fcsseler Oper 1827 Anfang Cellostudium mit Nicolas Platel an der Ecole Royale de Musique (Br\u00fcssel) 1829 Erster Preistr\u00e4ger Cello 1829-1833 Repetitor Celloklasse von Platel Cellist &#8230;<\/p>\n","protected":false},"author":1,"featured_media":0,"parent":0,"menu_order":0,"comment_status":"closed","ping_status":"closed","template":"template-layout-full-width.php","meta":{"om_disable_all_campaigns":false,"rs_blank_template":"","rs_page_bg_color":"","slide_template_v7":"","_uf_show_specific_survey":0,"_uf_disable_surveys":false,"footnotes":""},"class_list":["post-2043","page","type-page","status-publish","hentry","no-post-thumbnail"],"yoast_head":"<!-- This site is optimized with the Yoast SEO plugin v27.2 - https:\/\/yoast.com\/product\/yoast-seo-wordpress\/ -->\n<title>Leben - Fran\u00e7ois Servais<\/title>\n<meta name=\"robots\" content=\"index, follow, max-snippet:-1, max-image-preview:large, max-video-preview:-1\" \/>\n<link rel=\"canonical\" href=\"https:\/\/www.servais-vzw.org\/de\/leven\/\" \/>\n<meta property=\"og:locale\" content=\"de_DE\" \/>\n<meta property=\"og:type\" content=\"article\" \/>\n<meta property=\"og:title\" content=\"Leben - Fran\u00e7ois Servais\" \/>\n<meta property=\"og:description\" content=\"[vc_row padding_top=&#8220;0px&#8220; padding_bottom=&#8220;0px&#8220;][vc_column width=&#8220;1\/4&#8243; fade_animation_offset=&#8220;45px&#8220;][vc_column_text][\/vc_column_text][\/vc_column][vc_column width=&#8220;3\/4&#8243; fade_animation_offset=&#8220;45px&#8220;][vc_column_text] Jahr Ereignis 1807 Geburt Fran\u00e7ois Servais in Halle (Belgien) (6. Juni) 1820 Geburt Sophie Feygin in St. Petersburg (Russland) ca. 1825 Violinunterricht bei Corneille Vanderplancken, Geiger an der Br\u00fcsseler Oper 1827 Anfang Cellostudium mit Nicolas Platel an der Ecole Royale de Musique (Br\u00fcssel) 1829 Erster Preistr\u00e4ger Cello 1829-1833 Repetitor Celloklasse von Platel Cellist ...\" \/>\n<meta property=\"og:url\" content=\"https:\/\/www.servais-vzw.org\/de\/leven\/\" \/>\n<meta property=\"og:site_name\" content=\"Fran\u00e7ois Servais\" \/>\n<meta property=\"article:modified_time\" content=\"2022-08-01T12:40:10+00:00\" \/>\n<meta name=\"twitter:card\" content=\"summary_large_image\" \/>\n<meta name=\"twitter:label1\" content=\"Gesch\u00e4tzte Lesezeit\" \/>\n\t<meta name=\"twitter:data1\" content=\"3\u00a0Minuten\" \/>\n<script type=\"application\/ld+json\" class=\"yoast-schema-graph\">{\"@context\":\"https:\/\/schema.org\",\"@graph\":[{\"@type\":\"WebPage\",\"@id\":\"https:\/\/www.servais-vzw.org\/de\/leven\/\",\"url\":\"https:\/\/www.servais-vzw.org\/de\/leven\/\",\"name\":\"Leben - Fran\u00e7ois Servais\",\"isPartOf\":{\"@id\":\"https:\/\/www.servais-vzw.org\/en\/#website\"},\"datePublished\":\"2016-08-31T16:36:41+00:00\",\"dateModified\":\"2022-08-01T12:40:10+00:00\",\"breadcrumb\":{\"@id\":\"https:\/\/www.servais-vzw.org\/de\/leven\/#breadcrumb\"},\"inLanguage\":\"de\",\"potentialAction\":[{\"@type\":\"ReadAction\",\"target\":[\"https:\/\/www.servais-vzw.org\/de\/leven\/\"]}]},{\"@type\":\"BreadcrumbList\",\"@id\":\"https:\/\/www.servais-vzw.org\/de\/leven\/#breadcrumb\",\"itemListElement\":[{\"@type\":\"ListItem\",\"position\":1,\"name\":\"Home\",\"item\":\"https:\/\/www.servais-vzw.org\/de\/\"},{\"@type\":\"ListItem\",\"position\":2,\"name\":\"Leben\"}]},{\"@type\":\"WebSite\",\"@id\":\"https:\/\/www.servais-vzw.org\/en\/#website\",\"url\":\"https:\/\/www.servais-vzw.org\/en\/\",\"name\":\"Fran\u00e7ois Servais\",\"description\":\"\",\"potentialAction\":[{\"@type\":\"SearchAction\",\"target\":{\"@type\":\"EntryPoint\",\"urlTemplate\":\"https:\/\/www.servais-vzw.org\/en\/?s={search_term_string}\"},\"query-input\":{\"@type\":\"PropertyValueSpecification\",\"valueRequired\":true,\"valueName\":\"search_term_string\"}}],\"inLanguage\":\"de\"}]}<\/script>\n<!-- \/ Yoast SEO plugin. -->","yoast_head_json":{"title":"Leben - Fran\u00e7ois Servais","robots":{"index":"index","follow":"follow","max-snippet":"max-snippet:-1","max-image-preview":"max-image-preview:large","max-video-preview":"max-video-preview:-1"},"canonical":"https:\/\/www.servais-vzw.org\/de\/leven\/","og_locale":"de_DE","og_type":"article","og_title":"Leben - Fran\u00e7ois Servais","og_description":"[vc_row padding_top=&#8220;0px&#8220; padding_bottom=&#8220;0px&#8220;][vc_column width=&#8220;1\/4&#8243; fade_animation_offset=&#8220;45px&#8220;][vc_column_text][\/vc_column_text][\/vc_column][vc_column width=&#8220;3\/4&#8243; fade_animation_offset=&#8220;45px&#8220;][vc_column_text] Jahr Ereignis 1807 Geburt Fran\u00e7ois Servais in Halle (Belgien) (6. Juni) 1820 Geburt Sophie Feygin in St. Petersburg (Russland) ca. 1825 Violinunterricht bei Corneille Vanderplancken, Geiger an der Br\u00fcsseler Oper 1827 Anfang Cellostudium mit Nicolas Platel an der Ecole Royale de Musique (Br\u00fcssel) 1829 Erster Preistr\u00e4ger Cello 1829-1833 Repetitor Celloklasse von Platel Cellist ...","og_url":"https:\/\/www.servais-vzw.org\/de\/leven\/","og_site_name":"Fran\u00e7ois Servais","article_modified_time":"2022-08-01T12:40:10+00:00","twitter_card":"summary_large_image","twitter_misc":{"Gesch\u00e4tzte Lesezeit":"3\u00a0Minuten"},"schema":{"@context":"https:\/\/schema.org","@graph":[{"@type":"WebPage","@id":"https:\/\/www.servais-vzw.org\/de\/leven\/","url":"https:\/\/www.servais-vzw.org\/de\/leven\/","name":"Leben - Fran\u00e7ois Servais","isPartOf":{"@id":"https:\/\/www.servais-vzw.org\/en\/#website"},"datePublished":"2016-08-31T16:36:41+00:00","dateModified":"2022-08-01T12:40:10+00:00","breadcrumb":{"@id":"https:\/\/www.servais-vzw.org\/de\/leven\/#breadcrumb"},"inLanguage":"de","potentialAction":[{"@type":"ReadAction","target":["https:\/\/www.servais-vzw.org\/de\/leven\/"]}]},{"@type":"BreadcrumbList","@id":"https:\/\/www.servais-vzw.org\/de\/leven\/#breadcrumb","itemListElement":[{"@type":"ListItem","position":1,"name":"Home","item":"https:\/\/www.servais-vzw.org\/de\/"},{"@type":"ListItem","position":2,"name":"Leben"}]},{"@type":"WebSite","@id":"https:\/\/www.servais-vzw.org\/en\/#website","url":"https:\/\/www.servais-vzw.org\/en\/","name":"Fran\u00e7ois Servais","description":"","potentialAction":[{"@type":"SearchAction","target":{"@type":"EntryPoint","urlTemplate":"https:\/\/www.servais-vzw.org\/en\/?s={search_term_string}"},"query-input":{"@type":"PropertyValueSpecification","valueRequired":true,"valueName":"search_term_string"}}],"inLanguage":"de"}]}},"_links":{"self":[{"href":"https:\/\/www.servais-vzw.org\/de\/wp-json\/wp\/v2\/pages\/2043","targetHints":{"allow":["GET"]}}],"collection":[{"href":"https:\/\/www.servais-vzw.org\/de\/wp-json\/wp\/v2\/pages"}],"about":[{"href":"https:\/\/www.servais-vzw.org\/de\/wp-json\/wp\/v2\/types\/page"}],"author":[{"embeddable":true,"href":"https:\/\/www.servais-vzw.org\/de\/wp-json\/wp\/v2\/users\/1"}],"replies":[{"embeddable":true,"href":"https:\/\/www.servais-vzw.org\/de\/wp-json\/wp\/v2\/comments?post=2043"}],"version-history":[{"count":9,"href":"https:\/\/www.servais-vzw.org\/de\/wp-json\/wp\/v2\/pages\/2043\/revisions"}],"predecessor-version":[{"id":9277,"href":"https:\/\/www.servais-vzw.org\/de\/wp-json\/wp\/v2\/pages\/2043\/revisions\/9277"}],"wp:attachment":[{"href":"https:\/\/www.servais-vzw.org\/de\/wp-json\/wp\/v2\/media?parent=2043"}],"curies":[{"name":"wp","href":"https:\/\/api.w.org\/{rel}","templated":true}]}}