{"id":2049,"date":"2016-08-31T16:36:43","date_gmt":"2016-08-31T16:36:43","guid":{"rendered":"http:\/\/www.servais-vzw.org\/de\/inleiding\/"},"modified":"2016-09-11T16:48:55","modified_gmt":"2016-09-11T16:48:55","slug":"inleiding","status":"publish","type":"page","link":"https:\/\/www.servais-vzw.org\/de\/inleiding\/","title":{"rendered":"Einf\u00fchrung"},"content":{"rendered":"<div class=\"wpb-content-wrapper\">[vc_row padding_top=&#8220;0px&#8220; padding_bottom=&#8220;0px&#8220;][vc_column fade_animation_offset=&#8220;45px&#8220; width=&#8220;1\/4&#8243;][\/vc_column][vc_column fade_animation_offset=&#8220;45px&#8220; width=&#8220;3\/4&#8243;]<p>Fran\u00e7ois Servais hat sehr viel f\u00fcr sein Instrument komponiert. Sein \u0152uvre umfasst mehr als neunzig Werke.<\/p>\n<ul>\n<li>4 Cellokonzerte<\/li>\n<li>etwa 20 Fantaisies mit Klavier, Quartett, Quintett oder Kammerorchester<\/li>\n<li>Caprices und Et\u00fcden f\u00fcr zwei Celli oder Violoncello und Klavier, darunter die sechs Capricen Opus 11 und die 6 Et\u00fcden<\/li>\n<li>6 Duos f\u00fcr Cello und Geige mit Henry Vieuxtemps, Hubert L\u00e9onard und Joseph Ghys<\/li>\n<li>23 Duos f\u00fcr Cello und Klavier mit Joseph Gregor<\/li>\n<\/ul>\n<p>Servais geh\u00f6rt in die Romantik; seine Kompositionen sind Musterbeispiele virtuoser romantischer Musik. Seine Kompositionen sind eine Herausforderung, sogar f\u00fcr die meisten erfahrenen Cellisten!<\/p>\n<p>Der gr\u00f6\u00dfte Teil von Servais Werk wurde gedruckt und mehrmals herausgegeben. Mehr als siebentig Herausgeber in Deutschland, Frankreich, Italien, Russland und USA und etwa zwanzig Arrangeure waren daran beteiligt.<\/p>\n<p class=\"pb_10\">Heutzutage f\u00fchren zahlreiche internationale Solisten sein Werk in Konzerten auf, und drei\u03b2ig Werke wurden auf LP oder CD aufgenommen.<\/p>\n<p>Viele Solisten mit internationalem Ruf haben Servais in ihrem Repertoire. Das bekannteste ist\u00a0<em>Souvenir de Spa<\/em>, aber auch etwa zwanzig andere Werken erscheinen ab und zu auf den Programmen.<\/p>\n<p>Servais\u2019\u00a0<em>Six Caprices<\/em>\u00a0spielen immer noch eine wichtige Rolle im weltweiten Cellounterricht. In j\u00fcngerer Zeit erschienen Reprints von\u00a0<em>Six Caprices<\/em>\u00a0in Deutschland, Frankreich, Italien und USA. Viele junge Cellisten lernen auf diese Weise Servais kennen. Ebenso wurde\u00a0<em>Souvenir de Spa<\/em>\u00a0in New York neu verlegt.<\/p>\n<p>Drei\u03b2ig Werke erschienen schon auf LP und CD. Diese Aufnahmen geben Servais Werk neue Inpulse und lassen es weiterleben. Manche Aufnahmen sind weltweit lieferbar.<\/p>\n<p>Am 26. November 1866 starb Fran\u00e7ois Servais; seine Musik ist verbreiteter denn je.<\/p>\n[\/vc_column][\/vc_row]\n<\/div>","protected":false},"excerpt":{"rendered":"<p>[vc_row padding_top=&#8220;0px&#8220; padding_bottom=&#8220;0px&#8220;][vc_column fade_animation_offset=&#8220;45px&#8220; width=&#8220;1\/4&#8243;][\/vc_column][vc_column fade_animation_offset=&#8220;45px&#8220; width=&#8220;3\/4&#8243;][\/vc_column][\/vc_row]<\/p>\n","protected":false},"author":1,"featured_media":0,"parent":0,"menu_order":0,"comment_status":"closed","ping_status":"closed","template":"template-layout-full-width.php","meta":{"om_disable_all_campaigns":false,"rs_blank_template":"","rs_page_bg_color":"","slide_template_v7":"","_uf_show_specific_survey":0,"_uf_disable_surveys":false,"footnotes":""},"class_list":["post-2049","page","type-page","status-publish","hentry","no-post-thumbnail"],"yoast_head":"<!-- This site is optimized with the Yoast SEO plugin v27.2 - https:\/\/yoast.com\/product\/yoast-seo-wordpress\/ -->\n<title>Einf\u00fchrung - Fran\u00e7ois Servais<\/title>\n<meta name=\"robots\" content=\"index, follow, max-snippet:-1, max-image-preview:large, max-video-preview:-1\" \/>\n<link rel=\"canonical\" href=\"http:\/\/www.servais-vzw.org\/de\/inleiding\/\" \/>\n<meta property=\"og:locale\" content=\"de_DE\" \/>\n<meta property=\"og:type\" content=\"article\" \/>\n<meta property=\"og:title\" content=\"Einf\u00fchrung - Fran\u00e7ois Servais\" \/>\n<meta property=\"og:description\" content=\"[vc_row padding_top=&#8220;0px&#8220; padding_bottom=&#8220;0px&#8220;][vc_column fade_animation_offset=&#8220;45px&#8220; width=&#8220;1\/4&#8243;][\/vc_column][vc_column fade_animation_offset=&#8220;45px&#8220; width=&#8220;3\/4&#8243;][\/vc_column][\/vc_row]\" \/>\n<meta property=\"og:url\" content=\"http:\/\/www.servais-vzw.org\/de\/inleiding\/\" \/>\n<meta property=\"og:site_name\" content=\"Fran\u00e7ois Servais\" \/>\n<meta property=\"article:modified_time\" content=\"2016-09-11T16:48:55+00:00\" \/>\n<meta name=\"twitter:card\" content=\"summary_large_image\" \/>\n<meta name=\"twitter:label1\" content=\"Gesch\u00e4tzte Lesezeit\" \/>\n\t<meta name=\"twitter:data1\" content=\"1\u00a0Minute\" \/>\n<script type=\"application\/ld+json\" class=\"yoast-schema-graph\">{\"@context\":\"https:\/\/schema.org\",\"@graph\":[{\"@type\":\"WebPage\",\"@id\":\"http:\/\/www.servais-vzw.org\/de\/inleiding\/\",\"url\":\"http:\/\/www.servais-vzw.org\/de\/inleiding\/\",\"name\":\"Einf\u00fchrung - Fran\u00e7ois Servais\",\"isPartOf\":{\"@id\":\"https:\/\/www.servais-vzw.org\/en\/#website\"},\"datePublished\":\"2016-08-31T16:36:43+00:00\",\"dateModified\":\"2016-09-11T16:48:55+00:00\",\"breadcrumb\":{\"@id\":\"http:\/\/www.servais-vzw.org\/de\/inleiding\/#breadcrumb\"},\"inLanguage\":\"de\",\"potentialAction\":[{\"@type\":\"ReadAction\",\"target\":[\"http:\/\/www.servais-vzw.org\/de\/inleiding\/\"]}]},{\"@type\":\"BreadcrumbList\",\"@id\":\"http:\/\/www.servais-vzw.org\/de\/inleiding\/#breadcrumb\",\"itemListElement\":[{\"@type\":\"ListItem\",\"position\":1,\"name\":\"Home\",\"item\":\"https:\/\/www.servais-vzw.org\/de\/\"},{\"@type\":\"ListItem\",\"position\":2,\"name\":\"Einf\u00fchrung\"}]},{\"@type\":\"WebSite\",\"@id\":\"https:\/\/www.servais-vzw.org\/en\/#website\",\"url\":\"https:\/\/www.servais-vzw.org\/en\/\",\"name\":\"Fran\u00e7ois Servais\",\"description\":\"\",\"potentialAction\":[{\"@type\":\"SearchAction\",\"target\":{\"@type\":\"EntryPoint\",\"urlTemplate\":\"https:\/\/www.servais-vzw.org\/en\/?s={search_term_string}\"},\"query-input\":{\"@type\":\"PropertyValueSpecification\",\"valueRequired\":true,\"valueName\":\"search_term_string\"}}],\"inLanguage\":\"de\"}]}<\/script>\n<!-- \/ Yoast SEO plugin. -->","yoast_head_json":{"title":"Einf\u00fchrung - Fran\u00e7ois Servais","robots":{"index":"index","follow":"follow","max-snippet":"max-snippet:-1","max-image-preview":"max-image-preview:large","max-video-preview":"max-video-preview:-1"},"canonical":"http:\/\/www.servais-vzw.org\/de\/inleiding\/","og_locale":"de_DE","og_type":"article","og_title":"Einf\u00fchrung - Fran\u00e7ois Servais","og_description":"[vc_row padding_top=&#8220;0px&#8220; padding_bottom=&#8220;0px&#8220;][vc_column fade_animation_offset=&#8220;45px&#8220; width=&#8220;1\/4&#8243;][\/vc_column][vc_column fade_animation_offset=&#8220;45px&#8220; width=&#8220;3\/4&#8243;][\/vc_column][\/vc_row]","og_url":"http:\/\/www.servais-vzw.org\/de\/inleiding\/","og_site_name":"Fran\u00e7ois Servais","article_modified_time":"2016-09-11T16:48:55+00:00","twitter_card":"summary_large_image","twitter_misc":{"Gesch\u00e4tzte Lesezeit":"1\u00a0Minute"},"schema":{"@context":"https:\/\/schema.org","@graph":[{"@type":"WebPage","@id":"http:\/\/www.servais-vzw.org\/de\/inleiding\/","url":"http:\/\/www.servais-vzw.org\/de\/inleiding\/","name":"Einf\u00fchrung - Fran\u00e7ois Servais","isPartOf":{"@id":"https:\/\/www.servais-vzw.org\/en\/#website"},"datePublished":"2016-08-31T16:36:43+00:00","dateModified":"2016-09-11T16:48:55+00:00","breadcrumb":{"@id":"http:\/\/www.servais-vzw.org\/de\/inleiding\/#breadcrumb"},"inLanguage":"de","potentialAction":[{"@type":"ReadAction","target":["http:\/\/www.servais-vzw.org\/de\/inleiding\/"]}]},{"@type":"BreadcrumbList","@id":"http:\/\/www.servais-vzw.org\/de\/inleiding\/#breadcrumb","itemListElement":[{"@type":"ListItem","position":1,"name":"Home","item":"https:\/\/www.servais-vzw.org\/de\/"},{"@type":"ListItem","position":2,"name":"Einf\u00fchrung"}]},{"@type":"WebSite","@id":"https:\/\/www.servais-vzw.org\/en\/#website","url":"https:\/\/www.servais-vzw.org\/en\/","name":"Fran\u00e7ois Servais","description":"","potentialAction":[{"@type":"SearchAction","target":{"@type":"EntryPoint","urlTemplate":"https:\/\/www.servais-vzw.org\/en\/?s={search_term_string}"},"query-input":{"@type":"PropertyValueSpecification","valueRequired":true,"valueName":"search_term_string"}}],"inLanguage":"de"}]}},"_links":{"self":[{"href":"https:\/\/www.servais-vzw.org\/de\/wp-json\/wp\/v2\/pages\/2049","targetHints":{"allow":["GET"]}}],"collection":[{"href":"https:\/\/www.servais-vzw.org\/de\/wp-json\/wp\/v2\/pages"}],"about":[{"href":"https:\/\/www.servais-vzw.org\/de\/wp-json\/wp\/v2\/types\/page"}],"author":[{"embeddable":true,"href":"https:\/\/www.servais-vzw.org\/de\/wp-json\/wp\/v2\/users\/1"}],"replies":[{"embeddable":true,"href":"https:\/\/www.servais-vzw.org\/de\/wp-json\/wp\/v2\/comments?post=2049"}],"version-history":[{"count":4,"href":"https:\/\/www.servais-vzw.org\/de\/wp-json\/wp\/v2\/pages\/2049\/revisions"}],"predecessor-version":[{"id":2871,"href":"https:\/\/www.servais-vzw.org\/de\/wp-json\/wp\/v2\/pages\/2049\/revisions\/2871"}],"wp:attachment":[{"href":"https:\/\/www.servais-vzw.org\/de\/wp-json\/wp\/v2\/media?parent=2049"}],"curies":[{"name":"wp","href":"https:\/\/api.w.org\/{rel}","templated":true}]}}