{"id":2060,"date":"2016-08-31T16:36:55","date_gmt":"2016-08-31T16:36:55","guid":{"rendered":"http:\/\/www.servais-vzw.org\/de\/onderzoek\/servaisonderzoek\/"},"modified":"2016-09-11T16:10:15","modified_gmt":"2016-09-11T16:10:15","slug":"servaisonderzoek","status":"publish","type":"page","link":"https:\/\/www.servais-vzw.org\/de\/servaisonderzoek\/","title":{"rendered":"Servais Forschung"},"content":{"rendered":"<div class=\"wpb-content-wrapper\">[vc_row padding_top=&#8220;0px&#8220; padding_bottom=&#8220;0px&#8220;][vc_column fade_animation_offset=&#8220;45px&#8220; width=&#8220;1\/1&#8243;]<p>Die Forschung \u00fcber Leben und Werk von Francois Servais und seinen Nachkommen l\u00e4uft weiter. Der hallensische Historiker und Musikwissenschaftler Peter Fran\u00e7ois\u00a0sammelt Informationen aus Archiven im In- und Ausland. Er publiziert regelm\u00e4\u00dfig seine neuen Ergebnisse.\u00a0Auch andere Forscher publizieren \u00fcber die Familie Servais (sehe Forschung &#8211; Publikationen).<\/p>\n<p class=\"links\">Besitzen Sie selber Unterlagen oder andere nutzlichen Angaben? Suchen Sie Informationen? Z\u00f6gern Sie nicht mit uns in Verbindung zu treten:\u00a0<a href=\"mailto:peter@servais-vzw.org\">e-mail<\/a>.<\/p>\n[\/vc_column][\/vc_row]\n<\/div>","protected":false},"excerpt":{"rendered":"<p>[vc_row padding_top=&#8220;0px&#8220; padding_bottom=&#8220;0px&#8220;][vc_column fade_animation_offset=&#8220;45px&#8220; width=&#8220;1\/1&#8243;][\/vc_column][\/vc_row]<\/p>\n","protected":false},"author":1,"featured_media":0,"parent":0,"menu_order":0,"comment_status":"closed","ping_status":"closed","template":"template-layout-full-width.php","meta":{"om_disable_all_campaigns":false,"rs_blank_template":"","rs_page_bg_color":"","slide_template_v7":"","_uf_show_specific_survey":0,"_uf_disable_surveys":false,"footnotes":""},"class_list":["post-2060","page","type-page","status-publish","hentry","no-post-thumbnail"],"yoast_head":"<!-- This site is optimized with the Yoast SEO plugin v27.2 - https:\/\/yoast.com\/product\/yoast-seo-wordpress\/ -->\n<title>Servais Forschung - Fran\u00e7ois Servais<\/title>\n<meta name=\"robots\" content=\"index, follow, max-snippet:-1, max-image-preview:large, max-video-preview:-1\" \/>\n<link rel=\"canonical\" href=\"http:\/\/www.servais-vzw.org\/de\/servaisonderzoek\/\" \/>\n<meta property=\"og:locale\" content=\"de_DE\" \/>\n<meta property=\"og:type\" content=\"article\" \/>\n<meta property=\"og:title\" content=\"Servais Forschung - Fran\u00e7ois Servais\" \/>\n<meta property=\"og:description\" content=\"[vc_row padding_top=&#8220;0px&#8220; padding_bottom=&#8220;0px&#8220;][vc_column fade_animation_offset=&#8220;45px&#8220; width=&#8220;1\/1&#8243;][\/vc_column][\/vc_row]\" \/>\n<meta property=\"og:url\" content=\"http:\/\/www.servais-vzw.org\/de\/servaisonderzoek\/\" \/>\n<meta property=\"og:site_name\" content=\"Fran\u00e7ois Servais\" \/>\n<meta property=\"article:modified_time\" content=\"2016-09-11T16:10:15+00:00\" \/>\n<meta name=\"twitter:card\" content=\"summary_large_image\" \/>\n<script type=\"application\/ld+json\" class=\"yoast-schema-graph\">{\"@context\":\"https:\/\/schema.org\",\"@graph\":[{\"@type\":\"WebPage\",\"@id\":\"http:\/\/www.servais-vzw.org\/de\/servaisonderzoek\/\",\"url\":\"http:\/\/www.servais-vzw.org\/de\/servaisonderzoek\/\",\"name\":\"Servais Forschung - Fran\u00e7ois Servais\",\"isPartOf\":{\"@id\":\"https:\/\/www.servais-vzw.org\/en\/#website\"},\"datePublished\":\"2016-08-31T16:36:55+00:00\",\"dateModified\":\"2016-09-11T16:10:15+00:00\",\"breadcrumb\":{\"@id\":\"http:\/\/www.servais-vzw.org\/de\/servaisonderzoek\/#breadcrumb\"},\"inLanguage\":\"de\",\"potentialAction\":[{\"@type\":\"ReadAction\",\"target\":[\"http:\/\/www.servais-vzw.org\/de\/servaisonderzoek\/\"]}]},{\"@type\":\"BreadcrumbList\",\"@id\":\"http:\/\/www.servais-vzw.org\/de\/servaisonderzoek\/#breadcrumb\",\"itemListElement\":[{\"@type\":\"ListItem\",\"position\":1,\"name\":\"Home\",\"item\":\"https:\/\/www.servais-vzw.org\/de\/\"},{\"@type\":\"ListItem\",\"position\":2,\"name\":\"Servais Forschung\"}]},{\"@type\":\"WebSite\",\"@id\":\"https:\/\/www.servais-vzw.org\/en\/#website\",\"url\":\"https:\/\/www.servais-vzw.org\/en\/\",\"name\":\"Fran\u00e7ois Servais\",\"description\":\"\",\"potentialAction\":[{\"@type\":\"SearchAction\",\"target\":{\"@type\":\"EntryPoint\",\"urlTemplate\":\"https:\/\/www.servais-vzw.org\/en\/?s={search_term_string}\"},\"query-input\":{\"@type\":\"PropertyValueSpecification\",\"valueRequired\":true,\"valueName\":\"search_term_string\"}}],\"inLanguage\":\"de\"}]}<\/script>\n<!-- \/ Yoast SEO plugin. -->","yoast_head_json":{"title":"Servais Forschung - Fran\u00e7ois Servais","robots":{"index":"index","follow":"follow","max-snippet":"max-snippet:-1","max-image-preview":"max-image-preview:large","max-video-preview":"max-video-preview:-1"},"canonical":"http:\/\/www.servais-vzw.org\/de\/servaisonderzoek\/","og_locale":"de_DE","og_type":"article","og_title":"Servais Forschung - Fran\u00e7ois Servais","og_description":"[vc_row padding_top=&#8220;0px&#8220; padding_bottom=&#8220;0px&#8220;][vc_column fade_animation_offset=&#8220;45px&#8220; width=&#8220;1\/1&#8243;][\/vc_column][\/vc_row]","og_url":"http:\/\/www.servais-vzw.org\/de\/servaisonderzoek\/","og_site_name":"Fran\u00e7ois Servais","article_modified_time":"2016-09-11T16:10:15+00:00","twitter_card":"summary_large_image","schema":{"@context":"https:\/\/schema.org","@graph":[{"@type":"WebPage","@id":"http:\/\/www.servais-vzw.org\/de\/servaisonderzoek\/","url":"http:\/\/www.servais-vzw.org\/de\/servaisonderzoek\/","name":"Servais Forschung - Fran\u00e7ois Servais","isPartOf":{"@id":"https:\/\/www.servais-vzw.org\/en\/#website"},"datePublished":"2016-08-31T16:36:55+00:00","dateModified":"2016-09-11T16:10:15+00:00","breadcrumb":{"@id":"http:\/\/www.servais-vzw.org\/de\/servaisonderzoek\/#breadcrumb"},"inLanguage":"de","potentialAction":[{"@type":"ReadAction","target":["http:\/\/www.servais-vzw.org\/de\/servaisonderzoek\/"]}]},{"@type":"BreadcrumbList","@id":"http:\/\/www.servais-vzw.org\/de\/servaisonderzoek\/#breadcrumb","itemListElement":[{"@type":"ListItem","position":1,"name":"Home","item":"https:\/\/www.servais-vzw.org\/de\/"},{"@type":"ListItem","position":2,"name":"Servais Forschung"}]},{"@type":"WebSite","@id":"https:\/\/www.servais-vzw.org\/en\/#website","url":"https:\/\/www.servais-vzw.org\/en\/","name":"Fran\u00e7ois Servais","description":"","potentialAction":[{"@type":"SearchAction","target":{"@type":"EntryPoint","urlTemplate":"https:\/\/www.servais-vzw.org\/en\/?s={search_term_string}"},"query-input":{"@type":"PropertyValueSpecification","valueRequired":true,"valueName":"search_term_string"}}],"inLanguage":"de"}]}},"_links":{"self":[{"href":"https:\/\/www.servais-vzw.org\/de\/wp-json\/wp\/v2\/pages\/2060","targetHints":{"allow":["GET"]}}],"collection":[{"href":"https:\/\/www.servais-vzw.org\/de\/wp-json\/wp\/v2\/pages"}],"about":[{"href":"https:\/\/www.servais-vzw.org\/de\/wp-json\/wp\/v2\/types\/page"}],"author":[{"embeddable":true,"href":"https:\/\/www.servais-vzw.org\/de\/wp-json\/wp\/v2\/users\/1"}],"replies":[{"embeddable":true,"href":"https:\/\/www.servais-vzw.org\/de\/wp-json\/wp\/v2\/comments?post=2060"}],"version-history":[{"count":4,"href":"https:\/\/www.servais-vzw.org\/de\/wp-json\/wp\/v2\/pages\/2060\/revisions"}],"predecessor-version":[{"id":2845,"href":"https:\/\/www.servais-vzw.org\/de\/wp-json\/wp\/v2\/pages\/2060\/revisions\/2845"}],"wp:attachment":[{"href":"https:\/\/www.servais-vzw.org\/de\/wp-json\/wp\/v2\/media?parent=2060"}],"curies":[{"name":"wp","href":"https:\/\/api.w.org\/{rel}","templated":true}]}}