{"id":2067,"date":"2016-08-31T16:37:01","date_gmt":"2016-08-31T16:37:01","guid":{"rendered":"http:\/\/www.servais-vzw.org\/de\/servais-vzw\/de-vereniging\/"},"modified":"2023-11-28T15:05:25","modified_gmt":"2023-11-28T15:05:25","slug":"de-vereniging","status":"publish","type":"page","link":"https:\/\/www.servais-vzw.org\/de\/servais-vzw\/de-vereniging\/","title":{"rendered":"Ziel und Vorstand"},"content":{"rendered":"<div class=\"wpb-content-wrapper\">[vc_row padding_top=&#8220;0px&#8220; padding_bottom=&#8220;0px&#8220;][vc_column width=&#8220;1\/4&#8243; fade_animation_offset=&#8220;45px&#8220;][vc_column_text]<img decoding=\"async\"  class=\"x-img\"  src=\"https:\/\/www.servais-vzw.org\/wp-content\/uploads\/2015\/09\/Logo_klein1.png\" >[\/vc_column_text][\/vc_column][vc_column width=&#8220;3\/4&#8243; fade_animation_offset=&#8220;45px&#8220;][vc_column_text]<p class=\"blauw_vet\"><strong>Das Ziel des gemeinn\u00fctzigen Servaisvereins (vzw Servais)<\/strong><\/p>\n<p>Wir nahmen unsere Arbeit am 26. November 2003 auf und best\u00e4tigten sie mit der Gr\u00fcndung des gemeinn\u00fctzigen Vereins am 16. Februar 2005.<\/p>\n<p>Der Verein hat zum Ziel das Leben und Werk des hallensischen Cellisten und Komponisten Fran\u00e7ois Servais und seiner Nachkommen zu ergr\u00fcnden und bekannt zu machen. Er darf in diesem Rahmen alle Initiativen und Anregungen wahrnehmen, die dazu beitragen die Musik von Servais und seinen Zeitgenossen, so wie das Musik- und kulturelle Leben in Halle zu f\u00f6rdern.<\/p>\n<p>Das erste ehrgeizige Projekt war die Feier zum 200. Geburtstag von Servais in 2007. Das Festjahr war der Auftakt zu einer Wiederentdeckung von Servais.<\/p>\n<p class=\"pb_10\">Der Servaisverein versteht sich u.a. als internationaler Ansprechpartner f\u00fcr alles was Bezug zu Servais hat.<\/p>\n<p class=\" blauw_vet\">Der Vorstand\u00a0setzt sich wie folgt zusammen:<\/p>\n<p>&nbsp;<\/p>\n<p><em>Vorsitzender:<\/em> Peter Fran\u00e7ois<br \/>\n<em>Kassenwart:<\/em> Myriam Vandoren<br \/>\n<em>Schriftf\u00fchrer:<\/em> Guido Fran\u00e7ois<br \/>\n<em>Mitglieder:<\/em> Jan Ophalvens, Doroth\u00e9e Pawlutschenko, Karin Van Snick<\/p>\n[\/vc_column_text][\/vc_column][\/vc_row]\n<\/div>","protected":false},"excerpt":{"rendered":"<p>[vc_row padding_top=&#8220;0px&#8220; padding_bottom=&#8220;0px&#8220;][vc_column width=&#8220;1\/4&#8243; fade_animation_offset=&#8220;45px&#8220;][vc_column_text][\/vc_column_text][\/vc_column][vc_column width=&#8220;3\/4&#8243; fade_animation_offset=&#8220;45px&#8220;][vc_column_text][\/vc_column_text][\/vc_column][\/vc_row]<\/p>\n","protected":false},"author":1,"featured_media":0,"parent":2063,"menu_order":0,"comment_status":"closed","ping_status":"closed","template":"template-layout-full-width.php","meta":{"om_disable_all_campaigns":false,"rs_blank_template":"","rs_page_bg_color":"","slide_template_v7":"","_uf_show_specific_survey":0,"_uf_disable_surveys":false,"footnotes":""},"class_list":["post-2067","page","type-page","status-publish","hentry","no-post-thumbnail"],"yoast_head":"<!-- This site is optimized with the Yoast SEO plugin v27.2 - https:\/\/yoast.com\/product\/yoast-seo-wordpress\/ -->\n<title>Ziel und Vorstand - Fran\u00e7ois Servais<\/title>\n<meta name=\"robots\" content=\"index, follow, max-snippet:-1, max-image-preview:large, max-video-preview:-1\" \/>\n<link rel=\"canonical\" href=\"https:\/\/www.servais-vzw.org\/de\/servais-vzw\/de-vereniging\/\" \/>\n<meta property=\"og:locale\" content=\"de_DE\" \/>\n<meta property=\"og:type\" content=\"article\" \/>\n<meta property=\"og:title\" content=\"Ziel und Vorstand - Fran\u00e7ois Servais\" \/>\n<meta property=\"og:description\" content=\"[vc_row padding_top=&#8220;0px&#8220; padding_bottom=&#8220;0px&#8220;][vc_column width=&#8220;1\/4&#8243; fade_animation_offset=&#8220;45px&#8220;][vc_column_text][\/vc_column_text][\/vc_column][vc_column width=&#8220;3\/4&#8243; fade_animation_offset=&#8220;45px&#8220;][vc_column_text][\/vc_column_text][\/vc_column][\/vc_row]\" \/>\n<meta property=\"og:url\" content=\"https:\/\/www.servais-vzw.org\/de\/servais-vzw\/de-vereniging\/\" \/>\n<meta property=\"og:site_name\" content=\"Fran\u00e7ois Servais\" \/>\n<meta property=\"article:modified_time\" content=\"2023-11-28T15:05:25+00:00\" \/>\n<meta name=\"twitter:card\" content=\"summary_large_image\" \/>\n<meta name=\"twitter:label1\" content=\"Gesch\u00e4tzte Lesezeit\" \/>\n\t<meta name=\"twitter:data1\" content=\"1\u00a0Minute\" \/>\n<script type=\"application\/ld+json\" class=\"yoast-schema-graph\">{\"@context\":\"https:\/\/schema.org\",\"@graph\":[{\"@type\":\"WebPage\",\"@id\":\"https:\/\/www.servais-vzw.org\/de\/servais-vzw\/de-vereniging\/\",\"url\":\"https:\/\/www.servais-vzw.org\/de\/servais-vzw\/de-vereniging\/\",\"name\":\"Ziel und Vorstand - Fran\u00e7ois Servais\",\"isPartOf\":{\"@id\":\"https:\/\/www.servais-vzw.org\/en\/#website\"},\"datePublished\":\"2016-08-31T16:37:01+00:00\",\"dateModified\":\"2023-11-28T15:05:25+00:00\",\"breadcrumb\":{\"@id\":\"https:\/\/www.servais-vzw.org\/de\/servais-vzw\/de-vereniging\/#breadcrumb\"},\"inLanguage\":\"de\",\"potentialAction\":[{\"@type\":\"ReadAction\",\"target\":[\"https:\/\/www.servais-vzw.org\/de\/servais-vzw\/de-vereniging\/\"]}]},{\"@type\":\"BreadcrumbList\",\"@id\":\"https:\/\/www.servais-vzw.org\/de\/servais-vzw\/de-vereniging\/#breadcrumb\",\"itemListElement\":[{\"@type\":\"ListItem\",\"position\":1,\"name\":\"Home\",\"item\":\"https:\/\/www.servais-vzw.org\/de\/\"},{\"@type\":\"ListItem\",\"position\":2,\"name\":\"Servaisverein\",\"item\":\"https:\/\/www.servais-vzw.org\/de\/servais-vzw\/\"},{\"@type\":\"ListItem\",\"position\":3,\"name\":\"Ziel und Vorstand\"}]},{\"@type\":\"WebSite\",\"@id\":\"https:\/\/www.servais-vzw.org\/en\/#website\",\"url\":\"https:\/\/www.servais-vzw.org\/en\/\",\"name\":\"Fran\u00e7ois Servais\",\"description\":\"\",\"potentialAction\":[{\"@type\":\"SearchAction\",\"target\":{\"@type\":\"EntryPoint\",\"urlTemplate\":\"https:\/\/www.servais-vzw.org\/en\/?s={search_term_string}\"},\"query-input\":{\"@type\":\"PropertyValueSpecification\",\"valueRequired\":true,\"valueName\":\"search_term_string\"}}],\"inLanguage\":\"de\"}]}<\/script>\n<!-- \/ Yoast SEO plugin. -->","yoast_head_json":{"title":"Ziel und Vorstand - Fran\u00e7ois Servais","robots":{"index":"index","follow":"follow","max-snippet":"max-snippet:-1","max-image-preview":"max-image-preview:large","max-video-preview":"max-video-preview:-1"},"canonical":"https:\/\/www.servais-vzw.org\/de\/servais-vzw\/de-vereniging\/","og_locale":"de_DE","og_type":"article","og_title":"Ziel und Vorstand - Fran\u00e7ois Servais","og_description":"[vc_row padding_top=&#8220;0px&#8220; padding_bottom=&#8220;0px&#8220;][vc_column width=&#8220;1\/4&#8243; fade_animation_offset=&#8220;45px&#8220;][vc_column_text][\/vc_column_text][\/vc_column][vc_column width=&#8220;3\/4&#8243; fade_animation_offset=&#8220;45px&#8220;][vc_column_text][\/vc_column_text][\/vc_column][\/vc_row]","og_url":"https:\/\/www.servais-vzw.org\/de\/servais-vzw\/de-vereniging\/","og_site_name":"Fran\u00e7ois Servais","article_modified_time":"2023-11-28T15:05:25+00:00","twitter_card":"summary_large_image","twitter_misc":{"Gesch\u00e4tzte Lesezeit":"1\u00a0Minute"},"schema":{"@context":"https:\/\/schema.org","@graph":[{"@type":"WebPage","@id":"https:\/\/www.servais-vzw.org\/de\/servais-vzw\/de-vereniging\/","url":"https:\/\/www.servais-vzw.org\/de\/servais-vzw\/de-vereniging\/","name":"Ziel und Vorstand - Fran\u00e7ois Servais","isPartOf":{"@id":"https:\/\/www.servais-vzw.org\/en\/#website"},"datePublished":"2016-08-31T16:37:01+00:00","dateModified":"2023-11-28T15:05:25+00:00","breadcrumb":{"@id":"https:\/\/www.servais-vzw.org\/de\/servais-vzw\/de-vereniging\/#breadcrumb"},"inLanguage":"de","potentialAction":[{"@type":"ReadAction","target":["https:\/\/www.servais-vzw.org\/de\/servais-vzw\/de-vereniging\/"]}]},{"@type":"BreadcrumbList","@id":"https:\/\/www.servais-vzw.org\/de\/servais-vzw\/de-vereniging\/#breadcrumb","itemListElement":[{"@type":"ListItem","position":1,"name":"Home","item":"https:\/\/www.servais-vzw.org\/de\/"},{"@type":"ListItem","position":2,"name":"Servaisverein","item":"https:\/\/www.servais-vzw.org\/de\/servais-vzw\/"},{"@type":"ListItem","position":3,"name":"Ziel und Vorstand"}]},{"@type":"WebSite","@id":"https:\/\/www.servais-vzw.org\/en\/#website","url":"https:\/\/www.servais-vzw.org\/en\/","name":"Fran\u00e7ois Servais","description":"","potentialAction":[{"@type":"SearchAction","target":{"@type":"EntryPoint","urlTemplate":"https:\/\/www.servais-vzw.org\/en\/?s={search_term_string}"},"query-input":{"@type":"PropertyValueSpecification","valueRequired":true,"valueName":"search_term_string"}}],"inLanguage":"de"}]}},"_links":{"self":[{"href":"https:\/\/www.servais-vzw.org\/de\/wp-json\/wp\/v2\/pages\/2067","targetHints":{"allow":["GET"]}}],"collection":[{"href":"https:\/\/www.servais-vzw.org\/de\/wp-json\/wp\/v2\/pages"}],"about":[{"href":"https:\/\/www.servais-vzw.org\/de\/wp-json\/wp\/v2\/types\/page"}],"author":[{"embeddable":true,"href":"https:\/\/www.servais-vzw.org\/de\/wp-json\/wp\/v2\/users\/1"}],"replies":[{"embeddable":true,"href":"https:\/\/www.servais-vzw.org\/de\/wp-json\/wp\/v2\/comments?post=2067"}],"version-history":[{"count":5,"href":"https:\/\/www.servais-vzw.org\/de\/wp-json\/wp\/v2\/pages\/2067\/revisions"}],"predecessor-version":[{"id":9774,"href":"https:\/\/www.servais-vzw.org\/de\/wp-json\/wp\/v2\/pages\/2067\/revisions\/9774"}],"up":[{"embeddable":true,"href":"https:\/\/www.servais-vzw.org\/de\/wp-json\/wp\/v2\/pages\/2063"}],"wp:attachment":[{"href":"https:\/\/www.servais-vzw.org\/de\/wp-json\/wp\/v2\/media?parent=2067"}],"curies":[{"name":"wp","href":"https:\/\/api.w.org\/{rel}","templated":true}]}}