{"id":2073,"date":"2016-08-31T16:37:10","date_gmt":"2016-08-31T16:37:10","guid":{"rendered":"http:\/\/www.servais-vzw.org\/de\/servais-vzw\/over-deze-site\/"},"modified":"2016-09-11T16:00:32","modified_gmt":"2016-09-11T16:00:32","slug":"over-deze-site","status":"publish","type":"page","link":"https:\/\/www.servais-vzw.org\/de\/servais-vzw\/over-deze-site\/","title":{"rendered":"\u00fcber diese Webseite"},"content":{"rendered":"<p>Diese Webseite \u201cFran\u00e7ois Servais (1807-1866), der Paganini des Cellos\u201dist eine Initiative des Servaisvereins. Sie wurde offiziell gestartet am 26. November 2005.\u00a0Im Jahr 2016 wurde es komplett erneuert. Von 2005 bis 2014 war der Webmaster Renaat Uyttersprot. Ab 2015 ist Axel Jacobs den Webmaster.<\/p>\n<p>Der \u00fcbergro\u00dfe Teil des Inhalts dieser Seite ergibt sich aus den Resultaten der wissenschaftlichen Arbeit von Peter Fran\u00e7ois \u00fcber Leben und Werk von Servais. Z\u00f6gern Sie nicht ihn anzusprechen (<a href=\"mailto:peter@servais-vzw.org?subject=Info%20website%20servais-vzw.org\">hier klicken<\/a>) wegen Fragen, Erg\u00e4nzungen und Korrekturen oder f\u00fcr den Fall, da\u00df Sie hier etwas publizieren m\u00f6chten.<\/p>\n<p>Deutsche \u00dcbersetzung: Francine Mertens.<\/p>\n<h3>Gesetzlicher Bericht<\/h3>\n<p class=\"blauw_vet\"><strong>Geistiges Eigentum<\/strong><\/p>\n<p>Das Reproduzieren, Weitervermitteln oder ver\u00f6ffentlichen von Publikationen, Dokumenten oder Informationen auf diese Seite f\u00fcr nicht kommerziellen Zwecke ist erlaubt, vorausgesetzt die Quelle wird als folgt erw\u00e4hnt:\u00a0<em>Peter Fran\u00e7ois, Fran\u00e7ois Servais (1807-1866), der Paganini des Cellos, www.servais-vzw.org<\/em>\u00a0(oder die vollst\u00e4ndige Webadresse der jeweiligen Seite).<\/p>\n<p class=\"blauw_vet\"><strong>\u00dcbernahme Ihrer pers\u00f6nlichen Daten<\/strong><\/p>\n<p>Der Servaisverein kann pers\u00f6nliche Daten sammeln, um Ihre Fragen zu bearbeiten. Er kann diese Daten nutzen, um Sie \u00fcber seine Aktivit\u00e4ten zu unterrichten. Wenn Sie das nicht w\u00fcnschen, erw\u00e4hnen Sie es bitte in Ihrem Antrag. Sie k\u00f6nnen jederzeit Ihre pers\u00f6nlichen Daten per E-Mail abrufen und korrigieren.<\/p>\n<p>Die Servaisseite benutzt Cookies. Das sind kleine Bestandteile auf der Festplatte Ihres Computers. Sie beinhalten keine pers\u00f6nlichen Daten, sie dienen lediglich dazu, Ihren n\u00e4chsten Besuch auf unsere Seite zu vereinfachen. Sie speichert zum Beispiel die Sprache, die Sie bei Ihnen ersten Besuch angegeben haben. Auf diese Weise m\u00fcssen Sie das nicht bei einem erneuten Besuch wiederhohlen. Sie k\u00f6nnen den Gebrauch von Cookies in Ihrem Browser ausschalten, falls Sie das w\u00fcnschen. In diesem Fall dauert das Aufrufen unsere Seite l\u00e4nger.<\/p>\n<p>Der Servaisverein beh\u00e4lt sich das Recht vor, die Regelung zur Benutzung pers\u00f6nlicher Daten jederzeit anzupassen und tut das konform dem Gesetzt von 8. Dezember 1992 zum Schutz der pers\u00f6nlichen Sph\u00e4re.<\/p>\n<p class=\"blauw_vet\"><strong>Haftbarkeit<\/strong><\/p>\n<p>Diese Seite hat zum Ziel das Leben, Werk und historischen Hintergrund des Musikers und Komponisten Fran\u00e7ois Servais zu mehr Bekanntheit zu verhelfen.<\/p>\n<p>Der Servaisverein \u00fcbernimmt f\u00fcr die Richtigkeit des Inhalts keine Verantwortung. Die Information die hier aufgenommen wird, ist ausschlie\u00dflich allgemeiner Art und nicht auf den Einzelfall bezogen. Sie ist nicht unbedingt vollst\u00e4ndig, genau oder \u00fcberarbeitet und ist kein professionelles Gutachten.<\/p>\n<p>Der Servaisverein haftet nicht f\u00fcr m\u00f6gliche St\u00f6rungen, Unterbrechungen oder Fehler der Website. Die Seite beinhaltet Links nach anderen Websites, die m\u00f6glicherweise interessant sein k\u00f6nnten f\u00fcr Besucher unserer Seite. Der Servaisverein ist ebenso nicht verantwortlich f\u00fcr den Inhalt der verlinkten Seiten. Der Verein wird die Links nach anderen Websites entfernen, sobald er von ihren illegalen Charakter erf\u00e4hrt.<\/p>\n","protected":false},"excerpt":{"rendered":"<p>Diese Webseite \u201cFran\u00e7ois Servais (1807-1866), der Paganini des Cellos\u201dist eine Initiative des Servaisvereins. Sie wurde offiziell gestartet am 26. November 2005.\u00a0Im Jahr 2016 wurde es komplett erneuert. Von 2005 bis 2014 war der Webmaster Renaat Uyttersprot. Ab 2015 ist Axel Jacobs den Webmaster. Der \u00fcbergro\u00dfe Teil des Inhalts dieser Seite ergibt sich aus den Resultaten der wissenschaftlichen Arbeit von Peter &#8230;<\/p>\n","protected":false},"author":1,"featured_media":0,"parent":2063,"menu_order":0,"comment_status":"closed","ping_status":"closed","template":"template-layout-full-width.php","meta":{"om_disable_all_campaigns":false,"rs_blank_template":"","rs_page_bg_color":"","slide_template_v7":"","_uf_show_specific_survey":0,"_uf_disable_surveys":false,"footnotes":""},"class_list":["post-2073","page","type-page","status-publish","hentry","no-post-thumbnail"],"yoast_head":"<!-- This site is optimized with the Yoast SEO plugin v27.2 - https:\/\/yoast.com\/product\/yoast-seo-wordpress\/ -->\n<title>\u00fcber diese Webseite - Fran\u00e7ois Servais<\/title>\n<meta name=\"robots\" content=\"index, follow, max-snippet:-1, max-image-preview:large, max-video-preview:-1\" \/>\n<link rel=\"canonical\" href=\"https:\/\/www.servais-vzw.org\/de\/servais-vzw\/over-deze-site\/\" \/>\n<meta property=\"og:locale\" content=\"de_DE\" \/>\n<meta property=\"og:type\" content=\"article\" \/>\n<meta property=\"og:title\" content=\"\u00fcber diese Webseite - Fran\u00e7ois Servais\" \/>\n<meta property=\"og:description\" content=\"Diese Webseite \u201cFran\u00e7ois Servais (1807-1866), der Paganini des Cellos\u201dist eine Initiative des Servaisvereins. Sie wurde offiziell gestartet am 26. November 2005.\u00a0Im Jahr 2016 wurde es komplett erneuert. Von 2005 bis 2014 war der Webmaster Renaat Uyttersprot. Ab 2015 ist Axel Jacobs den Webmaster. Der \u00fcbergro\u00dfe Teil des Inhalts dieser Seite ergibt sich aus den Resultaten der wissenschaftlichen Arbeit von Peter ...\" \/>\n<meta property=\"og:url\" content=\"https:\/\/www.servais-vzw.org\/de\/servais-vzw\/over-deze-site\/\" \/>\n<meta property=\"og:site_name\" content=\"Fran\u00e7ois Servais\" \/>\n<meta property=\"article:modified_time\" content=\"2016-09-11T16:00:32+00:00\" \/>\n<meta name=\"twitter:card\" content=\"summary_large_image\" \/>\n<meta name=\"twitter:label1\" content=\"Gesch\u00e4tzte Lesezeit\" \/>\n\t<meta name=\"twitter:data1\" content=\"2\u00a0Minuten\" \/>\n<script type=\"application\/ld+json\" class=\"yoast-schema-graph\">{\"@context\":\"https:\/\/schema.org\",\"@graph\":[{\"@type\":\"WebPage\",\"@id\":\"https:\/\/www.servais-vzw.org\/de\/servais-vzw\/over-deze-site\/\",\"url\":\"https:\/\/www.servais-vzw.org\/de\/servais-vzw\/over-deze-site\/\",\"name\":\"\u00fcber diese Webseite - Fran\u00e7ois Servais\",\"isPartOf\":{\"@id\":\"https:\/\/www.servais-vzw.org\/en\/#website\"},\"datePublished\":\"2016-08-31T16:37:10+00:00\",\"dateModified\":\"2016-09-11T16:00:32+00:00\",\"breadcrumb\":{\"@id\":\"https:\/\/www.servais-vzw.org\/de\/servais-vzw\/over-deze-site\/#breadcrumb\"},\"inLanguage\":\"de\",\"potentialAction\":[{\"@type\":\"ReadAction\",\"target\":[\"https:\/\/www.servais-vzw.org\/de\/servais-vzw\/over-deze-site\/\"]}]},{\"@type\":\"BreadcrumbList\",\"@id\":\"https:\/\/www.servais-vzw.org\/de\/servais-vzw\/over-deze-site\/#breadcrumb\",\"itemListElement\":[{\"@type\":\"ListItem\",\"position\":1,\"name\":\"Home\",\"item\":\"https:\/\/www.servais-vzw.org\/de\/\"},{\"@type\":\"ListItem\",\"position\":2,\"name\":\"Servaisverein\",\"item\":\"https:\/\/www.servais-vzw.org\/de\/servais-vzw\/\"},{\"@type\":\"ListItem\",\"position\":3,\"name\":\"\u00fcber diese Webseite\"}]},{\"@type\":\"WebSite\",\"@id\":\"https:\/\/www.servais-vzw.org\/en\/#website\",\"url\":\"https:\/\/www.servais-vzw.org\/en\/\",\"name\":\"Fran\u00e7ois Servais\",\"description\":\"\",\"potentialAction\":[{\"@type\":\"SearchAction\",\"target\":{\"@type\":\"EntryPoint\",\"urlTemplate\":\"https:\/\/www.servais-vzw.org\/en\/?s={search_term_string}\"},\"query-input\":{\"@type\":\"PropertyValueSpecification\",\"valueRequired\":true,\"valueName\":\"search_term_string\"}}],\"inLanguage\":\"de\"}]}<\/script>\n<!-- \/ Yoast SEO plugin. -->","yoast_head_json":{"title":"\u00fcber diese Webseite - Fran\u00e7ois Servais","robots":{"index":"index","follow":"follow","max-snippet":"max-snippet:-1","max-image-preview":"max-image-preview:large","max-video-preview":"max-video-preview:-1"},"canonical":"https:\/\/www.servais-vzw.org\/de\/servais-vzw\/over-deze-site\/","og_locale":"de_DE","og_type":"article","og_title":"\u00fcber diese Webseite - Fran\u00e7ois Servais","og_description":"Diese Webseite \u201cFran\u00e7ois Servais (1807-1866), der Paganini des Cellos\u201dist eine Initiative des Servaisvereins. Sie wurde offiziell gestartet am 26. November 2005.\u00a0Im Jahr 2016 wurde es komplett erneuert. Von 2005 bis 2014 war der Webmaster Renaat Uyttersprot. Ab 2015 ist Axel Jacobs den Webmaster. Der \u00fcbergro\u00dfe Teil des Inhalts dieser Seite ergibt sich aus den Resultaten der wissenschaftlichen Arbeit von Peter ...","og_url":"https:\/\/www.servais-vzw.org\/de\/servais-vzw\/over-deze-site\/","og_site_name":"Fran\u00e7ois Servais","article_modified_time":"2016-09-11T16:00:32+00:00","twitter_card":"summary_large_image","twitter_misc":{"Gesch\u00e4tzte Lesezeit":"2\u00a0Minuten"},"schema":{"@context":"https:\/\/schema.org","@graph":[{"@type":"WebPage","@id":"https:\/\/www.servais-vzw.org\/de\/servais-vzw\/over-deze-site\/","url":"https:\/\/www.servais-vzw.org\/de\/servais-vzw\/over-deze-site\/","name":"\u00fcber diese Webseite - Fran\u00e7ois Servais","isPartOf":{"@id":"https:\/\/www.servais-vzw.org\/en\/#website"},"datePublished":"2016-08-31T16:37:10+00:00","dateModified":"2016-09-11T16:00:32+00:00","breadcrumb":{"@id":"https:\/\/www.servais-vzw.org\/de\/servais-vzw\/over-deze-site\/#breadcrumb"},"inLanguage":"de","potentialAction":[{"@type":"ReadAction","target":["https:\/\/www.servais-vzw.org\/de\/servais-vzw\/over-deze-site\/"]}]},{"@type":"BreadcrumbList","@id":"https:\/\/www.servais-vzw.org\/de\/servais-vzw\/over-deze-site\/#breadcrumb","itemListElement":[{"@type":"ListItem","position":1,"name":"Home","item":"https:\/\/www.servais-vzw.org\/de\/"},{"@type":"ListItem","position":2,"name":"Servaisverein","item":"https:\/\/www.servais-vzw.org\/de\/servais-vzw\/"},{"@type":"ListItem","position":3,"name":"\u00fcber diese Webseite"}]},{"@type":"WebSite","@id":"https:\/\/www.servais-vzw.org\/en\/#website","url":"https:\/\/www.servais-vzw.org\/en\/","name":"Fran\u00e7ois Servais","description":"","potentialAction":[{"@type":"SearchAction","target":{"@type":"EntryPoint","urlTemplate":"https:\/\/www.servais-vzw.org\/en\/?s={search_term_string}"},"query-input":{"@type":"PropertyValueSpecification","valueRequired":true,"valueName":"search_term_string"}}],"inLanguage":"de"}]}},"_links":{"self":[{"href":"https:\/\/www.servais-vzw.org\/de\/wp-json\/wp\/v2\/pages\/2073","targetHints":{"allow":["GET"]}}],"collection":[{"href":"https:\/\/www.servais-vzw.org\/de\/wp-json\/wp\/v2\/pages"}],"about":[{"href":"https:\/\/www.servais-vzw.org\/de\/wp-json\/wp\/v2\/types\/page"}],"author":[{"embeddable":true,"href":"https:\/\/www.servais-vzw.org\/de\/wp-json\/wp\/v2\/users\/1"}],"replies":[{"embeddable":true,"href":"https:\/\/www.servais-vzw.org\/de\/wp-json\/wp\/v2\/comments?post=2073"}],"version-history":[{"count":5,"href":"https:\/\/www.servais-vzw.org\/de\/wp-json\/wp\/v2\/pages\/2073\/revisions"}],"predecessor-version":[{"id":2840,"href":"https:\/\/www.servais-vzw.org\/de\/wp-json\/wp\/v2\/pages\/2073\/revisions\/2840"}],"up":[{"embeddable":true,"href":"https:\/\/www.servais-vzw.org\/de\/wp-json\/wp\/v2\/pages\/2063"}],"wp:attachment":[{"href":"https:\/\/www.servais-vzw.org\/de\/wp-json\/wp\/v2\/media?parent=2073"}],"curies":[{"name":"wp","href":"https:\/\/api.w.org\/{rel}","templated":true}]}}