{"id":1830,"date":"2016-07-07T07:41:25","date_gmt":"2016-07-07T07:41:25","guid":{"rendered":"http:\/\/www.servais-vzw.org\/en\/activiteiten\/archief\/"},"modified":"2016-10-06T18:23:40","modified_gmt":"2016-10-06T18:23:40","slug":"voorbij","status":"publish","type":"page","link":"https:\/\/www.servais-vzw.org\/en\/voorbij\/","title":{"rendered":"Voorbij"},"content":{"rendered":"<div class=\"em em-view-container\" id=\"em-view-1832292988\" data-view=\"list\">\r\n\t<div class=\"em pixelbones em-list em-events-list\" id=\"em-events-list-1832292988\" data-view-id=\"1832292988\">\r\n\t<p>Klik op de titel voor meer info. Kijk ook op onze <a href=\"https:\/\/www.facebook.com\/servais.vzw\/\" target=\"_blank\">Facebookpagina<\/a> voor nieuws heet van de naald!<\/p>\r\n<table><tr>\r\n\t<td><a href=\"https:\/\/www.servais-vzw.org\/en\/events\/closingconcert2026\/\"><img src='https:\/\/www.servais-vzw.org\/wp-content\/uploads\/2025\/10\/20260419_Slotconcert_fotoYvesLamote-reductie-voor-website-3-scaled.jpg' alt='Closing Concert of the Masterclasses'\/><\/a><\/td>\r\n\t<td>19\/04\/2026<\/td>\r\n\t<td><a href=\"https:\/\/www.servais-vzw.org\/en\/events\/closingconcert2026\/\">Closing Concert of the Masterclasses<\/a><\/td>\r\n\t<td><\/td>\r\n\t<td>Deelnemers cellovierdaagse<\/td>\r\n\t<td>vzw Servais<\/td>\r\n<\/tr><tr>\r\n\t<td><a href=\"https:\/\/www.servais-vzw.org\/en\/events\/34thservaisconcert\/\"><img src='https:\/\/www.servais-vzw.org\/wp-content\/uploads\/2025\/10\/20260416_DSC_8813-TansmankwartetAnn-Van-Hecke-verkleind-voor-website-scaled.jpg' alt='34th Servais Concert'\/><\/a><\/td>\r\n\t<td>16\/04\/2026<\/td>\r\n\t<td><a href=\"https:\/\/www.servais-vzw.org\/en\/events\/34thservaisconcert\/\">34th Servais Concert<\/a><\/td>\r\n\t<td><\/td>\r\n\t<td>Tansman Cellokwartet & Ann Van Hecke<\/td>\r\n\t<td>vzw Servais<\/td>\r\n<\/tr><tr>\r\n\t<td><a href=\"https:\/\/www.servais-vzw.org\/en\/events\/masterclasses-servais-2026\/\"><img src='https:\/\/www.servais-vzw.org\/wp-content\/uploads\/2025\/08\/Groepsfotostage2024_fotoGuidoDebontridder.jpg' alt='Masterclasses &#039;Servais&#039; 2026'\/><\/a><\/td>\r\n\t<td>16\/04\/2026 - 19\/04\/2026<\/td>\r\n\t<td><a href=\"https:\/\/www.servais-vzw.org\/en\/events\/masterclasses-servais-2026\/\">Masterclasses &#8216;Servais&#8217; 2026<\/a><\/td>\r\n\t<td><\/td>\r\n\t<td><\/td>\r\n\t<td>vzw Servais<\/td>\r\n<\/tr><tr>\r\n\t<td><a href=\"https:\/\/www.servais-vzw.org\/en\/events\/33th-servais-concert\/\"><img src='https:\/\/www.servais-vzw.org\/wp-content\/uploads\/2025\/08\/flyer13-12-PRESS1.jpg' alt='33th Servais Concert'\/><\/a><\/td>\r\n\t<td>13\/12\/2025<\/td>\r\n\t<td><a href=\"https:\/\/www.servais-vzw.org\/en\/events\/33th-servais-concert\/\">33th Servais Concert<\/a><\/td>\r\n\t<td><\/td>\r\n\t<td>Aleksey Shadrin, cello; Leonid Gorokhov, cello; Salih Can Gevrek, piano<\/td>\r\n\t<td>vzw Servais<\/td>\r\n<\/tr><tr>\r\n\t<td><a href=\"https:\/\/www.servais-vzw.org\/en\/events\/32th-servais-concert\/\"><img src='https:\/\/www.servais-vzw.org\/wp-content\/uploads\/2024\/10\/affiche-MAIL-scaled.jpg' alt='32th Servais Concert'\/><\/a><\/td>\r\n\t<td>06\/06\/2025<\/td>\r\n\t<td><a href=\"https:\/\/www.servais-vzw.org\/en\/events\/32th-servais-concert\/\">32th Servais Concert<\/a><\/td>\r\n\t<td><\/td>\r\n\t<td>Pierre Fontenelle, cello & \u00c7a\u011f\u0131l Cansu \u015eanl\u0131da\u011f, piano<\/td>\r\n\t<td>vzw Servais<\/td>\r\n<\/tr><tr>\r\n\t<td><a href=\"https:\/\/www.servais-vzw.org\/en\/events\/opening-concert-brussels-cello-festival\/\"><img src='https:\/\/www.servais-vzw.org\/wp-content\/uploads\/2024\/10\/53122_1920_2400_80_1645109772.jpg' alt='Opening Concert Brussels Cello Festival'\/><\/a><\/td>\r\n\t<td>15\/11\/2024<\/td>\r\n\t<td><a href=\"https:\/\/www.servais-vzw.org\/en\/events\/opening-concert-brussels-cello-festival\/\">Opening Concert Brussels Cello Festival<\/a><\/td>\r\n\t<td><\/td>\r\n\t<td><\/td>\r\n\t<td>vzw Servais<\/td>\r\n<\/tr><tr>\r\n\t<td><a href=\"https:\/\/www.servais-vzw.org\/en\/events\/expo-francois-servais-the-paganini-of-the-cello-2\/\"><img src='https:\/\/www.servais-vzw.org\/wp-content\/uploads\/2023\/08\/affiche.jpg' alt='Expo &#039;Fran\u00e7ois Servais, the Paganini of the Cello&#039;'\/><\/a><\/td>\r\n\t<td>18\/05\/2024 - 09\/06\/2024<\/td>\r\n\t<td><a href=\"https:\/\/www.servais-vzw.org\/en\/events\/expo-francois-servais-the-paganini-of-the-cello-2\/\">Expo &#8216;Fran\u00e7ois Servais, the Paganini of the Cello&#8217;<\/a><\/td>\r\n\t<td><\/td>\r\n\t<td><\/td>\r\n\t<td>vzw Servais<\/td>\r\n<\/tr><tr>\r\n\t<td><a href=\"https:\/\/www.servais-vzw.org\/en\/events\/closing-concert-four-days-with-servais\/\"><img src='https:\/\/www.servais-vzw.org\/wp-content\/uploads\/2023\/08\/flyer-PRESS22.jpg' alt='Closing concert &#039;Four days with Servais&#039;'\/><\/a><\/td>\r\n\t<td>14\/04\/2024<\/td>\r\n\t<td><a href=\"https:\/\/www.servais-vzw.org\/en\/events\/closing-concert-four-days-with-servais\/\">Closing concert &#8216;Four days with Servais&#8217;<\/a><\/td>\r\n\t<td><\/td>\r\n\t<td>Participants to the masterclasses<\/td>\r\n\t<td>vzw Servais<\/td>\r\n<\/tr><tr>\r\n\t<td><a href=\"https:\/\/www.servais-vzw.org\/en\/events\/masterclasses2024\/\"><img src='https:\/\/www.servais-vzw.org\/wp-content\/uploads\/2023\/09\/stage2022.jpg' alt='Masterclasses Servais 2024'\/><\/a><\/td>\r\n\t<td>11\/04\/2024 - 14\/04\/2024<\/td>\r\n\t<td><a href=\"https:\/\/www.servais-vzw.org\/en\/events\/masterclasses2024\/\">Masterclasses Servais 2024<\/a><\/td>\r\n\t<td><\/td>\r\n\t<td><\/td>\r\n\t<td>vzw Servais<\/td>\r\n<\/tr><tr>\r\n\t<td><a href=\"https:\/\/www.servais-vzw.org\/en\/events\/31th-servais-concert\/\"><img src='https:\/\/www.servais-vzw.org\/wp-content\/uploads\/2023\/08\/affiche-PRESS-scaled.jpg' alt='31th Servais Concert'\/><\/a><\/td>\r\n\t<td>11\/04\/2024<\/td>\r\n\t<td><a href=\"https:\/\/www.servais-vzw.org\/en\/events\/31th-servais-concert\/\">31th Servais Concert<\/a><\/td>\r\n\t<td><\/td>\r\n\t<td>Tansman Cello Quartet & Ann Van Hecke<\/td>\r\n\t<td>vzw Servais<\/td>\r\n<\/tr><\/table><div class=\"em-pagination em-ajax\" data-em-ajax=\"id=1832292988&amp;limit=10&amp;scope=past&amp;orderby=event_start_date&amp;action=search_events\"> <span class=\"page-numbers current\">1<\/span><span class=\"not-current second-half\"> <a class=\"page-numbers\" href=\"\/en\/wp-json\/wp\/v2\/pages\/1830?pno=2\" title=\"2\">2<\/a>  <a class=\"page-numbers\" href=\"\/en\/wp-json\/wp\/v2\/pages\/1830?pno=3\" title=\"3\">3<\/a>  <a class=\"page-numbers\" href=\"\/en\/wp-json\/wp\/v2\/pages\/1830?pno=4\" title=\"4\">4<\/a>  <a class=\"page-numbers\" href=\"\/en\/wp-json\/wp\/v2\/pages\/1830?pno=5\" title=\"5\">5<\/a>  <a class=\"page-numbers\" href=\"\/en\/wp-json\/wp\/v2\/pages\/1830?pno=6\" title=\"6\">6<\/a>  <a class=\"page-numbers\" href=\"\/en\/wp-json\/wp\/v2\/pages\/1830?pno=7\" title=\"7\">7<\/a>  <a class=\"page-numbers\" href=\"\/en\/wp-json\/wp\/v2\/pages\/1830?pno=8\" title=\"8\">8<\/a>  <a class=\"page-numbers\" href=\"\/en\/wp-json\/wp\/v2\/pages\/1830?pno=9\" title=\"9\">9<\/a>  <a class=\"page-numbers\" href=\"\/en\/wp-json\/wp\/v2\/pages\/1830?pno=10\" title=\"10\">10<\/a> <\/span> <a class=\"page-numbers\" href=\"\/en\/wp-json\/wp\/v2\/pages\/1830?pno=11\" title=\"11\">11<\/a>  <a class=\"page-numbers\" href=\"\/en\/wp-json\/wp\/v2\/pages\/1830?pno=12\" title=\"12\">12<\/a>  <a class=\"next page-numbers\" href=\"\/en\/wp-json\/wp\/v2\/pages\/1830?pno=2\" title=\"2\">&gt;<\/a>  <a class=\"next last page-numbers\" href=\"\/en\/wp-json\/wp\/v2\/pages\/1830?pno=13\" title=\"13\">&gt;&gt;<\/a> <\/div>\t<\/div>\r\n<\/div>\n","protected":false},"excerpt":{"rendered":"Klik op de titel voor meer info. Kijk ook op onze Facebookpagina voor nieuws heet van de naald! 19\/04\/2026 Closing Concert of the Masterclasses Deelnemers cellovierdaagse vzw Servais 16\/04\/2026 34th Servais Concert Tansman Cellokwartet & Ann Van Hecke vzw Servais 16\/04\/2026 - 19\/04\/2026 Masterclasses &#8216;Servais&#8217; 2026 vzw Servais 13\/12\/2025 33th Servais Concert Aleksey Shadrin, cello; Leonid Gorokhov, cello; Salih Can ...","protected":false},"author":1,"featured_media":0,"parent":0,"menu_order":0,"comment_status":"closed","ping_status":"closed","template":"","meta":{"om_disable_all_campaigns":false,"rs_blank_template":"","rs_page_bg_color":"","slide_template_v7":"","_uf_show_specific_survey":0,"_uf_disable_surveys":false,"footnotes":""},"class_list":["post-1830","page","type-page","status-publish","hentry","no-post-thumbnail"],"yoast_head":"<!-- This site is optimized with the Yoast SEO plugin v27.2 - https:\/\/yoast.com\/product\/yoast-seo-wordpress\/ -->\n<title>Voorbij - Fran\u00e7ois Servais<\/title>\n<meta name=\"robots\" content=\"index, follow, max-snippet:-1, max-image-preview:large, max-video-preview:-1\" \/>\n<link rel=\"canonical\" href=\"https:\/\/www.servais-vzw.org\/en\/voorbij\/\" \/>\n<meta property=\"og:locale\" content=\"en_US\" \/>\n<meta property=\"og:type\" content=\"article\" \/>\n<meta property=\"og:title\" content=\"Voorbij - Fran\u00e7ois Servais\" \/>\n<meta property=\"og:url\" content=\"https:\/\/www.servais-vzw.org\/en\/voorbij\/\" \/>\n<meta property=\"og:site_name\" content=\"Fran\u00e7ois Servais\" \/>\n<meta property=\"article:modified_time\" content=\"2016-10-06T18:23:40+00:00\" \/>\n<meta name=\"twitter:card\" content=\"summary_large_image\" \/>\n<script type=\"application\/ld+json\" class=\"yoast-schema-graph\">{\"@context\":\"https:\/\/schema.org\",\"@graph\":[{\"@type\":\"WebPage\",\"@id\":\"https:\/\/www.servais-vzw.org\/en\/voorbij\/\",\"url\":\"https:\/\/www.servais-vzw.org\/en\/voorbij\/\",\"name\":\"Voorbij - Fran\u00e7ois Servais\",\"isPartOf\":{\"@id\":\"https:\/\/www.servais-vzw.org\/en\/#website\"},\"datePublished\":\"2016-07-07T07:41:25+00:00\",\"dateModified\":\"2016-10-06T18:23:40+00:00\",\"breadcrumb\":{\"@id\":\"https:\/\/www.servais-vzw.org\/en\/voorbij\/#breadcrumb\"},\"inLanguage\":\"en-US\",\"potentialAction\":[{\"@type\":\"ReadAction\",\"target\":[\"https:\/\/www.servais-vzw.org\/en\/voorbij\/\"]}]},{\"@type\":\"BreadcrumbList\",\"@id\":\"https:\/\/www.servais-vzw.org\/en\/voorbij\/#breadcrumb\",\"itemListElement\":[{\"@type\":\"ListItem\",\"position\":1,\"name\":\"Home\",\"item\":\"https:\/\/www.servais-vzw.org\/en\/\"},{\"@type\":\"ListItem\",\"position\":2,\"name\":\"Voorbij\"}]},{\"@type\":\"WebSite\",\"@id\":\"https:\/\/www.servais-vzw.org\/en\/#website\",\"url\":\"https:\/\/www.servais-vzw.org\/en\/\",\"name\":\"Fran\u00e7ois Servais\",\"description\":\"\",\"potentialAction\":[{\"@type\":\"SearchAction\",\"target\":{\"@type\":\"EntryPoint\",\"urlTemplate\":\"https:\/\/www.servais-vzw.org\/en\/?s={search_term_string}\"},\"query-input\":{\"@type\":\"PropertyValueSpecification\",\"valueRequired\":true,\"valueName\":\"search_term_string\"}}],\"inLanguage\":\"en-US\"}]}<\/script>\n<!-- \/ Yoast SEO plugin. -->","yoast_head_json":{"title":"Voorbij - Fran\u00e7ois Servais","robots":{"index":"index","follow":"follow","max-snippet":"max-snippet:-1","max-image-preview":"max-image-preview:large","max-video-preview":"max-video-preview:-1"},"canonical":"https:\/\/www.servais-vzw.org\/en\/voorbij\/","og_locale":"en_US","og_type":"article","og_title":"Voorbij - Fran\u00e7ois Servais","og_url":"https:\/\/www.servais-vzw.org\/en\/voorbij\/","og_site_name":"Fran\u00e7ois Servais","article_modified_time":"2016-10-06T18:23:40+00:00","twitter_card":"summary_large_image","schema":{"@context":"https:\/\/schema.org","@graph":[{"@type":"WebPage","@id":"https:\/\/www.servais-vzw.org\/en\/voorbij\/","url":"https:\/\/www.servais-vzw.org\/en\/voorbij\/","name":"Voorbij - Fran\u00e7ois Servais","isPartOf":{"@id":"https:\/\/www.servais-vzw.org\/en\/#website"},"datePublished":"2016-07-07T07:41:25+00:00","dateModified":"2016-10-06T18:23:40+00:00","breadcrumb":{"@id":"https:\/\/www.servais-vzw.org\/en\/voorbij\/#breadcrumb"},"inLanguage":"en-US","potentialAction":[{"@type":"ReadAction","target":["https:\/\/www.servais-vzw.org\/en\/voorbij\/"]}]},{"@type":"BreadcrumbList","@id":"https:\/\/www.servais-vzw.org\/en\/voorbij\/#breadcrumb","itemListElement":[{"@type":"ListItem","position":1,"name":"Home","item":"https:\/\/www.servais-vzw.org\/en\/"},{"@type":"ListItem","position":2,"name":"Voorbij"}]},{"@type":"WebSite","@id":"https:\/\/www.servais-vzw.org\/en\/#website","url":"https:\/\/www.servais-vzw.org\/en\/","name":"Fran\u00e7ois Servais","description":"","potentialAction":[{"@type":"SearchAction","target":{"@type":"EntryPoint","urlTemplate":"https:\/\/www.servais-vzw.org\/en\/?s={search_term_string}"},"query-input":{"@type":"PropertyValueSpecification","valueRequired":true,"valueName":"search_term_string"}}],"inLanguage":"en-US"}]}},"_links":{"self":[{"href":"https:\/\/www.servais-vzw.org\/en\/wp-json\/wp\/v2\/pages\/1830","targetHints":{"allow":["GET"]}}],"collection":[{"href":"https:\/\/www.servais-vzw.org\/en\/wp-json\/wp\/v2\/pages"}],"about":[{"href":"https:\/\/www.servais-vzw.org\/en\/wp-json\/wp\/v2\/types\/page"}],"author":[{"embeddable":true,"href":"https:\/\/www.servais-vzw.org\/en\/wp-json\/wp\/v2\/users\/1"}],"replies":[{"embeddable":true,"href":"https:\/\/www.servais-vzw.org\/en\/wp-json\/wp\/v2\/comments?post=1830"}],"version-history":[{"count":10,"href":"https:\/\/www.servais-vzw.org\/en\/wp-json\/wp\/v2\/pages\/1830\/revisions"}],"predecessor-version":[{"id":6837,"href":"https:\/\/www.servais-vzw.org\/en\/wp-json\/wp\/v2\/pages\/1830\/revisions\/6837"}],"wp:attachment":[{"href":"https:\/\/www.servais-vzw.org\/en\/wp-json\/wp\/v2\/media?parent=1830"}],"curies":[{"name":"wp","href":"https:\/\/api.w.org\/{rel}","templated":true}]}}