{"id":1871,"date":"2016-08-31T16:36:30","date_gmt":"2016-08-31T16:36:30","guid":{"rendered":"http:\/\/www.servais-vzw.org\/?page_id=1871"},"modified":"2016-09-04T18:34:36","modified_gmt":"2016-09-04T18:34:36","slug":"misia-godebska-misia-sert","status":"publish","type":"page","link":"https:\/\/www.servais-vzw.org\/en\/familie\/misia-godebska-misia-sert\/","title":{"rendered":"Misia Godebska (Misia Sert)"},"content":{"rendered":"<div class=\"wpb-content-wrapper\">[vc_row padding_top=&#8221;0px&#8221; padding_bottom=&#8221;0px&#8221;][vc_column fade_animation_offset=&#8221;45px&#8221; width=&#8221;1\/4&#8243;]<div id=\"attachment_1036\" style=\"width: 210px\" class=\"wp-caption alignleft\"><img loading=\"lazy\" decoding=\"async\" aria-describedby=\"caption-attachment-1036\" class=\"wp-image-1036 size-medium\" src=\"http:\/\/www.servais-vzw.org\/wp-content\/uploads\/2015\/12\/Godebska-Misia-200x300.jpg\" alt=\"Godebska Misia\" width=\"200\" height=\"300\" srcset=\"https:\/\/www.servais-vzw.org\/wp-content\/uploads\/2015\/12\/Godebska-Misia-200x300.jpg 200w, https:\/\/www.servais-vzw.org\/wp-content\/uploads\/2015\/12\/Godebska-Misia-682x1024.jpg 682w, https:\/\/www.servais-vzw.org\/wp-content\/uploads\/2015\/12\/Godebska-Misia-100x150.jpg 100w, https:\/\/www.servais-vzw.org\/wp-content\/uploads\/2015\/12\/Godebska-Misia.jpg 787w\" sizes=\"auto, (max-width: 200px) 100vw, 200px\" \/><p id=\"caption-attachment-1036\" class=\"wp-caption-text\">Godebska Misia<\/p><\/div>\n[\/vc_column][vc_column fade_animation_offset=&#8221;45px&#8221; width=&#8221;3\/4&#8243;]<p>\u00b0Saint-Petersburg, March 30, 1872 &#8211; \u2020Paris, October 15, 1950<br \/>\nServais\u2019 granddaughter<\/p>\n<p>Misia Godebska was the daughter of Sophie Servais and Cyprien Godebski. She was a talented pianist and pupil of Gabri\u00ebl Faur\u00e9. In 1893 she married Thad\u00e9e Natanson, editor of La Revue Blanche. As a result, she could mingle with the highest artistic circles in Paris. She was often being portrayed by painters such as Auguste Renoir (picture at the right \u2013 The National Gallery, London), Henri de Toulouse-Lautrec, Pierre Bonnard and Edouard Vuillard. She was close with Stephane Mallarm\u00e9, Serge Diaghilev and Coco Chanel. Thanks to her third marriage with the famous artist Jos\u00e9-Maria Sert, she entered history as \u2018Misia Sert\u2019.<\/p>\n<p>Publications about Misia Sert: see page &#8216;Research&#8217; &#8211; publications.<\/p>\n[vc_row_inner padding_top=&#8221;0px&#8221; padding_bottom=&#8221;0px&#8221; bg_video=&#8221;&#8221; class=&#8221;family-images&#8221; style=&#8221;&#8221;][vc_column_inner fade_animation_offset=&#8221;45px&#8221; width=&#8221;1\/1&#8243;]<div id=\"attachment_1051\" style=\"width: 251px\" class=\"wp-caption alignleft\"><img loading=\"lazy\" decoding=\"async\" aria-describedby=\"caption-attachment-1051\" class=\"size-medium wp-image-1051\" src=\"http:\/\/www.servais-vzw.org\/wp-content\/uploads\/2015\/12\/Misia21-241x300.jpg\" alt=\"onderschrift\" width=\"241\" height=\"300\" srcset=\"https:\/\/www.servais-vzw.org\/wp-content\/uploads\/2015\/12\/Misia21-241x300.jpg 241w, https:\/\/www.servais-vzw.org\/wp-content\/uploads\/2015\/12\/Misia21-100x125.jpg 100w, https:\/\/www.servais-vzw.org\/wp-content\/uploads\/2015\/12\/Misia21.jpg 642w\" sizes=\"auto, (max-width: 241px) 100vw, 241px\" \/><p id=\"caption-attachment-1051\" class=\"wp-caption-text\">Maurice Ravel, La Valse (c) Servais Collection Halle<\/p><\/div><br \/>\n<div id=\"attachment_1056\" style=\"width: 250px\" class=\"wp-caption alignleft\"><img loading=\"lazy\" decoding=\"async\" aria-describedby=\"caption-attachment-1056\" class=\"size-medium wp-image-1056\" src=\"http:\/\/www.servais-vzw.org\/wp-content\/uploads\/2015\/12\/Misia11-240x300.jpg\" alt=\"onderschrift\" width=\"240\" height=\"300\" srcset=\"https:\/\/www.servais-vzw.org\/wp-content\/uploads\/2015\/12\/Misia11-240x300.jpg 240w, https:\/\/www.servais-vzw.org\/wp-content\/uploads\/2015\/12\/Misia11-100x125.jpg 100w, https:\/\/www.servais-vzw.org\/wp-content\/uploads\/2015\/12\/Misia11.jpg 639w\" sizes=\"auto, (max-width: 240px) 100vw, 240px\" \/><p id=\"caption-attachment-1056\" class=\"wp-caption-text\">Henri de Toulouse-Lautrec, ontwerp voor affiche La Revue Blanche<\/p><\/div>\n[\/vc_column_inner][\/vc_row_inner][vc_row_inner padding_top=&#8221;0px&#8221; padding_bottom=&#8221;0px&#8221; bg_video=&#8221;&#8221; class=&#8221;family-images&#8221; style=&#8221;&#8221;][vc_column_inner fade_animation_offset=&#8221;45px&#8221; width=&#8221;1\/1&#8243;]<div id=\"attachment_1058\" style=\"width: 243px\" class=\"wp-caption alignleft\"><img loading=\"lazy\" decoding=\"async\" aria-describedby=\"caption-attachment-1058\" class=\"size-medium wp-image-1058\" src=\"http:\/\/www.servais-vzw.org\/wp-content\/uploads\/2015\/12\/Misia41-233x300.jpg\" alt=\"onderschrift\" width=\"233\" height=\"300\" srcset=\"https:\/\/www.servais-vzw.org\/wp-content\/uploads\/2015\/12\/Misia41-233x300.jpg 233w, https:\/\/www.servais-vzw.org\/wp-content\/uploads\/2015\/12\/Misia41-100x129.jpg 100w, https:\/\/www.servais-vzw.org\/wp-content\/uploads\/2015\/12\/Misia41.jpg 600w\" sizes=\"auto, (max-width: 233px) 100vw, 233px\" \/><p id=\"caption-attachment-1058\" class=\"wp-caption-text\">Catalogus expo &#8216;Misia, Reine de Paris&#8217; in Mus\u00e9e d&#8217;Orsay, 2012 (c) Servais Collection Halle<\/p><\/div><br \/>\n<div id=\"attachment_1039\" style=\"width: 233px\" class=\"wp-caption alignleft\"><img loading=\"lazy\" decoding=\"async\" aria-describedby=\"caption-attachment-1039\" class=\"size-medium wp-image-1039\" src=\"http:\/\/www.servais-vzw.org\/wp-content\/uploads\/2015\/12\/Misia31-223x300.jpg\" alt=\"onderschrift\" width=\"223\" height=\"300\" srcset=\"https:\/\/www.servais-vzw.org\/wp-content\/uploads\/2015\/12\/Misia31-223x300.jpg 223w, https:\/\/www.servais-vzw.org\/wp-content\/uploads\/2015\/12\/Misia31-100x134.jpg 100w, https:\/\/www.servais-vzw.org\/wp-content\/uploads\/2015\/12\/Misia31.jpg 595w\" sizes=\"auto, (max-width: 223px) 100vw, 223px\" \/><p id=\"caption-attachment-1039\" class=\"wp-caption-text\">&#8216;Misia dans sa loge&#8217; door Henri de Toulouse-Lautrec, op de cover van Smithsonian, februari 1980 (c) Servais Collection Halle<\/p><\/div>\n[\/vc_column_inner][\/vc_row_inner][\/vc_column][\/vc_row]\n<\/div>","protected":false},"excerpt":{"rendered":"<p>[vc_row padding_top=&#8221;0px&#8221; padding_bottom=&#8221;0px&#8221;][vc_column fade_animation_offset=&#8221;45px&#8221; width=&#8221;1\/4&#8243;][\/vc_column][vc_column fade_animation_offset=&#8221;45px&#8221; width=&#8221;3\/4&#8243;][vc_row_inner padding_top=&#8221;0px&#8221; padding_bottom=&#8221;0px&#8221; bg_video=&#8221;&#8221; class=&#8221;family-images&#8221; style=&#8221;&#8221;][vc_column_inner fade_animation_offset=&#8221;45px&#8221; width=&#8221;1\/1&#8243;][\/vc_column_inner][\/vc_row_inner][vc_row_inner padding_top=&#8221;0px&#8221; padding_bottom=&#8221;0px&#8221; bg_video=&#8221;&#8221; class=&#8221;family-images&#8221; style=&#8221;&#8221;][vc_column_inner fade_animation_offset=&#8221;45px&#8221; width=&#8221;1\/1&#8243;][\/vc_column_inner][\/vc_row_inner][\/vc_column][\/vc_row]<\/p>\n","protected":false},"author":1,"featured_media":0,"parent":1866,"menu_order":0,"comment_status":"closed","ping_status":"closed","template":"template-layout-full-width.php","meta":{"om_disable_all_campaigns":false,"rs_blank_template":"","rs_page_bg_color":"","slide_template_v7":"","_uf_show_specific_survey":0,"_uf_disable_surveys":false,"footnotes":""},"class_list":["post-1871","page","type-page","status-publish","hentry","no-post-thumbnail"],"yoast_head":"<!-- This site is optimized with the Yoast SEO plugin v27.2 - https:\/\/yoast.com\/product\/yoast-seo-wordpress\/ -->\n<title>Misia Godebska (Misia Sert) - Fran\u00e7ois Servais<\/title>\n<meta name=\"robots\" content=\"index, follow, max-snippet:-1, max-image-preview:large, max-video-preview:-1\" \/>\n<link rel=\"canonical\" href=\"https:\/\/www.servais-vzw.org\/en\/familie\/misia-godebska-misia-sert\/\" \/>\n<meta property=\"og:locale\" content=\"en_US\" \/>\n<meta property=\"og:type\" content=\"article\" \/>\n<meta property=\"og:title\" content=\"Misia Godebska (Misia Sert) - Fran\u00e7ois Servais\" \/>\n<meta property=\"og:description\" content=\"[vc_row padding_top=&#8221;0px&#8221; padding_bottom=&#8221;0px&#8221;][vc_column fade_animation_offset=&#8221;45px&#8221; width=&#8221;1\/4&#8243;][\/vc_column][vc_column fade_animation_offset=&#8221;45px&#8221; width=&#8221;3\/4&#8243;][vc_row_inner padding_top=&#8221;0px&#8221; padding_bottom=&#8221;0px&#8221; bg_video=&#8221;&#8221; class=&#8221;family-images&#8221; style=&#8221;&#8221;][vc_column_inner fade_animation_offset=&#8221;45px&#8221; width=&#8221;1\/1&#8243;][\/vc_column_inner][\/vc_row_inner][vc_row_inner padding_top=&#8221;0px&#8221; padding_bottom=&#8221;0px&#8221; bg_video=&#8221;&#8221; class=&#8221;family-images&#8221; style=&#8221;&#8221;][vc_column_inner fade_animation_offset=&#8221;45px&#8221; width=&#8221;1\/1&#8243;][\/vc_column_inner][\/vc_row_inner][\/vc_column][\/vc_row]\" \/>\n<meta property=\"og:url\" content=\"https:\/\/www.servais-vzw.org\/en\/familie\/misia-godebska-misia-sert\/\" \/>\n<meta property=\"og:site_name\" content=\"Fran\u00e7ois Servais\" \/>\n<meta property=\"article:modified_time\" content=\"2016-09-04T18:34:36+00:00\" \/>\n<meta property=\"og:image\" content=\"https:\/\/www.servais-vzw.org\/wp-content\/uploads\/2015\/12\/Godebska-Misia.jpg\" \/>\n\t<meta property=\"og:image:width\" content=\"787\" \/>\n\t<meta property=\"og:image:height\" content=\"1181\" \/>\n\t<meta property=\"og:image:type\" content=\"image\/jpeg\" \/>\n<meta name=\"twitter:card\" content=\"summary_large_image\" \/>\n<meta name=\"twitter:label1\" content=\"Est. reading time\" \/>\n\t<meta name=\"twitter:data1\" content=\"2 minutes\" \/>\n<script type=\"application\/ld+json\" class=\"yoast-schema-graph\">{\"@context\":\"https:\/\/schema.org\",\"@graph\":[{\"@type\":\"WebPage\",\"@id\":\"https:\/\/www.servais-vzw.org\/en\/familie\/misia-godebska-misia-sert\/\",\"url\":\"https:\/\/www.servais-vzw.org\/en\/familie\/misia-godebska-misia-sert\/\",\"name\":\"Misia Godebska (Misia Sert) - Fran\u00e7ois Servais\",\"isPartOf\":{\"@id\":\"https:\/\/www.servais-vzw.org\/en\/#website\"},\"primaryImageOfPage\":{\"@id\":\"https:\/\/www.servais-vzw.org\/en\/familie\/misia-godebska-misia-sert\/#primaryimage\"},\"image\":{\"@id\":\"https:\/\/www.servais-vzw.org\/en\/familie\/misia-godebska-misia-sert\/#primaryimage\"},\"thumbnailUrl\":\"http:\/\/www.servais-vzw.org\/wp-content\/uploads\/2015\/12\/Godebska-Misia-200x300.jpg\",\"datePublished\":\"2016-08-31T16:36:30+00:00\",\"dateModified\":\"2016-09-04T18:34:36+00:00\",\"breadcrumb\":{\"@id\":\"https:\/\/www.servais-vzw.org\/en\/familie\/misia-godebska-misia-sert\/#breadcrumb\"},\"inLanguage\":\"en-US\",\"potentialAction\":[{\"@type\":\"ReadAction\",\"target\":[\"https:\/\/www.servais-vzw.org\/en\/familie\/misia-godebska-misia-sert\/\"]}]},{\"@type\":\"ImageObject\",\"inLanguage\":\"en-US\",\"@id\":\"https:\/\/www.servais-vzw.org\/en\/familie\/misia-godebska-misia-sert\/#primaryimage\",\"url\":\"http:\/\/www.servais-vzw.org\/wp-content\/uploads\/2015\/12\/Godebska-Misia-200x300.jpg\",\"contentUrl\":\"http:\/\/www.servais-vzw.org\/wp-content\/uploads\/2015\/12\/Godebska-Misia-200x300.jpg\"},{\"@type\":\"BreadcrumbList\",\"@id\":\"https:\/\/www.servais-vzw.org\/en\/familie\/misia-godebska-misia-sert\/#breadcrumb\",\"itemListElement\":[{\"@type\":\"ListItem\",\"position\":1,\"name\":\"Home\",\"item\":\"https:\/\/www.servais-vzw.org\/en\/\"},{\"@type\":\"ListItem\",\"position\":2,\"name\":\"Family\",\"item\":\"https:\/\/www.servais-vzw.org\/en\/familie\/\"},{\"@type\":\"ListItem\",\"position\":3,\"name\":\"Misia Godebska (Misia Sert)\"}]},{\"@type\":\"WebSite\",\"@id\":\"https:\/\/www.servais-vzw.org\/en\/#website\",\"url\":\"https:\/\/www.servais-vzw.org\/en\/\",\"name\":\"Fran\u00e7ois Servais\",\"description\":\"\",\"potentialAction\":[{\"@type\":\"SearchAction\",\"target\":{\"@type\":\"EntryPoint\",\"urlTemplate\":\"https:\/\/www.servais-vzw.org\/en\/?s={search_term_string}\"},\"query-input\":{\"@type\":\"PropertyValueSpecification\",\"valueRequired\":true,\"valueName\":\"search_term_string\"}}],\"inLanguage\":\"en-US\"}]}<\/script>\n<!-- \/ Yoast SEO plugin. -->","yoast_head_json":{"title":"Misia Godebska (Misia Sert) - Fran\u00e7ois Servais","robots":{"index":"index","follow":"follow","max-snippet":"max-snippet:-1","max-image-preview":"max-image-preview:large","max-video-preview":"max-video-preview:-1"},"canonical":"https:\/\/www.servais-vzw.org\/en\/familie\/misia-godebska-misia-sert\/","og_locale":"en_US","og_type":"article","og_title":"Misia Godebska (Misia Sert) - Fran\u00e7ois Servais","og_description":"[vc_row padding_top=&#8221;0px&#8221; padding_bottom=&#8221;0px&#8221;][vc_column fade_animation_offset=&#8221;45px&#8221; width=&#8221;1\/4&#8243;][\/vc_column][vc_column fade_animation_offset=&#8221;45px&#8221; width=&#8221;3\/4&#8243;][vc_row_inner padding_top=&#8221;0px&#8221; padding_bottom=&#8221;0px&#8221; bg_video=&#8221;&#8221; class=&#8221;family-images&#8221; style=&#8221;&#8221;][vc_column_inner fade_animation_offset=&#8221;45px&#8221; width=&#8221;1\/1&#8243;][\/vc_column_inner][\/vc_row_inner][vc_row_inner padding_top=&#8221;0px&#8221; padding_bottom=&#8221;0px&#8221; bg_video=&#8221;&#8221; class=&#8221;family-images&#8221; style=&#8221;&#8221;][vc_column_inner fade_animation_offset=&#8221;45px&#8221; width=&#8221;1\/1&#8243;][\/vc_column_inner][\/vc_row_inner][\/vc_column][\/vc_row]","og_url":"https:\/\/www.servais-vzw.org\/en\/familie\/misia-godebska-misia-sert\/","og_site_name":"Fran\u00e7ois Servais","article_modified_time":"2016-09-04T18:34:36+00:00","og_image":[{"width":787,"height":1181,"url":"https:\/\/www.servais-vzw.org\/wp-content\/uploads\/2015\/12\/Godebska-Misia.jpg","type":"image\/jpeg"}],"twitter_card":"summary_large_image","twitter_misc":{"Est. reading time":"2 minutes"},"schema":{"@context":"https:\/\/schema.org","@graph":[{"@type":"WebPage","@id":"https:\/\/www.servais-vzw.org\/en\/familie\/misia-godebska-misia-sert\/","url":"https:\/\/www.servais-vzw.org\/en\/familie\/misia-godebska-misia-sert\/","name":"Misia Godebska (Misia Sert) - Fran\u00e7ois Servais","isPartOf":{"@id":"https:\/\/www.servais-vzw.org\/en\/#website"},"primaryImageOfPage":{"@id":"https:\/\/www.servais-vzw.org\/en\/familie\/misia-godebska-misia-sert\/#primaryimage"},"image":{"@id":"https:\/\/www.servais-vzw.org\/en\/familie\/misia-godebska-misia-sert\/#primaryimage"},"thumbnailUrl":"http:\/\/www.servais-vzw.org\/wp-content\/uploads\/2015\/12\/Godebska-Misia-200x300.jpg","datePublished":"2016-08-31T16:36:30+00:00","dateModified":"2016-09-04T18:34:36+00:00","breadcrumb":{"@id":"https:\/\/www.servais-vzw.org\/en\/familie\/misia-godebska-misia-sert\/#breadcrumb"},"inLanguage":"en-US","potentialAction":[{"@type":"ReadAction","target":["https:\/\/www.servais-vzw.org\/en\/familie\/misia-godebska-misia-sert\/"]}]},{"@type":"ImageObject","inLanguage":"en-US","@id":"https:\/\/www.servais-vzw.org\/en\/familie\/misia-godebska-misia-sert\/#primaryimage","url":"http:\/\/www.servais-vzw.org\/wp-content\/uploads\/2015\/12\/Godebska-Misia-200x300.jpg","contentUrl":"http:\/\/www.servais-vzw.org\/wp-content\/uploads\/2015\/12\/Godebska-Misia-200x300.jpg"},{"@type":"BreadcrumbList","@id":"https:\/\/www.servais-vzw.org\/en\/familie\/misia-godebska-misia-sert\/#breadcrumb","itemListElement":[{"@type":"ListItem","position":1,"name":"Home","item":"https:\/\/www.servais-vzw.org\/en\/"},{"@type":"ListItem","position":2,"name":"Family","item":"https:\/\/www.servais-vzw.org\/en\/familie\/"},{"@type":"ListItem","position":3,"name":"Misia Godebska (Misia Sert)"}]},{"@type":"WebSite","@id":"https:\/\/www.servais-vzw.org\/en\/#website","url":"https:\/\/www.servais-vzw.org\/en\/","name":"Fran\u00e7ois Servais","description":"","potentialAction":[{"@type":"SearchAction","target":{"@type":"EntryPoint","urlTemplate":"https:\/\/www.servais-vzw.org\/en\/?s={search_term_string}"},"query-input":{"@type":"PropertyValueSpecification","valueRequired":true,"valueName":"search_term_string"}}],"inLanguage":"en-US"}]}},"_links":{"self":[{"href":"https:\/\/www.servais-vzw.org\/en\/wp-json\/wp\/v2\/pages\/1871","targetHints":{"allow":["GET"]}}],"collection":[{"href":"https:\/\/www.servais-vzw.org\/en\/wp-json\/wp\/v2\/pages"}],"about":[{"href":"https:\/\/www.servais-vzw.org\/en\/wp-json\/wp\/v2\/types\/page"}],"author":[{"embeddable":true,"href":"https:\/\/www.servais-vzw.org\/en\/wp-json\/wp\/v2\/users\/1"}],"replies":[{"embeddable":true,"href":"https:\/\/www.servais-vzw.org\/en\/wp-json\/wp\/v2\/comments?post=1871"}],"version-history":[{"count":2,"href":"https:\/\/www.servais-vzw.org\/en\/wp-json\/wp\/v2\/pages\/1871\/revisions"}],"predecessor-version":[{"id":2552,"href":"https:\/\/www.servais-vzw.org\/en\/wp-json\/wp\/v2\/pages\/1871\/revisions\/2552"}],"up":[{"embeddable":true,"href":"https:\/\/www.servais-vzw.org\/en\/wp-json\/wp\/v2\/pages\/1866"}],"wp:attachment":[{"href":"https:\/\/www.servais-vzw.org\/en\/wp-json\/wp\/v2\/media?parent=1871"}],"curies":[{"name":"wp","href":"https:\/\/api.w.org\/{rel}","templated":true}]}}