{"id":1892,"date":"2016-08-31T16:37:10","date_gmt":"2016-08-31T16:37:10","guid":{"rendered":"http:\/\/www.servais-vzw.org\/?page_id=1892"},"modified":"2016-09-11T11:12:45","modified_gmt":"2016-09-11T11:12:45","slug":"over-deze-site","status":"publish","type":"page","link":"https:\/\/www.servais-vzw.org\/en\/servais-vzw\/over-deze-site\/","title":{"rendered":"About this site"},"content":{"rendered":"<p>This web site \u201cFran\u00e7ois Servais (1807-1866), the Paganini of the cello\u201d is an initiative of the Servais Society and was officially launched on November 26, 2005. In 2016 it was completely renewed. From 2005 till 2014 the webmaster was Renaat Uyttersprot. From 2015 on the webmaster is Axel Jacobs.<\/p>\n<p>This website is based on the ongoing scientific research results on Servais\u2019 life and work by Peter Fran\u00e7ois. Don&#8217;t hesitate to contact him (<a href=\"mailto:peter@servais-vzw.org?subject=Info%20website%20servais-vzw.org\">click here<\/a>) for questions, additional information or corrections, or in case you would like to use this overview for a publication.<\/p>\n<dl>\n<dt>Thanks to Guido Fran\u00e7ois, Peter Fran\u00e7ois, Ren\u00e9 Hannaert, Liam Fennelly, Francine Mertens, Anne Lyle,\u00a0Xavier Dekeyser, &#8230; for the translations.<\/dt>\n<\/dl>\n<h3>Legal message<\/h3>\n<p class=\"blauw_vet\"><strong>Intellectual Property Rights<\/strong><\/p>\n<p>The reproduction, imparting to and making available for the public of publications, documents and information on this site for non-commercial purposes is permitted on condition that the source is explicitly specified as follows:\u00a0<em>Peter Fran\u00e7ois, Fran\u00e7ois Servais (1807-1866), the Paganini of the cello<\/em>, www.servais-vzw.org (or the complete URL to the page).<\/p>\n<p class=\"blauw_vet\"><strong>Privacy<\/strong><\/p>\n<p>The Servais Society can gather personal information that enables us to deal with your request and to keep you informed of our activities. If you do not want this, please let us know during the request procedure. At any time you can look up and correct your personal information. To call up this information simply send us an e-mail.<\/p>\n<p>This site uses cookies, which are small files that are stored on your computer\u2019s hard disk. They do not contain any personal information, but are used to facilitate subsequent visits to our site. Thus, for example, your choice of language is remembered, so you do not have to enter this each time you visit our site. You can switch off the use of cookies in your browser if you wish. However, bear in mind that if you do so, your visits to our site may not run as smoothly.<\/p>\n<p>The Servais Society reserves the right to amend this privacy regulation at any time in accordance with the Belgian Act of 8 December 1992 on the protection of privacy.<\/p>\n<p class=\"blauw_vet\"><strong>Liability<\/strong><\/p>\n<p>The aim of this site is to give greater publicity to the violoncellist and composer Fran\u00e7ois Servais, his work and historical background.<\/p>\n<p>Nonetheless, the Servais Society disclaims any liability for the contents of its site. The information provided on the site is exclusively of a general nature and not geared towards the specific situation of any individual or legal entity, is not necessarily complete, accurate or up to date and does not constitute professional advice.<\/p>\n<p>The Servais Society cannot be held liable for any malfunctions, interruptions or faults on the website.<br \/>\nThis site contains several links to other websites that may be of interest to visitors. However, the Servais Society is not responsible for the content of linked sites. The Servais Society will remove links to these other websites as soon as it becomes aware of their illegal nature.<\/p>\n","protected":false},"excerpt":{"rendered":"<p>This web site \u201cFran\u00e7ois Servais (1807-1866), the Paganini of the cello\u201d is an initiative of the Servais Society and was officially launched on November 26, 2005. In 2016 it was completely renewed. From 2005 till 2014 the webmaster was Renaat Uyttersprot. From 2015 on the webmaster is Axel Jacobs. This website is based on the ongoing scientific research results on &#8230;<\/p>\n","protected":false},"author":1,"featured_media":0,"parent":1887,"menu_order":0,"comment_status":"closed","ping_status":"closed","template":"template-layout-full-width.php","meta":{"om_disable_all_campaigns":false,"rs_blank_template":"","rs_page_bg_color":"","slide_template_v7":"","_uf_show_specific_survey":0,"_uf_disable_surveys":false,"footnotes":""},"class_list":["post-1892","page","type-page","status-publish","hentry","no-post-thumbnail"],"yoast_head":"<!-- This site is optimized with the Yoast SEO plugin v27.2 - https:\/\/yoast.com\/product\/yoast-seo-wordpress\/ -->\n<title>About this site - Fran\u00e7ois Servais<\/title>\n<meta name=\"robots\" content=\"index, follow, max-snippet:-1, max-image-preview:large, max-video-preview:-1\" \/>\n<link rel=\"canonical\" href=\"https:\/\/www.servais-vzw.org\/en\/servais-vzw\/over-deze-site\/\" \/>\n<meta property=\"og:locale\" content=\"en_US\" \/>\n<meta property=\"og:type\" content=\"article\" \/>\n<meta property=\"og:title\" content=\"About this site - Fran\u00e7ois Servais\" \/>\n<meta property=\"og:description\" content=\"This web site \u201cFran\u00e7ois Servais (1807-1866), the Paganini of the cello\u201d is an initiative of the Servais Society and was officially launched on November 26, 2005. In 2016 it was completely renewed. From 2005 till 2014 the webmaster was Renaat Uyttersprot. From 2015 on the webmaster is Axel Jacobs. This website is based on the ongoing scientific research results on ...\" \/>\n<meta property=\"og:url\" content=\"https:\/\/www.servais-vzw.org\/en\/servais-vzw\/over-deze-site\/\" \/>\n<meta property=\"og:site_name\" content=\"Fran\u00e7ois Servais\" \/>\n<meta property=\"article:modified_time\" content=\"2016-09-11T11:12:45+00:00\" \/>\n<meta name=\"twitter:card\" content=\"summary_large_image\" \/>\n<meta name=\"twitter:label1\" content=\"Est. reading time\" \/>\n\t<meta name=\"twitter:data1\" content=\"2 minutes\" \/>\n<script type=\"application\/ld+json\" class=\"yoast-schema-graph\">{\"@context\":\"https:\/\/schema.org\",\"@graph\":[{\"@type\":\"WebPage\",\"@id\":\"https:\/\/www.servais-vzw.org\/en\/servais-vzw\/over-deze-site\/\",\"url\":\"https:\/\/www.servais-vzw.org\/en\/servais-vzw\/over-deze-site\/\",\"name\":\"About this site - Fran\u00e7ois Servais\",\"isPartOf\":{\"@id\":\"https:\/\/www.servais-vzw.org\/en\/#website\"},\"datePublished\":\"2016-08-31T16:37:10+00:00\",\"dateModified\":\"2016-09-11T11:12:45+00:00\",\"breadcrumb\":{\"@id\":\"https:\/\/www.servais-vzw.org\/en\/servais-vzw\/over-deze-site\/#breadcrumb\"},\"inLanguage\":\"en-US\",\"potentialAction\":[{\"@type\":\"ReadAction\",\"target\":[\"https:\/\/www.servais-vzw.org\/en\/servais-vzw\/over-deze-site\/\"]}]},{\"@type\":\"BreadcrumbList\",\"@id\":\"https:\/\/www.servais-vzw.org\/en\/servais-vzw\/over-deze-site\/#breadcrumb\",\"itemListElement\":[{\"@type\":\"ListItem\",\"position\":1,\"name\":\"Home\",\"item\":\"https:\/\/www.servais-vzw.org\/en\/\"},{\"@type\":\"ListItem\",\"position\":2,\"name\":\"Servais Society\",\"item\":\"https:\/\/www.servais-vzw.org\/en\/servais-vzw\/\"},{\"@type\":\"ListItem\",\"position\":3,\"name\":\"About this site\"}]},{\"@type\":\"WebSite\",\"@id\":\"https:\/\/www.servais-vzw.org\/en\/#website\",\"url\":\"https:\/\/www.servais-vzw.org\/en\/\",\"name\":\"Fran\u00e7ois Servais\",\"description\":\"\",\"potentialAction\":[{\"@type\":\"SearchAction\",\"target\":{\"@type\":\"EntryPoint\",\"urlTemplate\":\"https:\/\/www.servais-vzw.org\/en\/?s={search_term_string}\"},\"query-input\":{\"@type\":\"PropertyValueSpecification\",\"valueRequired\":true,\"valueName\":\"search_term_string\"}}],\"inLanguage\":\"en-US\"}]}<\/script>\n<!-- \/ Yoast SEO plugin. -->","yoast_head_json":{"title":"About this site - Fran\u00e7ois Servais","robots":{"index":"index","follow":"follow","max-snippet":"max-snippet:-1","max-image-preview":"max-image-preview:large","max-video-preview":"max-video-preview:-1"},"canonical":"https:\/\/www.servais-vzw.org\/en\/servais-vzw\/over-deze-site\/","og_locale":"en_US","og_type":"article","og_title":"About this site - Fran\u00e7ois Servais","og_description":"This web site \u201cFran\u00e7ois Servais (1807-1866), the Paganini of the cello\u201d is an initiative of the Servais Society and was officially launched on November 26, 2005. In 2016 it was completely renewed. From 2005 till 2014 the webmaster was Renaat Uyttersprot. From 2015 on the webmaster is Axel Jacobs. This website is based on the ongoing scientific research results on ...","og_url":"https:\/\/www.servais-vzw.org\/en\/servais-vzw\/over-deze-site\/","og_site_name":"Fran\u00e7ois Servais","article_modified_time":"2016-09-11T11:12:45+00:00","twitter_card":"summary_large_image","twitter_misc":{"Est. reading time":"2 minutes"},"schema":{"@context":"https:\/\/schema.org","@graph":[{"@type":"WebPage","@id":"https:\/\/www.servais-vzw.org\/en\/servais-vzw\/over-deze-site\/","url":"https:\/\/www.servais-vzw.org\/en\/servais-vzw\/over-deze-site\/","name":"About this site - Fran\u00e7ois Servais","isPartOf":{"@id":"https:\/\/www.servais-vzw.org\/en\/#website"},"datePublished":"2016-08-31T16:37:10+00:00","dateModified":"2016-09-11T11:12:45+00:00","breadcrumb":{"@id":"https:\/\/www.servais-vzw.org\/en\/servais-vzw\/over-deze-site\/#breadcrumb"},"inLanguage":"en-US","potentialAction":[{"@type":"ReadAction","target":["https:\/\/www.servais-vzw.org\/en\/servais-vzw\/over-deze-site\/"]}]},{"@type":"BreadcrumbList","@id":"https:\/\/www.servais-vzw.org\/en\/servais-vzw\/over-deze-site\/#breadcrumb","itemListElement":[{"@type":"ListItem","position":1,"name":"Home","item":"https:\/\/www.servais-vzw.org\/en\/"},{"@type":"ListItem","position":2,"name":"Servais Society","item":"https:\/\/www.servais-vzw.org\/en\/servais-vzw\/"},{"@type":"ListItem","position":3,"name":"About this site"}]},{"@type":"WebSite","@id":"https:\/\/www.servais-vzw.org\/en\/#website","url":"https:\/\/www.servais-vzw.org\/en\/","name":"Fran\u00e7ois Servais","description":"","potentialAction":[{"@type":"SearchAction","target":{"@type":"EntryPoint","urlTemplate":"https:\/\/www.servais-vzw.org\/en\/?s={search_term_string}"},"query-input":{"@type":"PropertyValueSpecification","valueRequired":true,"valueName":"search_term_string"}}],"inLanguage":"en-US"}]}},"_links":{"self":[{"href":"https:\/\/www.servais-vzw.org\/en\/wp-json\/wp\/v2\/pages\/1892","targetHints":{"allow":["GET"]}}],"collection":[{"href":"https:\/\/www.servais-vzw.org\/en\/wp-json\/wp\/v2\/pages"}],"about":[{"href":"https:\/\/www.servais-vzw.org\/en\/wp-json\/wp\/v2\/types\/page"}],"author":[{"embeddable":true,"href":"https:\/\/www.servais-vzw.org\/en\/wp-json\/wp\/v2\/users\/1"}],"replies":[{"embeddable":true,"href":"https:\/\/www.servais-vzw.org\/en\/wp-json\/wp\/v2\/comments?post=1892"}],"version-history":[{"count":4,"href":"https:\/\/www.servais-vzw.org\/en\/wp-json\/wp\/v2\/pages\/1892\/revisions"}],"predecessor-version":[{"id":2794,"href":"https:\/\/www.servais-vzw.org\/en\/wp-json\/wp\/v2\/pages\/1892\/revisions\/2794"}],"up":[{"embeddable":true,"href":"https:\/\/www.servais-vzw.org\/en\/wp-json\/wp\/v2\/pages\/1887"}],"wp:attachment":[{"href":"https:\/\/www.servais-vzw.org\/en\/wp-json\/wp\/v2\/media?parent=1892"}],"curies":[{"name":"wp","href":"https:\/\/api.w.org\/{rel}","templated":true}]}}