{"id":2009,"date":"2016-07-07T07:41:25","date_gmt":"2016-07-07T07:41:25","guid":{"rendered":"http:\/\/www.servais-vzw.org\/fr\/events\/archief\/"},"modified":"2016-09-04T16:41:50","modified_gmt":"2016-09-04T16:41:50","slug":"archief","status":"publish","type":"page","link":"https:\/\/www.servais-vzw.org\/fr\/archief\/","title":{"rendered":"Archives"},"content":{"rendered":"<div class=\"em em-view-container\" id=\"em-view-1545357453\" data-view=\"list\">\r\n\t<div class=\"em pixelbones em-list em-events-list\" id=\"em-events-list-1545357453\" data-view-id=\"1545357453\">\r\n\t<p>Klik op de titel voor meer info. Kijk ook op onze <a href=\"https:\/\/www.facebook.com\/servais.vzw\/\" target=\"_blank\">Facebookpagina<\/a> voor nieuws heet van de naald!<\/p>\r\n<table><tr>\r\n\t<td><a href=\"https:\/\/www.servais-vzw.org\/fr\/events\/33ieme-concert-servais\/\"><img src='https:\/\/www.servais-vzw.org\/wp-content\/uploads\/2025\/08\/flyer13-12-PRESS1.jpg' alt='33i\u00e8me concert Servais'\/><\/a><\/td>\r\n\t<td>13\/12\/2025<\/td>\r\n\t<td><a href=\"https:\/\/www.servais-vzw.org\/fr\/events\/33ieme-concert-servais\/\">33i\u00e8me concert Servais<\/a><\/td>\r\n\t<td><\/td>\r\n\t<td>Aleksey Shadrin, cello; Leonid Gorokhov, cello; Salih Can Gevrek, piano<\/td>\r\n\t<td>vzw Servais<\/td>\r\n<\/tr><tr>\r\n\t<td><a href=\"https:\/\/www.servais-vzw.org\/fr\/events\/32ieme-concert-servais\/\"><img src='https:\/\/www.servais-vzw.org\/wp-content\/uploads\/2024\/10\/affiche-MAIL-scaled.jpg' alt='32i\u00e8me Concert Servais'\/><\/a><\/td>\r\n\t<td>06\/06\/2025<\/td>\r\n\t<td><a href=\"https:\/\/www.servais-vzw.org\/fr\/events\/32ieme-concert-servais\/\">32i\u00e8me Concert Servais<\/a><\/td>\r\n\t<td><\/td>\r\n\t<td>Pierre Fontenelle, cello & \u00c7a\u011f\u0131l Cansu \u015eanl\u0131da\u011f, piano<\/td>\r\n\t<td>vzw Servais<\/td>\r\n<\/tr><tr>\r\n\t<td><a href=\"https:\/\/www.servais-vzw.org\/fr\/events\/concert-douverture-du-brussels-cello-festival\/\"><img src='https:\/\/www.servais-vzw.org\/wp-content\/uploads\/2024\/10\/53122_1920_2400_80_1645109772.jpg' alt='Concert d&#039;ouverture du Brussels Cello Festival'\/><\/a><\/td>\r\n\t<td>15\/11\/2024<\/td>\r\n\t<td><a href=\"https:\/\/www.servais-vzw.org\/fr\/events\/concert-douverture-du-brussels-cello-festival\/\">Concert d&rsquo;ouverture du Brussels Cello Festival<\/a><\/td>\r\n\t<td><\/td>\r\n\t<td><\/td>\r\n\t<td>vzw Servais<\/td>\r\n<\/tr><tr>\r\n\t<td><a href=\"https:\/\/www.servais-vzw.org\/fr\/events\/expo-francois-servais-le-paganini-du-violoncelle-2\/\"><img src='https:\/\/www.servais-vzw.org\/wp-content\/uploads\/2023\/08\/affiche.jpg' alt='Expo &#039;Fran\u00e7ois Servais, le Paganini du violoncelle&#039;'\/><\/a><\/td>\r\n\t<td>18\/05\/2024 - 09\/06\/2024<\/td>\r\n\t<td><a href=\"https:\/\/www.servais-vzw.org\/fr\/events\/expo-francois-servais-le-paganini-du-violoncelle-2\/\">Expo &lsquo;Fran\u00e7ois Servais, le Paganini du violoncelle&rsquo;<\/a><\/td>\r\n\t<td><\/td>\r\n\t<td><\/td>\r\n\t<td>vzw Servais<\/td>\r\n<\/tr><tr>\r\n\t<td><a href=\"https:\/\/www.servais-vzw.org\/fr\/events\/concert-de-cloture-quatre-jours-aupres-de-servais-2\/\"><img src='https:\/\/www.servais-vzw.org\/wp-content\/uploads\/2023\/08\/flyer-PRESS22.jpg' alt='Concert de cl\u00f4ture &#039;Quatre jours aupr\u00e8s de Servais&#039;'\/><\/a><\/td>\r\n\t<td>14\/04\/2024<\/td>\r\n\t<td><a href=\"https:\/\/www.servais-vzw.org\/fr\/events\/concert-de-cloture-quatre-jours-aupres-de-servais-2\/\">Concert de cl\u00f4ture &lsquo;Quatre jours aupr\u00e8s de Servais&rsquo;<\/a><\/td>\r\n\t<td><\/td>\r\n\t<td>Participants au stage<\/td>\r\n\t<td>vzw Servais<\/td>\r\n<\/tr><tr>\r\n\t<td><a href=\"https:\/\/www.servais-vzw.org\/fr\/events\/stage2024\/\"><img src='https:\/\/www.servais-vzw.org\/wp-content\/uploads\/2023\/09\/stage2022.jpg' alt='Stage de violoncelle &#039;Servais&#039; 2024'\/><\/a><\/td>\r\n\t<td>11\/04\/2024 - 14\/04\/2024<\/td>\r\n\t<td><a href=\"https:\/\/www.servais-vzw.org\/fr\/events\/stage2024\/\">Stage de violoncelle &lsquo;Servais&rsquo; 2024<\/a><\/td>\r\n\t<td><\/td>\r\n\t<td><\/td>\r\n\t<td>vzw Servais<\/td>\r\n<\/tr><tr>\r\n\t<td><a href=\"https:\/\/www.servais-vzw.org\/fr\/events\/31ieme-concert-servais\/\"><img src='https:\/\/www.servais-vzw.org\/wp-content\/uploads\/2023\/08\/affiche-PRESS-scaled.jpg' alt='31i\u00e8me Concert Servais'\/><\/a><\/td>\r\n\t<td>11\/04\/2024<\/td>\r\n\t<td><a href=\"https:\/\/www.servais-vzw.org\/fr\/events\/31ieme-concert-servais\/\">31i\u00e8me Concert Servais<\/a><\/td>\r\n\t<td><\/td>\r\n\t<td>Tansman Cello Quartet & Ann Van Hecke<\/td>\r\n\t<td>vzw Servais<\/td>\r\n<\/tr><tr>\r\n\t<td><a href=\"https:\/\/www.servais-vzw.org\/fr\/events\/30ieme-concert-servais\/\"><img src='https:\/\/www.servais-vzw.org\/wp-content\/uploads\/2023\/08\/affiche26-11-20231.jpg' alt='30i\u00e8me Concert Servais'\/><\/a><\/td>\r\n\t<td>26\/11\/2023<\/td>\r\n\t<td><a href=\"https:\/\/www.servais-vzw.org\/fr\/events\/30ieme-concert-servais\/\">30i\u00e8me Concert Servais<\/a><\/td>\r\n\t<td><\/td>\r\n\t<td>Universitair Symfonisch Orkest KU Leuven & Benjamin Glorieux, cello<\/td>\r\n\t<td>vzw Servais<\/td>\r\n<\/tr><tr>\r\n\t<td><a href=\"https:\/\/www.servais-vzw.org\/fr\/events\/29ieme-concert-servais-duo-fortecello\/\"><img src='https:\/\/www.servais-vzw.org\/wp-content\/uploads\/2022\/12\/flyer3-6-2023.jpg' alt='29i\u00e8me Concert Servais - Duo Fortecello'\/><\/a><\/td>\r\n\t<td>03\/06\/2023<\/td>\r\n\t<td><a href=\"https:\/\/www.servais-vzw.org\/fr\/events\/29ieme-concert-servais-duo-fortecello\/\">29i\u00e8me Concert Servais &#8211; Duo Fortecello<\/a><\/td>\r\n\t<td><\/td>\r\n\t<td>Anna Mikulska, cello & Philippe Argenty, piano<\/td>\r\n\t<td>vzw Servais<\/td>\r\n<\/tr><tr>\r\n\t<td><a href=\"https:\/\/www.servais-vzw.org\/fr\/events\/28ieme-concert-servais\/\"><img src='https:\/\/www.servais-vzw.org\/wp-content\/uploads\/2022\/08\/hayoung-choi-copyright.jpg' alt='28i\u00e8me Concert Servais'\/><\/a><\/td>\r\n\t<td>27\/11\/2022<\/td>\r\n\t<td><a href=\"https:\/\/www.servais-vzw.org\/fr\/events\/28ieme-concert-servais\/\">28i\u00e8me Concert Servais<\/a><\/td>\r\n\t<td><\/td>\r\n\t<td>Hayoung Choi, cello & Joachim Carr, piano<\/td>\r\n\t<td>vzw Servais<\/td>\r\n<\/tr><\/table><div class=\"em-pagination em-ajax\" data-em-ajax=\"id=1545357453&amp;limit=10&amp;scope=past&amp;orderby=event_start_date&amp;action=search_events\"> <span class=\"page-numbers current\">1<\/span><span class=\"not-current second-half\"> <a class=\"page-numbers\" href=\"\/fr\/wp-json\/wp\/v2\/pages\/2009?pno=2\" title=\"2\">2<\/a>  <a class=\"page-numbers\" href=\"\/fr\/wp-json\/wp\/v2\/pages\/2009?pno=3\" title=\"3\">3<\/a>  <a class=\"page-numbers\" href=\"\/fr\/wp-json\/wp\/v2\/pages\/2009?pno=4\" title=\"4\">4<\/a>  <a class=\"page-numbers\" href=\"\/fr\/wp-json\/wp\/v2\/pages\/2009?pno=5\" title=\"5\">5<\/a>  <a class=\"page-numbers\" href=\"\/fr\/wp-json\/wp\/v2\/pages\/2009?pno=6\" title=\"6\">6<\/a>  <a class=\"page-numbers\" href=\"\/fr\/wp-json\/wp\/v2\/pages\/2009?pno=7\" title=\"7\">7<\/a>  <a class=\"page-numbers\" href=\"\/fr\/wp-json\/wp\/v2\/pages\/2009?pno=8\" title=\"8\">8<\/a>  <a class=\"page-numbers\" href=\"\/fr\/wp-json\/wp\/v2\/pages\/2009?pno=9\" title=\"9\">9<\/a>  <a class=\"page-numbers\" href=\"\/fr\/wp-json\/wp\/v2\/pages\/2009?pno=10\" title=\"10\">10<\/a> <\/span> <a class=\"page-numbers\" href=\"\/fr\/wp-json\/wp\/v2\/pages\/2009?pno=11\" title=\"11\">11<\/a>  <a class=\"page-numbers\" href=\"\/fr\/wp-json\/wp\/v2\/pages\/2009?pno=12\" title=\"12\">12<\/a>  <a class=\"next page-numbers\" href=\"\/fr\/wp-json\/wp\/v2\/pages\/2009?pno=2\" title=\"2\">&gt;<\/a>  <a class=\"next last page-numbers\" href=\"\/fr\/wp-json\/wp\/v2\/pages\/2009?pno=14\" title=\"14\">&gt;&gt;<\/a> <\/div>\t<\/div>\r\n<\/div>\n","protected":false},"excerpt":{"rendered":"Klik op de titel voor meer info. Kijk ook op onze Facebookpagina voor nieuws heet van de naald! 13\/12\/2025 33i\u00e8me concert Servais Aleksey Shadrin, cello; Leonid Gorokhov, cello; Salih Can Gevrek, piano vzw Servais 06\/06\/2025 32i\u00e8me Concert Servais Pierre Fontenelle, cello & \u00c7a\u011f\u0131l Cansu \u015eanl\u0131da\u011f, piano vzw Servais 15\/11\/2024 Concert d&rsquo;ouverture du Brussels Cello Festival vzw Servais 18\/05\/2024 - 09\/06\/2024 ...","protected":false},"author":1,"featured_media":0,"parent":0,"menu_order":0,"comment_status":"closed","ping_status":"closed","template":"","meta":{"om_disable_all_campaigns":false,"rs_blank_template":"","rs_page_bg_color":"","slide_template_v7":"","_uf_show_specific_survey":0,"_uf_disable_surveys":false,"footnotes":""},"class_list":["post-2009","page","type-page","status-publish","hentry","no-post-thumbnail"],"yoast_head":"<!-- This site is optimized with the Yoast SEO plugin v27.2 - https:\/\/yoast.com\/product\/yoast-seo-wordpress\/ -->\n<title>Archives - Fran\u00e7ois Servais<\/title>\n<meta name=\"robots\" content=\"index, follow, max-snippet:-1, max-image-preview:large, max-video-preview:-1\" \/>\n<link rel=\"canonical\" href=\"https:\/\/www.servais-vzw.org\/fr\/archief\/\" \/>\n<meta property=\"og:locale\" content=\"fr_FR\" \/>\n<meta property=\"og:type\" content=\"article\" \/>\n<meta property=\"og:title\" content=\"Archives - Fran\u00e7ois Servais\" \/>\n<meta property=\"og:url\" content=\"https:\/\/www.servais-vzw.org\/fr\/archief\/\" \/>\n<meta property=\"og:site_name\" content=\"Fran\u00e7ois Servais\" \/>\n<meta property=\"article:modified_time\" content=\"2016-09-04T16:41:50+00:00\" \/>\n<meta name=\"twitter:card\" content=\"summary_large_image\" \/>\n<script type=\"application\/ld+json\" class=\"yoast-schema-graph\">{\"@context\":\"https:\/\/schema.org\",\"@graph\":[{\"@type\":\"WebPage\",\"@id\":\"https:\/\/www.servais-vzw.org\/fr\/archief\/\",\"url\":\"https:\/\/www.servais-vzw.org\/fr\/archief\/\",\"name\":\"Archives - Fran\u00e7ois Servais\",\"isPartOf\":{\"@id\":\"https:\/\/www.servais-vzw.org\/en\/#website\"},\"datePublished\":\"2016-07-07T07:41:25+00:00\",\"dateModified\":\"2016-09-04T16:41:50+00:00\",\"breadcrumb\":{\"@id\":\"https:\/\/www.servais-vzw.org\/fr\/archief\/#breadcrumb\"},\"inLanguage\":\"fr-FR\",\"potentialAction\":[{\"@type\":\"ReadAction\",\"target\":[\"https:\/\/www.servais-vzw.org\/fr\/archief\/\"]}]},{\"@type\":\"BreadcrumbList\",\"@id\":\"https:\/\/www.servais-vzw.org\/fr\/archief\/#breadcrumb\",\"itemListElement\":[{\"@type\":\"ListItem\",\"position\":1,\"name\":\"Home\",\"item\":\"https:\/\/www.servais-vzw.org\/fr\/\"},{\"@type\":\"ListItem\",\"position\":2,\"name\":\"Archives\"}]},{\"@type\":\"WebSite\",\"@id\":\"https:\/\/www.servais-vzw.org\/en\/#website\",\"url\":\"https:\/\/www.servais-vzw.org\/en\/\",\"name\":\"Fran\u00e7ois Servais\",\"description\":\"\",\"potentialAction\":[{\"@type\":\"SearchAction\",\"target\":{\"@type\":\"EntryPoint\",\"urlTemplate\":\"https:\/\/www.servais-vzw.org\/en\/?s={search_term_string}\"},\"query-input\":{\"@type\":\"PropertyValueSpecification\",\"valueRequired\":true,\"valueName\":\"search_term_string\"}}],\"inLanguage\":\"fr-FR\"}]}<\/script>\n<!-- \/ Yoast SEO plugin. -->","yoast_head_json":{"title":"Archives - Fran\u00e7ois Servais","robots":{"index":"index","follow":"follow","max-snippet":"max-snippet:-1","max-image-preview":"max-image-preview:large","max-video-preview":"max-video-preview:-1"},"canonical":"https:\/\/www.servais-vzw.org\/fr\/archief\/","og_locale":"fr_FR","og_type":"article","og_title":"Archives - Fran\u00e7ois Servais","og_url":"https:\/\/www.servais-vzw.org\/fr\/archief\/","og_site_name":"Fran\u00e7ois Servais","article_modified_time":"2016-09-04T16:41:50+00:00","twitter_card":"summary_large_image","schema":{"@context":"https:\/\/schema.org","@graph":[{"@type":"WebPage","@id":"https:\/\/www.servais-vzw.org\/fr\/archief\/","url":"https:\/\/www.servais-vzw.org\/fr\/archief\/","name":"Archives - Fran\u00e7ois Servais","isPartOf":{"@id":"https:\/\/www.servais-vzw.org\/en\/#website"},"datePublished":"2016-07-07T07:41:25+00:00","dateModified":"2016-09-04T16:41:50+00:00","breadcrumb":{"@id":"https:\/\/www.servais-vzw.org\/fr\/archief\/#breadcrumb"},"inLanguage":"fr-FR","potentialAction":[{"@type":"ReadAction","target":["https:\/\/www.servais-vzw.org\/fr\/archief\/"]}]},{"@type":"BreadcrumbList","@id":"https:\/\/www.servais-vzw.org\/fr\/archief\/#breadcrumb","itemListElement":[{"@type":"ListItem","position":1,"name":"Home","item":"https:\/\/www.servais-vzw.org\/fr\/"},{"@type":"ListItem","position":2,"name":"Archives"}]},{"@type":"WebSite","@id":"https:\/\/www.servais-vzw.org\/en\/#website","url":"https:\/\/www.servais-vzw.org\/en\/","name":"Fran\u00e7ois Servais","description":"","potentialAction":[{"@type":"SearchAction","target":{"@type":"EntryPoint","urlTemplate":"https:\/\/www.servais-vzw.org\/en\/?s={search_term_string}"},"query-input":{"@type":"PropertyValueSpecification","valueRequired":true,"valueName":"search_term_string"}}],"inLanguage":"fr-FR"}]}},"_links":{"self":[{"href":"https:\/\/www.servais-vzw.org\/fr\/wp-json\/wp\/v2\/pages\/2009","targetHints":{"allow":["GET"]}}],"collection":[{"href":"https:\/\/www.servais-vzw.org\/fr\/wp-json\/wp\/v2\/pages"}],"about":[{"href":"https:\/\/www.servais-vzw.org\/fr\/wp-json\/wp\/v2\/types\/page"}],"author":[{"embeddable":true,"href":"https:\/\/www.servais-vzw.org\/fr\/wp-json\/wp\/v2\/users\/1"}],"replies":[{"embeddable":true,"href":"https:\/\/www.servais-vzw.org\/fr\/wp-json\/wp\/v2\/comments?post=2009"}],"version-history":[{"count":2,"href":"https:\/\/www.servais-vzw.org\/fr\/wp-json\/wp\/v2\/pages\/2009\/revisions"}],"predecessor-version":[{"id":2521,"href":"https:\/\/www.servais-vzw.org\/fr\/wp-json\/wp\/v2\/pages\/2009\/revisions\/2521"}],"wp:attachment":[{"href":"https:\/\/www.servais-vzw.org\/fr\/wp-json\/wp\/v2\/media?parent=2009"}],"curies":[{"name":"wp","href":"https:\/\/api.w.org\/{rel}","templated":true}]}}