{"id":2013,"date":"2016-08-31T16:36:00","date_gmt":"2016-08-31T16:36:00","guid":{"rendered":"http:\/\/www.servais-vzw.org\/fr\/belgische-celloschool\/"},"modified":"2016-09-04T17:56:56","modified_gmt":"2016-09-04T17:56:56","slug":"belgische-celloschool","status":"publish","type":"page","link":"https:\/\/www.servais-vzw.org\/fr\/cellist\/belgische-celloschool\/","title":{"rendered":"Ecole belge de violoncelle"},"content":{"rendered":"<div class=\"wpb-content-wrapper\">[vc_row padding_top=\u00a0\u00bb0px\u00a0\u00bb padding_bottom=\u00a0\u00bb0px\u00a0\u00bb][vc_column fade_animation_offset=\u00a0\u00bb45px\u00a0\u00bb width=\u00a0\u00bb1\/4&Prime;]<img decoding=\"async\"  class=\"x-img\"  src=\"https:\/\/www.servais-vzw.org\/wp-content\/uploads\/2015\/09\/BL691-105_01.jpg\" alt=\"Cellomethode Jules de Swert \"><img decoding=\"async\"  class=\"x-img\"  src=\"https:\/\/www.servais-vzw.org\/wp-content\/uploads\/2015\/09\/BL691-275.jpg\" ><img decoding=\"async\"  class=\"x-img\"  src=\"https:\/\/www.servais-vzw.org\/wp-content\/uploads\/2015\/09\/BL691-281.jpg\" >[\/vc_column][vc_column fade_animation_offset=\u00a0\u00bb45px\u00a0\u00bb width=\u00a0\u00bb3\/4&Prime;]<p>Servais n\u2019a pas \u00e9dit\u00e9 ces innovations. Il les a transmises \u00e0 ses \u00e9l\u00e8ves qui ont influenc\u00e9 \u00e0 leur tour, les g\u00e9n\u00e9rations suivantes. De jeunes violoncellistes originaires de l\u2019Europa enti\u00e8re vinrent \u00e0 Bruxelles afin d\u2019y \u00e9tudier avec Servais. Parmi eux se distinguent H\u00e9l\u00e8ne De Katow, Adam Heermann, Antoine Oudshoorn et Arved Poorten. Citons aussi les \u00e9l\u00e8ves belges, Jules de Swert, Adolphe Fischer, Ernest de Munck et son propre fils, Joseph Servais. Il a \u00e9galement utilis\u00e9 ces innovations techniques dans ses Six Caprices opus 11. Ces six \u00e9tudes sont toujours mises au programme des acad\u00e9mies de musique et des conservatoires du monde entier.<\/p>\n[vc_row_inner padding_top=\u00a0\u00bb0px\u00a0\u00bb padding_bottom=\u00a0\u00bb0px\u00a0\u00bb][vc_column_inner fade_animation_offset=\u00a0\u00bb45px\u00a0\u00bb width=\u00a0\u00bb1\/3&Prime;]<img decoding=\"async\"  class=\"x-img\"  src=\"https:\/\/www.servais-vzw.org\/wp-content\/uploads\/2015\/09\/de_katow.jpg\" >[\/vc_column_inner][vc_column_inner fade_animation_offset=\u00a0\u00bb45px\u00a0\u00bb width=\u00a0\u00bb1\/3&Prime;]<img decoding=\"async\"  class=\"x-img\"  src=\"https:\/\/www.servais-vzw.org\/wp-content\/uploads\/2015\/09\/BL693-62.jpg\" >[\/vc_column_inner][vc_column_inner fade_animation_offset=\u00a0\u00bb45px\u00a0\u00bb width=\u00a0\u00bb1\/3&Prime;]<img decoding=\"async\"  class=\"x-img\"  src=\"https:\/\/www.servais-vzw.org\/wp-content\/uploads\/2015\/09\/BL693-61.jpg\" >[\/vc_column_inner][\/vc_row_inner][vc_row_inner padding_top=\u00a0\u00bb0px\u00a0\u00bb padding_bottom=\u00a0\u00bb0px\u00a0\u00bb][vc_column_inner fade_animation_offset=\u00a0\u00bb45px\u00a0\u00bb width=\u00a0\u00bb1\/3&Prime;]<img decoding=\"async\"  class=\"x-img\"  src=\"https:\/\/www.servais-vzw.org\/wp-content\/uploads\/2015\/09\/BL693-11.jpg\" >[\/vc_column_inner][vc_column_inner fade_animation_offset=\u00a0\u00bb45px\u00a0\u00bb width=\u00a0\u00bb1\/3&Prime;]<img decoding=\"async\"  class=\"x-img\"  src=\"https:\/\/www.servais-vzw.org\/wp-content\/uploads\/2015\/09\/BL693-9.jpg\" >[\/vc_column_inner][vc_column_inner fade_animation_offset=\u00a0\u00bb45px\u00a0\u00bb width=\u00a0\u00bb1\/3&Prime;][\/vc_column_inner][\/vc_row_inner][\/vc_column][\/vc_row]\n<\/div>","protected":false},"excerpt":{"rendered":"<p>[vc_row padding_top=\u00a0\u00bb0px\u00a0\u00bb padding_bottom=\u00a0\u00bb0px\u00a0\u00bb][vc_column fade_animation_offset=\u00a0\u00bb45px\u00a0\u00bb width=\u00a0\u00bb1\/4&Prime;][\/vc_column][vc_column fade_animation_offset=\u00a0\u00bb45px\u00a0\u00bb width=\u00a0\u00bb3\/4&Prime;][vc_row_inner padding_top=\u00a0\u00bb0px\u00a0\u00bb padding_bottom=\u00a0\u00bb0px\u00a0\u00bb][vc_column_inner fade_animation_offset=\u00a0\u00bb45px\u00a0\u00bb width=\u00a0\u00bb1\/3&Prime;][\/vc_column_inner][vc_column_inner fade_animation_offset=\u00a0\u00bb45px\u00a0\u00bb width=\u00a0\u00bb1\/3&Prime;][\/vc_column_inner][vc_column_inner fade_animation_offset=\u00a0\u00bb45px\u00a0\u00bb width=\u00a0\u00bb1\/3&Prime;][\/vc_column_inner][\/vc_row_inner][vc_row_inner padding_top=\u00a0\u00bb0px\u00a0\u00bb padding_bottom=\u00a0\u00bb0px\u00a0\u00bb][vc_column_inner fade_animation_offset=\u00a0\u00bb45px\u00a0\u00bb width=\u00a0\u00bb1\/3&Prime;][\/vc_column_inner][vc_column_inner fade_animation_offset=\u00a0\u00bb45px\u00a0\u00bb width=\u00a0\u00bb1\/3&Prime;][\/vc_column_inner][vc_column_inner fade_animation_offset=\u00a0\u00bb45px\u00a0\u00bb width=\u00a0\u00bb1\/3&Prime;][\/vc_column_inner][\/vc_row_inner][\/vc_column][\/vc_row]<\/p>\n","protected":false},"author":1,"featured_media":0,"parent":2011,"menu_order":0,"comment_status":"closed","ping_status":"closed","template":"template-layout-full-width.php","meta":{"om_disable_all_campaigns":false,"rs_blank_template":"","rs_page_bg_color":"","slide_template_v7":"","_uf_show_specific_survey":0,"_uf_disable_surveys":false,"footnotes":""},"class_list":["post-2013","page","type-page","status-publish","hentry","no-post-thumbnail"],"yoast_head":"<!-- This site is optimized with the Yoast SEO plugin v27.2 - https:\/\/yoast.com\/product\/yoast-seo-wordpress\/ -->\n<title>Ecole belge de violoncelle - Fran\u00e7ois Servais<\/title>\n<meta name=\"robots\" content=\"index, follow, max-snippet:-1, max-image-preview:large, max-video-preview:-1\" \/>\n<link rel=\"canonical\" href=\"https:\/\/www.servais-vzw.org\/fr\/cellist\/belgische-celloschool\/\" \/>\n<meta property=\"og:locale\" content=\"fr_FR\" \/>\n<meta property=\"og:type\" content=\"article\" \/>\n<meta property=\"og:title\" content=\"Ecole belge de violoncelle - Fran\u00e7ois Servais\" \/>\n<meta property=\"og:description\" content=\"[vc_row padding_top=\u00a0\u00bb0px\u00a0\u00bb padding_bottom=\u00a0\u00bb0px\u00a0\u00bb][vc_column fade_animation_offset=\u00a0\u00bb45px\u00a0\u00bb width=\u00a0\u00bb1\/4&Prime;][\/vc_column][vc_column fade_animation_offset=\u00a0\u00bb45px\u00a0\u00bb width=\u00a0\u00bb3\/4&Prime;][vc_row_inner padding_top=\u00a0\u00bb0px\u00a0\u00bb padding_bottom=\u00a0\u00bb0px\u00a0\u00bb][vc_column_inner fade_animation_offset=\u00a0\u00bb45px\u00a0\u00bb width=\u00a0\u00bb1\/3&Prime;][\/vc_column_inner][vc_column_inner fade_animation_offset=\u00a0\u00bb45px\u00a0\u00bb width=\u00a0\u00bb1\/3&Prime;][\/vc_column_inner][vc_column_inner fade_animation_offset=\u00a0\u00bb45px\u00a0\u00bb width=\u00a0\u00bb1\/3&Prime;][\/vc_column_inner][\/vc_row_inner][vc_row_inner padding_top=\u00a0\u00bb0px\u00a0\u00bb padding_bottom=\u00a0\u00bb0px\u00a0\u00bb][vc_column_inner fade_animation_offset=\u00a0\u00bb45px\u00a0\u00bb width=\u00a0\u00bb1\/3&Prime;][\/vc_column_inner][vc_column_inner fade_animation_offset=\u00a0\u00bb45px\u00a0\u00bb width=\u00a0\u00bb1\/3&Prime;][\/vc_column_inner][vc_column_inner fade_animation_offset=\u00a0\u00bb45px\u00a0\u00bb width=\u00a0\u00bb1\/3&Prime;][\/vc_column_inner][\/vc_row_inner][\/vc_column][\/vc_row]\" \/>\n<meta property=\"og:url\" content=\"https:\/\/www.servais-vzw.org\/fr\/cellist\/belgische-celloschool\/\" \/>\n<meta property=\"og:site_name\" content=\"Fran\u00e7ois Servais\" \/>\n<meta property=\"article:modified_time\" content=\"2016-09-04T17:56:56+00:00\" \/>\n<meta name=\"twitter:card\" content=\"summary_large_image\" \/>\n<meta name=\"twitter:label1\" content=\"Dur\u00e9e de lecture estim\u00e9e\" \/>\n\t<meta name=\"twitter:data1\" content=\"2 minutes\" \/>\n<script type=\"application\/ld+json\" class=\"yoast-schema-graph\">{\"@context\":\"https:\/\/schema.org\",\"@graph\":[{\"@type\":\"WebPage\",\"@id\":\"https:\/\/www.servais-vzw.org\/fr\/cellist\/belgische-celloschool\/\",\"url\":\"https:\/\/www.servais-vzw.org\/fr\/cellist\/belgische-celloschool\/\",\"name\":\"Ecole belge de violoncelle - Fran\u00e7ois Servais\",\"isPartOf\":{\"@id\":\"https:\/\/www.servais-vzw.org\/en\/#website\"},\"datePublished\":\"2016-08-31T16:36:00+00:00\",\"dateModified\":\"2016-09-04T17:56:56+00:00\",\"breadcrumb\":{\"@id\":\"https:\/\/www.servais-vzw.org\/fr\/cellist\/belgische-celloschool\/#breadcrumb\"},\"inLanguage\":\"fr-FR\",\"potentialAction\":[{\"@type\":\"ReadAction\",\"target\":[\"https:\/\/www.servais-vzw.org\/fr\/cellist\/belgische-celloschool\/\"]}]},{\"@type\":\"BreadcrumbList\",\"@id\":\"https:\/\/www.servais-vzw.org\/fr\/cellist\/belgische-celloschool\/#breadcrumb\",\"itemListElement\":[{\"@type\":\"ListItem\",\"position\":1,\"name\":\"Home\",\"item\":\"https:\/\/www.servais-vzw.org\/fr\/\"},{\"@type\":\"ListItem\",\"position\":2,\"name\":\"Violoncelliste\",\"item\":\"https:\/\/www.servais-vzw.org\/fr\/cellist\/\"},{\"@type\":\"ListItem\",\"position\":3,\"name\":\"Ecole belge de violoncelle\"}]},{\"@type\":\"WebSite\",\"@id\":\"https:\/\/www.servais-vzw.org\/en\/#website\",\"url\":\"https:\/\/www.servais-vzw.org\/en\/\",\"name\":\"Fran\u00e7ois Servais\",\"description\":\"\",\"potentialAction\":[{\"@type\":\"SearchAction\",\"target\":{\"@type\":\"EntryPoint\",\"urlTemplate\":\"https:\/\/www.servais-vzw.org\/en\/?s={search_term_string}\"},\"query-input\":{\"@type\":\"PropertyValueSpecification\",\"valueRequired\":true,\"valueName\":\"search_term_string\"}}],\"inLanguage\":\"fr-FR\"}]}<\/script>\n<!-- \/ Yoast SEO plugin. -->","yoast_head_json":{"title":"Ecole belge de violoncelle - Fran\u00e7ois Servais","robots":{"index":"index","follow":"follow","max-snippet":"max-snippet:-1","max-image-preview":"max-image-preview:large","max-video-preview":"max-video-preview:-1"},"canonical":"https:\/\/www.servais-vzw.org\/fr\/cellist\/belgische-celloschool\/","og_locale":"fr_FR","og_type":"article","og_title":"Ecole belge de violoncelle - Fran\u00e7ois Servais","og_description":"[vc_row padding_top=\u00a0\u00bb0px\u00a0\u00bb padding_bottom=\u00a0\u00bb0px\u00a0\u00bb][vc_column fade_animation_offset=\u00a0\u00bb45px\u00a0\u00bb width=\u00a0\u00bb1\/4&Prime;][\/vc_column][vc_column fade_animation_offset=\u00a0\u00bb45px\u00a0\u00bb width=\u00a0\u00bb3\/4&Prime;][vc_row_inner padding_top=\u00a0\u00bb0px\u00a0\u00bb padding_bottom=\u00a0\u00bb0px\u00a0\u00bb][vc_column_inner fade_animation_offset=\u00a0\u00bb45px\u00a0\u00bb width=\u00a0\u00bb1\/3&Prime;][\/vc_column_inner][vc_column_inner fade_animation_offset=\u00a0\u00bb45px\u00a0\u00bb width=\u00a0\u00bb1\/3&Prime;][\/vc_column_inner][vc_column_inner fade_animation_offset=\u00a0\u00bb45px\u00a0\u00bb width=\u00a0\u00bb1\/3&Prime;][\/vc_column_inner][\/vc_row_inner][vc_row_inner padding_top=\u00a0\u00bb0px\u00a0\u00bb padding_bottom=\u00a0\u00bb0px\u00a0\u00bb][vc_column_inner fade_animation_offset=\u00a0\u00bb45px\u00a0\u00bb width=\u00a0\u00bb1\/3&Prime;][\/vc_column_inner][vc_column_inner fade_animation_offset=\u00a0\u00bb45px\u00a0\u00bb width=\u00a0\u00bb1\/3&Prime;][\/vc_column_inner][vc_column_inner fade_animation_offset=\u00a0\u00bb45px\u00a0\u00bb width=\u00a0\u00bb1\/3&Prime;][\/vc_column_inner][\/vc_row_inner][\/vc_column][\/vc_row]","og_url":"https:\/\/www.servais-vzw.org\/fr\/cellist\/belgische-celloschool\/","og_site_name":"Fran\u00e7ois Servais","article_modified_time":"2016-09-04T17:56:56+00:00","twitter_card":"summary_large_image","twitter_misc":{"Dur\u00e9e de lecture estim\u00e9e":"2 minutes"},"schema":{"@context":"https:\/\/schema.org","@graph":[{"@type":"WebPage","@id":"https:\/\/www.servais-vzw.org\/fr\/cellist\/belgische-celloschool\/","url":"https:\/\/www.servais-vzw.org\/fr\/cellist\/belgische-celloschool\/","name":"Ecole belge de violoncelle - Fran\u00e7ois Servais","isPartOf":{"@id":"https:\/\/www.servais-vzw.org\/en\/#website"},"datePublished":"2016-08-31T16:36:00+00:00","dateModified":"2016-09-04T17:56:56+00:00","breadcrumb":{"@id":"https:\/\/www.servais-vzw.org\/fr\/cellist\/belgische-celloschool\/#breadcrumb"},"inLanguage":"fr-FR","potentialAction":[{"@type":"ReadAction","target":["https:\/\/www.servais-vzw.org\/fr\/cellist\/belgische-celloschool\/"]}]},{"@type":"BreadcrumbList","@id":"https:\/\/www.servais-vzw.org\/fr\/cellist\/belgische-celloschool\/#breadcrumb","itemListElement":[{"@type":"ListItem","position":1,"name":"Home","item":"https:\/\/www.servais-vzw.org\/fr\/"},{"@type":"ListItem","position":2,"name":"Violoncelliste","item":"https:\/\/www.servais-vzw.org\/fr\/cellist\/"},{"@type":"ListItem","position":3,"name":"Ecole belge de violoncelle"}]},{"@type":"WebSite","@id":"https:\/\/www.servais-vzw.org\/en\/#website","url":"https:\/\/www.servais-vzw.org\/en\/","name":"Fran\u00e7ois Servais","description":"","potentialAction":[{"@type":"SearchAction","target":{"@type":"EntryPoint","urlTemplate":"https:\/\/www.servais-vzw.org\/en\/?s={search_term_string}"},"query-input":{"@type":"PropertyValueSpecification","valueRequired":true,"valueName":"search_term_string"}}],"inLanguage":"fr-FR"}]}},"_links":{"self":[{"href":"https:\/\/www.servais-vzw.org\/fr\/wp-json\/wp\/v2\/pages\/2013","targetHints":{"allow":["GET"]}}],"collection":[{"href":"https:\/\/www.servais-vzw.org\/fr\/wp-json\/wp\/v2\/pages"}],"about":[{"href":"https:\/\/www.servais-vzw.org\/fr\/wp-json\/wp\/v2\/types\/page"}],"author":[{"embeddable":true,"href":"https:\/\/www.servais-vzw.org\/fr\/wp-json\/wp\/v2\/users\/1"}],"replies":[{"embeddable":true,"href":"https:\/\/www.servais-vzw.org\/fr\/wp-json\/wp\/v2\/comments?post=2013"}],"version-history":[{"count":3,"href":"https:\/\/www.servais-vzw.org\/fr\/wp-json\/wp\/v2\/pages\/2013\/revisions"}],"predecessor-version":[{"id":2533,"href":"https:\/\/www.servais-vzw.org\/fr\/wp-json\/wp\/v2\/pages\/2013\/revisions\/2533"}],"up":[{"embeddable":true,"href":"https:\/\/www.servais-vzw.org\/fr\/wp-json\/wp\/v2\/pages\/2011"}],"wp:attachment":[{"href":"https:\/\/www.servais-vzw.org\/fr\/wp-json\/wp\/v2\/media?parent=2013"}],"curies":[{"name":"wp","href":"https:\/\/api.w.org\/{rel}","templated":true}]}}