{"id":2027,"date":"2016-08-31T16:36:14","date_gmt":"2016-08-31T16:36:14","guid":{"rendered":"http:\/\/www.servais-vzw.org\/fr\/cyprien-godebski\/"},"modified":"2021-10-09T12:27:16","modified_gmt":"2021-10-09T12:27:16","slug":"cyprien-godebski","status":"publish","type":"page","link":"https:\/\/www.servais-vzw.org\/fr\/familie\/cyprien-godebski\/","title":{"rendered":"Cyprien Godebski"},"content":{"rendered":"<div class=\"wpb-content-wrapper\">[vc_row padding_top=\u00a0\u00bb0px\u00a0\u00bb padding_bottom=\u00a0\u00bb0px\u00a0\u00bb][vc_column width=\u00a0\u00bb1\/4&Prime; fade_animation_offset=\u00a0\u00bb45px\u00a0\u00bb][vc_column_text]<div id=\"attachment_1060\" style=\"width: 215px\" class=\"wp-caption alignleft\"><img loading=\"lazy\" decoding=\"async\" aria-describedby=\"caption-attachment-1060\" class=\"wp-image-1060 size-medium\" src=\"http:\/\/www.servais-vzw.org\/wp-content\/uploads\/2015\/12\/Godebski-Cyprien-en-de-Coster-Raymond-205x300.jpg\" alt=\"Godebski Cyprien en de Coster Raymond\" width=\"205\" height=\"300\" srcset=\"https:\/\/www.servais-vzw.org\/wp-content\/uploads\/2015\/12\/Godebski-Cyprien-en-de-Coster-Raymond-205x300.jpg 205w, https:\/\/www.servais-vzw.org\/wp-content\/uploads\/2015\/12\/Godebski-Cyprien-en-de-Coster-Raymond-700x1024.jpg 700w, https:\/\/www.servais-vzw.org\/wp-content\/uploads\/2015\/12\/Godebski-Cyprien-en-de-Coster-Raymond-100x146.jpg 100w, https:\/\/www.servais-vzw.org\/wp-content\/uploads\/2015\/12\/Godebski-Cyprien-en-de-Coster-Raymond-862x1261.jpg 862w, https:\/\/www.servais-vzw.org\/wp-content\/uploads\/2015\/12\/Godebski-Cyprien-en-de-Coster-Raymond-980x1434.jpg 980w\" sizes=\"auto, (max-width: 205px) 100vw, 205px\" \/><p id=\"caption-attachment-1060\" class=\"wp-caption-text\">Cyprien Godebski en Raymond de Coster<\/p><\/div>\n[\/vc_column_text][\/vc_column][vc_column width=\u00a0\u00bb3\/4&Prime; fade_animation_offset=\u00a0\u00bb45px\u00a0\u00bb][vc_column_text]<p>\u00b0M\u00e9ry-sur-Cher, 30 octobre 1835 &#8211; \u2020Paris, 25 novembre 1909<br \/>\nGendre de Servais<\/p>\n<p>Sophie Servais (1843-1872) \u00e9pousa le sculpteur Cyprien Godebski (1835-1909). Ce dernier \u00e9tait professeur \u00e0 l\u2019Acad\u00e9mie des Arts de Saint-P\u00e9tersbourg et sculpta entre autres, l\u2019effigie de personnages bien connus, en France, Grande Bretagne, Russie, Pologne, Belgique, Hongrie, Ukraine, \u00e0 Monaco et au P\u00e9rou. Godebski \u00e9tait l\u2019ami de Franz Liszt, Gioaccino Rossini et Gabriel Faur\u00e9. En 1869, il sculpta la statue de son beau-p\u00e8re.<\/p>\n<p><strong>Listen s\u00e9lective des oeuvres<\/strong>:<\/p>\n<ul>\n<li>Bas-reliefs Villa Servais, Halle (1864)<\/li>\n<li>Buste de Gioachino Rossini, Halle (1865)<\/li>\n<li>statue Fran\u00e7ois Servais, violoncelliste et compositeur, Grande Place Halle (1869)<\/li>\n<li>statues \u2018La V\u00e9rit\u00e9\u2019 et \u2018La Justice\u2019, ancienne maison communale \u00e0 Halle (c. 1870)<\/li>\n<li>medallion Hector Berlioz, cimeti\u00e8re Montmartre, Paris (1884)<\/li>\n<li>buste Fran\u00e7ois Servais, Henri Vieuxtemps et Fran\u00e7ois-Auguste Gevaert, Conservatoire royal de Bruxelles<\/li>\n<li>statue Alexander Fredros, \u00e9crivain Polonais, Cracovie<\/li>\n<li>statue &lsquo;La Muse Calliope&rsquo;, tombeau de Th\u00e9ophile Gauthier, cimeti\u00e8re Montmartre, Paris<\/li>\n<li>statue &lsquo;La Force brutale \u00e9touffant le g\u00e9nie&rsquo;, Toulon (c. 1888)<\/li>\n<li>statue Adam Mickiewicz, po\u00e8te Polonais, Varsovie (1898)<\/li>\n<li>statue Copernique, Cracovie (1900)<\/li>\n<li>statue \u2018Notre-dame-des-Naufrag\u00e9s\u2019, Point-du-Raz (1904)<\/li>\n<\/ul>\n<p>Bibliographie: voir\u00a0page &lsquo;Recherches&rsquo; &#8211; publications<\/p>\n[vc_row_inner padding_top=\u00a0\u00bb0px\u00a0\u00bb padding_bottom=\u00a0\u00bb0px\u00a0\u00bb bg_video=\u00a0\u00bb\u00a0\u00bb class=\u00a0\u00bbfamily-images\u00a0\u00bb style=\u00a0\u00bb\u00a0\u00bb][vc_column_inner fade_animation_offset=\u00a0\u00bb45px\u00a0\u00bb width=\u00a0\u00bb1\/1&Prime;]<div id=\"attachment_1003\" style=\"width: 211px\" class=\"wp-caption alignleft\"><a href=\"http:\/\/www.servais-vzw.org\/wp-content\/uploads\/2015\/12\/Godebski5-BL693-40.jpg\"><img loading=\"lazy\" decoding=\"async\" aria-describedby=\"caption-attachment-1003\" class=\"wp-image-1003 size-medium\" src=\"http:\/\/www.servais-vzw.org\/wp-content\/uploads\/2015\/12\/Godebski5-BL693-40-201x300.jpg\" alt=\"Godebski5 - BL693-40\" width=\"201\" height=\"300\" srcset=\"https:\/\/www.servais-vzw.org\/wp-content\/uploads\/2015\/12\/Godebski5-BL693-40-201x300.jpg 201w, https:\/\/www.servais-vzw.org\/wp-content\/uploads\/2015\/12\/Godebski5-BL693-40-100x149.jpg 100w, https:\/\/www.servais-vzw.org\/wp-content\/uploads\/2015\/12\/Godebski5-BL693-40.jpg 537w\" sizes=\"auto, (max-width: 201px) 100vw, 201px\" \/><\/a><p id=\"caption-attachment-1003\" class=\"wp-caption-text\">La Force Brutale Etouffant le G\u00e9nie\u00a0(ansichtkaart Servais Collection Halle)<\/p><\/div><br \/>\n<div id=\"attachment_1004\" style=\"width: 179px\" class=\"wp-caption alignleft\"><a href=\"http:\/\/www.servais-vzw.org\/wp-content\/uploads\/2015\/12\/Godebski6-mieckiwicz.jpg\"><img loading=\"lazy\" decoding=\"async\" aria-describedby=\"caption-attachment-1004\" class=\"wp-image-1004 size-medium\" src=\"http:\/\/www.servais-vzw.org\/wp-content\/uploads\/2015\/12\/Godebski6-mieckiwicz-169x300.jpg\" alt=\"Godebski6 - mieckiwicz\" width=\"169\" height=\"300\" srcset=\"https:\/\/www.servais-vzw.org\/wp-content\/uploads\/2015\/12\/Godebski6-mieckiwicz-169x300.jpg 169w, https:\/\/www.servais-vzw.org\/wp-content\/uploads\/2015\/12\/Godebski6-mieckiwicz-100x178.jpg 100w, https:\/\/www.servais-vzw.org\/wp-content\/uploads\/2015\/12\/Godebski6-mieckiwicz.jpg 225w\" sizes=\"auto, (max-width: 169px) 100vw, 169px\" \/><\/a><p id=\"caption-attachment-1004\" class=\"wp-caption-text\">Standbeeld Adam Mickiewitz &#8211; Warschau (foto Servais Collection Halle)<\/p><\/div><br \/>\n<div id=\"attachment_1002\" style=\"width: 199px\" class=\"wp-caption alignleft\"><a href=\"http:\/\/www.servais-vzw.org\/wp-content\/uploads\/2015\/12\/Godebski4-BL693-34.jpg\"><img loading=\"lazy\" decoding=\"async\" aria-describedby=\"caption-attachment-1002\" class=\"wp-image-1002 size-medium\" src=\"http:\/\/www.servais-vzw.org\/wp-content\/uploads\/2015\/12\/Godebski4-BL693-34-189x300.jpg\" alt=\"Godebski4 - BL693-34\" width=\"189\" height=\"300\" srcset=\"https:\/\/www.servais-vzw.org\/wp-content\/uploads\/2015\/12\/Godebski4-BL693-34-189x300.jpg 189w, https:\/\/www.servais-vzw.org\/wp-content\/uploads\/2015\/12\/Godebski4-BL693-34-100x158.jpg 100w, https:\/\/www.servais-vzw.org\/wp-content\/uploads\/2015\/12\/Godebski4-BL693-34.jpg 505w\" sizes=\"auto, (max-width: 189px) 100vw, 189px\" \/><\/a><p id=\"caption-attachment-1002\" class=\"wp-caption-text\">Tombe Th\u00e9ophile Gautier (ansichtkaart Servais Collection Halle)<\/p><\/div>\n[\/vc_column_inner][\/vc_row_inner][vc_row_inner padding_top=\u00a0\u00bb0px\u00a0\u00bb padding_bottom=\u00a0\u00bb0px\u00a0\u00bb bg_video=\u00a0\u00bb\u00a0\u00bb class=\u00a0\u00bbfamily-images\u00a0\u00bb style=\u00a0\u00bb\u00a0\u00bb][vc_column_inner fade_animation_offset=\u00a0\u00bb45px\u00a0\u00bb width=\u00a0\u00bb1\/1&Prime;]<div id=\"attachment_1000\" style=\"width: 217px\" class=\"wp-caption alignleft\"><a href=\"http:\/\/www.servais-vzw.org\/wp-content\/uploads\/2015\/12\/Godebski2-franz-liszt-a-paris.jpg\"><img loading=\"lazy\" decoding=\"async\" aria-describedby=\"caption-attachment-1000\" class=\"wp-image-1000 size-medium\" src=\"http:\/\/www.servais-vzw.org\/wp-content\/uploads\/2015\/12\/Godebski2-franz-liszt-a-paris-207x300.jpg\" alt=\"Godebski2 -franz liszt a paris\" width=\"207\" height=\"300\" srcset=\"https:\/\/www.servais-vzw.org\/wp-content\/uploads\/2015\/12\/Godebski2-franz-liszt-a-paris-207x300.jpg 207w, https:\/\/www.servais-vzw.org\/wp-content\/uploads\/2015\/12\/Godebski2-franz-liszt-a-paris-100x145.jpg 100w, https:\/\/www.servais-vzw.org\/wp-content\/uploads\/2015\/12\/Godebski2-franz-liszt-a-paris.jpg 553w\" sizes=\"auto, (max-width: 207px) 100vw, 207px\" \/><\/a><p id=\"caption-attachment-1000\" class=\"wp-caption-text\">Franz Liszt in het atelier van Godebski in Parijs (c) Servais Collection Halle<\/p><\/div><br \/>\n<div id=\"attachment_1001\" style=\"width: 205px\" class=\"wp-caption alignleft\"><a href=\"http:\/\/www.servais-vzw.org\/wp-content\/uploads\/2015\/12\/Godebski3-la-force-brutale-Godebski.jpg\"><img loading=\"lazy\" decoding=\"async\" aria-describedby=\"caption-attachment-1001\" class=\"wp-image-1001 size-medium\" src=\"http:\/\/www.servais-vzw.org\/wp-content\/uploads\/2015\/12\/Godebski3-la-force-brutale-Godebski-195x300.jpg\" alt=\"Godebski3 - la force brutale Godebski\" width=\"195\" height=\"300\" srcset=\"https:\/\/www.servais-vzw.org\/wp-content\/uploads\/2015\/12\/Godebski3-la-force-brutale-Godebski-195x300.jpg 195w, https:\/\/www.servais-vzw.org\/wp-content\/uploads\/2015\/12\/Godebski3-la-force-brutale-Godebski-100x154.jpg 100w, https:\/\/www.servais-vzw.org\/wp-content\/uploads\/2015\/12\/Godebski3-la-force-brutale-Godebski.jpg 519w\" sizes=\"auto, (max-width: 195px) 100vw, 195px\" \/><\/a><p id=\"caption-attachment-1001\" class=\"wp-caption-text\">Tekening van La Force brutale \u00e9touffant le G\u00e9nie (c) Servais Collection Halle<\/p><\/div>\n[\/vc_column_inner][\/vc_row_inner][\/vc_column_text][\/vc_column][\/vc_row]\n<\/div>","protected":false},"excerpt":{"rendered":"<p>[vc_row padding_top=\u00a0\u00bb0px\u00a0\u00bb padding_bottom=\u00a0\u00bb0px\u00a0\u00bb][vc_column width=\u00a0\u00bb1\/4&Prime; fade_animation_offset=\u00a0\u00bb45px\u00a0\u00bb][vc_column_text][\/vc_column_text][\/vc_column][vc_column width=\u00a0\u00bb3\/4&Prime; fade_animation_offset=\u00a0\u00bb45px\u00a0\u00bb][vc_column_text][vc_row_inner padding_top=\u00a0\u00bb0px\u00a0\u00bb padding_bottom=\u00a0\u00bb0px\u00a0\u00bb bg_video=\u00a0\u00bb\u00a0\u00bb class=\u00a0\u00bbfamily-images\u00a0\u00bb style=\u00a0\u00bb\u00a0\u00bb][vc_column_inner fade_animation_offset=\u00a0\u00bb45px\u00a0\u00bb width=\u00a0\u00bb1\/1&Prime;][\/vc_column_inner][\/vc_row_inner][vc_row_inner padding_top=\u00a0\u00bb0px\u00a0\u00bb padding_bottom=\u00a0\u00bb0px\u00a0\u00bb bg_video=\u00a0\u00bb\u00a0\u00bb class=\u00a0\u00bbfamily-images\u00a0\u00bb style=\u00a0\u00bb\u00a0\u00bb][vc_column_inner fade_animation_offset=\u00a0\u00bb45px\u00a0\u00bb width=\u00a0\u00bb1\/1&Prime;][\/vc_column_inner][\/vc_row_inner][\/vc_column_text][\/vc_column][\/vc_row]<\/p>\n","protected":false},"author":1,"featured_media":0,"parent":2025,"menu_order":0,"comment_status":"closed","ping_status":"closed","template":"template-layout-full-width.php","meta":{"om_disable_all_campaigns":false,"rs_blank_template":"","rs_page_bg_color":"#ffffff","slide_template_v7":"","_uf_show_specific_survey":0,"_uf_disable_surveys":false,"footnotes":""},"class_list":["post-2027","page","type-page","status-publish","hentry","no-post-thumbnail"],"yoast_head":"<!-- This site is optimized with the Yoast SEO plugin v27.2 - https:\/\/yoast.com\/product\/yoast-seo-wordpress\/ -->\n<title>Cyprien Godebski - Fran\u00e7ois Servais<\/title>\n<meta name=\"robots\" content=\"index, follow, max-snippet:-1, max-image-preview:large, max-video-preview:-1\" \/>\n<link rel=\"canonical\" href=\"https:\/\/www.servais-vzw.org\/fr\/familie\/cyprien-godebski\/\" \/>\n<meta property=\"og:locale\" content=\"fr_FR\" \/>\n<meta property=\"og:type\" content=\"article\" \/>\n<meta property=\"og:title\" content=\"Cyprien Godebski - Fran\u00e7ois Servais\" \/>\n<meta property=\"og:description\" content=\"[vc_row padding_top=\u00a0\u00bb0px\u00a0\u00bb padding_bottom=\u00a0\u00bb0px\u00a0\u00bb][vc_column width=\u00a0\u00bb1\/4&Prime; fade_animation_offset=\u00a0\u00bb45px\u00a0\u00bb][vc_column_text][\/vc_column_text][\/vc_column][vc_column width=\u00a0\u00bb3\/4&Prime; fade_animation_offset=\u00a0\u00bb45px\u00a0\u00bb][vc_column_text][vc_row_inner padding_top=\u00a0\u00bb0px\u00a0\u00bb padding_bottom=\u00a0\u00bb0px\u00a0\u00bb bg_video=\u00a0\u00bb\u00a0\u00bb class=\u00a0\u00bbfamily-images\u00a0\u00bb style=\u00a0\u00bb\u00a0\u00bb][vc_column_inner fade_animation_offset=\u00a0\u00bb45px\u00a0\u00bb width=\u00a0\u00bb1\/1&Prime;][\/vc_column_inner][\/vc_row_inner][vc_row_inner padding_top=\u00a0\u00bb0px\u00a0\u00bb padding_bottom=\u00a0\u00bb0px\u00a0\u00bb bg_video=\u00a0\u00bb\u00a0\u00bb class=\u00a0\u00bbfamily-images\u00a0\u00bb style=\u00a0\u00bb\u00a0\u00bb][vc_column_inner fade_animation_offset=\u00a0\u00bb45px\u00a0\u00bb width=\u00a0\u00bb1\/1&Prime;][\/vc_column_inner][\/vc_row_inner][\/vc_column_text][\/vc_column][\/vc_row]\" \/>\n<meta property=\"og:url\" content=\"https:\/\/www.servais-vzw.org\/fr\/familie\/cyprien-godebski\/\" \/>\n<meta property=\"og:site_name\" content=\"Fran\u00e7ois Servais\" \/>\n<meta property=\"article:modified_time\" content=\"2021-10-09T12:27:16+00:00\" \/>\n<meta property=\"og:image\" content=\"https:\/\/www.servais-vzw.org\/wp-content\/uploads\/2015\/12\/Godebski-Cyprien-en-de-Coster-Raymond-700x1024.jpg\" \/>\n\t<meta property=\"og:image:width\" content=\"700\" \/>\n\t<meta property=\"og:image:height\" content=\"1024\" \/>\n\t<meta property=\"og:image:type\" content=\"image\/jpeg\" \/>\n<meta name=\"twitter:card\" content=\"summary_large_image\" \/>\n<meta name=\"twitter:label1\" content=\"Dur\u00e9e de lecture estim\u00e9e\" \/>\n\t<meta name=\"twitter:data1\" content=\"2 minutes\" \/>\n<script type=\"application\/ld+json\" class=\"yoast-schema-graph\">{\"@context\":\"https:\/\/schema.org\",\"@graph\":[{\"@type\":\"WebPage\",\"@id\":\"https:\/\/www.servais-vzw.org\/fr\/familie\/cyprien-godebski\/\",\"url\":\"https:\/\/www.servais-vzw.org\/fr\/familie\/cyprien-godebski\/\",\"name\":\"Cyprien Godebski - Fran\u00e7ois Servais\",\"isPartOf\":{\"@id\":\"https:\/\/www.servais-vzw.org\/en\/#website\"},\"primaryImageOfPage\":{\"@id\":\"https:\/\/www.servais-vzw.org\/fr\/familie\/cyprien-godebski\/#primaryimage\"},\"image\":{\"@id\":\"https:\/\/www.servais-vzw.org\/fr\/familie\/cyprien-godebski\/#primaryimage\"},\"thumbnailUrl\":\"http:\/\/www.servais-vzw.org\/wp-content\/uploads\/2015\/12\/Godebski-Cyprien-en-de-Coster-Raymond-205x300.jpg\",\"datePublished\":\"2016-08-31T16:36:14+00:00\",\"dateModified\":\"2021-10-09T12:27:16+00:00\",\"breadcrumb\":{\"@id\":\"https:\/\/www.servais-vzw.org\/fr\/familie\/cyprien-godebski\/#breadcrumb\"},\"inLanguage\":\"fr-FR\",\"potentialAction\":[{\"@type\":\"ReadAction\",\"target\":[\"https:\/\/www.servais-vzw.org\/fr\/familie\/cyprien-godebski\/\"]}]},{\"@type\":\"ImageObject\",\"inLanguage\":\"fr-FR\",\"@id\":\"https:\/\/www.servais-vzw.org\/fr\/familie\/cyprien-godebski\/#primaryimage\",\"url\":\"http:\/\/www.servais-vzw.org\/wp-content\/uploads\/2015\/12\/Godebski-Cyprien-en-de-Coster-Raymond-205x300.jpg\",\"contentUrl\":\"http:\/\/www.servais-vzw.org\/wp-content\/uploads\/2015\/12\/Godebski-Cyprien-en-de-Coster-Raymond-205x300.jpg\"},{\"@type\":\"BreadcrumbList\",\"@id\":\"https:\/\/www.servais-vzw.org\/fr\/familie\/cyprien-godebski\/#breadcrumb\",\"itemListElement\":[{\"@type\":\"ListItem\",\"position\":1,\"name\":\"Home\",\"item\":\"https:\/\/www.servais-vzw.org\/fr\/\"},{\"@type\":\"ListItem\",\"position\":2,\"name\":\"Famille\",\"item\":\"https:\/\/www.servais-vzw.org\/fr\/familie\/\"},{\"@type\":\"ListItem\",\"position\":3,\"name\":\"Cyprien Godebski\"}]},{\"@type\":\"WebSite\",\"@id\":\"https:\/\/www.servais-vzw.org\/en\/#website\",\"url\":\"https:\/\/www.servais-vzw.org\/en\/\",\"name\":\"Fran\u00e7ois Servais\",\"description\":\"\",\"potentialAction\":[{\"@type\":\"SearchAction\",\"target\":{\"@type\":\"EntryPoint\",\"urlTemplate\":\"https:\/\/www.servais-vzw.org\/en\/?s={search_term_string}\"},\"query-input\":{\"@type\":\"PropertyValueSpecification\",\"valueRequired\":true,\"valueName\":\"search_term_string\"}}],\"inLanguage\":\"fr-FR\"}]}<\/script>\n<!-- \/ Yoast SEO plugin. -->","yoast_head_json":{"title":"Cyprien Godebski - Fran\u00e7ois Servais","robots":{"index":"index","follow":"follow","max-snippet":"max-snippet:-1","max-image-preview":"max-image-preview:large","max-video-preview":"max-video-preview:-1"},"canonical":"https:\/\/www.servais-vzw.org\/fr\/familie\/cyprien-godebski\/","og_locale":"fr_FR","og_type":"article","og_title":"Cyprien Godebski - Fran\u00e7ois Servais","og_description":"[vc_row padding_top=\u00a0\u00bb0px\u00a0\u00bb padding_bottom=\u00a0\u00bb0px\u00a0\u00bb][vc_column width=\u00a0\u00bb1\/4&Prime; fade_animation_offset=\u00a0\u00bb45px\u00a0\u00bb][vc_column_text][\/vc_column_text][\/vc_column][vc_column width=\u00a0\u00bb3\/4&Prime; fade_animation_offset=\u00a0\u00bb45px\u00a0\u00bb][vc_column_text][vc_row_inner padding_top=\u00a0\u00bb0px\u00a0\u00bb padding_bottom=\u00a0\u00bb0px\u00a0\u00bb bg_video=\u00a0\u00bb\u00a0\u00bb class=\u00a0\u00bbfamily-images\u00a0\u00bb style=\u00a0\u00bb\u00a0\u00bb][vc_column_inner fade_animation_offset=\u00a0\u00bb45px\u00a0\u00bb width=\u00a0\u00bb1\/1&Prime;][\/vc_column_inner][\/vc_row_inner][vc_row_inner padding_top=\u00a0\u00bb0px\u00a0\u00bb padding_bottom=\u00a0\u00bb0px\u00a0\u00bb bg_video=\u00a0\u00bb\u00a0\u00bb class=\u00a0\u00bbfamily-images\u00a0\u00bb style=\u00a0\u00bb\u00a0\u00bb][vc_column_inner fade_animation_offset=\u00a0\u00bb45px\u00a0\u00bb width=\u00a0\u00bb1\/1&Prime;][\/vc_column_inner][\/vc_row_inner][\/vc_column_text][\/vc_column][\/vc_row]","og_url":"https:\/\/www.servais-vzw.org\/fr\/familie\/cyprien-godebski\/","og_site_name":"Fran\u00e7ois Servais","article_modified_time":"2021-10-09T12:27:16+00:00","og_image":[{"width":700,"height":1024,"url":"https:\/\/www.servais-vzw.org\/wp-content\/uploads\/2015\/12\/Godebski-Cyprien-en-de-Coster-Raymond-700x1024.jpg","type":"image\/jpeg"}],"twitter_card":"summary_large_image","twitter_misc":{"Dur\u00e9e de lecture estim\u00e9e":"2 minutes"},"schema":{"@context":"https:\/\/schema.org","@graph":[{"@type":"WebPage","@id":"https:\/\/www.servais-vzw.org\/fr\/familie\/cyprien-godebski\/","url":"https:\/\/www.servais-vzw.org\/fr\/familie\/cyprien-godebski\/","name":"Cyprien Godebski - Fran\u00e7ois Servais","isPartOf":{"@id":"https:\/\/www.servais-vzw.org\/en\/#website"},"primaryImageOfPage":{"@id":"https:\/\/www.servais-vzw.org\/fr\/familie\/cyprien-godebski\/#primaryimage"},"image":{"@id":"https:\/\/www.servais-vzw.org\/fr\/familie\/cyprien-godebski\/#primaryimage"},"thumbnailUrl":"http:\/\/www.servais-vzw.org\/wp-content\/uploads\/2015\/12\/Godebski-Cyprien-en-de-Coster-Raymond-205x300.jpg","datePublished":"2016-08-31T16:36:14+00:00","dateModified":"2021-10-09T12:27:16+00:00","breadcrumb":{"@id":"https:\/\/www.servais-vzw.org\/fr\/familie\/cyprien-godebski\/#breadcrumb"},"inLanguage":"fr-FR","potentialAction":[{"@type":"ReadAction","target":["https:\/\/www.servais-vzw.org\/fr\/familie\/cyprien-godebski\/"]}]},{"@type":"ImageObject","inLanguage":"fr-FR","@id":"https:\/\/www.servais-vzw.org\/fr\/familie\/cyprien-godebski\/#primaryimage","url":"http:\/\/www.servais-vzw.org\/wp-content\/uploads\/2015\/12\/Godebski-Cyprien-en-de-Coster-Raymond-205x300.jpg","contentUrl":"http:\/\/www.servais-vzw.org\/wp-content\/uploads\/2015\/12\/Godebski-Cyprien-en-de-Coster-Raymond-205x300.jpg"},{"@type":"BreadcrumbList","@id":"https:\/\/www.servais-vzw.org\/fr\/familie\/cyprien-godebski\/#breadcrumb","itemListElement":[{"@type":"ListItem","position":1,"name":"Home","item":"https:\/\/www.servais-vzw.org\/fr\/"},{"@type":"ListItem","position":2,"name":"Famille","item":"https:\/\/www.servais-vzw.org\/fr\/familie\/"},{"@type":"ListItem","position":3,"name":"Cyprien Godebski"}]},{"@type":"WebSite","@id":"https:\/\/www.servais-vzw.org\/en\/#website","url":"https:\/\/www.servais-vzw.org\/en\/","name":"Fran\u00e7ois Servais","description":"","potentialAction":[{"@type":"SearchAction","target":{"@type":"EntryPoint","urlTemplate":"https:\/\/www.servais-vzw.org\/en\/?s={search_term_string}"},"query-input":{"@type":"PropertyValueSpecification","valueRequired":true,"valueName":"search_term_string"}}],"inLanguage":"fr-FR"}]}},"_links":{"self":[{"href":"https:\/\/www.servais-vzw.org\/fr\/wp-json\/wp\/v2\/pages\/2027","targetHints":{"allow":["GET"]}}],"collection":[{"href":"https:\/\/www.servais-vzw.org\/fr\/wp-json\/wp\/v2\/pages"}],"about":[{"href":"https:\/\/www.servais-vzw.org\/fr\/wp-json\/wp\/v2\/types\/page"}],"author":[{"embeddable":true,"href":"https:\/\/www.servais-vzw.org\/fr\/wp-json\/wp\/v2\/users\/1"}],"replies":[{"embeddable":true,"href":"https:\/\/www.servais-vzw.org\/fr\/wp-json\/wp\/v2\/comments?post=2027"}],"version-history":[{"count":5,"href":"https:\/\/www.servais-vzw.org\/fr\/wp-json\/wp\/v2\/pages\/2027\/revisions"}],"predecessor-version":[{"id":9032,"href":"https:\/\/www.servais-vzw.org\/fr\/wp-json\/wp\/v2\/pages\/2027\/revisions\/9032"}],"up":[{"embeddable":true,"href":"https:\/\/www.servais-vzw.org\/fr\/wp-json\/wp\/v2\/pages\/2025"}],"wp:attachment":[{"href":"https:\/\/www.servais-vzw.org\/fr\/wp-json\/wp\/v2\/media?parent=2027"}],"curies":[{"name":"wp","href":"https:\/\/api.w.org\/{rel}","templated":true}]}}