{"id":2029,"date":"2016-08-31T16:36:19","date_gmt":"2016-08-31T16:36:19","guid":{"rendered":"http:\/\/www.servais-vzw.org\/fr\/familie\/ernest-van-dyck\/"},"modified":"2016-09-04T18:23:23","modified_gmt":"2016-09-04T18:23:23","slug":"ernest-van-dyck","status":"publish","type":"page","link":"https:\/\/www.servais-vzw.org\/fr\/familie\/ernest-van-dyck\/","title":{"rendered":"Ernest Van Dyck"},"content":{"rendered":"<div class=\"wpb-content-wrapper\">[vc_row padding_top=\u00a0\u00bb0px\u00a0\u00bb padding_bottom=\u00a0\u00bb0px\u00a0\u00bb][vc_column fade_animation_offset=\u00a0\u00bb45px\u00a0\u00bb width=\u00a0\u00bb1\/4&Prime;]<div id=\"attachment_1016\" style=\"width: 193px\" class=\"wp-caption alignleft\"><a href=\"http:\/\/www.servais-vzw.org\/wp-content\/uploads\/2015\/12\/Van-Dyck5-BL693-59.jpg\"><img loading=\"lazy\" decoding=\"async\" aria-describedby=\"caption-attachment-1016\" class=\"size-medium wp-image-1016\" src=\"http:\/\/www.servais-vzw.org\/wp-content\/uploads\/2015\/12\/Van-Dyck5-BL693-59-183x300.jpg\" alt=\"hier komt een onderschrift\" width=\"183\" height=\"300\" srcset=\"https:\/\/www.servais-vzw.org\/wp-content\/uploads\/2015\/12\/Van-Dyck5-BL693-59-183x300.jpg 183w, https:\/\/www.servais-vzw.org\/wp-content\/uploads\/2015\/12\/Van-Dyck5-BL693-59-100x164.jpg 100w, https:\/\/www.servais-vzw.org\/wp-content\/uploads\/2015\/12\/Van-Dyck5-BL693-59.jpg 488w\" sizes=\"auto, (max-width: 183px) 100vw, 183px\" \/><\/a><p id=\"caption-attachment-1016\" class=\"wp-caption-text\">Ernest Van Dijck (c) Servais Collection Halle<\/p><\/div>\n[\/vc_column][vc_column fade_animation_offset=\u00a0\u00bb45px\u00a0\u00bb width=\u00a0\u00bb3\/4&Prime;]<p>\u00b0Anvers, 2 avril 1861 &#8211; \u2020Berlaar, 31 ao\u00fbt 1923<br \/>\nGendre de Servais<\/p>\n<p>Augusta Servais (1860-1925) \u00e9pousa le chanteur wagn\u00e9rien Ernest Van Dyck (1861-1923). Pendant environ trente ans, il fut un excellent interpr\u00e8te des op\u00e9ras de Wagner. Il se produisit dans les principaux op\u00e9ras de France, d\u2019Angleterre, d\u2019Allemagne, des Pays-Bas, de Roumanie, de Monaco et de Russie. Il donna \u00e9galement \u00e0 quatre reprises, des concerts aux Etats-Unis.<\/p>\n<p>Publications concernant Ernest Van Dyck: voir page &lsquo;Recherche&rsquo;- publications.<\/p>\n<p>Ernest Van Dyck chante \u2018Dichterliebe &#8211; Ich grolle nicht\u2019 de Robert Schumann (Paris, 1904)<br \/>\n\u2018The Harold Wayne Collection.<br \/>\nVolume 21. The Paris Fonotipias\u2019<br \/>\nSymposium Records, North Norfolk,<br \/>\nSymposium 1172 (1993) www.symposiumrecords.co.uk<\/p>\n<div  class=\"x-audio player\" data-x-element-mejs=\"\" ><audio class=\"x-mejs\" preload=\"metadata\"><source src=\"http:\/\/www.servais-vzw.org\/wp-content\/uploads\/2015\/12\/van_dyck_dichterliebe.mp3\" type=\"audio\/mpeg\"><\/audio><\/div>[vc_row_inner padding_top=\u00a0\u00bb0px\u00a0\u00bb padding_bottom=\u00a0\u00bb0px\u00a0\u00bb bg_video=\u00a0\u00bb\u00a0\u00bb class=\u00a0\u00bbfamily-images\u00a0\u00bb style=\u00a0\u00bb\u00a0\u00bb][vc_column_inner fade_animation_offset=\u00a0\u00bb45px\u00a0\u00bb width=\u00a0\u00bb1\/1&Prime;]<div id=\"attachment_1016\" style=\"width: 193px\" class=\"wp-caption alignleft\"><a href=\"http:\/\/www.servais-vzw.org\/wp-content\/uploads\/2015\/12\/Van-Dyck5-BL693-59.jpg\"><img loading=\"lazy\" decoding=\"async\" aria-describedby=\"caption-attachment-1016\" class=\"size-medium wp-image-1016\" src=\"http:\/\/www.servais-vzw.org\/wp-content\/uploads\/2015\/12\/Van-Dyck5-BL693-59-183x300.jpg\" alt=\"hier komt een onderschrift\" width=\"183\" height=\"300\" srcset=\"https:\/\/www.servais-vzw.org\/wp-content\/uploads\/2015\/12\/Van-Dyck5-BL693-59-183x300.jpg 183w, https:\/\/www.servais-vzw.org\/wp-content\/uploads\/2015\/12\/Van-Dyck5-BL693-59-100x164.jpg 100w, https:\/\/www.servais-vzw.org\/wp-content\/uploads\/2015\/12\/Van-Dyck5-BL693-59.jpg 488w\" sizes=\"auto, (max-width: 183px) 100vw, 183px\" \/><\/a><p id=\"caption-attachment-1016\" class=\"wp-caption-text\">(c) Servais Collection Halle<\/p><\/div><br \/>\n<div id=\"attachment_1015\" style=\"width: 244px\" class=\"wp-caption alignleft\"><a href=\"http:\/\/www.servais-vzw.org\/wp-content\/uploads\/2015\/12\/Van-Dyck4-BL693-17.jpg\"><img loading=\"lazy\" decoding=\"async\" aria-describedby=\"caption-attachment-1015\" class=\"size-medium wp-image-1015\" src=\"http:\/\/www.servais-vzw.org\/wp-content\/uploads\/2015\/12\/Van-Dyck4-BL693-17-234x300.jpg\" alt=\"hier komt een onderschrift\" width=\"234\" height=\"300\" srcset=\"https:\/\/www.servais-vzw.org\/wp-content\/uploads\/2015\/12\/Van-Dyck4-BL693-17-234x300.jpg 234w, https:\/\/www.servais-vzw.org\/wp-content\/uploads\/2015\/12\/Van-Dyck4-BL693-17-100x128.jpg 100w, https:\/\/www.servais-vzw.org\/wp-content\/uploads\/2015\/12\/Van-Dyck4-BL693-17.jpg 624w\" sizes=\"auto, (max-width: 234px) 100vw, 234px\" \/><\/a><p id=\"caption-attachment-1015\" class=\"wp-caption-text\">(c) Servais Collection Halle<\/p><\/div><br \/>\n<div id=\"attachment_1013\" style=\"width: 195px\" class=\"wp-caption alignleft\"><a href=\"http:\/\/www.servais-vzw.org\/wp-content\/uploads\/2015\/12\/Van-Dyck2-BL693-4.jpg\"><img loading=\"lazy\" decoding=\"async\" aria-describedby=\"caption-attachment-1013\" class=\"size-medium wp-image-1013\" src=\"http:\/\/www.servais-vzw.org\/wp-content\/uploads\/2015\/12\/Van-Dyck2-BL693-4-185x300.jpg\" alt=\"hier komt een onderschrift\" width=\"185\" height=\"300\" srcset=\"https:\/\/www.servais-vzw.org\/wp-content\/uploads\/2015\/12\/Van-Dyck2-BL693-4-185x300.jpg 185w, https:\/\/www.servais-vzw.org\/wp-content\/uploads\/2015\/12\/Van-Dyck2-BL693-4-100x162.jpg 100w, https:\/\/www.servais-vzw.org\/wp-content\/uploads\/2015\/12\/Van-Dyck2-BL693-4.jpg 493w\" sizes=\"auto, (max-width: 185px) 100vw, 185px\" \/><\/a><p id=\"caption-attachment-1013\" class=\"wp-caption-text\">Ernest Van Dijck in Parsifal van Wagner (c) Servais Collection Halle<\/p><\/div><br \/>\n<div id=\"attachment_1014\" style=\"width: 199px\" class=\"wp-caption alignleft\"><a href=\"http:\/\/www.servais-vzw.org\/wp-content\/uploads\/2015\/12\/Van-Dyck3-BL693-27.jpg\"><img loading=\"lazy\" decoding=\"async\" aria-describedby=\"caption-attachment-1014\" class=\"size-medium wp-image-1014\" src=\"http:\/\/www.servais-vzw.org\/wp-content\/uploads\/2015\/12\/Van-Dyck3-BL693-27-189x300.jpg\" alt=\"hier komt een onderschrift\" width=\"189\" height=\"300\" srcset=\"https:\/\/www.servais-vzw.org\/wp-content\/uploads\/2015\/12\/Van-Dyck3-BL693-27-189x300.jpg 189w, https:\/\/www.servais-vzw.org\/wp-content\/uploads\/2015\/12\/Van-Dyck3-BL693-27-100x159.jpg 100w, https:\/\/www.servais-vzw.org\/wp-content\/uploads\/2015\/12\/Van-Dyck3-BL693-27.jpg 504w\" sizes=\"auto, (max-width: 189px) 100vw, 189px\" \/><\/a><p id=\"caption-attachment-1014\" class=\"wp-caption-text\">(c) Servais Collection Halle<\/p><\/div>\n<p>&nbsp;<\/p>\n<div id=\"attachment_1012\" style=\"width: 202px\" class=\"wp-caption alignleft\"><a href=\"http:\/\/www.servais-vzw.org\/wp-content\/uploads\/2015\/12\/Van-Dyck1-BL693-42.jpg\"><img loading=\"lazy\" decoding=\"async\" aria-describedby=\"caption-attachment-1012\" class=\"size-medium wp-image-1012\" src=\"http:\/\/www.servais-vzw.org\/wp-content\/uploads\/2015\/12\/Van-Dyck1-BL693-42-192x300.jpg\" alt=\"hier komt een onderschrift\" width=\"192\" height=\"300\" srcset=\"https:\/\/www.servais-vzw.org\/wp-content\/uploads\/2015\/12\/Van-Dyck1-BL693-42-192x300.jpg 192w, https:\/\/www.servais-vzw.org\/wp-content\/uploads\/2015\/12\/Van-Dyck1-BL693-42-100x157.jpg 100w, https:\/\/www.servais-vzw.org\/wp-content\/uploads\/2015\/12\/Van-Dyck1-BL693-42.jpg 511w\" sizes=\"auto, (max-width: 192px) 100vw, 192px\" \/><\/a><p id=\"caption-attachment-1012\" class=\"wp-caption-text\">(c) Servais Collection Halle<\/p><\/div>\n[\/vc_column_inner][\/vc_row_inner][\/vc_column][\/vc_row]\n<\/div>","protected":false},"excerpt":{"rendered":"<p>[vc_row padding_top=\u00a0\u00bb0px\u00a0\u00bb padding_bottom=\u00a0\u00bb0px\u00a0\u00bb][vc_column fade_animation_offset=\u00a0\u00bb45px\u00a0\u00bb width=\u00a0\u00bb1\/4&Prime;][\/vc_column][vc_column fade_animation_offset=\u00a0\u00bb45px\u00a0\u00bb width=\u00a0\u00bb3\/4&Prime;][vc_row_inner padding_top=\u00a0\u00bb0px\u00a0\u00bb padding_bottom=\u00a0\u00bb0px\u00a0\u00bb bg_video=\u00a0\u00bb\u00a0\u00bb class=\u00a0\u00bbfamily-images\u00a0\u00bb style=\u00a0\u00bb\u00a0\u00bb][vc_column_inner fade_animation_offset=\u00a0\u00bb45px\u00a0\u00bb width=\u00a0\u00bb1\/1&Prime;][\/vc_column_inner][\/vc_row_inner][\/vc_column][\/vc_row]<\/p>\n","protected":false},"author":1,"featured_media":0,"parent":2025,"menu_order":0,"comment_status":"closed","ping_status":"closed","template":"template-layout-full-width.php","meta":{"om_disable_all_campaigns":false,"rs_blank_template":"","rs_page_bg_color":"","slide_template_v7":"","_uf_show_specific_survey":0,"_uf_disable_surveys":false,"footnotes":""},"class_list":["post-2029","page","type-page","status-publish","hentry","no-post-thumbnail"],"yoast_head":"<!-- This site is optimized with the Yoast SEO plugin v27.2 - https:\/\/yoast.com\/product\/yoast-seo-wordpress\/ -->\n<title>Ernest Van Dyck - Fran\u00e7ois Servais<\/title>\n<meta name=\"robots\" content=\"index, follow, max-snippet:-1, max-image-preview:large, max-video-preview:-1\" \/>\n<link rel=\"canonical\" href=\"https:\/\/www.servais-vzw.org\/fr\/familie\/ernest-van-dyck\/\" \/>\n<meta property=\"og:locale\" content=\"fr_FR\" \/>\n<meta property=\"og:type\" content=\"article\" \/>\n<meta property=\"og:title\" content=\"Ernest Van Dyck - Fran\u00e7ois Servais\" \/>\n<meta property=\"og:description\" content=\"[vc_row padding_top=\u00a0\u00bb0px\u00a0\u00bb padding_bottom=\u00a0\u00bb0px\u00a0\u00bb][vc_column fade_animation_offset=\u00a0\u00bb45px\u00a0\u00bb width=\u00a0\u00bb1\/4&Prime;][\/vc_column][vc_column fade_animation_offset=\u00a0\u00bb45px\u00a0\u00bb width=\u00a0\u00bb3\/4&Prime;][vc_row_inner padding_top=\u00a0\u00bb0px\u00a0\u00bb padding_bottom=\u00a0\u00bb0px\u00a0\u00bb bg_video=\u00a0\u00bb\u00a0\u00bb class=\u00a0\u00bbfamily-images\u00a0\u00bb style=\u00a0\u00bb\u00a0\u00bb][vc_column_inner fade_animation_offset=\u00a0\u00bb45px\u00a0\u00bb width=\u00a0\u00bb1\/1&Prime;][\/vc_column_inner][\/vc_row_inner][\/vc_column][\/vc_row]\" \/>\n<meta property=\"og:url\" content=\"https:\/\/www.servais-vzw.org\/fr\/familie\/ernest-van-dyck\/\" \/>\n<meta property=\"og:site_name\" content=\"Fran\u00e7ois Servais\" \/>\n<meta property=\"article:modified_time\" content=\"2016-09-04T18:23:23+00:00\" \/>\n<meta property=\"og:image\" content=\"https:\/\/www.servais-vzw.org\/wp-content\/uploads\/2015\/12\/Van-Dyck5-BL693-59.jpg\" \/>\n\t<meta property=\"og:image:width\" content=\"488\" \/>\n\t<meta property=\"og:image:height\" content=\"800\" \/>\n\t<meta property=\"og:image:type\" content=\"image\/jpeg\" \/>\n<meta name=\"twitter:card\" content=\"summary_large_image\" \/>\n<meta name=\"twitter:label1\" content=\"Dur\u00e9e de lecture estim\u00e9e\" \/>\n\t<meta name=\"twitter:data1\" content=\"1 minute\" \/>\n<script type=\"application\/ld+json\" class=\"yoast-schema-graph\">{\"@context\":\"https:\/\/schema.org\",\"@graph\":[{\"@type\":\"WebPage\",\"@id\":\"https:\/\/www.servais-vzw.org\/fr\/familie\/ernest-van-dyck\/\",\"url\":\"https:\/\/www.servais-vzw.org\/fr\/familie\/ernest-van-dyck\/\",\"name\":\"Ernest Van Dyck - Fran\u00e7ois Servais\",\"isPartOf\":{\"@id\":\"https:\/\/www.servais-vzw.org\/en\/#website\"},\"primaryImageOfPage\":{\"@id\":\"https:\/\/www.servais-vzw.org\/fr\/familie\/ernest-van-dyck\/#primaryimage\"},\"image\":{\"@id\":\"https:\/\/www.servais-vzw.org\/fr\/familie\/ernest-van-dyck\/#primaryimage\"},\"thumbnailUrl\":\"http:\/\/www.servais-vzw.org\/wp-content\/uploads\/2015\/12\/Van-Dyck5-BL693-59-183x300.jpg\",\"datePublished\":\"2016-08-31T16:36:19+00:00\",\"dateModified\":\"2016-09-04T18:23:23+00:00\",\"breadcrumb\":{\"@id\":\"https:\/\/www.servais-vzw.org\/fr\/familie\/ernest-van-dyck\/#breadcrumb\"},\"inLanguage\":\"fr-FR\",\"potentialAction\":[{\"@type\":\"ReadAction\",\"target\":[\"https:\/\/www.servais-vzw.org\/fr\/familie\/ernest-van-dyck\/\"]}]},{\"@type\":\"ImageObject\",\"inLanguage\":\"fr-FR\",\"@id\":\"https:\/\/www.servais-vzw.org\/fr\/familie\/ernest-van-dyck\/#primaryimage\",\"url\":\"http:\/\/www.servais-vzw.org\/wp-content\/uploads\/2015\/12\/Van-Dyck5-BL693-59-183x300.jpg\",\"contentUrl\":\"http:\/\/www.servais-vzw.org\/wp-content\/uploads\/2015\/12\/Van-Dyck5-BL693-59-183x300.jpg\"},{\"@type\":\"BreadcrumbList\",\"@id\":\"https:\/\/www.servais-vzw.org\/fr\/familie\/ernest-van-dyck\/#breadcrumb\",\"itemListElement\":[{\"@type\":\"ListItem\",\"position\":1,\"name\":\"Home\",\"item\":\"https:\/\/www.servais-vzw.org\/fr\/\"},{\"@type\":\"ListItem\",\"position\":2,\"name\":\"Famille\",\"item\":\"https:\/\/www.servais-vzw.org\/fr\/familie\/\"},{\"@type\":\"ListItem\",\"position\":3,\"name\":\"Ernest Van Dyck\"}]},{\"@type\":\"WebSite\",\"@id\":\"https:\/\/www.servais-vzw.org\/en\/#website\",\"url\":\"https:\/\/www.servais-vzw.org\/en\/\",\"name\":\"Fran\u00e7ois Servais\",\"description\":\"\",\"potentialAction\":[{\"@type\":\"SearchAction\",\"target\":{\"@type\":\"EntryPoint\",\"urlTemplate\":\"https:\/\/www.servais-vzw.org\/en\/?s={search_term_string}\"},\"query-input\":{\"@type\":\"PropertyValueSpecification\",\"valueRequired\":true,\"valueName\":\"search_term_string\"}}],\"inLanguage\":\"fr-FR\"}]}<\/script>\n<!-- \/ Yoast SEO plugin. -->","yoast_head_json":{"title":"Ernest Van Dyck - Fran\u00e7ois Servais","robots":{"index":"index","follow":"follow","max-snippet":"max-snippet:-1","max-image-preview":"max-image-preview:large","max-video-preview":"max-video-preview:-1"},"canonical":"https:\/\/www.servais-vzw.org\/fr\/familie\/ernest-van-dyck\/","og_locale":"fr_FR","og_type":"article","og_title":"Ernest Van Dyck - Fran\u00e7ois Servais","og_description":"[vc_row padding_top=\u00a0\u00bb0px\u00a0\u00bb padding_bottom=\u00a0\u00bb0px\u00a0\u00bb][vc_column fade_animation_offset=\u00a0\u00bb45px\u00a0\u00bb width=\u00a0\u00bb1\/4&Prime;][\/vc_column][vc_column fade_animation_offset=\u00a0\u00bb45px\u00a0\u00bb width=\u00a0\u00bb3\/4&Prime;][vc_row_inner padding_top=\u00a0\u00bb0px\u00a0\u00bb padding_bottom=\u00a0\u00bb0px\u00a0\u00bb bg_video=\u00a0\u00bb\u00a0\u00bb class=\u00a0\u00bbfamily-images\u00a0\u00bb style=\u00a0\u00bb\u00a0\u00bb][vc_column_inner fade_animation_offset=\u00a0\u00bb45px\u00a0\u00bb width=\u00a0\u00bb1\/1&Prime;][\/vc_column_inner][\/vc_row_inner][\/vc_column][\/vc_row]","og_url":"https:\/\/www.servais-vzw.org\/fr\/familie\/ernest-van-dyck\/","og_site_name":"Fran\u00e7ois Servais","article_modified_time":"2016-09-04T18:23:23+00:00","og_image":[{"width":488,"height":800,"url":"https:\/\/www.servais-vzw.org\/wp-content\/uploads\/2015\/12\/Van-Dyck5-BL693-59.jpg","type":"image\/jpeg"}],"twitter_card":"summary_large_image","twitter_misc":{"Dur\u00e9e de lecture estim\u00e9e":"1 minute"},"schema":{"@context":"https:\/\/schema.org","@graph":[{"@type":"WebPage","@id":"https:\/\/www.servais-vzw.org\/fr\/familie\/ernest-van-dyck\/","url":"https:\/\/www.servais-vzw.org\/fr\/familie\/ernest-van-dyck\/","name":"Ernest Van Dyck - Fran\u00e7ois Servais","isPartOf":{"@id":"https:\/\/www.servais-vzw.org\/en\/#website"},"primaryImageOfPage":{"@id":"https:\/\/www.servais-vzw.org\/fr\/familie\/ernest-van-dyck\/#primaryimage"},"image":{"@id":"https:\/\/www.servais-vzw.org\/fr\/familie\/ernest-van-dyck\/#primaryimage"},"thumbnailUrl":"http:\/\/www.servais-vzw.org\/wp-content\/uploads\/2015\/12\/Van-Dyck5-BL693-59-183x300.jpg","datePublished":"2016-08-31T16:36:19+00:00","dateModified":"2016-09-04T18:23:23+00:00","breadcrumb":{"@id":"https:\/\/www.servais-vzw.org\/fr\/familie\/ernest-van-dyck\/#breadcrumb"},"inLanguage":"fr-FR","potentialAction":[{"@type":"ReadAction","target":["https:\/\/www.servais-vzw.org\/fr\/familie\/ernest-van-dyck\/"]}]},{"@type":"ImageObject","inLanguage":"fr-FR","@id":"https:\/\/www.servais-vzw.org\/fr\/familie\/ernest-van-dyck\/#primaryimage","url":"http:\/\/www.servais-vzw.org\/wp-content\/uploads\/2015\/12\/Van-Dyck5-BL693-59-183x300.jpg","contentUrl":"http:\/\/www.servais-vzw.org\/wp-content\/uploads\/2015\/12\/Van-Dyck5-BL693-59-183x300.jpg"},{"@type":"BreadcrumbList","@id":"https:\/\/www.servais-vzw.org\/fr\/familie\/ernest-van-dyck\/#breadcrumb","itemListElement":[{"@type":"ListItem","position":1,"name":"Home","item":"https:\/\/www.servais-vzw.org\/fr\/"},{"@type":"ListItem","position":2,"name":"Famille","item":"https:\/\/www.servais-vzw.org\/fr\/familie\/"},{"@type":"ListItem","position":3,"name":"Ernest Van Dyck"}]},{"@type":"WebSite","@id":"https:\/\/www.servais-vzw.org\/en\/#website","url":"https:\/\/www.servais-vzw.org\/en\/","name":"Fran\u00e7ois Servais","description":"","potentialAction":[{"@type":"SearchAction","target":{"@type":"EntryPoint","urlTemplate":"https:\/\/www.servais-vzw.org\/en\/?s={search_term_string}"},"query-input":{"@type":"PropertyValueSpecification","valueRequired":true,"valueName":"search_term_string"}}],"inLanguage":"fr-FR"}]}},"_links":{"self":[{"href":"https:\/\/www.servais-vzw.org\/fr\/wp-json\/wp\/v2\/pages\/2029","targetHints":{"allow":["GET"]}}],"collection":[{"href":"https:\/\/www.servais-vzw.org\/fr\/wp-json\/wp\/v2\/pages"}],"about":[{"href":"https:\/\/www.servais-vzw.org\/fr\/wp-json\/wp\/v2\/types\/page"}],"author":[{"embeddable":true,"href":"https:\/\/www.servais-vzw.org\/fr\/wp-json\/wp\/v2\/users\/1"}],"replies":[{"embeddable":true,"href":"https:\/\/www.servais-vzw.org\/fr\/wp-json\/wp\/v2\/comments?post=2029"}],"version-history":[{"count":3,"href":"https:\/\/www.servais-vzw.org\/fr\/wp-json\/wp\/v2\/pages\/2029\/revisions"}],"predecessor-version":[{"id":2547,"href":"https:\/\/www.servais-vzw.org\/fr\/wp-json\/wp\/v2\/pages\/2029\/revisions\/2547"}],"up":[{"embeddable":true,"href":"https:\/\/www.servais-vzw.org\/fr\/wp-json\/wp\/v2\/pages\/2025"}],"wp:attachment":[{"href":"https:\/\/www.servais-vzw.org\/fr\/wp-json\/wp\/v2\/media?parent=2029"}],"curies":[{"name":"wp","href":"https:\/\/api.w.org\/{rel}","templated":true}]}}