{"id":2031,"date":"2016-08-31T16:36:24","date_gmt":"2016-08-31T16:36:24","guid":{"rendered":"http:\/\/www.servais-vzw.org\/fr\/familie\/franz-servais\/"},"modified":"2016-09-04T18:25:43","modified_gmt":"2016-09-04T18:25:43","slug":"franz-servais","status":"publish","type":"page","link":"https:\/\/www.servais-vzw.org\/fr\/familie\/franz-servais\/","title":{"rendered":"Franz Servais"},"content":{"rendered":"<div class=\"wpb-content-wrapper\">[vc_row padding_top=\u00a0\u00bb0px\u00a0\u00bb padding_bottom=\u00a0\u00bb0px\u00a0\u00bb][vc_column fade_animation_offset=\u00a0\u00bb45px\u00a0\u00bb width=\u00a0\u00bb1\/4&Prime;]<div id=\"attachment_1054\" style=\"width: 198px\" class=\"wp-caption alignleft\"><img loading=\"lazy\" decoding=\"async\" aria-describedby=\"caption-attachment-1054\" class=\"wp-image-1054 size-medium\" src=\"http:\/\/www.servais-vzw.org\/wp-content\/uploads\/2015\/12\/Franz1-BL693-0501-188x300.jpg\" alt=\"Franz1 - BL693-050\" width=\"188\" height=\"300\" srcset=\"https:\/\/www.servais-vzw.org\/wp-content\/uploads\/2015\/12\/Franz1-BL693-0501-188x300.jpg 188w, https:\/\/www.servais-vzw.org\/wp-content\/uploads\/2015\/12\/Franz1-BL693-0501-100x160.jpg 100w, https:\/\/www.servais-vzw.org\/wp-content\/uploads\/2015\/12\/Franz1-BL693-0501.jpg 501w\" sizes=\"auto, (max-width: 188px) 100vw, 188px\" \/><p id=\"caption-attachment-1054\" class=\"wp-caption-text\">Franz Servais (c) Servais Collection Halle<\/p><\/div>\n[\/vc_column][vc_column fade_animation_offset=\u00a0\u00bb45px\u00a0\u00bb width=\u00a0\u00bb3\/4&Prime;]<p>\u00b0Saint-P\u00e9tersbourg, 19 mars 1846 &#8211; \u2020Asni\u00e8res, 13 janvier 1901<br \/>\nFils a\u00een\u00e9 de Servais<\/p>\n<p>Franz Servais \u00e9tait pianiste, compositeur et chef d\u2019orchestre. Il se perfectionna \u00e0 Weimar aupr\u00e8s du grand pianiste, Franz Liszt. En 1873, il re\u00e7ut le Prix de Rome pour sa cantate\u00a0<em>La Mort du Tasse<\/em>. En tant que chef d\u2019orchestre, il a cr\u00e9\u00e9 les\u00a0<em>Concerts d\u2019Hiver<\/em>\u00a0(1887-1889) \u00e0 Bruxelles. Il a \u00e9galement compos\u00e9 une \u0153uvre lyrique\u00a0<em>L\u2019Apollonide<\/em>\u00a0dont le libretto a \u00e9t\u00e9 \u00e9crit par Leconte de Lisle.<\/p>\n<p>Publications concernant Franz Servais: voir page &lsquo;Recherches&rsquo; &#8211; publications.<\/p>\n[vc_row_inner padding_top=\u00a0\u00bb0px\u00a0\u00bb padding_bottom=\u00a0\u00bb0px\u00a0\u00bb bg_video=\u00a0\u00bb\u00a0\u00bb class=\u00a0\u00bbfamily-images\u00a0\u00bb style=\u00a0\u00bb\u00a0\u00bb][vc_column_inner fade_animation_offset=\u00a0\u00bb45px\u00a0\u00bb width=\u00a0\u00bb1\/1&Prime;]<div id=\"attachment_1052\" style=\"width: 310px\" class=\"wp-caption alignleft\"><a href=\"http:\/\/www.servais-vzw.org\/wp-content\/uploads\/2015\/12\/Franz2-BL690-0711.jpg\"><img loading=\"lazy\" decoding=\"async\" aria-describedby=\"caption-attachment-1052\" class=\"wp-image-1052 size-medium\" src=\"http:\/\/www.servais-vzw.org\/wp-content\/uploads\/2015\/12\/Franz2-BL690-0711-300x215.jpg\" alt=\"Franz2 - BL690-071\" width=\"300\" height=\"215\" srcset=\"https:\/\/www.servais-vzw.org\/wp-content\/uploads\/2015\/12\/Franz2-BL690-0711-300x215.jpg 300w, https:\/\/www.servais-vzw.org\/wp-content\/uploads\/2015\/12\/Franz2-BL690-0711-100x72.jpg 100w, https:\/\/www.servais-vzw.org\/wp-content\/uploads\/2015\/12\/Franz2-BL690-0711.jpg 800w\" sizes=\"auto, (max-width: 300px) 100vw, 300px\" \/><\/a><p id=\"caption-attachment-1052\" class=\"wp-caption-text\">Franz Servais, &lsquo;extrait des Contemplations&rsquo;, 1884 (c) Servais Collection Halle<\/p><\/div>\n[\/vc_column_inner][\/vc_row_inner][\/vc_column][\/vc_row]\n<\/div>","protected":false},"excerpt":{"rendered":"<p>[vc_row padding_top=\u00a0\u00bb0px\u00a0\u00bb padding_bottom=\u00a0\u00bb0px\u00a0\u00bb][vc_column fade_animation_offset=\u00a0\u00bb45px\u00a0\u00bb width=\u00a0\u00bb1\/4&Prime;][\/vc_column][vc_column fade_animation_offset=\u00a0\u00bb45px\u00a0\u00bb width=\u00a0\u00bb3\/4&Prime;][vc_row_inner padding_top=\u00a0\u00bb0px\u00a0\u00bb padding_bottom=\u00a0\u00bb0px\u00a0\u00bb bg_video=\u00a0\u00bb\u00a0\u00bb class=\u00a0\u00bbfamily-images\u00a0\u00bb style=\u00a0\u00bb\u00a0\u00bb][vc_column_inner fade_animation_offset=\u00a0\u00bb45px\u00a0\u00bb width=\u00a0\u00bb1\/1&Prime;][\/vc_column_inner][\/vc_row_inner][\/vc_column][\/vc_row]<\/p>\n","protected":false},"author":1,"featured_media":0,"parent":2025,"menu_order":0,"comment_status":"closed","ping_status":"closed","template":"template-layout-full-width.php","meta":{"om_disable_all_campaigns":false,"rs_blank_template":"","rs_page_bg_color":"","slide_template_v7":"","_uf_show_specific_survey":0,"_uf_disable_surveys":false,"footnotes":""},"class_list":["post-2031","page","type-page","status-publish","hentry","no-post-thumbnail"],"yoast_head":"<!-- This site is optimized with the Yoast SEO plugin v27.2 - https:\/\/yoast.com\/product\/yoast-seo-wordpress\/ -->\n<title>Franz Servais - Fran\u00e7ois Servais<\/title>\n<meta name=\"robots\" content=\"index, follow, max-snippet:-1, max-image-preview:large, max-video-preview:-1\" \/>\n<link rel=\"canonical\" href=\"https:\/\/www.servais-vzw.org\/fr\/familie\/franz-servais\/\" \/>\n<meta property=\"og:locale\" content=\"fr_FR\" \/>\n<meta property=\"og:type\" content=\"article\" \/>\n<meta property=\"og:title\" content=\"Franz Servais - Fran\u00e7ois Servais\" \/>\n<meta property=\"og:description\" content=\"[vc_row padding_top=\u00a0\u00bb0px\u00a0\u00bb padding_bottom=\u00a0\u00bb0px\u00a0\u00bb][vc_column fade_animation_offset=\u00a0\u00bb45px\u00a0\u00bb width=\u00a0\u00bb1\/4&Prime;][\/vc_column][vc_column fade_animation_offset=\u00a0\u00bb45px\u00a0\u00bb width=\u00a0\u00bb3\/4&Prime;][vc_row_inner padding_top=\u00a0\u00bb0px\u00a0\u00bb padding_bottom=\u00a0\u00bb0px\u00a0\u00bb bg_video=\u00a0\u00bb\u00a0\u00bb class=\u00a0\u00bbfamily-images\u00a0\u00bb style=\u00a0\u00bb\u00a0\u00bb][vc_column_inner fade_animation_offset=\u00a0\u00bb45px\u00a0\u00bb width=\u00a0\u00bb1\/1&Prime;][\/vc_column_inner][\/vc_row_inner][\/vc_column][\/vc_row]\" \/>\n<meta property=\"og:url\" content=\"https:\/\/www.servais-vzw.org\/fr\/familie\/franz-servais\/\" \/>\n<meta property=\"og:site_name\" content=\"Fran\u00e7ois Servais\" \/>\n<meta property=\"article:modified_time\" content=\"2016-09-04T18:25:43+00:00\" \/>\n<meta property=\"og:image\" content=\"https:\/\/www.servais-vzw.org\/wp-content\/uploads\/2015\/12\/Franz1-BL693-0501.jpg\" \/>\n\t<meta property=\"og:image:width\" content=\"501\" \/>\n\t<meta property=\"og:image:height\" content=\"800\" \/>\n\t<meta property=\"og:image:type\" content=\"image\/jpeg\" \/>\n<meta name=\"twitter:card\" content=\"summary_large_image\" \/>\n<meta name=\"twitter:label1\" content=\"Dur\u00e9e de lecture estim\u00e9e\" \/>\n\t<meta name=\"twitter:data1\" content=\"1 minute\" \/>\n<script type=\"application\/ld+json\" class=\"yoast-schema-graph\">{\"@context\":\"https:\/\/schema.org\",\"@graph\":[{\"@type\":\"WebPage\",\"@id\":\"https:\/\/www.servais-vzw.org\/fr\/familie\/franz-servais\/\",\"url\":\"https:\/\/www.servais-vzw.org\/fr\/familie\/franz-servais\/\",\"name\":\"Franz Servais - Fran\u00e7ois Servais\",\"isPartOf\":{\"@id\":\"https:\/\/www.servais-vzw.org\/en\/#website\"},\"primaryImageOfPage\":{\"@id\":\"https:\/\/www.servais-vzw.org\/fr\/familie\/franz-servais\/#primaryimage\"},\"image\":{\"@id\":\"https:\/\/www.servais-vzw.org\/fr\/familie\/franz-servais\/#primaryimage\"},\"thumbnailUrl\":\"http:\/\/www.servais-vzw.org\/wp-content\/uploads\/2015\/12\/Franz1-BL693-0501-188x300.jpg\",\"datePublished\":\"2016-08-31T16:36:24+00:00\",\"dateModified\":\"2016-09-04T18:25:43+00:00\",\"breadcrumb\":{\"@id\":\"https:\/\/www.servais-vzw.org\/fr\/familie\/franz-servais\/#breadcrumb\"},\"inLanguage\":\"fr-FR\",\"potentialAction\":[{\"@type\":\"ReadAction\",\"target\":[\"https:\/\/www.servais-vzw.org\/fr\/familie\/franz-servais\/\"]}]},{\"@type\":\"ImageObject\",\"inLanguage\":\"fr-FR\",\"@id\":\"https:\/\/www.servais-vzw.org\/fr\/familie\/franz-servais\/#primaryimage\",\"url\":\"http:\/\/www.servais-vzw.org\/wp-content\/uploads\/2015\/12\/Franz1-BL693-0501-188x300.jpg\",\"contentUrl\":\"http:\/\/www.servais-vzw.org\/wp-content\/uploads\/2015\/12\/Franz1-BL693-0501-188x300.jpg\"},{\"@type\":\"BreadcrumbList\",\"@id\":\"https:\/\/www.servais-vzw.org\/fr\/familie\/franz-servais\/#breadcrumb\",\"itemListElement\":[{\"@type\":\"ListItem\",\"position\":1,\"name\":\"Home\",\"item\":\"https:\/\/www.servais-vzw.org\/fr\/\"},{\"@type\":\"ListItem\",\"position\":2,\"name\":\"Famille\",\"item\":\"https:\/\/www.servais-vzw.org\/fr\/familie\/\"},{\"@type\":\"ListItem\",\"position\":3,\"name\":\"Franz Servais\"}]},{\"@type\":\"WebSite\",\"@id\":\"https:\/\/www.servais-vzw.org\/en\/#website\",\"url\":\"https:\/\/www.servais-vzw.org\/en\/\",\"name\":\"Fran\u00e7ois Servais\",\"description\":\"\",\"potentialAction\":[{\"@type\":\"SearchAction\",\"target\":{\"@type\":\"EntryPoint\",\"urlTemplate\":\"https:\/\/www.servais-vzw.org\/en\/?s={search_term_string}\"},\"query-input\":{\"@type\":\"PropertyValueSpecification\",\"valueRequired\":true,\"valueName\":\"search_term_string\"}}],\"inLanguage\":\"fr-FR\"}]}<\/script>\n<!-- \/ Yoast SEO plugin. -->","yoast_head_json":{"title":"Franz Servais - Fran\u00e7ois Servais","robots":{"index":"index","follow":"follow","max-snippet":"max-snippet:-1","max-image-preview":"max-image-preview:large","max-video-preview":"max-video-preview:-1"},"canonical":"https:\/\/www.servais-vzw.org\/fr\/familie\/franz-servais\/","og_locale":"fr_FR","og_type":"article","og_title":"Franz Servais - Fran\u00e7ois Servais","og_description":"[vc_row padding_top=\u00a0\u00bb0px\u00a0\u00bb padding_bottom=\u00a0\u00bb0px\u00a0\u00bb][vc_column fade_animation_offset=\u00a0\u00bb45px\u00a0\u00bb width=\u00a0\u00bb1\/4&Prime;][\/vc_column][vc_column fade_animation_offset=\u00a0\u00bb45px\u00a0\u00bb width=\u00a0\u00bb3\/4&Prime;][vc_row_inner padding_top=\u00a0\u00bb0px\u00a0\u00bb padding_bottom=\u00a0\u00bb0px\u00a0\u00bb bg_video=\u00a0\u00bb\u00a0\u00bb class=\u00a0\u00bbfamily-images\u00a0\u00bb style=\u00a0\u00bb\u00a0\u00bb][vc_column_inner fade_animation_offset=\u00a0\u00bb45px\u00a0\u00bb width=\u00a0\u00bb1\/1&Prime;][\/vc_column_inner][\/vc_row_inner][\/vc_column][\/vc_row]","og_url":"https:\/\/www.servais-vzw.org\/fr\/familie\/franz-servais\/","og_site_name":"Fran\u00e7ois Servais","article_modified_time":"2016-09-04T18:25:43+00:00","og_image":[{"width":501,"height":800,"url":"https:\/\/www.servais-vzw.org\/wp-content\/uploads\/2015\/12\/Franz1-BL693-0501.jpg","type":"image\/jpeg"}],"twitter_card":"summary_large_image","twitter_misc":{"Dur\u00e9e de lecture estim\u00e9e":"1 minute"},"schema":{"@context":"https:\/\/schema.org","@graph":[{"@type":"WebPage","@id":"https:\/\/www.servais-vzw.org\/fr\/familie\/franz-servais\/","url":"https:\/\/www.servais-vzw.org\/fr\/familie\/franz-servais\/","name":"Franz Servais - Fran\u00e7ois Servais","isPartOf":{"@id":"https:\/\/www.servais-vzw.org\/en\/#website"},"primaryImageOfPage":{"@id":"https:\/\/www.servais-vzw.org\/fr\/familie\/franz-servais\/#primaryimage"},"image":{"@id":"https:\/\/www.servais-vzw.org\/fr\/familie\/franz-servais\/#primaryimage"},"thumbnailUrl":"http:\/\/www.servais-vzw.org\/wp-content\/uploads\/2015\/12\/Franz1-BL693-0501-188x300.jpg","datePublished":"2016-08-31T16:36:24+00:00","dateModified":"2016-09-04T18:25:43+00:00","breadcrumb":{"@id":"https:\/\/www.servais-vzw.org\/fr\/familie\/franz-servais\/#breadcrumb"},"inLanguage":"fr-FR","potentialAction":[{"@type":"ReadAction","target":["https:\/\/www.servais-vzw.org\/fr\/familie\/franz-servais\/"]}]},{"@type":"ImageObject","inLanguage":"fr-FR","@id":"https:\/\/www.servais-vzw.org\/fr\/familie\/franz-servais\/#primaryimage","url":"http:\/\/www.servais-vzw.org\/wp-content\/uploads\/2015\/12\/Franz1-BL693-0501-188x300.jpg","contentUrl":"http:\/\/www.servais-vzw.org\/wp-content\/uploads\/2015\/12\/Franz1-BL693-0501-188x300.jpg"},{"@type":"BreadcrumbList","@id":"https:\/\/www.servais-vzw.org\/fr\/familie\/franz-servais\/#breadcrumb","itemListElement":[{"@type":"ListItem","position":1,"name":"Home","item":"https:\/\/www.servais-vzw.org\/fr\/"},{"@type":"ListItem","position":2,"name":"Famille","item":"https:\/\/www.servais-vzw.org\/fr\/familie\/"},{"@type":"ListItem","position":3,"name":"Franz Servais"}]},{"@type":"WebSite","@id":"https:\/\/www.servais-vzw.org\/en\/#website","url":"https:\/\/www.servais-vzw.org\/en\/","name":"Fran\u00e7ois Servais","description":"","potentialAction":[{"@type":"SearchAction","target":{"@type":"EntryPoint","urlTemplate":"https:\/\/www.servais-vzw.org\/en\/?s={search_term_string}"},"query-input":{"@type":"PropertyValueSpecification","valueRequired":true,"valueName":"search_term_string"}}],"inLanguage":"fr-FR"}]}},"_links":{"self":[{"href":"https:\/\/www.servais-vzw.org\/fr\/wp-json\/wp\/v2\/pages\/2031","targetHints":{"allow":["GET"]}}],"collection":[{"href":"https:\/\/www.servais-vzw.org\/fr\/wp-json\/wp\/v2\/pages"}],"about":[{"href":"https:\/\/www.servais-vzw.org\/fr\/wp-json\/wp\/v2\/types\/page"}],"author":[{"embeddable":true,"href":"https:\/\/www.servais-vzw.org\/fr\/wp-json\/wp\/v2\/users\/1"}],"replies":[{"embeddable":true,"href":"https:\/\/www.servais-vzw.org\/fr\/wp-json\/wp\/v2\/comments?post=2031"}],"version-history":[{"count":3,"href":"https:\/\/www.servais-vzw.org\/fr\/wp-json\/wp\/v2\/pages\/2031\/revisions"}],"predecessor-version":[{"id":2549,"href":"https:\/\/www.servais-vzw.org\/fr\/wp-json\/wp\/v2\/pages\/2031\/revisions\/2549"}],"up":[{"embeddable":true,"href":"https:\/\/www.servais-vzw.org\/fr\/wp-json\/wp\/v2\/pages\/2025"}],"wp:attachment":[{"href":"https:\/\/www.servais-vzw.org\/fr\/wp-json\/wp\/v2\/media?parent=2031"}],"curies":[{"name":"wp","href":"https:\/\/api.w.org\/{rel}","templated":true}]}}