{"id":2039,"date":"2016-08-20T08:25:03","date_gmt":"2016-08-20T08:25:03","guid":{"rendered":"http:\/\/www.servais-vzw.org\/fr\/home\/"},"modified":"2024-08-26T08:59:02","modified_gmt":"2024-08-26T08:59:02","slug":"home","status":"publish","type":"page","link":"https:\/\/www.servais-vzw.org\/fr\/","title":{"rendered":"Accueil"},"content":{"rendered":"<div class=\"wpb-content-wrapper\">[vc_row padding_top=\u00a0\u00bb0px\u00a0\u00bb padding_bottom=\u00a0\u00bb0px\u00a0\u00bb][vc_column fade_animation_offset=\u00a0\u00bb45px\u00a0\u00bb][vc_column_text]<hr  class=\"x-gap\" style=\"margin: 1.313em 0 0 0;\"><h4>Cher visiteur,<\/h4>\n<p><strong>Bienvenu sur le site de l&rsquo;Association Servais!<\/strong><\/p>\n<p>Fran\u00e7ois Servais est consid\u00e9r\u00e9 comme un des meilleurs violoncellistes de son \u00e9poque et a jou\u00e9 un r\u00f4le crucial dans le d\u00e9veloppement de la technique du violoncelle. Il a donn\u00e9 des concerts partout en Europe.<\/p>\n<p>De nos jours, sa musique est plus que jamais vivante: ses compositions sont \u00e9tudi\u00e9es, interpr\u00e9t\u00e9es ou \u00e9cout\u00e9es dans le monde entier.<\/p>\n<p>Ce site web vous aide \u00e0 d\u00e9couvrir la vie et l\u2019oeuvre de ce virtuose.<\/p>\n<p>Veuillez noter que la version fran\u00e7aise du site n&rsquo;est pas enti\u00e8rement traduite et que certaines pages r\u00e9f\u00e8rent encore \u00e0 la version en anglais.<\/p>\n<p>L\u2019Association Servais<\/p>\n[vc_row_inner padding_top=\u00a0\u00bb0px\u00a0\u00bb padding_bottom=\u00a0\u00bb0px\u00a0\u00bb][vc_column_inner fade_animation_offset=\u00a0\u00bb45px\u00a0\u00bb width=\u00a0\u00bb1\/1&Prime;]<p style=\"margin: 0; padding: 0;\"><img loading=\"lazy\" decoding=\"async\" class=\"aligncenter wp-image-1234 size-medium\" src=\"http:\/\/www.servais-vzw.org\/wp-content\/uploads\/2015\/09\/afscheiding2-1-300x25.jpg\" width=\"300\" height=\"25\" srcset=\"https:\/\/www.servais-vzw.org\/wp-content\/uploads\/2015\/09\/afscheiding2-1-300x25.jpg 300w, https:\/\/www.servais-vzw.org\/wp-content\/uploads\/2015\/09\/afscheiding2-1-100x8.jpg 100w, https:\/\/www.servais-vzw.org\/wp-content\/uploads\/2015\/09\/afscheiding2-1.jpg 354w\" sizes=\"auto, (max-width: 300px) 100vw, 300px\" \/><\/p>\n<h2  class=\"h-custom-headline h2\" ><span>NOUVELLES<\/span><\/h2><p><ul class=\"display-posts-listing\"><li class=\"listing-item\"><a class=\"image\" href=\"https:\/\/www.servais-vzw.org\/fr\/35e-concert-servais-6-06-2026\/\"><img loading=\"lazy\" decoding=\"async\" width=\"150\" height=\"150\" src=\"https:\/\/www.servais-vzw.org\/wp-content\/uploads\/2026\/03\/affiche_6juni-kopie-verkleind-150x150.jpg\" class=\"attachment-thumbnail size-thumbnail wp-post-image\" alt=\"\" \/><\/a> <a class=\"title\" href=\"https:\/\/www.servais-vzw.org\/fr\/35e-concert-servais-6-06-2026\/\">35i\u00e8me Concert Servais \u2013 6\/6\/2026<\/a> <span class=\"excerpt-dash\">-<\/span> <span class=\"excerpt\">Le 6 juin 2026, un concert Servais exceptionnel aura lieu dans le jardin de la Villa Servais \u00e0 l\u2019occasion des 10 ans de la restauration de la Villa Servais. Plus d&rsquo;info<\/span><\/li><li class=\"listing-item\"><a class=\"image\" href=\"https:\/\/www.servais-vzw.org\/fr\/la-famille-royal-belge-et-le-violoncelle\/\"><img loading=\"lazy\" decoding=\"async\" width=\"150\" height=\"150\" src=\"https:\/\/www.servais-vzw.org\/wp-content\/uploads\/2026\/03\/Expo-Flagey_Roll-up-minimaal-150x150.jpg\" class=\"attachment-thumbnail size-thumbnail wp-post-image\" alt=\"\" \/><\/a> <a class=\"title\" href=\"https:\/\/www.servais-vzw.org\/fr\/la-famille-royal-belge-et-le-violoncelle\/\">La Famille Royal belge et le violoncelle<\/a> <span class=\"excerpt-dash\">-<\/span> <span class=\"excerpt\">L&rsquo;asbl Servais organise une exposition sur ce th\u00e8me \u00e0 Flagey pendant le premier tour et la demi-finale du Concours Reine Elisabeth de violoncelle, du 4 au 16 mai 2026. Plus d&rsquo;information<\/span><\/li><li class=\"listing-item\"><a class=\"image\" href=\"https:\/\/www.servais-vzw.org\/fr\/concert-de-cloture-du-stage-le-19-avril-2026\/\"><img loading=\"lazy\" decoding=\"async\" width=\"150\" height=\"150\" src=\"https:\/\/www.servais-vzw.org\/wp-content\/uploads\/2025\/10\/20260419_Slotconcert_fotoYvesLamote-reductie-voor-website-3-150x150.jpg\" class=\"attachment-thumbnail size-thumbnail wp-post-image\" alt=\"\" \/><\/a> <a class=\"title\" href=\"https:\/\/www.servais-vzw.org\/fr\/concert-de-cloture-du-stage-le-19-avril-2026\/\">Concert de Cl\u00f4ture du stage le 19 avril 2026<\/a> <span class=\"excerpt-dash\">-<\/span> <span class=\"excerpt\">Les participants du stage de violoncelle &lsquo;Quarte jours aupr\u00e8s de Servais&rsquo; se produirons le 19 avril dans la salle du cc &lsquo;t Vondel. Plus &lsquo;d info<\/span><\/li><\/ul><\/p>\n<a  class=\"x-btn x-btn-square x-btn-regular alignleft\"  href=\"\/home\/nieuws\"     data-options=\"thumbnail: ''\">Plus de nouvelles<\/a>[\/vc_column_inner][\/vc_row_inner][vc_row_inner padding_top=\u00a0\u00bb0px\u00a0\u00bb padding_bottom=\u00a0\u00bb0px\u00a0\u00bb][vc_column_inner fade_animation_offset=\u00a0\u00bb45px\u00a0\u00bb width=\u00a0\u00bb1\/1&Prime;]<h2  class=\"h-custom-headline h2\" ><span>PUBLICATIONS<\/span><\/h2><p><ul class=\"display-posts-listing\"><li class=\"listing-item\"><a class=\"image\" href=\"https:\/\/www.servais-vzw.org\/fr\/servais-urtext-series\/\"><img loading=\"lazy\" decoding=\"async\" width=\"150\" height=\"150\" src=\"https:\/\/www.servais-vzw.org\/wp-content\/uploads\/2023\/08\/opus-18-150x150.jpg\" class=\"attachment-thumbnail size-thumbnail wp-post-image\" alt=\"\" srcset=\"https:\/\/www.servais-vzw.org\/wp-content\/uploads\/2023\/08\/opus-18-150x150.jpg 150w, https:\/\/www.servais-vzw.org\/wp-content\/uploads\/2023\/08\/opus-18-421x424.jpg 421w\" sizes=\"auto, (max-width: 150px) 100vw, 150px\" \/><\/a> <a class=\"title\" href=\"https:\/\/www.servais-vzw.org\/fr\/servais-urtext-series\/\">Servais Urtext Series<\/a> <span class=\"excerpt-dash\">-<\/span> <span class=\"excerpt\">Au cours des derniers mois, de nombreux \u00e9ditions Urtext sont apparus dans notre s\u00e9rie. Consultez la liste.<\/span><\/li><li class=\"listing-item\"><a class=\"image\" href=\"https:\/\/www.servais-vzw.org\/fr\/francois-servais-de-paganini-van-de-cello\/\"><img loading=\"lazy\" decoding=\"async\" width=\"150\" height=\"150\" src=\"https:\/\/www.servais-vzw.org\/wp-content\/uploads\/2022\/04\/brochure-cover-150x150.jpg\" class=\"attachment-thumbnail size-thumbnail wp-post-image\" alt=\"\" \/><\/a> <a class=\"title\" href=\"https:\/\/www.servais-vzw.org\/fr\/francois-servais-de-paganini-van-de-cello\/\">Fran\u00e7ois Servais, de Paganini van de cello<\/a> <span class=\"excerpt-dash\">-<\/span> <span class=\"excerpt\">Fran\u00e7ois Servais (1807-1866) fut un violoncelliste pionnier, une star europ\u00e9enne et l\u2019un des p\u00e8res fondateurs de l\u2019\u00e9cole belge de violoncelle. Cette brochure richement illustr\u00e9e permet de d\u00e9couvrir les diverses facettes de ce musicien belge remarquable. Plus d&rsquo;infos<\/span><\/li><li class=\"listing-item\"><a class=\"image\" href=\"https:\/\/www.servais-vzw.org\/fr\/cyprien-godebski-a-hal\/\"><img loading=\"lazy\" decoding=\"async\" width=\"150\" height=\"150\" src=\"https:\/\/www.servais-vzw.org\/wp-content\/uploads\/2021\/10\/0-2-150x150.jpg\" class=\"attachment-thumbnail size-thumbnail wp-post-image\" alt=\"Cyprien Godebski\" \/><\/a> <a class=\"title\" href=\"https:\/\/www.servais-vzw.org\/fr\/cyprien-godebski-a-hal\/\">Cyprien Godebski \u00e0 Hal<\/a> <span class=\"excerpt-dash\">-<\/span> <span class=\"excerpt\">Ouvrage consacr\u00e9 au beau-fils de Servais, le sculpteur franco-polonais Cyprien Godebski, et son lien avec la ville de Hal pr\u00e8s-de-Bruxelles, ou nombre de ses ouvrages ont vu le jour. Plus d&rsquo;info<\/span><\/li><li class=\"listing-item\"><a class=\"image\" href=\"https:\/\/www.servais-vzw.org\/fr\/servais-urtext\/\"><img loading=\"lazy\" decoding=\"async\" width=\"150\" height=\"150\" src=\"https:\/\/www.servais-vzw.org\/wp-content\/uploads\/2021\/05\/Servais-opus-6-150x150.jpg\" class=\"attachment-thumbnail size-thumbnail wp-post-image\" alt=\"\" \/><\/a> <a class=\"title\" href=\"https:\/\/www.servais-vzw.org\/fr\/servais-urtext\/\">Servais Urtext<\/a> <span class=\"excerpt-dash\">-<\/span> <span class=\"excerpt\">Yuriy Leonovich et l&rsquo;Association Servais pr\u00e9sentent la collection &lsquo;Servais Urtext&rsquo;. Voir www.servais-vzw.org\/fr\/urtext\/.<\/span><\/li><li class=\"listing-item\"><a class=\"image\" href=\"https:\/\/www.servais-vzw.org\/fr\/cd-fantaisie-de-servais\/\"><img loading=\"lazy\" decoding=\"async\" width=\"150\" height=\"150\" src=\"https:\/\/www.servais-vzw.org\/wp-content\/uploads\/2018\/12\/cd-Yutaka-150x150.jpg\" class=\"attachment-thumbnail size-thumbnail wp-post-image\" alt=\"\" srcset=\"https:\/\/www.servais-vzw.org\/wp-content\/uploads\/2018\/12\/cd-Yutaka-150x150.jpg 150w, https:\/\/www.servais-vzw.org\/wp-content\/uploads\/2018\/12\/cd-Yutaka-300x297.jpg 300w, https:\/\/www.servais-vzw.org\/wp-content\/uploads\/2018\/12\/cd-Yutaka-100x99.jpg 100w\" sizes=\"auto, (max-width: 150px) 100vw, 150px\" \/><\/a> <a class=\"title\" href=\"https:\/\/www.servais-vzw.org\/fr\/cd-fantaisie-de-servais\/\">Cd Fantaisie de Servais<\/a> <span class=\"excerpt-dash\">-<\/span> <span class=\"excerpt\">After 10 years Yutaka Hayashi has become a natural at Servais\u2019 music and it was time for a cd. That cd contains no less than six compositions by Servais: four of his best known pieces \u2013 Souvenir de Spa, Le Carnaval de Venise, La Romanesca and La Fille du R\u00e9giment \u2013 and two duos on Der Freisch\u00fctz and La Traviata. ...<\/span><\/li><\/ul><\/p>\n<a  class=\"x-btn x-btn-square x-btn-regular alignleft\"  href=\"\/servais-vzw\/publicaties\"     data-options=\"thumbnail: ''\">Plus de publications<\/a>[\/vc_column_inner][\/vc_row_inner][\/vc_column_text][\/vc_column][\/vc_row]\n<\/div>","protected":false},"excerpt":{"rendered":"<p>[vc_row padding_top=\u00a0\u00bb0px\u00a0\u00bb padding_bottom=\u00a0\u00bb0px\u00a0\u00bb][vc_column fade_animation_offset=\u00a0\u00bb45px\u00a0\u00bb][vc_column_text][vc_row_inner padding_top=\u00a0\u00bb0px\u00a0\u00bb padding_bottom=\u00a0\u00bb0px\u00a0\u00bb][vc_column_inner fade_animation_offset=\u00a0\u00bb45px\u00a0\u00bb width=\u00a0\u00bb1\/1&Prime;][\/vc_column_inner][\/vc_row_inner][vc_row_inner padding_top=\u00a0\u00bb0px\u00a0\u00bb padding_bottom=\u00a0\u00bb0px\u00a0\u00bb][vc_column_inner fade_animation_offset=\u00a0\u00bb45px\u00a0\u00bb width=\u00a0\u00bb1\/1&Prime;][\/vc_column_inner][\/vc_row_inner][\/vc_column_text][\/vc_column][\/vc_row]<\/p>\n","protected":false},"author":1,"featured_media":0,"parent":0,"menu_order":0,"comment_status":"closed","ping_status":"closed","template":"template-blank-1.php","meta":{"om_disable_all_campaigns":false,"rs_blank_template":"","rs_page_bg_color":"","slide_template_v7":"","_uf_show_specific_survey":0,"_uf_disable_surveys":false,"footnotes":""},"class_list":["post-2039","page","type-page","status-publish","hentry","no-post-thumbnail"],"yoast_head":"<!-- This site is optimized with the Yoast SEO plugin v27.2 - https:\/\/yoast.com\/product\/yoast-seo-wordpress\/ -->\n<title>Accueil - Fran\u00e7ois Servais<\/title>\n<meta name=\"robots\" content=\"index, follow, max-snippet:-1, max-image-preview:large, max-video-preview:-1\" \/>\n<link rel=\"canonical\" href=\"https:\/\/www.servais-vzw.org\/fr\/\" \/>\n<meta property=\"og:locale\" content=\"fr_FR\" \/>\n<meta property=\"og:type\" content=\"article\" \/>\n<meta property=\"og:title\" content=\"Accueil - Fran\u00e7ois Servais\" \/>\n<meta property=\"og:description\" content=\"[vc_row padding_top=\u00a0\u00bb0px\u00a0\u00bb padding_bottom=\u00a0\u00bb0px\u00a0\u00bb][vc_column fade_animation_offset=\u00a0\u00bb45px\u00a0\u00bb][vc_column_text][vc_row_inner padding_top=\u00a0\u00bb0px\u00a0\u00bb padding_bottom=\u00a0\u00bb0px\u00a0\u00bb][vc_column_inner fade_animation_offset=\u00a0\u00bb45px\u00a0\u00bb width=\u00a0\u00bb1\/1&Prime;][\/vc_column_inner][\/vc_row_inner][vc_row_inner padding_top=\u00a0\u00bb0px\u00a0\u00bb padding_bottom=\u00a0\u00bb0px\u00a0\u00bb][vc_column_inner fade_animation_offset=\u00a0\u00bb45px\u00a0\u00bb width=\u00a0\u00bb1\/1&Prime;][\/vc_column_inner][\/vc_row_inner][\/vc_column_text][\/vc_column][\/vc_row]\" \/>\n<meta property=\"og:url\" content=\"https:\/\/www.servais-vzw.org\/fr\/\" \/>\n<meta property=\"og:site_name\" content=\"Fran\u00e7ois Servais\" \/>\n<meta property=\"article:modified_time\" content=\"2024-08-26T08:59:02+00:00\" \/>\n<meta property=\"og:image\" content=\"http:\/\/www.servais-vzw.org\/wp-content\/uploads\/2015\/09\/afscheiding2-1-300x25.jpg\" \/>\n<meta name=\"twitter:card\" content=\"summary_large_image\" \/>\n<meta name=\"twitter:label1\" content=\"Dur\u00e9e de lecture estim\u00e9e\" \/>\n\t<meta name=\"twitter:data1\" content=\"2 minutes\" \/>\n<script type=\"application\/ld+json\" class=\"yoast-schema-graph\">{\"@context\":\"https:\/\/schema.org\",\"@graph\":[{\"@type\":\"WebPage\",\"@id\":\"https:\/\/www.servais-vzw.org\/fr\/\",\"url\":\"https:\/\/www.servais-vzw.org\/fr\/\",\"name\":\"Accueil - Fran\u00e7ois Servais\",\"isPartOf\":{\"@id\":\"https:\/\/www.servais-vzw.org\/en\/#website\"},\"primaryImageOfPage\":{\"@id\":\"https:\/\/www.servais-vzw.org\/fr\/#primaryimage\"},\"image\":{\"@id\":\"https:\/\/www.servais-vzw.org\/fr\/#primaryimage\"},\"thumbnailUrl\":\"http:\/\/www.servais-vzw.org\/wp-content\/uploads\/2015\/09\/afscheiding2-1-300x25.jpg\",\"datePublished\":\"2016-08-20T08:25:03+00:00\",\"dateModified\":\"2024-08-26T08:59:02+00:00\",\"breadcrumb\":{\"@id\":\"https:\/\/www.servais-vzw.org\/fr\/#breadcrumb\"},\"inLanguage\":\"fr-FR\",\"potentialAction\":[{\"@type\":\"ReadAction\",\"target\":[\"https:\/\/www.servais-vzw.org\/fr\/\"]}]},{\"@type\":\"ImageObject\",\"inLanguage\":\"fr-FR\",\"@id\":\"https:\/\/www.servais-vzw.org\/fr\/#primaryimage\",\"url\":\"http:\/\/www.servais-vzw.org\/wp-content\/uploads\/2015\/09\/afscheiding2-1-300x25.jpg\",\"contentUrl\":\"http:\/\/www.servais-vzw.org\/wp-content\/uploads\/2015\/09\/afscheiding2-1-300x25.jpg\"},{\"@type\":\"BreadcrumbList\",\"@id\":\"https:\/\/www.servais-vzw.org\/fr\/#breadcrumb\",\"itemListElement\":[{\"@type\":\"ListItem\",\"position\":1,\"name\":\"Home\",\"item\":\"https:\/\/www.servais-vzw.org\/fr\/\"},{\"@type\":\"ListItem\",\"position\":2,\"name\":\"Accueil\"}]},{\"@type\":\"WebSite\",\"@id\":\"https:\/\/www.servais-vzw.org\/en\/#website\",\"url\":\"https:\/\/www.servais-vzw.org\/en\/\",\"name\":\"Fran\u00e7ois Servais\",\"description\":\"\",\"potentialAction\":[{\"@type\":\"SearchAction\",\"target\":{\"@type\":\"EntryPoint\",\"urlTemplate\":\"https:\/\/www.servais-vzw.org\/en\/?s={search_term_string}\"},\"query-input\":{\"@type\":\"PropertyValueSpecification\",\"valueRequired\":true,\"valueName\":\"search_term_string\"}}],\"inLanguage\":\"fr-FR\"}]}<\/script>\n<!-- \/ Yoast SEO plugin. -->","yoast_head_json":{"title":"Accueil - Fran\u00e7ois Servais","robots":{"index":"index","follow":"follow","max-snippet":"max-snippet:-1","max-image-preview":"max-image-preview:large","max-video-preview":"max-video-preview:-1"},"canonical":"https:\/\/www.servais-vzw.org\/fr\/","og_locale":"fr_FR","og_type":"article","og_title":"Accueil - Fran\u00e7ois Servais","og_description":"[vc_row padding_top=\u00a0\u00bb0px\u00a0\u00bb padding_bottom=\u00a0\u00bb0px\u00a0\u00bb][vc_column fade_animation_offset=\u00a0\u00bb45px\u00a0\u00bb][vc_column_text][vc_row_inner padding_top=\u00a0\u00bb0px\u00a0\u00bb padding_bottom=\u00a0\u00bb0px\u00a0\u00bb][vc_column_inner fade_animation_offset=\u00a0\u00bb45px\u00a0\u00bb width=\u00a0\u00bb1\/1&Prime;][\/vc_column_inner][\/vc_row_inner][vc_row_inner padding_top=\u00a0\u00bb0px\u00a0\u00bb padding_bottom=\u00a0\u00bb0px\u00a0\u00bb][vc_column_inner fade_animation_offset=\u00a0\u00bb45px\u00a0\u00bb width=\u00a0\u00bb1\/1&Prime;][\/vc_column_inner][\/vc_row_inner][\/vc_column_text][\/vc_column][\/vc_row]","og_url":"https:\/\/www.servais-vzw.org\/fr\/","og_site_name":"Fran\u00e7ois Servais","article_modified_time":"2024-08-26T08:59:02+00:00","og_image":[{"url":"http:\/\/www.servais-vzw.org\/wp-content\/uploads\/2015\/09\/afscheiding2-1-300x25.jpg","type":"","width":"","height":""}],"twitter_card":"summary_large_image","twitter_misc":{"Dur\u00e9e de lecture estim\u00e9e":"2 minutes"},"schema":{"@context":"https:\/\/schema.org","@graph":[{"@type":"WebPage","@id":"https:\/\/www.servais-vzw.org\/fr\/","url":"https:\/\/www.servais-vzw.org\/fr\/","name":"Accueil - Fran\u00e7ois Servais","isPartOf":{"@id":"https:\/\/www.servais-vzw.org\/en\/#website"},"primaryImageOfPage":{"@id":"https:\/\/www.servais-vzw.org\/fr\/#primaryimage"},"image":{"@id":"https:\/\/www.servais-vzw.org\/fr\/#primaryimage"},"thumbnailUrl":"http:\/\/www.servais-vzw.org\/wp-content\/uploads\/2015\/09\/afscheiding2-1-300x25.jpg","datePublished":"2016-08-20T08:25:03+00:00","dateModified":"2024-08-26T08:59:02+00:00","breadcrumb":{"@id":"https:\/\/www.servais-vzw.org\/fr\/#breadcrumb"},"inLanguage":"fr-FR","potentialAction":[{"@type":"ReadAction","target":["https:\/\/www.servais-vzw.org\/fr\/"]}]},{"@type":"ImageObject","inLanguage":"fr-FR","@id":"https:\/\/www.servais-vzw.org\/fr\/#primaryimage","url":"http:\/\/www.servais-vzw.org\/wp-content\/uploads\/2015\/09\/afscheiding2-1-300x25.jpg","contentUrl":"http:\/\/www.servais-vzw.org\/wp-content\/uploads\/2015\/09\/afscheiding2-1-300x25.jpg"},{"@type":"BreadcrumbList","@id":"https:\/\/www.servais-vzw.org\/fr\/#breadcrumb","itemListElement":[{"@type":"ListItem","position":1,"name":"Home","item":"https:\/\/www.servais-vzw.org\/fr\/"},{"@type":"ListItem","position":2,"name":"Accueil"}]},{"@type":"WebSite","@id":"https:\/\/www.servais-vzw.org\/en\/#website","url":"https:\/\/www.servais-vzw.org\/en\/","name":"Fran\u00e7ois Servais","description":"","potentialAction":[{"@type":"SearchAction","target":{"@type":"EntryPoint","urlTemplate":"https:\/\/www.servais-vzw.org\/en\/?s={search_term_string}"},"query-input":{"@type":"PropertyValueSpecification","valueRequired":true,"valueName":"search_term_string"}}],"inLanguage":"fr-FR"}]}},"_links":{"self":[{"href":"https:\/\/www.servais-vzw.org\/fr\/wp-json\/wp\/v2\/pages\/2039","targetHints":{"allow":["GET"]}}],"collection":[{"href":"https:\/\/www.servais-vzw.org\/fr\/wp-json\/wp\/v2\/pages"}],"about":[{"href":"https:\/\/www.servais-vzw.org\/fr\/wp-json\/wp\/v2\/types\/page"}],"author":[{"embeddable":true,"href":"https:\/\/www.servais-vzw.org\/fr\/wp-json\/wp\/v2\/users\/1"}],"replies":[{"embeddable":true,"href":"https:\/\/www.servais-vzw.org\/fr\/wp-json\/wp\/v2\/comments?post=2039"}],"version-history":[{"count":10,"href":"https:\/\/www.servais-vzw.org\/fr\/wp-json\/wp\/v2\/pages\/2039\/revisions"}],"predecessor-version":[{"id":9870,"href":"https:\/\/www.servais-vzw.org\/fr\/wp-json\/wp\/v2\/pages\/2039\/revisions\/9870"}],"wp:attachment":[{"href":"https:\/\/www.servais-vzw.org\/fr\/wp-json\/wp\/v2\/media?parent=2039"}],"curies":[{"name":"wp","href":"https:\/\/api.w.org\/{rel}","templated":true}]}}