{"id":2048,"date":"2016-08-31T16:36:43","date_gmt":"2016-08-31T16:36:43","guid":{"rendered":"http:\/\/www.servais-vzw.org\/fr\/inleiding\/"},"modified":"2016-09-04T18:42:26","modified_gmt":"2016-09-04T18:42:26","slug":"inleiding","status":"publish","type":"page","link":"https:\/\/www.servais-vzw.org\/fr\/inleiding\/","title":{"rendered":"Introduction"},"content":{"rendered":"<div class=\"wpb-content-wrapper\">[vc_row padding_top=\u00a0\u00bb0px\u00a0\u00bb padding_bottom=\u00a0\u00bb0px\u00a0\u00bb][vc_column fade_animation_offset=\u00a0\u00bb45px\u00a0\u00bb width=\u00a0\u00bb1\/4&Prime;][\/vc_column][vc_column fade_animation_offset=\u00a0\u00bb45px\u00a0\u00bb width=\u00a0\u00bb3\/4&Prime;]<p>Fran\u00e7ois Servais fut un compositeur prolifique. Son \u0153uvre est compos\u00e9e d\u2019environ 90 pi\u00e8ces:<\/p>\n<ul>\n<li>les opus de 1 \u00e0 21 (avec accompagnement de piano, d\u2019un quartette, d\u2019un quintette ou d\u2019un orchestre de chambre;<\/li>\n<li>quelques \u0153uvres publi\u00e9es \u00e0 titre posthume;<\/li>\n<li>six duos pour violoncelle et violon avec Henry Vieuxtemps, Hubert L\u00e9onard et Joseph Ghys;<\/li>\n<li>23 duos pour violoncelle et piano avec Joseph Gregoir;<\/li>\n<li>quelques transcriptions pour violoncelle et piano des \u0153uvres d\u2019autres compositeurs;<\/li>\n<li>une vingtaine de compositions manuscrites (non publi\u00e9es).<\/li>\n<\/ul>\n<p>La majeure partie des compositions de Servais a \u00e9t\u00e9 publi\u00e9e et r\u00e9\u00e9dit\u00e9e. Le\u00a0<em>Concerto en Si mineur<\/em>\u00a0(opus 5) et\u00a0<em>Le D\u00e9sir<\/em>\u00a0(opus 4) ont \u00e9t\u00e9 r\u00e9\u00e9dit\u00e9s plus de trente fois;\u00a0<em>Souvenir de Spa<\/em>\u00a0(opus 2) a \u00e9t\u00e9 \u00e9dit\u00e9 plus de cent fois et les\u00a0<em>Six Caprices<\/em>\u00a0(opus 11) une cinquantaine de fois au moins. Plus de 70\u00a0\u00e9diteurs, dont huit russes et douze am\u00e9ricains ont publi\u00e9 ses \u0153uvres.<\/p>\n<p>Servais a un style de virtuose romantique qu\u2019il est tr\u00e8s malais\u00e9 d\u2019interpr\u00e9ter; ses compositions constituent un d\u00e9fi m\u00eame pour les violoncellistes les plus talentueux.<\/p>\n<p>Actuellement plusieurs solistes c\u00e9l\u00e8bres mettent Servais \u00e0 leur r\u00e9pertoire. Une vingtaine de compositions sont interpr\u00e9t\u00e9es de temps \u00e0 autre \u00e0 Tokyo ou \u00e0 New York et \u00e0 Melbourne ou \u00e0 Prague. Six compositions sont disponibles dans une \u00e9dition r\u00e9cente. Les Six Caprices opus 11 de Servais figurent encore toujours au programme de l\u2019enseignement du violoncelle de par le monde. Des r\u00e9\u00e9ditions r\u00e9centes parues \u00e0 Paris, Milan, Mainz et New York, ainsi que certaines nouvelles impressions partielles, r\u00e9pondent \u00e0 la demande.<\/p>\n<p>Une trentaine de compositions ont d\u00e9j\u00e0 \u00e9t\u00e9 enregistr\u00e9es, ce qui repr\u00e9sente plus de soixante disques et CDs. Plusieurs CDs ont \u00e9t\u00e9 distribu\u00e9s dans le monde entier; sa musique est radiodiffus\u00e9e de par le monde. Fran\u00e7ois Servais d\u00e9c\u00e9da le 26 novembre 1866, mais aujourd\u2019hui sa musique est vivante et passionnante.<\/p>\n[\/vc_column][\/vc_row]\n<\/div>","protected":false},"excerpt":{"rendered":"<p>[vc_row padding_top=\u00a0\u00bb0px\u00a0\u00bb padding_bottom=\u00a0\u00bb0px\u00a0\u00bb][vc_column fade_animation_offset=\u00a0\u00bb45px\u00a0\u00bb width=\u00a0\u00bb1\/4&Prime;][\/vc_column][vc_column fade_animation_offset=\u00a0\u00bb45px\u00a0\u00bb width=\u00a0\u00bb3\/4&Prime;][\/vc_column][\/vc_row]<\/p>\n","protected":false},"author":1,"featured_media":0,"parent":0,"menu_order":0,"comment_status":"closed","ping_status":"closed","template":"template-layout-full-width.php","meta":{"om_disable_all_campaigns":false,"rs_blank_template":"","rs_page_bg_color":"","slide_template_v7":"","_uf_show_specific_survey":0,"_uf_disable_surveys":false,"footnotes":""},"class_list":["post-2048","page","type-page","status-publish","hentry","no-post-thumbnail"],"yoast_head":"<!-- This site is optimized with the Yoast SEO plugin v27.2 - https:\/\/yoast.com\/product\/yoast-seo-wordpress\/ -->\n<title>Introduction - Fran\u00e7ois Servais<\/title>\n<meta name=\"robots\" content=\"index, follow, max-snippet:-1, max-image-preview:large, max-video-preview:-1\" \/>\n<link rel=\"canonical\" href=\"https:\/\/www.servais-vzw.org\/fr\/inleiding\/\" \/>\n<meta property=\"og:locale\" content=\"fr_FR\" \/>\n<meta property=\"og:type\" content=\"article\" \/>\n<meta property=\"og:title\" content=\"Introduction - Fran\u00e7ois Servais\" \/>\n<meta property=\"og:description\" content=\"[vc_row padding_top=\u00a0\u00bb0px\u00a0\u00bb padding_bottom=\u00a0\u00bb0px\u00a0\u00bb][vc_column fade_animation_offset=\u00a0\u00bb45px\u00a0\u00bb width=\u00a0\u00bb1\/4&Prime;][\/vc_column][vc_column fade_animation_offset=\u00a0\u00bb45px\u00a0\u00bb width=\u00a0\u00bb3\/4&Prime;][\/vc_column][\/vc_row]\" \/>\n<meta property=\"og:url\" content=\"https:\/\/www.servais-vzw.org\/fr\/inleiding\/\" \/>\n<meta property=\"og:site_name\" content=\"Fran\u00e7ois Servais\" \/>\n<meta property=\"article:modified_time\" content=\"2016-09-04T18:42:26+00:00\" \/>\n<meta name=\"twitter:card\" content=\"summary_large_image\" \/>\n<meta name=\"twitter:label1\" content=\"Dur\u00e9e de lecture estim\u00e9e\" \/>\n\t<meta name=\"twitter:data1\" content=\"2 minutes\" \/>\n<script type=\"application\/ld+json\" class=\"yoast-schema-graph\">{\"@context\":\"https:\/\/schema.org\",\"@graph\":[{\"@type\":\"WebPage\",\"@id\":\"https:\/\/www.servais-vzw.org\/fr\/inleiding\/\",\"url\":\"https:\/\/www.servais-vzw.org\/fr\/inleiding\/\",\"name\":\"Introduction - Fran\u00e7ois Servais\",\"isPartOf\":{\"@id\":\"https:\/\/www.servais-vzw.org\/en\/#website\"},\"datePublished\":\"2016-08-31T16:36:43+00:00\",\"dateModified\":\"2016-09-04T18:42:26+00:00\",\"breadcrumb\":{\"@id\":\"https:\/\/www.servais-vzw.org\/fr\/inleiding\/#breadcrumb\"},\"inLanguage\":\"fr-FR\",\"potentialAction\":[{\"@type\":\"ReadAction\",\"target\":[\"https:\/\/www.servais-vzw.org\/fr\/inleiding\/\"]}]},{\"@type\":\"BreadcrumbList\",\"@id\":\"https:\/\/www.servais-vzw.org\/fr\/inleiding\/#breadcrumb\",\"itemListElement\":[{\"@type\":\"ListItem\",\"position\":1,\"name\":\"Home\",\"item\":\"https:\/\/www.servais-vzw.org\/fr\/\"},{\"@type\":\"ListItem\",\"position\":2,\"name\":\"Introduction\"}]},{\"@type\":\"WebSite\",\"@id\":\"https:\/\/www.servais-vzw.org\/en\/#website\",\"url\":\"https:\/\/www.servais-vzw.org\/en\/\",\"name\":\"Fran\u00e7ois Servais\",\"description\":\"\",\"potentialAction\":[{\"@type\":\"SearchAction\",\"target\":{\"@type\":\"EntryPoint\",\"urlTemplate\":\"https:\/\/www.servais-vzw.org\/en\/?s={search_term_string}\"},\"query-input\":{\"@type\":\"PropertyValueSpecification\",\"valueRequired\":true,\"valueName\":\"search_term_string\"}}],\"inLanguage\":\"fr-FR\"}]}<\/script>\n<!-- \/ Yoast SEO plugin. -->","yoast_head_json":{"title":"Introduction - Fran\u00e7ois Servais","robots":{"index":"index","follow":"follow","max-snippet":"max-snippet:-1","max-image-preview":"max-image-preview:large","max-video-preview":"max-video-preview:-1"},"canonical":"https:\/\/www.servais-vzw.org\/fr\/inleiding\/","og_locale":"fr_FR","og_type":"article","og_title":"Introduction - Fran\u00e7ois Servais","og_description":"[vc_row padding_top=\u00a0\u00bb0px\u00a0\u00bb padding_bottom=\u00a0\u00bb0px\u00a0\u00bb][vc_column fade_animation_offset=\u00a0\u00bb45px\u00a0\u00bb width=\u00a0\u00bb1\/4&Prime;][\/vc_column][vc_column fade_animation_offset=\u00a0\u00bb45px\u00a0\u00bb width=\u00a0\u00bb3\/4&Prime;][\/vc_column][\/vc_row]","og_url":"https:\/\/www.servais-vzw.org\/fr\/inleiding\/","og_site_name":"Fran\u00e7ois Servais","article_modified_time":"2016-09-04T18:42:26+00:00","twitter_card":"summary_large_image","twitter_misc":{"Dur\u00e9e de lecture estim\u00e9e":"2 minutes"},"schema":{"@context":"https:\/\/schema.org","@graph":[{"@type":"WebPage","@id":"https:\/\/www.servais-vzw.org\/fr\/inleiding\/","url":"https:\/\/www.servais-vzw.org\/fr\/inleiding\/","name":"Introduction - Fran\u00e7ois Servais","isPartOf":{"@id":"https:\/\/www.servais-vzw.org\/en\/#website"},"datePublished":"2016-08-31T16:36:43+00:00","dateModified":"2016-09-04T18:42:26+00:00","breadcrumb":{"@id":"https:\/\/www.servais-vzw.org\/fr\/inleiding\/#breadcrumb"},"inLanguage":"fr-FR","potentialAction":[{"@type":"ReadAction","target":["https:\/\/www.servais-vzw.org\/fr\/inleiding\/"]}]},{"@type":"BreadcrumbList","@id":"https:\/\/www.servais-vzw.org\/fr\/inleiding\/#breadcrumb","itemListElement":[{"@type":"ListItem","position":1,"name":"Home","item":"https:\/\/www.servais-vzw.org\/fr\/"},{"@type":"ListItem","position":2,"name":"Introduction"}]},{"@type":"WebSite","@id":"https:\/\/www.servais-vzw.org\/en\/#website","url":"https:\/\/www.servais-vzw.org\/en\/","name":"Fran\u00e7ois Servais","description":"","potentialAction":[{"@type":"SearchAction","target":{"@type":"EntryPoint","urlTemplate":"https:\/\/www.servais-vzw.org\/en\/?s={search_term_string}"},"query-input":{"@type":"PropertyValueSpecification","valueRequired":true,"valueName":"search_term_string"}}],"inLanguage":"fr-FR"}]}},"_links":{"self":[{"href":"https:\/\/www.servais-vzw.org\/fr\/wp-json\/wp\/v2\/pages\/2048","targetHints":{"allow":["GET"]}}],"collection":[{"href":"https:\/\/www.servais-vzw.org\/fr\/wp-json\/wp\/v2\/pages"}],"about":[{"href":"https:\/\/www.servais-vzw.org\/fr\/wp-json\/wp\/v2\/types\/page"}],"author":[{"embeddable":true,"href":"https:\/\/www.servais-vzw.org\/fr\/wp-json\/wp\/v2\/users\/1"}],"replies":[{"embeddable":true,"href":"https:\/\/www.servais-vzw.org\/fr\/wp-json\/wp\/v2\/comments?post=2048"}],"version-history":[{"count":3,"href":"https:\/\/www.servais-vzw.org\/fr\/wp-json\/wp\/v2\/pages\/2048\/revisions"}],"predecessor-version":[{"id":2554,"href":"https:\/\/www.servais-vzw.org\/fr\/wp-json\/wp\/v2\/pages\/2048\/revisions\/2554"}],"wp:attachment":[{"href":"https:\/\/www.servais-vzw.org\/fr\/wp-json\/wp\/v2\/media?parent=2048"}],"curies":[{"name":"wp","href":"https:\/\/api.w.org\/{rel}","templated":true}]}}