{"id":2059,"date":"2016-08-31T16:36:55","date_gmt":"2016-08-31T16:36:55","guid":{"rendered":"http:\/\/www.servais-vzw.org\/fr\/onderzoek\/servaisonderzoek\/"},"modified":"2016-09-04T19:07:13","modified_gmt":"2016-09-04T19:07:13","slug":"servaisonderzoek","status":"publish","type":"page","link":"https:\/\/www.servais-vzw.org\/fr\/servaisonderzoek\/","title":{"rendered":"Recherches"},"content":{"rendered":"<div class=\"wpb-content-wrapper\">[vc_row padding_top=\u00a0\u00bb0px\u00a0\u00bb padding_bottom=\u00a0\u00bb0px\u00a0\u00bb][vc_column fade_animation_offset=\u00a0\u00bb45px\u00a0\u00bb width=\u00a0\u00bb1\/1&Prime;]<p>La recherche scientifique sur la vie et l\u2019\u0153uvre de Servais et ses descendants est en plein essor. Peter Fran\u00e7ois a rassembl\u00e9 une documentation qu\u2019il a puis\u00e9e dans les archives du monde entier. Il publie r\u00e9guli\u00e8rement de nouvelles donn\u00e9es.\u00a0N\u2019h\u00e9sitez surtout pas de contacter Peter Fran\u00e7ois avec toutes vos questions et remarques:\u00a0<a href=\"mailto:peter@servais-vzw.org\">e-mail.<\/a><\/p>\n<p>D\u2019autres chercheurs ont contribu\u00e9 \u00e0 l\u2019\u00e9tude concernant Servais. La page &lsquo;Recherches&rsquo; &#8211; publications mentionne leurs publications.<\/p>\n[\/vc_column][\/vc_row]\n<\/div>","protected":false},"excerpt":{"rendered":"<p>[vc_row padding_top=\u00a0\u00bb0px\u00a0\u00bb padding_bottom=\u00a0\u00bb0px\u00a0\u00bb][vc_column fade_animation_offset=\u00a0\u00bb45px\u00a0\u00bb width=\u00a0\u00bb1\/1&Prime;][\/vc_column][\/vc_row]<\/p>\n","protected":false},"author":1,"featured_media":0,"parent":0,"menu_order":0,"comment_status":"closed","ping_status":"closed","template":"template-layout-full-width.php","meta":{"om_disable_all_campaigns":false,"rs_blank_template":"","rs_page_bg_color":"","slide_template_v7":"","_uf_show_specific_survey":0,"_uf_disable_surveys":false,"footnotes":""},"class_list":["post-2059","page","type-page","status-publish","hentry","no-post-thumbnail"],"yoast_head":"<!-- This site is optimized with the Yoast SEO plugin v27.2 - https:\/\/yoast.com\/product\/yoast-seo-wordpress\/ -->\n<title>Recherches - Fran\u00e7ois Servais<\/title>\n<meta name=\"robots\" content=\"index, follow, max-snippet:-1, max-image-preview:large, max-video-preview:-1\" \/>\n<link rel=\"canonical\" href=\"https:\/\/www.servais-vzw.org\/fr\/servaisonderzoek\/\" \/>\n<meta property=\"og:locale\" content=\"fr_FR\" \/>\n<meta property=\"og:type\" content=\"article\" \/>\n<meta property=\"og:title\" content=\"Recherches - Fran\u00e7ois Servais\" \/>\n<meta property=\"og:description\" content=\"[vc_row padding_top=\u00a0\u00bb0px\u00a0\u00bb padding_bottom=\u00a0\u00bb0px\u00a0\u00bb][vc_column fade_animation_offset=\u00a0\u00bb45px\u00a0\u00bb width=\u00a0\u00bb1\/1&Prime;][\/vc_column][\/vc_row]\" \/>\n<meta property=\"og:url\" content=\"https:\/\/www.servais-vzw.org\/fr\/servaisonderzoek\/\" \/>\n<meta property=\"og:site_name\" content=\"Fran\u00e7ois Servais\" \/>\n<meta property=\"article:modified_time\" content=\"2016-09-04T19:07:13+00:00\" \/>\n<meta name=\"twitter:card\" content=\"summary_large_image\" \/>\n<meta name=\"twitter:label1\" content=\"Dur\u00e9e de lecture estim\u00e9e\" \/>\n\t<meta name=\"twitter:data1\" content=\"1 minute\" \/>\n<script type=\"application\/ld+json\" class=\"yoast-schema-graph\">{\"@context\":\"https:\/\/schema.org\",\"@graph\":[{\"@type\":\"WebPage\",\"@id\":\"https:\/\/www.servais-vzw.org\/fr\/servaisonderzoek\/\",\"url\":\"https:\/\/www.servais-vzw.org\/fr\/servaisonderzoek\/\",\"name\":\"Recherches - Fran\u00e7ois Servais\",\"isPartOf\":{\"@id\":\"https:\/\/www.servais-vzw.org\/en\/#website\"},\"datePublished\":\"2016-08-31T16:36:55+00:00\",\"dateModified\":\"2016-09-04T19:07:13+00:00\",\"breadcrumb\":{\"@id\":\"https:\/\/www.servais-vzw.org\/fr\/servaisonderzoek\/#breadcrumb\"},\"inLanguage\":\"fr-FR\",\"potentialAction\":[{\"@type\":\"ReadAction\",\"target\":[\"https:\/\/www.servais-vzw.org\/fr\/servaisonderzoek\/\"]}]},{\"@type\":\"BreadcrumbList\",\"@id\":\"https:\/\/www.servais-vzw.org\/fr\/servaisonderzoek\/#breadcrumb\",\"itemListElement\":[{\"@type\":\"ListItem\",\"position\":1,\"name\":\"Home\",\"item\":\"https:\/\/www.servais-vzw.org\/fr\/\"},{\"@type\":\"ListItem\",\"position\":2,\"name\":\"Recherches\"}]},{\"@type\":\"WebSite\",\"@id\":\"https:\/\/www.servais-vzw.org\/en\/#website\",\"url\":\"https:\/\/www.servais-vzw.org\/en\/\",\"name\":\"Fran\u00e7ois Servais\",\"description\":\"\",\"potentialAction\":[{\"@type\":\"SearchAction\",\"target\":{\"@type\":\"EntryPoint\",\"urlTemplate\":\"https:\/\/www.servais-vzw.org\/en\/?s={search_term_string}\"},\"query-input\":{\"@type\":\"PropertyValueSpecification\",\"valueRequired\":true,\"valueName\":\"search_term_string\"}}],\"inLanguage\":\"fr-FR\"}]}<\/script>\n<!-- \/ Yoast SEO plugin. -->","yoast_head_json":{"title":"Recherches - Fran\u00e7ois Servais","robots":{"index":"index","follow":"follow","max-snippet":"max-snippet:-1","max-image-preview":"max-image-preview:large","max-video-preview":"max-video-preview:-1"},"canonical":"https:\/\/www.servais-vzw.org\/fr\/servaisonderzoek\/","og_locale":"fr_FR","og_type":"article","og_title":"Recherches - Fran\u00e7ois Servais","og_description":"[vc_row padding_top=\u00a0\u00bb0px\u00a0\u00bb padding_bottom=\u00a0\u00bb0px\u00a0\u00bb][vc_column fade_animation_offset=\u00a0\u00bb45px\u00a0\u00bb width=\u00a0\u00bb1\/1&Prime;][\/vc_column][\/vc_row]","og_url":"https:\/\/www.servais-vzw.org\/fr\/servaisonderzoek\/","og_site_name":"Fran\u00e7ois Servais","article_modified_time":"2016-09-04T19:07:13+00:00","twitter_card":"summary_large_image","twitter_misc":{"Dur\u00e9e de lecture estim\u00e9e":"1 minute"},"schema":{"@context":"https:\/\/schema.org","@graph":[{"@type":"WebPage","@id":"https:\/\/www.servais-vzw.org\/fr\/servaisonderzoek\/","url":"https:\/\/www.servais-vzw.org\/fr\/servaisonderzoek\/","name":"Recherches - Fran\u00e7ois Servais","isPartOf":{"@id":"https:\/\/www.servais-vzw.org\/en\/#website"},"datePublished":"2016-08-31T16:36:55+00:00","dateModified":"2016-09-04T19:07:13+00:00","breadcrumb":{"@id":"https:\/\/www.servais-vzw.org\/fr\/servaisonderzoek\/#breadcrumb"},"inLanguage":"fr-FR","potentialAction":[{"@type":"ReadAction","target":["https:\/\/www.servais-vzw.org\/fr\/servaisonderzoek\/"]}]},{"@type":"BreadcrumbList","@id":"https:\/\/www.servais-vzw.org\/fr\/servaisonderzoek\/#breadcrumb","itemListElement":[{"@type":"ListItem","position":1,"name":"Home","item":"https:\/\/www.servais-vzw.org\/fr\/"},{"@type":"ListItem","position":2,"name":"Recherches"}]},{"@type":"WebSite","@id":"https:\/\/www.servais-vzw.org\/en\/#website","url":"https:\/\/www.servais-vzw.org\/en\/","name":"Fran\u00e7ois Servais","description":"","potentialAction":[{"@type":"SearchAction","target":{"@type":"EntryPoint","urlTemplate":"https:\/\/www.servais-vzw.org\/en\/?s={search_term_string}"},"query-input":{"@type":"PropertyValueSpecification","valueRequired":true,"valueName":"search_term_string"}}],"inLanguage":"fr-FR"}]}},"_links":{"self":[{"href":"https:\/\/www.servais-vzw.org\/fr\/wp-json\/wp\/v2\/pages\/2059","targetHints":{"allow":["GET"]}}],"collection":[{"href":"https:\/\/www.servais-vzw.org\/fr\/wp-json\/wp\/v2\/pages"}],"about":[{"href":"https:\/\/www.servais-vzw.org\/fr\/wp-json\/wp\/v2\/types\/page"}],"author":[{"embeddable":true,"href":"https:\/\/www.servais-vzw.org\/fr\/wp-json\/wp\/v2\/users\/1"}],"replies":[{"embeddable":true,"href":"https:\/\/www.servais-vzw.org\/fr\/wp-json\/wp\/v2\/comments?post=2059"}],"version-history":[{"count":4,"href":"https:\/\/www.servais-vzw.org\/fr\/wp-json\/wp\/v2\/pages\/2059\/revisions"}],"predecessor-version":[{"id":2563,"href":"https:\/\/www.servais-vzw.org\/fr\/wp-json\/wp\/v2\/pages\/2059\/revisions\/2563"}],"wp:attachment":[{"href":"https:\/\/www.servais-vzw.org\/fr\/wp-json\/wp\/v2\/media?parent=2059"}],"curies":[{"name":"wp","href":"https:\/\/api.w.org\/{rel}","templated":true}]}}