{"id":2066,"date":"2016-08-31T16:37:01","date_gmt":"2016-08-31T16:37:01","guid":{"rendered":"http:\/\/www.servais-vzw.org\/fr\/de-vereniging\/"},"modified":"2023-11-28T15:06:23","modified_gmt":"2023-11-28T15:06:23","slug":"de-vereniging","status":"publish","type":"page","link":"https:\/\/www.servais-vzw.org\/fr\/servais-vzw\/de-vereniging\/","title":{"rendered":"L&rsquo;Association"},"content":{"rendered":"<div class=\"wpb-content-wrapper\">[vc_row padding_top=\u00a0\u00bb0px\u00a0\u00bb padding_bottom=\u00a0\u00bb0px\u00a0\u00bb][vc_column width=\u00a0\u00bb1\/4&Prime; fade_animation_offset=\u00a0\u00bb45px\u00a0\u00bb][vc_column_text]<img decoding=\"async\"  class=\"x-img\"  src=\"https:\/\/www.servais-vzw.org\/wp-content\/uploads\/2015\/09\/Logo_klein1.png\" >[\/vc_column_text][\/vc_column][vc_column width=\u00a0\u00bb3\/4&Prime; fade_animation_offset=\u00a0\u00bb45px\u00a0\u00bb][vc_column_text]<p>L&rsquo;Association Servais a vue le jour le 26 novembre 2003.<\/p>\n<p>Elle\u00a0se d\u00e9voue pour faire conna\u00eetre la musique de Fran\u00e7ois Servais en organisant des concerts, en enregistrant des disques compact et en (r\u00e9)\u00e9ditant des partitions; elle continue \u00e0 analyser la vie et l\u2019\u0153uvre de ce compositeur et communique ces informations en organisant des expositions, en donnant des conf\u00e9rences et en \u00e9ditant des publications.<\/p>\n<p>Elle s\u2019applique \u00e0 d\u00e9velopper une collection halloise consacr\u00e9e \u00e0 Servais, et \u00e0 pr\u00e9server le patrimoine de Servais \u00e0 Hal. Plus g\u00e9n\u00e9ralement elle veut contribuer \u00e0 l\u2019essor de la vie musicale et culturelle de Hal et bien au-del\u00e0. L&rsquo;Association veut aussi souligner l\u2019importance du violoncelle et de son r\u00e9pertoire. En organisant des stages, des master class et des concours, elle stimule les jeunes talents.<\/p>\n<p><strong>Conseil d&rsquo;administration:<\/strong><\/p>\n<p><em>Pr\u00e9sident:<\/em> Peter Fran\u00e7ois<br \/>\n<em>Tr\u00e9sorier:<\/em> Myriam Vandoren<br \/>\n<em>Secretaire:<\/em> Guido Fran\u00e7ois<br \/>\n<em>Membres:<\/em> Jan Ophalvens, Doroth\u00e9e Pawlutschenko, Karin Van Snick<\/p>\n<p><strong>Comit\u00e9 d&rsquo;honneur:<\/strong><\/p>\n<p>Louis De Gr\u00e8ve(+), Marc Beckw\u00e9(+) et Dirk Pieters<br \/>\n<em>Anciens bourgmestres de la Ville de Hal<\/em><\/p>\n<p>Edmond Baert, Anner Bijlsma(+), Roel Dieltiens, Walter Grimmer, Yutaka Hayashi, Didier Poskin, Seeli Toivio, Viviane Spanoghe<br \/>\n<em>Violoncellistes<\/em><\/p>\n<p>Blandine, Charles-Emile, Claire, Colette et Henry Vanderlinden<br \/>\n<em>Arri\u00e8re-arri\u00e8re-petits-enfants de Fran\u00e7ois Servais<\/em><\/p>\n<p>&nbsp;<\/p>\n[\/vc_column_text][\/vc_column][\/vc_row]\n<\/div>","protected":false},"excerpt":{"rendered":"<p>[vc_row padding_top=\u00a0\u00bb0px\u00a0\u00bb padding_bottom=\u00a0\u00bb0px\u00a0\u00bb][vc_column width=\u00a0\u00bb1\/4&Prime; fade_animation_offset=\u00a0\u00bb45px\u00a0\u00bb][vc_column_text][\/vc_column_text][\/vc_column][vc_column width=\u00a0\u00bb3\/4&Prime; fade_animation_offset=\u00a0\u00bb45px\u00a0\u00bb][vc_column_text][\/vc_column_text][\/vc_column][\/vc_row]<\/p>\n","protected":false},"author":1,"featured_media":0,"parent":2062,"menu_order":0,"comment_status":"closed","ping_status":"closed","template":"template-layout-full-width.php","meta":{"om_disable_all_campaigns":false,"rs_blank_template":"","rs_page_bg_color":"","slide_template_v7":"","_uf_show_specific_survey":0,"_uf_disable_surveys":false,"footnotes":""},"class_list":["post-2066","page","type-page","status-publish","hentry","no-post-thumbnail"],"yoast_head":"<!-- This site is optimized with the Yoast SEO plugin v27.2 - https:\/\/yoast.com\/product\/yoast-seo-wordpress\/ -->\n<title>L&#039;Association - Fran\u00e7ois Servais<\/title>\n<meta name=\"robots\" content=\"index, follow, max-snippet:-1, max-image-preview:large, max-video-preview:-1\" \/>\n<link rel=\"canonical\" href=\"https:\/\/www.servais-vzw.org\/fr\/servais-vzw\/de-vereniging\/\" \/>\n<meta property=\"og:locale\" content=\"fr_FR\" \/>\n<meta property=\"og:type\" content=\"article\" \/>\n<meta property=\"og:title\" content=\"L&#039;Association - Fran\u00e7ois Servais\" \/>\n<meta property=\"og:description\" content=\"[vc_row padding_top=\u00a0\u00bb0px\u00a0\u00bb padding_bottom=\u00a0\u00bb0px\u00a0\u00bb][vc_column width=\u00a0\u00bb1\/4&Prime; fade_animation_offset=\u00a0\u00bb45px\u00a0\u00bb][vc_column_text][\/vc_column_text][\/vc_column][vc_column width=\u00a0\u00bb3\/4&Prime; fade_animation_offset=\u00a0\u00bb45px\u00a0\u00bb][vc_column_text][\/vc_column_text][\/vc_column][\/vc_row]\" \/>\n<meta property=\"og:url\" content=\"https:\/\/www.servais-vzw.org\/fr\/servais-vzw\/de-vereniging\/\" \/>\n<meta property=\"og:site_name\" content=\"Fran\u00e7ois Servais\" \/>\n<meta property=\"article:modified_time\" content=\"2023-11-28T15:06:23+00:00\" \/>\n<meta name=\"twitter:card\" content=\"summary_large_image\" \/>\n<meta name=\"twitter:label1\" content=\"Dur\u00e9e de lecture estim\u00e9e\" \/>\n\t<meta name=\"twitter:data1\" content=\"2 minutes\" \/>\n<script type=\"application\/ld+json\" class=\"yoast-schema-graph\">{\"@context\":\"https:\/\/schema.org\",\"@graph\":[{\"@type\":\"WebPage\",\"@id\":\"https:\/\/www.servais-vzw.org\/fr\/servais-vzw\/de-vereniging\/\",\"url\":\"https:\/\/www.servais-vzw.org\/fr\/servais-vzw\/de-vereniging\/\",\"name\":\"L'Association - Fran\u00e7ois Servais\",\"isPartOf\":{\"@id\":\"https:\/\/www.servais-vzw.org\/en\/#website\"},\"datePublished\":\"2016-08-31T16:37:01+00:00\",\"dateModified\":\"2023-11-28T15:06:23+00:00\",\"breadcrumb\":{\"@id\":\"https:\/\/www.servais-vzw.org\/fr\/servais-vzw\/de-vereniging\/#breadcrumb\"},\"inLanguage\":\"fr-FR\",\"potentialAction\":[{\"@type\":\"ReadAction\",\"target\":[\"https:\/\/www.servais-vzw.org\/fr\/servais-vzw\/de-vereniging\/\"]}]},{\"@type\":\"BreadcrumbList\",\"@id\":\"https:\/\/www.servais-vzw.org\/fr\/servais-vzw\/de-vereniging\/#breadcrumb\",\"itemListElement\":[{\"@type\":\"ListItem\",\"position\":1,\"name\":\"Home\",\"item\":\"https:\/\/www.servais-vzw.org\/fr\/\"},{\"@type\":\"ListItem\",\"position\":2,\"name\":\"Association Servais\",\"item\":\"https:\/\/www.servais-vzw.org\/fr\/servais-vzw\/\"},{\"@type\":\"ListItem\",\"position\":3,\"name\":\"L&#8217;Association\"}]},{\"@type\":\"WebSite\",\"@id\":\"https:\/\/www.servais-vzw.org\/en\/#website\",\"url\":\"https:\/\/www.servais-vzw.org\/en\/\",\"name\":\"Fran\u00e7ois Servais\",\"description\":\"\",\"potentialAction\":[{\"@type\":\"SearchAction\",\"target\":{\"@type\":\"EntryPoint\",\"urlTemplate\":\"https:\/\/www.servais-vzw.org\/en\/?s={search_term_string}\"},\"query-input\":{\"@type\":\"PropertyValueSpecification\",\"valueRequired\":true,\"valueName\":\"search_term_string\"}}],\"inLanguage\":\"fr-FR\"}]}<\/script>\n<!-- \/ Yoast SEO plugin. -->","yoast_head_json":{"title":"L'Association - Fran\u00e7ois Servais","robots":{"index":"index","follow":"follow","max-snippet":"max-snippet:-1","max-image-preview":"max-image-preview:large","max-video-preview":"max-video-preview:-1"},"canonical":"https:\/\/www.servais-vzw.org\/fr\/servais-vzw\/de-vereniging\/","og_locale":"fr_FR","og_type":"article","og_title":"L'Association - Fran\u00e7ois Servais","og_description":"[vc_row padding_top=\u00a0\u00bb0px\u00a0\u00bb padding_bottom=\u00a0\u00bb0px\u00a0\u00bb][vc_column width=\u00a0\u00bb1\/4&Prime; fade_animation_offset=\u00a0\u00bb45px\u00a0\u00bb][vc_column_text][\/vc_column_text][\/vc_column][vc_column width=\u00a0\u00bb3\/4&Prime; fade_animation_offset=\u00a0\u00bb45px\u00a0\u00bb][vc_column_text][\/vc_column_text][\/vc_column][\/vc_row]","og_url":"https:\/\/www.servais-vzw.org\/fr\/servais-vzw\/de-vereniging\/","og_site_name":"Fran\u00e7ois Servais","article_modified_time":"2023-11-28T15:06:23+00:00","twitter_card":"summary_large_image","twitter_misc":{"Dur\u00e9e de lecture estim\u00e9e":"2 minutes"},"schema":{"@context":"https:\/\/schema.org","@graph":[{"@type":"WebPage","@id":"https:\/\/www.servais-vzw.org\/fr\/servais-vzw\/de-vereniging\/","url":"https:\/\/www.servais-vzw.org\/fr\/servais-vzw\/de-vereniging\/","name":"L'Association - Fran\u00e7ois Servais","isPartOf":{"@id":"https:\/\/www.servais-vzw.org\/en\/#website"},"datePublished":"2016-08-31T16:37:01+00:00","dateModified":"2023-11-28T15:06:23+00:00","breadcrumb":{"@id":"https:\/\/www.servais-vzw.org\/fr\/servais-vzw\/de-vereniging\/#breadcrumb"},"inLanguage":"fr-FR","potentialAction":[{"@type":"ReadAction","target":["https:\/\/www.servais-vzw.org\/fr\/servais-vzw\/de-vereniging\/"]}]},{"@type":"BreadcrumbList","@id":"https:\/\/www.servais-vzw.org\/fr\/servais-vzw\/de-vereniging\/#breadcrumb","itemListElement":[{"@type":"ListItem","position":1,"name":"Home","item":"https:\/\/www.servais-vzw.org\/fr\/"},{"@type":"ListItem","position":2,"name":"Association Servais","item":"https:\/\/www.servais-vzw.org\/fr\/servais-vzw\/"},{"@type":"ListItem","position":3,"name":"L&#8217;Association"}]},{"@type":"WebSite","@id":"https:\/\/www.servais-vzw.org\/en\/#website","url":"https:\/\/www.servais-vzw.org\/en\/","name":"Fran\u00e7ois Servais","description":"","potentialAction":[{"@type":"SearchAction","target":{"@type":"EntryPoint","urlTemplate":"https:\/\/www.servais-vzw.org\/en\/?s={search_term_string}"},"query-input":{"@type":"PropertyValueSpecification","valueRequired":true,"valueName":"search_term_string"}}],"inLanguage":"fr-FR"}]}},"_links":{"self":[{"href":"https:\/\/www.servais-vzw.org\/fr\/wp-json\/wp\/v2\/pages\/2066","targetHints":{"allow":["GET"]}}],"collection":[{"href":"https:\/\/www.servais-vzw.org\/fr\/wp-json\/wp\/v2\/pages"}],"about":[{"href":"https:\/\/www.servais-vzw.org\/fr\/wp-json\/wp\/v2\/types\/page"}],"author":[{"embeddable":true,"href":"https:\/\/www.servais-vzw.org\/fr\/wp-json\/wp\/v2\/users\/1"}],"replies":[{"embeddable":true,"href":"https:\/\/www.servais-vzw.org\/fr\/wp-json\/wp\/v2\/comments?post=2066"}],"version-history":[{"count":8,"href":"https:\/\/www.servais-vzw.org\/fr\/wp-json\/wp\/v2\/pages\/2066\/revisions"}],"predecessor-version":[{"id":9775,"href":"https:\/\/www.servais-vzw.org\/fr\/wp-json\/wp\/v2\/pages\/2066\/revisions\/9775"}],"up":[{"embeddable":true,"href":"https:\/\/www.servais-vzw.org\/fr\/wp-json\/wp\/v2\/pages\/2062"}],"wp:attachment":[{"href":"https:\/\/www.servais-vzw.org\/fr\/wp-json\/wp\/v2\/media?parent=2066"}],"curies":[{"name":"wp","href":"https:\/\/api.w.org\/{rel}","templated":true}]}}