{"id":2072,"date":"2016-08-31T16:37:10","date_gmt":"2016-08-31T16:37:10","guid":{"rendered":"http:\/\/www.servais-vzw.org\/fr\/servais-vzw\/over-deze-site\/"},"modified":"2016-09-04T18:09:54","modified_gmt":"2016-09-04T18:09:54","slug":"over-deze-site","status":"publish","type":"page","link":"https:\/\/www.servais-vzw.org\/fr\/servais-vzw\/over-deze-site\/","title":{"rendered":"A propos de ce site"},"content":{"rendered":"<p>Ce site web \u201cFran\u00e7ois Servais (1807-1866), le Paganini du violoncelle\u201d est une initiative de l\u2019Association Servais et a \u00e9t\u00e9 officiellement lanc\u00e9 le 26 novembre 2005. Il a \u00e9t\u00e9 enti\u00e8rement renouvel\u00e9 en 2016. De 2005 jusqu&rsquo;\u00e0 2014 le webmaster \u00e9tait Renaat Uyttersprot. A partir de 2015 le webmaster est Axel Jacobs.<\/p>\n<p>Ce site web est bas\u00e9 sur les recherches scientifiques de Peter Fran\u00e7ois sur la vie et les oeuvres de Servais. N&rsquo;h\u00e9sitez pas \u00e0 le contacter (<a href=\"mailto:peter@servais-vzw.org?subject=Info%E2%80%99s%20site%20servais-vzw.org\">cliquez ici<\/a>) pour des questions, des informations compl\u00e9mentaires ou des corrections, ou au cas o\u00f9 vous souhaitez utiliser le contenu de cette page pour une publication.<\/p>\n<dl>\n<dt>Un grand merci \u00e0 Guido Fran\u00e7ois, Peter Fran\u00e7ois, Ren\u00e9 Hannaert, Liam Fennelly, Francine Mertens, Anne Lyle,\u00a0Xavier Dekeyser, &#8230; pour les traductions.<\/dt>\n<\/dl>\n<h3>Avertissement l\u00e9gal<\/h3>\n<p class=\"blauw_vet\"><strong>Propri\u00e9t\u00e9 intellectuelle<\/strong><\/p>\n<p>La reproduction, communication et mise \u00e0 disposition au public de publications, documents et informations fournis sur ce site \u00e0 des fins non commerciales sont autoris\u00e9es, \u00e0 condition d\u2019en mentionner explicitement la source comme suit:\u00a0<em>Peter Fran\u00e7ois, Fran\u00e7ois Servais (1807-1866), le Paganini du violoncelle<\/em>, www.servais-vzw.org (ou l&rsquo;adresse compl\u00e8te de la page).<\/p>\n<p class=\"blauw_vet\"><strong>Vie priv\u00e9e<\/strong><\/p>\n<p>Pour certains services, comme les renseignements, l\u2019asbl Servais peut demander des donn\u00e9es personnelles lui permettant de traiter votre demande. Ces donn\u00e9es ne seront utilis\u00e9es par l\u2019asbl que pour vous tenir au courant de nos activit\u00e9s. Vous pouvez vous y opposer en nous le faisant savoir lors de la proc\u00e9dure de demande. Vous pouvez consulter vos donn\u00e9es personnelles et les corriger. Il vous suffit simplement de nous adresser une demande par e-mail.<\/p>\n<p>Ce site utilise des &lsquo;cookies&rsquo;, c\u2019est-\u00e0-dire de petits fichiers qui sont conserv\u00e9s sur le disque dur de votre ordinateur. Les cookies ne contiennent pas d\u2019informations personnelles, mais servent \u00e0 faciliter votre prochaine visite sur notre site. Un cookie peut, par exemple, retenir la langue de votre choix, ce qui vous \u00e9vite de devoir chaque fois l\u2019indiquer. Si vous le d\u00e9sirez, vous pouvez supprimer l\u2019utilisation des cookies dans votre navigateur. Dans ce cas, tenez compte du fait que l\u2019acc\u00e8s \u00e0 notre site pourrait s\u2019en trouver moins ais\u00e9.<\/p>\n<p>L\u2019Association Servais se r\u00e9serve le droit d\u2019adapter \u00e0 tout moment cette clause relative \u00e0 la vie priv\u00e9e, et ce conform\u00e9ment \u00e0 la loi du 8 d\u00e9cembre 1992 sur la protection de la vie priv\u00e9e.<\/p>\n<p><strong>Responsabilit\u00e9<\/strong><\/p>\n<p>Ce site a pour objectif de mieux faire conna\u00eetre le violoncelliste et compositeur Hallois Fran\u00e7ois Servais, ses \u0153uvres et l&rsquo;arri\u00e8re-plan historique.<\/p>\n<p>Toutefois, l\u2019Association Servais n&rsquo;assume pas de responsabilit\u00e9 quant au contenu de son site. Les informations qu&rsquo;il comporte sont exclusivement de port\u00e9e g\u00e9n\u00e9rale et ne visent pas la situation particuli\u00e8re d&rsquo;une personne physique ou morale, ne sont pas n\u00e9cessairement compl\u00e8tes, exactes ou \u00e0 jour et ne constituent pas un avis professionnel.<\/p>\n<p>L\u2019Association Servais ne peut \u00eatre tenue responsable d\u2019\u00e9ventuelles perturbations, interruptions ou erreurs sur son site. Ce dernier comprend quelques liens vers d\u2019autres sites, qui pourraient \u00eatre int\u00e9ressants pour les visiteurs. Toutefois, l\u2019Association Servais n\u2019est pas responsable du contenu de ces sites. Elle supprimera le lien vers ces sites d\u00e8s qu\u2019elle aura connaissance de leur caract\u00e8re ill\u00e9gal.<\/p>\n","protected":false},"excerpt":{"rendered":"<p>Ce site web \u201cFran\u00e7ois Servais (1807-1866), le Paganini du violoncelle\u201d est une initiative de l\u2019Association Servais et a \u00e9t\u00e9 officiellement lanc\u00e9 le 26 novembre 2005. Il a \u00e9t\u00e9 enti\u00e8rement renouvel\u00e9 en 2016. De 2005 jusqu&rsquo;\u00e0 2014 le webmaster \u00e9tait Renaat Uyttersprot. A partir de 2015 le webmaster est Axel Jacobs. Ce site web est bas\u00e9 sur les recherches scientifiques de &#8230;<\/p>\n","protected":false},"author":1,"featured_media":0,"parent":2062,"menu_order":0,"comment_status":"closed","ping_status":"closed","template":"template-layout-full-width.php","meta":{"om_disable_all_campaigns":false,"rs_blank_template":"","rs_page_bg_color":"","slide_template_v7":"","_uf_show_specific_survey":0,"_uf_disable_surveys":false,"footnotes":""},"class_list":["post-2072","page","type-page","status-publish","hentry","no-post-thumbnail"],"yoast_head":"<!-- This site is optimized with the Yoast SEO plugin v27.2 - https:\/\/yoast.com\/product\/yoast-seo-wordpress\/ -->\n<title>A propos de ce site - Fran\u00e7ois Servais<\/title>\n<meta name=\"robots\" content=\"index, follow, max-snippet:-1, max-image-preview:large, max-video-preview:-1\" \/>\n<link rel=\"canonical\" href=\"http:\/\/www.servais-vzw.org\/fr\/servais-vzw\/over-deze-site\/\" \/>\n<meta property=\"og:locale\" content=\"fr_FR\" \/>\n<meta property=\"og:type\" content=\"article\" \/>\n<meta property=\"og:title\" content=\"A propos de ce site - Fran\u00e7ois Servais\" \/>\n<meta property=\"og:description\" content=\"Ce site web \u201cFran\u00e7ois Servais (1807-1866), le Paganini du violoncelle\u201d est une initiative de l\u2019Association Servais et a \u00e9t\u00e9 officiellement lanc\u00e9 le 26 novembre 2005. Il a \u00e9t\u00e9 enti\u00e8rement renouvel\u00e9 en 2016. De 2005 jusqu&rsquo;\u00e0 2014 le webmaster \u00e9tait Renaat Uyttersprot. A partir de 2015 le webmaster est Axel Jacobs. Ce site web est bas\u00e9 sur les recherches scientifiques de ...\" \/>\n<meta property=\"og:url\" content=\"http:\/\/www.servais-vzw.org\/fr\/servais-vzw\/over-deze-site\/\" \/>\n<meta property=\"og:site_name\" content=\"Fran\u00e7ois Servais\" \/>\n<meta property=\"article:modified_time\" content=\"2016-09-04T18:09:54+00:00\" \/>\n<meta name=\"twitter:card\" content=\"summary_large_image\" \/>\n<meta name=\"twitter:label1\" content=\"Dur\u00e9e de lecture estim\u00e9e\" \/>\n\t<meta name=\"twitter:data1\" content=\"3 minutes\" \/>\n<script type=\"application\/ld+json\" class=\"yoast-schema-graph\">{\"@context\":\"https:\/\/schema.org\",\"@graph\":[{\"@type\":\"WebPage\",\"@id\":\"http:\/\/www.servais-vzw.org\/fr\/servais-vzw\/over-deze-site\/\",\"url\":\"http:\/\/www.servais-vzw.org\/fr\/servais-vzw\/over-deze-site\/\",\"name\":\"A propos de ce site - Fran\u00e7ois Servais\",\"isPartOf\":{\"@id\":\"https:\/\/www.servais-vzw.org\/en\/#website\"},\"datePublished\":\"2016-08-31T16:37:10+00:00\",\"dateModified\":\"2016-09-04T18:09:54+00:00\",\"breadcrumb\":{\"@id\":\"http:\/\/www.servais-vzw.org\/fr\/servais-vzw\/over-deze-site\/#breadcrumb\"},\"inLanguage\":\"fr-FR\",\"potentialAction\":[{\"@type\":\"ReadAction\",\"target\":[\"http:\/\/www.servais-vzw.org\/fr\/servais-vzw\/over-deze-site\/\"]}]},{\"@type\":\"BreadcrumbList\",\"@id\":\"http:\/\/www.servais-vzw.org\/fr\/servais-vzw\/over-deze-site\/#breadcrumb\",\"itemListElement\":[{\"@type\":\"ListItem\",\"position\":1,\"name\":\"Home\",\"item\":\"https:\/\/www.servais-vzw.org\/fr\/\"},{\"@type\":\"ListItem\",\"position\":2,\"name\":\"Association Servais\",\"item\":\"https:\/\/www.servais-vzw.org\/fr\/servais-vzw\/\"},{\"@type\":\"ListItem\",\"position\":3,\"name\":\"A propos de ce site\"}]},{\"@type\":\"WebSite\",\"@id\":\"https:\/\/www.servais-vzw.org\/en\/#website\",\"url\":\"https:\/\/www.servais-vzw.org\/en\/\",\"name\":\"Fran\u00e7ois Servais\",\"description\":\"\",\"potentialAction\":[{\"@type\":\"SearchAction\",\"target\":{\"@type\":\"EntryPoint\",\"urlTemplate\":\"https:\/\/www.servais-vzw.org\/en\/?s={search_term_string}\"},\"query-input\":{\"@type\":\"PropertyValueSpecification\",\"valueRequired\":true,\"valueName\":\"search_term_string\"}}],\"inLanguage\":\"fr-FR\"}]}<\/script>\n<!-- \/ Yoast SEO plugin. -->","yoast_head_json":{"title":"A propos de ce site - Fran\u00e7ois Servais","robots":{"index":"index","follow":"follow","max-snippet":"max-snippet:-1","max-image-preview":"max-image-preview:large","max-video-preview":"max-video-preview:-1"},"canonical":"http:\/\/www.servais-vzw.org\/fr\/servais-vzw\/over-deze-site\/","og_locale":"fr_FR","og_type":"article","og_title":"A propos de ce site - Fran\u00e7ois Servais","og_description":"Ce site web \u201cFran\u00e7ois Servais (1807-1866), le Paganini du violoncelle\u201d est une initiative de l\u2019Association Servais et a \u00e9t\u00e9 officiellement lanc\u00e9 le 26 novembre 2005. Il a \u00e9t\u00e9 enti\u00e8rement renouvel\u00e9 en 2016. De 2005 jusqu&rsquo;\u00e0 2014 le webmaster \u00e9tait Renaat Uyttersprot. A partir de 2015 le webmaster est Axel Jacobs. Ce site web est bas\u00e9 sur les recherches scientifiques de ...","og_url":"http:\/\/www.servais-vzw.org\/fr\/servais-vzw\/over-deze-site\/","og_site_name":"Fran\u00e7ois Servais","article_modified_time":"2016-09-04T18:09:54+00:00","twitter_card":"summary_large_image","twitter_misc":{"Dur\u00e9e de lecture estim\u00e9e":"3 minutes"},"schema":{"@context":"https:\/\/schema.org","@graph":[{"@type":"WebPage","@id":"http:\/\/www.servais-vzw.org\/fr\/servais-vzw\/over-deze-site\/","url":"http:\/\/www.servais-vzw.org\/fr\/servais-vzw\/over-deze-site\/","name":"A propos de ce site - Fran\u00e7ois Servais","isPartOf":{"@id":"https:\/\/www.servais-vzw.org\/en\/#website"},"datePublished":"2016-08-31T16:37:10+00:00","dateModified":"2016-09-04T18:09:54+00:00","breadcrumb":{"@id":"http:\/\/www.servais-vzw.org\/fr\/servais-vzw\/over-deze-site\/#breadcrumb"},"inLanguage":"fr-FR","potentialAction":[{"@type":"ReadAction","target":["http:\/\/www.servais-vzw.org\/fr\/servais-vzw\/over-deze-site\/"]}]},{"@type":"BreadcrumbList","@id":"http:\/\/www.servais-vzw.org\/fr\/servais-vzw\/over-deze-site\/#breadcrumb","itemListElement":[{"@type":"ListItem","position":1,"name":"Home","item":"https:\/\/www.servais-vzw.org\/fr\/"},{"@type":"ListItem","position":2,"name":"Association Servais","item":"https:\/\/www.servais-vzw.org\/fr\/servais-vzw\/"},{"@type":"ListItem","position":3,"name":"A propos de ce site"}]},{"@type":"WebSite","@id":"https:\/\/www.servais-vzw.org\/en\/#website","url":"https:\/\/www.servais-vzw.org\/en\/","name":"Fran\u00e7ois Servais","description":"","potentialAction":[{"@type":"SearchAction","target":{"@type":"EntryPoint","urlTemplate":"https:\/\/www.servais-vzw.org\/en\/?s={search_term_string}"},"query-input":{"@type":"PropertyValueSpecification","valueRequired":true,"valueName":"search_term_string"}}],"inLanguage":"fr-FR"}]}},"_links":{"self":[{"href":"https:\/\/www.servais-vzw.org\/fr\/wp-json\/wp\/v2\/pages\/2072","targetHints":{"allow":["GET"]}}],"collection":[{"href":"https:\/\/www.servais-vzw.org\/fr\/wp-json\/wp\/v2\/pages"}],"about":[{"href":"https:\/\/www.servais-vzw.org\/fr\/wp-json\/wp\/v2\/types\/page"}],"author":[{"embeddable":true,"href":"https:\/\/www.servais-vzw.org\/fr\/wp-json\/wp\/v2\/users\/1"}],"replies":[{"embeddable":true,"href":"https:\/\/www.servais-vzw.org\/fr\/wp-json\/wp\/v2\/comments?post=2072"}],"version-history":[{"count":3,"href":"https:\/\/www.servais-vzw.org\/fr\/wp-json\/wp\/v2\/pages\/2072\/revisions"}],"predecessor-version":[{"id":2539,"href":"https:\/\/www.servais-vzw.org\/fr\/wp-json\/wp\/v2\/pages\/2072\/revisions\/2539"}],"up":[{"embeddable":true,"href":"https:\/\/www.servais-vzw.org\/fr\/wp-json\/wp\/v2\/pages\/2062"}],"wp:attachment":[{"href":"https:\/\/www.servais-vzw.org\/fr\/wp-json\/wp\/v2\/media?parent=2072"}],"curies":[{"name":"wp","href":"https:\/\/api.w.org\/{rel}","templated":true}]}}