{"id":2083,"date":"2016-08-31T16:36:55","date_gmt":"2016-08-31T16:36:55","guid":{"rendered":"http:\/\/www.servais-vzw.org\/fr\/onderzoek\/servaiscollectie\/"},"modified":"2016-09-04T19:04:17","modified_gmt":"2016-09-04T19:04:17","slug":"servaiscollectie","status":"publish","type":"page","link":"https:\/\/www.servais-vzw.org\/fr\/servaiscollectie\/","title":{"rendered":"Collection Servais"},"content":{"rendered":"<div class=\"wpb-content-wrapper\">[vc_row padding_top=\u00a0\u00bb0px\u00a0\u00bb padding_bottom=\u00a0\u00bb0px\u00a0\u00bb][vc_column fade_animation_offset=\u00a0\u00bb45px\u00a0\u00bb width=\u00a0\u00bb1\/4&Prime;][\/vc_column][vc_column fade_animation_offset=\u00a0\u00bb45px\u00a0\u00bb width=\u00a0\u00bb3\/4&Prime;]<p>L\u2019Association Servais et le Mus\u00e9e de Hal poss\u00e8dent une vaste collection de partitions, photos, objets et documents au sujet de la famille Servais et la vie musicale halloise.<\/p>\n<h3  class=\"h-custom-headline h3\" ><span>Exposition<\/span><\/h3><p>De 2004 jusqu&rsquo;en 2015 une partie de la collection \u00e9tait pr\u00e9sent\u00e9e au sein de l\u2019exposition permanente\u00a0<strong><em>La famille Servais et la vie musicale halloise et europ\u00e9enne<\/em><\/strong>\u00a0dans le Zuidwestbrabants Museum. Le mat\u00e9riel a \u00e9galement \u00e9t\u00e9 montr\u00e9 pendant la grande exposition \u201cAdrien Fran\u00e7ois Servais 1807-2007. Un violoncelliste hallois \u00e0 la r\u00e9nomm\u00e9e universelle\u201d dans\u00a0<em>l\u2019Ancien b\u00e2timent de la Poste<\/em>\u00a0et\u00a0<em>l\u2019H\u00f4tel de ville historique<\/em>\u00a0\u00e0 Halle.<\/p>\n<p>A partir de 2016, Servais est aussi pr\u00e9sent dans l&rsquo;exposition permanente \u00ab\u00a0Halle, Heilig &amp; Duivels\u00a0\u00bb au nouveau mus\u00e9e communal &lsquo;den AST&rsquo; \u00e0 Hal (<a href=\"http:\/\/www.denasthalle.be\">www.denasthalle.be<\/a>).<\/p>\n<h3  class=\"h-custom-headline h3\" ><span>Collections virtuelles<\/span><\/h3><p>Des centaines de pi\u00e8ces de collection peuvent \u00eatre consult\u00e9es en ligne sur le site\u00a0<a href=\"http:\/\/www.erfgoedplus.be\/collectie\/23027A510\/\" target=\"_blank\">www.erfgoedplus.be<\/a>.\u00a0Elles peuvent\u00a0aussi \u00eatre consult\u00e9es sur\u00a0<a href=\"http:\/\/www.europeana.eu\/\" target=\"_blank\">www.europeana.eu<\/a>, le site internet rassemblant virtuellement des millions de pi\u00e8ces en provenance de l\u2019Europe enti\u00e8re.<\/p>\n<p><a href=\"http:\/\/www.servais-vzw.org\/wp-content\/uploads\/2015\/09\/collectie_logos.jpg\"><img loading=\"lazy\" decoding=\"async\" class=\"alignleft size-full wp-image-231\" src=\"http:\/\/www.servais-vzw.org\/wp-content\/uploads\/2015\/09\/collectie_logos.jpg\" alt=\"collectie_logos\" width=\"436\" height=\"99\" srcset=\"https:\/\/www.servais-vzw.org\/wp-content\/uploads\/2015\/09\/collectie_logos.jpg 436w, https:\/\/www.servais-vzw.org\/wp-content\/uploads\/2015\/09\/collectie_logos-300x68.jpg 300w, https:\/\/www.servais-vzw.org\/wp-content\/uploads\/2015\/09\/collectie_logos-100x23.jpg 100w\" sizes=\"auto, (max-width: 436px) 100vw, 436px\" \/><\/a><\/p>\n<p>&nbsp;<\/p>\n<hr  class=\"x-gap\" style=\"margin: 1.313em 0 0 0;\"><h3  class=\"h-custom-headline h3\" style=\"clear:both\"><span>D\u00e9pliant<\/span><\/h3><p>Afin de mieux faire conna\u00eetre la collection Servais, l\u2019Association Servais a publi\u00e9 un d\u00e9pliant. Vous pouvez l\u2019acqu\u00e9rir, m\u00eame en plusieurs exemplaires, sur simple demande.<\/p>\n<p>T\u00e9l\u00e9chargez le d\u00e9pliant:\u00a0<a href=\"http:\/\/www.servais-vzw.org\/wp-content\/uploads\/2015\/09\/collectie_folder.pdf\" target=\"_blank\">cliquez ici<\/a><\/p>\n<h3  class=\"h-custom-headline h3\" ><span>Consultation<\/span><\/h3><p>La collection peut \u00eatre consult\u00e9e sur rendez-vous (<a href=\"mailto:peter@servais-vzw.org\">e-mail<\/a>).<\/p>\n[\/vc_column][\/vc_row]\n<\/div>","protected":false},"excerpt":{"rendered":"<p>[vc_row padding_top=\u00a0\u00bb0px\u00a0\u00bb padding_bottom=\u00a0\u00bb0px\u00a0\u00bb][vc_column fade_animation_offset=\u00a0\u00bb45px\u00a0\u00bb width=\u00a0\u00bb1\/4&Prime;][\/vc_column][vc_column fade_animation_offset=\u00a0\u00bb45px\u00a0\u00bb width=\u00a0\u00bb3\/4&Prime;][\/vc_column][\/vc_row]<\/p>\n","protected":false},"author":1,"featured_media":0,"parent":0,"menu_order":0,"comment_status":"closed","ping_status":"closed","template":"template-layout-full-width.php","meta":{"om_disable_all_campaigns":false,"rs_blank_template":"","rs_page_bg_color":"","slide_template_v7":"","_uf_show_specific_survey":0,"_uf_disable_surveys":false,"footnotes":""},"class_list":["post-2083","page","type-page","status-publish","hentry","no-post-thumbnail"],"yoast_head":"<!-- This site is optimized with the Yoast SEO plugin v27.2 - https:\/\/yoast.com\/product\/yoast-seo-wordpress\/ -->\n<title>Collection Servais - Fran\u00e7ois Servais<\/title>\n<meta name=\"robots\" content=\"index, follow, max-snippet:-1, max-image-preview:large, max-video-preview:-1\" \/>\n<link rel=\"canonical\" href=\"https:\/\/www.servais-vzw.org\/fr\/servaiscollectie\/\" \/>\n<meta property=\"og:locale\" content=\"fr_FR\" \/>\n<meta property=\"og:type\" content=\"article\" \/>\n<meta property=\"og:title\" content=\"Collection Servais - Fran\u00e7ois Servais\" \/>\n<meta property=\"og:description\" content=\"[vc_row padding_top=\u00a0\u00bb0px\u00a0\u00bb padding_bottom=\u00a0\u00bb0px\u00a0\u00bb][vc_column fade_animation_offset=\u00a0\u00bb45px\u00a0\u00bb width=\u00a0\u00bb1\/4&Prime;][\/vc_column][vc_column fade_animation_offset=\u00a0\u00bb45px\u00a0\u00bb width=\u00a0\u00bb3\/4&Prime;][\/vc_column][\/vc_row]\" \/>\n<meta property=\"og:url\" content=\"https:\/\/www.servais-vzw.org\/fr\/servaiscollectie\/\" \/>\n<meta property=\"og:site_name\" content=\"Fran\u00e7ois Servais\" \/>\n<meta property=\"article:modified_time\" content=\"2016-09-04T19:04:17+00:00\" \/>\n<meta property=\"og:image\" content=\"https:\/\/www.servais-vzw.org\/wp-content\/uploads\/2015\/09\/collectie_logos.jpg\" \/>\n\t<meta property=\"og:image:width\" content=\"436\" \/>\n\t<meta property=\"og:image:height\" content=\"99\" \/>\n\t<meta property=\"og:image:type\" content=\"image\/jpeg\" \/>\n<meta name=\"twitter:card\" content=\"summary_large_image\" \/>\n<meta name=\"twitter:label1\" content=\"Dur\u00e9e de lecture estim\u00e9e\" \/>\n\t<meta name=\"twitter:data1\" content=\"2 minutes\" \/>\n<script type=\"application\/ld+json\" class=\"yoast-schema-graph\">{\"@context\":\"https:\/\/schema.org\",\"@graph\":[{\"@type\":\"WebPage\",\"@id\":\"https:\/\/www.servais-vzw.org\/fr\/servaiscollectie\/\",\"url\":\"https:\/\/www.servais-vzw.org\/fr\/servaiscollectie\/\",\"name\":\"Collection Servais - Fran\u00e7ois Servais\",\"isPartOf\":{\"@id\":\"https:\/\/www.servais-vzw.org\/en\/#website\"},\"primaryImageOfPage\":{\"@id\":\"https:\/\/www.servais-vzw.org\/fr\/servaiscollectie\/#primaryimage\"},\"image\":{\"@id\":\"https:\/\/www.servais-vzw.org\/fr\/servaiscollectie\/#primaryimage\"},\"thumbnailUrl\":\"http:\/\/www.servais-vzw.org\/wp-content\/uploads\/2015\/09\/collectie_logos.jpg\",\"datePublished\":\"2016-08-31T16:36:55+00:00\",\"dateModified\":\"2016-09-04T19:04:17+00:00\",\"breadcrumb\":{\"@id\":\"https:\/\/www.servais-vzw.org\/fr\/servaiscollectie\/#breadcrumb\"},\"inLanguage\":\"fr-FR\",\"potentialAction\":[{\"@type\":\"ReadAction\",\"target\":[\"https:\/\/www.servais-vzw.org\/fr\/servaiscollectie\/\"]}]},{\"@type\":\"ImageObject\",\"inLanguage\":\"fr-FR\",\"@id\":\"https:\/\/www.servais-vzw.org\/fr\/servaiscollectie\/#primaryimage\",\"url\":\"http:\/\/www.servais-vzw.org\/wp-content\/uploads\/2015\/09\/collectie_logos.jpg\",\"contentUrl\":\"http:\/\/www.servais-vzw.org\/wp-content\/uploads\/2015\/09\/collectie_logos.jpg\"},{\"@type\":\"BreadcrumbList\",\"@id\":\"https:\/\/www.servais-vzw.org\/fr\/servaiscollectie\/#breadcrumb\",\"itemListElement\":[{\"@type\":\"ListItem\",\"position\":1,\"name\":\"Home\",\"item\":\"https:\/\/www.servais-vzw.org\/fr\/\"},{\"@type\":\"ListItem\",\"position\":2,\"name\":\"Collection Servais\"}]},{\"@type\":\"WebSite\",\"@id\":\"https:\/\/www.servais-vzw.org\/en\/#website\",\"url\":\"https:\/\/www.servais-vzw.org\/en\/\",\"name\":\"Fran\u00e7ois Servais\",\"description\":\"\",\"potentialAction\":[{\"@type\":\"SearchAction\",\"target\":{\"@type\":\"EntryPoint\",\"urlTemplate\":\"https:\/\/www.servais-vzw.org\/en\/?s={search_term_string}\"},\"query-input\":{\"@type\":\"PropertyValueSpecification\",\"valueRequired\":true,\"valueName\":\"search_term_string\"}}],\"inLanguage\":\"fr-FR\"}]}<\/script>\n<!-- \/ Yoast SEO plugin. -->","yoast_head_json":{"title":"Collection Servais - Fran\u00e7ois Servais","robots":{"index":"index","follow":"follow","max-snippet":"max-snippet:-1","max-image-preview":"max-image-preview:large","max-video-preview":"max-video-preview:-1"},"canonical":"https:\/\/www.servais-vzw.org\/fr\/servaiscollectie\/","og_locale":"fr_FR","og_type":"article","og_title":"Collection Servais - Fran\u00e7ois Servais","og_description":"[vc_row padding_top=\u00a0\u00bb0px\u00a0\u00bb padding_bottom=\u00a0\u00bb0px\u00a0\u00bb][vc_column fade_animation_offset=\u00a0\u00bb45px\u00a0\u00bb width=\u00a0\u00bb1\/4&Prime;][\/vc_column][vc_column fade_animation_offset=\u00a0\u00bb45px\u00a0\u00bb width=\u00a0\u00bb3\/4&Prime;][\/vc_column][\/vc_row]","og_url":"https:\/\/www.servais-vzw.org\/fr\/servaiscollectie\/","og_site_name":"Fran\u00e7ois Servais","article_modified_time":"2016-09-04T19:04:17+00:00","og_image":[{"width":436,"height":99,"url":"https:\/\/www.servais-vzw.org\/wp-content\/uploads\/2015\/09\/collectie_logos.jpg","type":"image\/jpeg"}],"twitter_card":"summary_large_image","twitter_misc":{"Dur\u00e9e de lecture estim\u00e9e":"2 minutes"},"schema":{"@context":"https:\/\/schema.org","@graph":[{"@type":"WebPage","@id":"https:\/\/www.servais-vzw.org\/fr\/servaiscollectie\/","url":"https:\/\/www.servais-vzw.org\/fr\/servaiscollectie\/","name":"Collection Servais - Fran\u00e7ois Servais","isPartOf":{"@id":"https:\/\/www.servais-vzw.org\/en\/#website"},"primaryImageOfPage":{"@id":"https:\/\/www.servais-vzw.org\/fr\/servaiscollectie\/#primaryimage"},"image":{"@id":"https:\/\/www.servais-vzw.org\/fr\/servaiscollectie\/#primaryimage"},"thumbnailUrl":"http:\/\/www.servais-vzw.org\/wp-content\/uploads\/2015\/09\/collectie_logos.jpg","datePublished":"2016-08-31T16:36:55+00:00","dateModified":"2016-09-04T19:04:17+00:00","breadcrumb":{"@id":"https:\/\/www.servais-vzw.org\/fr\/servaiscollectie\/#breadcrumb"},"inLanguage":"fr-FR","potentialAction":[{"@type":"ReadAction","target":["https:\/\/www.servais-vzw.org\/fr\/servaiscollectie\/"]}]},{"@type":"ImageObject","inLanguage":"fr-FR","@id":"https:\/\/www.servais-vzw.org\/fr\/servaiscollectie\/#primaryimage","url":"http:\/\/www.servais-vzw.org\/wp-content\/uploads\/2015\/09\/collectie_logos.jpg","contentUrl":"http:\/\/www.servais-vzw.org\/wp-content\/uploads\/2015\/09\/collectie_logos.jpg"},{"@type":"BreadcrumbList","@id":"https:\/\/www.servais-vzw.org\/fr\/servaiscollectie\/#breadcrumb","itemListElement":[{"@type":"ListItem","position":1,"name":"Home","item":"https:\/\/www.servais-vzw.org\/fr\/"},{"@type":"ListItem","position":2,"name":"Collection Servais"}]},{"@type":"WebSite","@id":"https:\/\/www.servais-vzw.org\/en\/#website","url":"https:\/\/www.servais-vzw.org\/en\/","name":"Fran\u00e7ois Servais","description":"","potentialAction":[{"@type":"SearchAction","target":{"@type":"EntryPoint","urlTemplate":"https:\/\/www.servais-vzw.org\/en\/?s={search_term_string}"},"query-input":{"@type":"PropertyValueSpecification","valueRequired":true,"valueName":"search_term_string"}}],"inLanguage":"fr-FR"}]}},"_links":{"self":[{"href":"https:\/\/www.servais-vzw.org\/fr\/wp-json\/wp\/v2\/pages\/2083","targetHints":{"allow":["GET"]}}],"collection":[{"href":"https:\/\/www.servais-vzw.org\/fr\/wp-json\/wp\/v2\/pages"}],"about":[{"href":"https:\/\/www.servais-vzw.org\/fr\/wp-json\/wp\/v2\/types\/page"}],"author":[{"embeddable":true,"href":"https:\/\/www.servais-vzw.org\/fr\/wp-json\/wp\/v2\/users\/1"}],"replies":[{"embeddable":true,"href":"https:\/\/www.servais-vzw.org\/fr\/wp-json\/wp\/v2\/comments?post=2083"}],"version-history":[{"count":4,"href":"https:\/\/www.servais-vzw.org\/fr\/wp-json\/wp\/v2\/pages\/2083\/revisions"}],"predecessor-version":[{"id":2561,"href":"https:\/\/www.servais-vzw.org\/fr\/wp-json\/wp\/v2\/pages\/2083\/revisions\/2561"}],"wp:attachment":[{"href":"https:\/\/www.servais-vzw.org\/fr\/wp-json\/wp\/v2\/media?parent=2083"}],"curies":[{"name":"wp","href":"https:\/\/api.w.org\/{rel}","templated":true}]}}